{"id":55,"date":"2016-06-13T15:48:45","date_gmt":"2016-06-13T15:48:45","guid":{"rendered":"http:\/\/sw-themes.com\/porto_dummy\/?page_id=55"},"modified":"2019-04-22T20:04:28","modified_gmt":"2019-04-22T20:04:28","slug":"about-us","status":"publish","type":"page","link":"https:\/\/dicomag.com.br\/?page_id=55","title":{"rendered":"Sobre N\u00f3s"},"content":{"rendered":"<p>[vc_row wrap_container=&#8221;yes&#8221; el_class=&#8221;p-b-lg&#8221;][vc_column][vc_empty_space][vc_custom_heading text=&#8221;Seja Bem &#8211; Vindo a <strong>Dicomag\u00ae<\/strong>&#8221; font_container=&#8221;tag:h2|text_align:center&#8221; google_fonts=&#8221;font_family:Aladin%3Aregular|font_style:400%20regular%3A400%3Anormal&#8221;][vc_column_text el_class=&#8221;featured lead&#8221;]<\/p>\n<p style=\"text-align: left;\">Somos uma empresa familiar h\u00e1 29 anos no mercado de \u00edm\u00e3s e solu\u00e7\u00f5es magn\u00e9ticas.<\/p>\n<p style=\"text-align: left;\">A Dicomag\u00ae \u00e9 uma marca registrada especializada em distribui\u00e7\u00e3o de equipamentos e produtos magn\u00e9ticos todos com garantia e selo de qualidade para diversos segmentos.<\/p>\n<p style=\"text-align: left;\">Especialista em \u00edm\u00e3s de Neod\u00edmio, Ferrite, Alnico e Sam\u00e1rio Cobalto.<\/p>\n<p style=\"text-align: left;\">Nosso objetivo \u00e9 oferecer solu\u00e7\u00f5es magn\u00e9ticas dentre as mais diversas \u00e1reas de atua\u00e7\u00e3o tais como:<\/p>\n<p style=\"text-align: left;\"><strong>*Aplica\u00e7\u00e3o Industrial;<\/strong><br \/>\n<strong>*Aplica\u00e7\u00e3o Rural;<\/strong><br \/>\n<strong>*Projetos;<\/strong><br \/>\n<strong>*Biomagnetismo;<\/strong><br \/>\n<strong>*Magnetoterapia;<\/strong><br \/>\n<strong>*Infravermelho;<\/strong><br \/>\n<strong>*Sa\u00fade e Bem Estar;<\/strong><br \/>\n<strong>Entre outros segmentos.<\/strong><\/p>\n<p style=\"text-align: left;\">Temos como valores Profissionalismo, Comprometimento, Respeito, Transpar\u00eancia e Dedica\u00e7\u00e3o aos nossos clientes e parceiros.<\/p>\n<p>[\/vc_column_text][vc_separator color=&#8221;custom&#8221; gap=&#8221;taller&#8221; gradient=&#8221;yes&#8221;][\/vc_column][\/vc_row]<\/p>\n","protected":false},"excerpt":{"rendered":"<p>[vc_row wrap_container=&#8221;yes&#8221; el_class=&#8221;p-b-lg&#8221;][vc_column][vc_empty_space][vc_custom_heading text=&#8221;Seja Bem &#8211; Vindo a Dicomag\u00ae&#8221; font_container=&#8221;tag:h2|text_align:center&#8221; google_fonts=&#8221;font_family:Aladin%3Aregular|font_style:400%20regular%3A400%3Anormal&#8221;][vc_column_text el_class=&#8221;featured lead&#8221;] Somos uma empresa familiar h\u00e1 29 anos no mercado de \u00edm\u00e3s e solu\u00e7\u00f5es magn\u00e9ticas. A Dicomag\u00ae \u00e9 uma marca registrada especializada em distribui\u00e7\u00e3o de equipamentos e produtos magn\u00e9ticos todos com garantia e selo de qualidade para diversos segmentos. Especialista em \u00edm\u00e3s de [&hellip;]<\/p>\n","protected":false},"author":1,"featured_media":0,"parent":0,"menu_order":0,"comment_status":"closed","ping_status":"closed","template":"","meta":{"footnotes":""},"class_list":["post-55","page","type-page","status-publish","hentry"],"yoast_head":"<!-- This site is optimized with the Yoast SEO plugin v27.4 - https:\/\/yoast.com\/product\/yoast-seo-wordpress\/ -->\n<title>Sobre N\u00f3s - Dicomag<\/title>\n<meta name=\"robots\" content=\"index, follow, max-snippet:-1, max-image-preview:large, max-video-preview:-1\" \/>\n<link rel=\"canonical\" href=\"https:\/\/dicomag.com.br\/?page_id=55\" \/>\n<meta property=\"og:locale\" content=\"pt_BR\" \/>\n<meta property=\"og:type\" content=\"article\" \/>\n<meta property=\"og:title\" content=\"Sobre N\u00f3s - Dicomag\" \/>\n<meta property=\"og:description\" content=\"[vc_row wrap_container=&#8221;yes&#8221; el_class=&#8221;p-b-lg&#8221;][vc_column][vc_empty_space][vc_custom_heading text=&#8221;Seja Bem &#8211; Vindo a Dicomag\u00ae&#8221; font_container=&#8221;tag:h2|text_align:center&#8221; google_fonts=&#8221;font_family:Aladin%3Aregular|font_style:400%20regular%3A400%3Anormal&#8221;][vc_column_text el_class=&#8221;featured lead&#8221;] Somos uma empresa familiar h\u00e1 29 anos no mercado de \u00edm\u00e3s e solu\u00e7\u00f5es magn\u00e9ticas. A Dicomag\u00ae \u00e9 uma marca registrada especializada em distribui\u00e7\u00e3o de equipamentos e produtos magn\u00e9ticos todos com garantia e selo de qualidade para diversos segmentos. Especialista em \u00edm\u00e3s de [&hellip;]\" \/>\n<meta property=\"og:url\" content=\"https:\/\/dicomag.com.br\/?page_id=55\" \/>\n<meta property=\"og:site_name\" content=\"Dicomag\" \/>\n<meta property=\"article:publisher\" content=\"https:\/\/www.facebook.com\/dicomagpoa\/\" \/>\n<meta property=\"article:modified_time\" content=\"2019-04-22T20:04:28+00:00\" \/>\n<meta name=\"twitter:card\" content=\"summary_large_image\" \/>\n<meta name=\"twitter:label1\" content=\"Est. tempo de leitura\" \/>\n\t<meta name=\"twitter:data1\" content=\"1 minuto\" \/>\n<script type=\"application\/ld+json\" class=\"yoast-schema-graph\">{\"@context\":\"https:\\\/\\\/schema.org\",\"@graph\":[{\"@type\":\"WebPage\",\"@id\":\"https:\\\/\\\/dicomag.com.br\\\/?page_id=55\",\"url\":\"https:\\\/\\\/dicomag.com.br\\\/?page_id=55\",\"name\":\"Sobre N\u00f3s - Dicomag\",\"isPartOf\":{\"@id\":\"https:\\\/\\\/dicomag.com.br\\\/#website\"},\"datePublished\":\"2016-06-13T15:48:45+00:00\",\"dateModified\":\"2019-04-22T20:04:28+00:00\",\"breadcrumb\":{\"@id\":\"https:\\\/\\\/dicomag.com.br\\\/?page_id=55#breadcrumb\"},\"inLanguage\":\"pt-BR\",\"potentialAction\":[{\"@type\":\"ReadAction\",\"target\":[\"https:\\\/\\\/dicomag.com.br\\\/?page_id=55\"]}]},{\"@type\":\"BreadcrumbList\",\"@id\":\"https:\\\/\\\/dicomag.com.br\\\/?page_id=55#breadcrumb\",\"itemListElement\":[{\"@type\":\"ListItem\",\"position\":1,\"name\":\"In\u00edcio\",\"item\":\"https:\\\/\\\/dicomag.com.br\\\/\"},{\"@type\":\"ListItem\",\"position\":2,\"name\":\"Sobre N\u00f3s\"}]},{\"@type\":\"WebSite\",\"@id\":\"https:\\\/\\\/dicomag.com.br\\\/#website\",\"url\":\"https:\\\/\\\/dicomag.com.br\\\/\",\"name\":\"Dicomag\",\"description\":\"Imas\",\"publisher\":{\"@id\":\"https:\\\/\\\/dicomag.com.br\\\/#organization\"},\"potentialAction\":[{\"@type\":\"SearchAction\",\"target\":{\"@type\":\"EntryPoint\",\"urlTemplate\":\"https:\\\/\\\/dicomag.com.br\\\/?s={search_term_string}\"},\"query-input\":{\"@type\":\"PropertyValueSpecification\",\"valueRequired\":true,\"valueName\":\"search_term_string\"}}],\"inLanguage\":\"pt-BR\"},{\"@type\":\"Organization\",\"@id\":\"https:\\\/\\\/dicomag.com.br\\\/#organization\",\"name\":\"Dicomag\",\"url\":\"https:\\\/\\\/dicomag.com.br\\\/\",\"logo\":{\"@type\":\"ImageObject\",\"inLanguage\":\"pt-BR\",\"@id\":\"https:\\\/\\\/dicomag.com.br\\\/#\\\/schema\\\/logo\\\/image\\\/\",\"url\":\"https:\\\/\\\/dicomag.com.br\\\/wp-content\\\/uploads\\\/2019\\\/04\\\/Logo-Dicomag-Comemorativo-jpeg2.png\",\"contentUrl\":\"https:\\\/\\\/dicomag.com.br\\\/wp-content\\\/uploads\\\/2019\\\/04\\\/Logo-Dicomag-Comemorativo-jpeg2.png\",\"width\":457,\"height\":174,\"caption\":\"Dicomag\"},\"image\":{\"@id\":\"https:\\\/\\\/dicomag.com.br\\\/#\\\/schema\\\/logo\\\/image\\\/\"},\"sameAs\":[\"https:\\\/\\\/www.facebook.com\\\/dicomagpoa\\\/\"]}]}<\/script>\n<!-- \/ Yoast SEO plugin. -->","yoast_head_json":{"title":"Sobre N\u00f3s - Dicomag","robots":{"index":"index","follow":"follow","max-snippet":"max-snippet:-1","max-image-preview":"max-image-preview:large","max-video-preview":"max-video-preview:-1"},"canonical":"https:\/\/dicomag.com.br\/?page_id=55","og_locale":"pt_BR","og_type":"article","og_title":"Sobre N\u00f3s - Dicomag","og_description":"[vc_row wrap_container=&#8221;yes&#8221; el_class=&#8221;p-b-lg&#8221;][vc_column][vc_empty_space][vc_custom_heading text=&#8221;Seja Bem &#8211; Vindo a Dicomag\u00ae&#8221; font_container=&#8221;tag:h2|text_align:center&#8221; google_fonts=&#8221;font_family:Aladin%3Aregular|font_style:400%20regular%3A400%3Anormal&#8221;][vc_column_text el_class=&#8221;featured lead&#8221;] Somos uma empresa familiar h\u00e1 29 anos no mercado de \u00edm\u00e3s e solu\u00e7\u00f5es magn\u00e9ticas. A Dicomag\u00ae \u00e9 uma marca registrada especializada em distribui\u00e7\u00e3o de equipamentos e produtos magn\u00e9ticos todos com garantia e selo de qualidade para diversos segmentos. Especialista em \u00edm\u00e3s de [&hellip;]","og_url":"https:\/\/dicomag.com.br\/?page_id=55","og_site_name":"Dicomag","article_publisher":"https:\/\/www.facebook.com\/dicomagpoa\/","article_modified_time":"2019-04-22T20:04:28+00:00","twitter_card":"summary_large_image","twitter_misc":{"Est. tempo de leitura":"1 minuto"},"schema":{"@context":"https:\/\/schema.org","@graph":[{"@type":"WebPage","@id":"https:\/\/dicomag.com.br\/?page_id=55","url":"https:\/\/dicomag.com.br\/?page_id=55","name":"Sobre N\u00f3s - Dicomag","isPartOf":{"@id":"https:\/\/dicomag.com.br\/#website"},"datePublished":"2016-06-13T15:48:45+00:00","dateModified":"2019-04-22T20:04:28+00:00","breadcrumb":{"@id":"https:\/\/dicomag.com.br\/?page_id=55#breadcrumb"},"inLanguage":"pt-BR","potentialAction":[{"@type":"ReadAction","target":["https:\/\/dicomag.com.br\/?page_id=55"]}]},{"@type":"BreadcrumbList","@id":"https:\/\/dicomag.com.br\/?page_id=55#breadcrumb","itemListElement":[{"@type":"ListItem","position":1,"name":"In\u00edcio","item":"https:\/\/dicomag.com.br\/"},{"@type":"ListItem","position":2,"name":"Sobre N\u00f3s"}]},{"@type":"WebSite","@id":"https:\/\/dicomag.com.br\/#website","url":"https:\/\/dicomag.com.br\/","name":"Dicomag","description":"Imas","publisher":{"@id":"https:\/\/dicomag.com.br\/#organization"},"potentialAction":[{"@type":"SearchAction","target":{"@type":"EntryPoint","urlTemplate":"https:\/\/dicomag.com.br\/?s={search_term_string}"},"query-input":{"@type":"PropertyValueSpecification","valueRequired":true,"valueName":"search_term_string"}}],"inLanguage":"pt-BR"},{"@type":"Organization","@id":"https:\/\/dicomag.com.br\/#organization","name":"Dicomag","url":"https:\/\/dicomag.com.br\/","logo":{"@type":"ImageObject","inLanguage":"pt-BR","@id":"https:\/\/dicomag.com.br\/#\/schema\/logo\/image\/","url":"https:\/\/dicomag.com.br\/wp-content\/uploads\/2019\/04\/Logo-Dicomag-Comemorativo-jpeg2.png","contentUrl":"https:\/\/dicomag.com.br\/wp-content\/uploads\/2019\/04\/Logo-Dicomag-Comemorativo-jpeg2.png","width":457,"height":174,"caption":"Dicomag"},"image":{"@id":"https:\/\/dicomag.com.br\/#\/schema\/logo\/image\/"},"sameAs":["https:\/\/www.facebook.com\/dicomagpoa\/"]}]}},"_links":{"self":[{"href":"https:\/\/dicomag.com.br\/index.php?rest_route=\/wp\/v2\/pages\/55","targetHints":{"allow":["GET"]}}],"collection":[{"href":"https:\/\/dicomag.com.br\/index.php?rest_route=\/wp\/v2\/pages"}],"about":[{"href":"https:\/\/dicomag.com.br\/index.php?rest_route=\/wp\/v2\/types\/page"}],"author":[{"embeddable":true,"href":"https:\/\/dicomag.com.br\/index.php?rest_route=\/wp\/v2\/users\/1"}],"replies":[{"embeddable":true,"href":"https:\/\/dicomag.com.br\/index.php?rest_route=%2Fwp%2Fv2%2Fcomments&post=55"}],"version-history":[{"count":8,"href":"https:\/\/dicomag.com.br\/index.php?rest_route=\/wp\/v2\/pages\/55\/revisions"}],"predecessor-version":[{"id":4036,"href":"https:\/\/dicomag.com.br\/index.php?rest_route=\/wp\/v2\/pages\/55\/revisions\/4036"}],"wp:attachment":[{"href":"https:\/\/dicomag.com.br\/index.php?rest_route=%2Fwp%2Fv2%2Fmedia&parent=55"}],"curies":[{"name":"wp","href":"https:\/\/api.w.org\/{rel}","templated":true}]}}