{"id":73,"date":"2016-06-14T06:15:58","date_gmt":"2016-06-14T06:15:58","guid":{"rendered":"http:\/\/sw-themes.com\/porto_dummy\/?page_id=73"},"modified":"2019-04-22T17:35:42","modified_gmt":"2019-04-22T17:35:42","slug":"contato","status":"publish","type":"page","link":"https:\/\/dicomag.com.br\/?page_id=73","title":{"rendered":"Contato"},"content":{"rendered":"<p>[vc_row full_width=&#8221;stretch_row_content_no_spaces&#8221;][vc_column][vc_raw_html]JTNDaWZyYW1lJTIwc3JjJTNEJTIyaHR0cHMlM0ElMkYlMkZ3d3cuZ29vZ2xlLmNvbSUyRm1hcHMlMkZlbWJlZCUzRnBiJTNEJTIxMW0xOCUyMTFtMTIlMjExbTMlMjExZDM0NTQuOTcxMzYwMjIyMDA2JTIxMmQtNTEuMTE4OTI5Mzg0NzE3OTIlMjEzZC0zMC4wMDg5Nzg3MzY1ODg3MjclMjEybTMlMjExZjAlMjEyZjAlMjEzZjAlMjEzbTIlMjExaTEwMjQlMjEyaTc2OCUyMTRmMTMuMSUyMTNtMyUyMTFtMiUyMTFzMHg5NTE5NzY2NzdkOGJhZDEzJTI1M0EweDE4MmQ1Nzg5ZGZiM2I0ZGYlMjEyc1IuJTJCUHJvZi4lMkJGcmVkZXJpY28lMkJMYW1hY2hpYSUyQkZpbGhvJTI1MkMlMkI2OTYlMkItJTJCUnViZW0lMkJCZXJ0YSUyNTJDJTJCUG9ydG8lMkJBbGVncmUlMkItJTJCUlMlMjUyQyUyQjkxMTUwLTAyMSUyMTVlMCUyMTNtMiUyMTFzcHQtQlIlMjEyc2JyJTIxNHYxNTU0MzI2NDE4MDIyJTIxNW0yJTIxMXNwdC1CUiUyMTJzYnIlMjIlMjB3aWR0aCUzRCUyMjEwMCUyNSUyMiUyMGhlaWdodCUzRCUyMjQ1MCUyMiUyMGZyYW1lYm9yZGVyJTNEJTIyMCUyMiUyMHN0eWxlJTNEJTIyYm9yZGVyJTNBMCUyMiUyMGFsbG93ZnVsbHNjcmVlbiUzRSUzQyUyRmlmcmFtZSUzRQ==[\/vc_raw_html][\/vc_column][\/vc_row][vc_row wrap_container=&#8221;yes&#8221; el_class=&#8221;m-b-xl&#8221;][vc_column width=&#8221;1\/2&#8243;][vc_custom_heading text=&#8221;Fale <strong>Conosco<\/strong>&#8221; font_container=&#8221;tag:h4|text_align:left&#8221; use_theme_fonts=&#8221;yes&#8221; skin=&#8221;primary&#8221;]<div class=\"porto-sicon-wrapper style_1\"><div class=\"porto-sicon-box default-icon\" style=\"\"  ><div class=\"porto-sicon-default\"><div id=\"porto-icon-173592759769ebded9adcd7\" class=\"porto-just-icon-wrapper  \"><div class=\"align-icon\" style=\"text-align:center;\">\n<div class=\"porto-icon circle \"  style=\"color:#ffffff;background:#0088cc;font-size:14px;display:inline-block;\">\n\t<i class=\"fa fa-envelope\"><\/i>\n<\/div><\/div><\/div><\/div><div class=\"porto-sicon-header\" ><h3 class=\"porto-sicon-title\" style=\"font-size:14px;color:#777777;\"><strong>E-mails:<\/strong><br \/>\n<strong>D\u00favidas, Reclama\u00e7\u00f5es e Sugest\u00f5es:<\/strong> sac@dicomag.com.br<br \/>\n<strong>Or\u00e7amentos, Pedidos, Vendas e Encomendas:<\/strong> vendas@dicomag.com.br<br \/>\n<strong>Nota Fiscal Eletr\u00f4nica:<\/strong> nfe@dicomag.com.br<\/h3><\/div> <!-- header --><\/div> <!-- porto-sicon-box --><\/div>[vc_column_text]<\/p>\n<div class=\"caldera-grid\" id=\"caldera_form_1\" data-cf-ver=\"1.9.7\" data-cf-form-id=\"CF5cbdf8751af7a\"><div id=\"caldera_notices_1\" data-spinner=\"https:\/\/dicomag.com.br\/wp-admin\/images\/spinner.gif\"><\/div><form data-instance=\"1\" class=\"CF5cbdf8751af7a caldera_forms_form cfajax-trigger\" method=\"POST\" enctype=\"multipart\/form-data\" id=\"CF5cbdf8751af7a_1\" data-form-id=\"CF5cbdf8751af7a\" aria-label=\"Fale Conosco\" data-target=\"#caldera_notices_1\" data-template=\"#cfajax_CF5cbdf8751af7a-tmpl\" data-cfajax=\"CF5cbdf8751af7a\" data-load-element=\"_parent\" data-load-class=\"cf_processing\" data-post-disable=\"0\" data-action=\"cf_process_ajax_submit\" data-request=\"https:\/\/dicomag.com.br\/?cf_api=CF5cbdf8751af7a\" data-hiderows=\"true\">\r\n<input type=\"hidden\" id=\"_cf_verify_CF5cbdf8751af7a\" name=\"_cf_verify\" value=\"f06abc2edc\"  data-nonce-time=\"1777065689\" \/><input type=\"hidden\" name=\"_wp_http_referer\" value=\"\/index.php?rest_route=%2Fwp%2Fv2%2Fpages%2F73\" \/><div id=\"cf2-CF5cbdf8751af7a_1\"><\/div><input type=\"hidden\" name=\"_cf_frm_id\" value=\"CF5cbdf8751af7a\">\r\n<input type=\"hidden\" name=\"_cf_frm_ct\" value=\"1\">\r\n<input type=\"hidden\" name=\"cfajax\" value=\"CF5cbdf8751af7a\">\r\n<input type=\"hidden\" name=\"_cf_cr_pst\" value=\"73\">\r\n<div class=\"hide\" style=\"display:none; overflow:hidden;height:0;width:0;\">\r\n<label>Company<\/label><input type=\"text\" name=\"company\" value=\"\" autocomplete=\"off\">\r\n<\/div><div id=\"CF5cbdf8751af7a_1-row-1\"  class=\"row  first_row\"><div  class=\"col-sm-6  first_col\"><div data-field-wrapper=\"fld_8768091\" class=\"form-group\" id=\"fld_8768091_1-wrap\">\r\n\t<label id=\"fld_8768091Label\" for=\"fld_8768091_1\" class=\"control-label\">Seu Nome <span aria-hidden=\"true\" role=\"presentation\" class=\"field_required\" style=\"color:#ee0000;\">*<\/span><\/label>\r\n\t<div class=\"\">\r\n\t\t<input   required type=\"text\" data-field=\"fld_8768091\" class=\" form-control\" id=\"fld_8768091_1\" name=\"fld_8768091\" value=\"\" data-type=\"text\" aria-required=\"true\"   aria-labelledby=\"fld_8768091Label\" >\t\t\t<\/div>\r\n<\/div>\r\n<\/div><div  class=\"col-sm-6  last_col\"><div data-field-wrapper=\"fld_6009157\" class=\"form-group\" id=\"fld_6009157_1-wrap\">\r\n\t<label id=\"fld_6009157Label\" for=\"fld_6009157_1\" class=\"control-label\">E-mail <span aria-hidden=\"true\" role=\"presentation\" class=\"field_required\" style=\"color:#ee0000;\">*<\/span><\/label>\r\n\t<div class=\"\">\r\n\t\t<input   required type=\"email\" data-field=\"fld_6009157\" class=\" form-control\" id=\"fld_6009157_1\" name=\"fld_6009157\" value=\"\" data-type=\"email\" aria-required=\"true\"   aria-labelledby=\"fld_6009157Label\" >\t\t\t<\/div>\r\n<\/div>\r\n<\/div><\/div><div id=\"CF5cbdf8751af7a_1-row-2\"  class=\"row \"><div  class=\"col-sm-12  single\"><div data-field-wrapper=\"fld_6468945\" class=\"form-group\" id=\"fld_6468945_1-wrap\">\r\n\t<label id=\"fld_6468945Label\" for=\"fld_6468945_1\" class=\"control-label\">Assunto <span aria-hidden=\"true\" role=\"presentation\" class=\"field_required\" style=\"color:#ee0000;\">*<\/span><\/label>\r\n\t<div class=\"\">\r\n\t\t<input   required type=\"text\" data-field=\"fld_6468945\" class=\" form-control\" id=\"fld_6468945_1\" name=\"fld_6468945\" value=\"\" data-type=\"text\" aria-required=\"true\"   aria-labelledby=\"fld_6468945Label\" >\t\t\t<\/div>\r\n<\/div>\r\n<\/div><\/div><div id=\"CF5cbdf8751af7a_1-row-3\"  class=\"row \"><div  class=\"col-sm-12  single\"><div data-field-wrapper=\"fld_7683514\" class=\"form-group\" id=\"fld_7683514_1-wrap\">\r\n\t<label id=\"fld_7683514Label\" for=\"fld_7683514_1\" class=\"control-label\">Mensagem <span aria-hidden=\"true\" role=\"presentation\" class=\"field_required\" style=\"color:#ee0000;\">*<\/span><\/label>\r\n\t<div class=\"\">\r\n\t\t<textarea name=\"fld_7683514\" value=\"\" data-field=\"fld_7683514\" class=\"form-control\" id=\"fld_7683514_1\" rows=\"7\"  required=\"required\"  aria-labelledby=\"fld_7683514Label\" ><\/textarea>\n\t\t\t<\/div>\r\n<\/div>\r\n<\/div><\/div><div id=\"CF5cbdf8751af7a_1-row-4\"  class=\"row  last_row\"><div  class=\"col-sm-12  single\"><div data-field-wrapper=\"fld_7908577\" class=\"form-group\" id=\"fld_7908577_1-wrap\">\r\n<div class=\"\">\r\n\t<input  class=\"btn btn-default\" type=\"submit\" name=\"fld_7908577\" id=\"fld_7908577_1\" value=\"Enviar\" data-field=\"fld_7908577\"  >\n<\/div>\r\n<\/div>\r\n\t<input class=\"button_trigger_1\" type=\"hidden\" name=\"fld_7908577\" id=\"fld_7908577_1_btn\" value=\"\" data-field=\"fld_7908577\"  \/>\n<\/div><\/div><\/form>\r\n<\/div>\r\n\n<p>[\/vc_column_text][\/vc_column][vc_column width=&#8221;1\/2&#8243;][vc_custom_heading text=&#8221;Informa\u00e7\u00f5es de <strong>Contato<\/strong>&#8221; font_container=&#8221;tag:h4|text_align:left&#8221; use_theme_fonts=&#8221;yes&#8221; skin=&#8221;primary&#8221;]<div class=\"porto-sicon-wrapper style_1\"><div class=\"porto-sicon-box default-icon\" style=\"\"  ><div class=\"porto-sicon-default\"><div id=\"porto-icon-194595692669ebded9b1f64\" class=\"porto-just-icon-wrapper  \"><div class=\"align-icon\" style=\"text-align:center;\">\n<div class=\"porto-icon circle \"  style=\"color:#ffffff;background:#0088cc;font-size:14px;display:inline-block;\">\n\t<i class=\"fa fa-map-marker\"><\/i>\n<\/div><\/div><\/div><\/div><div class=\"porto-sicon-header\" ><h3 class=\"porto-sicon-title\" style=\"font-size:14px;color:#777777;\"><strong>Endere\u00e7o:<\/strong> Rua Professor Frederico Lamachia Filho, 696, Costa e Silva Porto Alegre RS CEP:91150021<\/h3><\/div> <!-- header --><\/div> <!-- porto-sicon-box --><\/div><div class=\"porto-sicon-wrapper style_1\"><div class=\"porto-sicon-box default-icon\" style=\"\"  ><div class=\"porto-sicon-default\"><div id=\"porto-icon-213221903969ebded9b250c\" class=\"porto-just-icon-wrapper  \"><div class=\"align-icon\" style=\"text-align:center;\">\n<div class=\"porto-icon circle \"  style=\"color:#ffffff;background:#0088cc;font-size:14px;display:inline-block;\">\n\t<i class=\"fa fa-phone\"><\/i>\n<\/div><\/div><\/div><\/div><div class=\"porto-sicon-header\" ><h3 class=\"porto-sicon-title\" style=\"font-size:14px;color:#777777;\"><strong>Telefone Principal:<\/strong> (51) 33328320<\/h3><\/div> <!-- header --><\/div> <!-- porto-sicon-box --><\/div><div class=\"porto-sicon-wrapper style_1\"><div class=\"porto-sicon-box default-icon\" style=\"\"  ><div class=\"porto-sicon-default\"><div id=\"porto-icon-42034423669ebded9b2b29\" class=\"porto-just-icon-wrapper  \"><div class=\"align-icon\" style=\"text-align:center;\">\n<div class=\"porto-icon circle \"  style=\"color:#ffffff;background:#0088cc;font-size:14px;display:inline-block;\">\n\t<i class=\"fa fa-phone\"><\/i>\n<\/div><\/div><\/div><\/div><div class=\"porto-sicon-header\" ><h3 class=\"porto-sicon-title\" style=\"font-size:14px;color:#777777;\"><strong>Telefone Secund\u00e1rio:<\/strong> (51) 32791283<\/h3><\/div> <!-- header --><\/div> <!-- porto-sicon-box --><\/div><div class=\"porto-sicon-wrapper style_1\"><div class=\"porto-sicon-box default-icon\" style=\"\"  ><div class=\"porto-sicon-default\"><div id=\"porto-icon-22150533169ebded9b3164\" class=\"porto-just-icon-wrapper  \"><div class=\"align-icon\" style=\"text-align:center;\">\n<div class=\"porto-icon circle \"  style=\"color:#ffffff;background:#0088cc;font-size:14px;display:inline-block;\">\n\t<i class=\"fa fa-phone\"><\/i>\n<\/div><\/div><\/div><\/div><div class=\"porto-sicon-header\" ><h3 class=\"porto-sicon-title\" style=\"font-size:14px;color:#777777;\"><strong>Celular Whatsapp:<\/strong> (51) 996097086<\/h3><\/div> <!-- header --><\/div> <!-- porto-sicon-box --><\/div>[vc_separator color=&#8221;custom&#8221; gradient=&#8221;yes&#8221;][vc_custom_heading text=&#8221;Hor\u00e1rio de <strong>Atendimento<\/strong>&#8221; font_container=&#8221;tag:h4|text_align:left&#8221; use_theme_fonts=&#8221;yes&#8221; skin=&#8221;primary&#8221;]<div class=\"porto-sicon-wrapper style_1\"><div class=\"porto-sicon-box default-icon\" style=\"\"  ><div class=\"porto-sicon-default\"><div id=\"porto-icon-2081264569ebded9b36d0\" class=\"porto-just-icon-wrapper  \"><div class=\"align-icon\" style=\"text-align:center;\">\n<div class=\"porto-icon none \"  style=\"color:#333;font-size:14px;display:inline-block;\">\n\t<i class=\"fa fa-clock-o\"><\/i>\n<\/div><\/div><\/div><\/div><div class=\"porto-sicon-header\" ><h3 class=\"porto-sicon-title\" style=\"font-size:14px;color:#777777;\">Segunda \u00e0 Quinta<\/h3><\/div> <!-- header --><\/div> <!-- porto-sicon-box --><\/div><div class=\"porto-sicon-wrapper style_1\"><div class=\"porto-sicon-box default-icon\" style=\"\"  ><div class=\"porto-sicon-default\"><div id=\"porto-icon-146344776469ebded9b3be4\" class=\"porto-just-icon-wrapper  \"><div class=\"align-icon\" style=\"text-align:center;\">\n<div class=\"porto-icon none \"  style=\"color:#333;font-size:14px;display:inline-block;\">\n\t<i class=\"fa fa-clock-o\"><\/i>\n<\/div><\/div><\/div><\/div><div class=\"porto-sicon-header\" ><h3 class=\"porto-sicon-title\" style=\"font-size:14px;color:#777777;\">08:30 ao 12:09 e das 13:30 as 18:00<\/h3><\/div> <!-- header --><\/div> <!-- porto-sicon-box --><\/div><div class=\"porto-sicon-wrapper style_1\"><div class=\"porto-sicon-box default-icon\" style=\"\"  ><div class=\"porto-sicon-default\"><div id=\"porto-icon-209002112269ebded9b4198\" class=\"porto-just-icon-wrapper  \"><div class=\"align-icon\" style=\"text-align:center;\">\n<div class=\"porto-icon none \"  style=\"color:#333;font-size:14px;display:inline-block;\">\n\t<i class=\"fa fa-clock-o\"><\/i>\n<\/div><\/div><\/div><\/div><div class=\"porto-sicon-header\" ><h3 class=\"porto-sicon-title\" style=\"font-size:14px;color:#777777;\">Sexta<\/h3><\/div> <!-- header --><\/div> <!-- porto-sicon-box --><\/div><div class=\"porto-sicon-wrapper style_1\"><div class=\"porto-sicon-box default-icon\" style=\"\"  ><div class=\"porto-sicon-default\"><div id=\"porto-icon-141322242569ebded9b473e\" class=\"porto-just-icon-wrapper  \"><div class=\"align-icon\" style=\"text-align:center;\">\n<div class=\"porto-icon none \"  style=\"color:#333;font-size:14px;display:inline-block;\">\n\t<i class=\"fa fa-clock-o\"><\/i>\n<\/div><\/div><\/div><\/div><div class=\"porto-sicon-header\" ><h3 class=\"porto-sicon-title\" style=\"font-size:14px;color:#777777;\">08:30 ao 12:00 e das 13:30 as 17:00<\/h3><\/div> <!-- header --><\/div> <!-- porto-sicon-box --><\/div>[\/vc_column][\/vc_row]<\/p>\n","protected":false},"excerpt":{"rendered":"<p>[vc_row full_width=&#8221;stretch_row_content_no_spaces&#8221;][vc_column][vc_raw_html]JTNDaWZyYW1lJTIwc3JjJTNEJTIyaHR0cHMlM0ElMkYlMkZ3d3cuZ29vZ2xlLmNvbSUyRm1hcHMlMkZlbWJlZCUzRnBiJTNEJTIxMW0xOCUyMTFtMTIlMjExbTMlMjExZDM0NTQuOTcxMzYwMjIyMDA2JTIxMmQtNTEuMTE4OTI5Mzg0NzE3OTIlMjEzZC0zMC4wMDg5Nzg3MzY1ODg3MjclMjEybTMlMjExZjAlMjEyZjAlMjEzZjAlMjEzbTIlMjExaTEwMjQlMjEyaTc2OCUyMTRmMTMuMSUyMTNtMyUyMTFtMiUyMTFzMHg5NTE5NzY2NzdkOGJhZDEzJTI1M0EweDE4MmQ1Nzg5ZGZiM2I0ZGYlMjEyc1IuJTJCUHJvZi4lMkJGcmVkZXJpY28lMkJMYW1hY2hpYSUyQkZpbGhvJTI1MkMlMkI2OTYlMkItJTJCUnViZW0lMkJCZXJ0YSUyNTJDJTJCUG9ydG8lMkJBbGVncmUlMkItJTJCUlMlMjUyQyUyQjkxMTUwLTAyMSUyMTVlMCUyMTNtMiUyMTFzcHQtQlIlMjEyc2JyJTIxNHYxNTU0MzI2NDE4MDIyJTIxNW0yJTIxMXNwdC1CUiUyMTJzYnIlMjIlMjB3aWR0aCUzRCUyMjEwMCUyNSUyMiUyMGhlaWdodCUzRCUyMjQ1MCUyMiUyMGZyYW1lYm9yZGVyJTNEJTIyMCUyMiUyMHN0eWxlJTNEJTIyYm9yZGVyJTNBMCUyMiUyMGFsbG93ZnVsbHNjcmVlbiUzRSUzQyUyRmlmcmFtZSUzRQ==[\/vc_raw_html][\/vc_column][\/vc_row][vc_row wrap_container=&#8221;yes&#8221; el_class=&#8221;m-b-xl&#8221;][vc_column width=&#8221;1\/2&#8243;][vc_custom_heading text=&#8221;Fale Conosco&#8221; font_container=&#8221;tag:h4|text_align:left&#8221; use_theme_fonts=&#8221;yes&#8221; skin=&#8221;primary&#8221;][vc_column_text] [\/vc_column_text][\/vc_column][vc_column width=&#8221;1\/2&#8243;][vc_custom_heading text=&#8221;Informa\u00e7\u00f5es de Contato&#8221; font_container=&#8221;tag:h4|text_align:left&#8221; use_theme_fonts=&#8221;yes&#8221; skin=&#8221;primary&#8221;][vc_separator color=&#8221;custom&#8221; gradient=&#8221;yes&#8221;][vc_custom_heading text=&#8221;Hor\u00e1rio de Atendimento&#8221; font_container=&#8221;tag:h4|text_align:left&#8221; use_theme_fonts=&#8221;yes&#8221; skin=&#8221;primary&#8221;][\/vc_column][\/vc_row]<\/p>\n","protected":false},"author":1,"featured_media":0,"parent":0,"menu_order":0,"comment_status":"closed","ping_status":"closed","template":"","meta":{"footnotes":""},"class_list":["post-73","page","type-page","status-publish","hentry"],"yoast_head":"<!-- This site is optimized with the Yoast SEO plugin v27.4 - https:\/\/yoast.com\/product\/yoast-seo-wordpress\/ -->\n<title>Contato - Dicomag<\/title>\n<meta name=\"robots\" content=\"index, follow, max-snippet:-1, max-image-preview:large, max-video-preview:-1\" \/>\n<link rel=\"canonical\" href=\"https:\/\/dicomag.com.br\/?page_id=73\" \/>\n<meta property=\"og:locale\" content=\"pt_BR\" \/>\n<meta property=\"og:type\" content=\"article\" \/>\n<meta property=\"og:title\" content=\"Contato - Dicomag\" \/>\n<meta property=\"og:description\" content=\"[vc_row full_width=&#8221;stretch_row_content_no_spaces&#8221;][vc_column][vc_raw_html]JTNDaWZyYW1lJTIwc3JjJTNEJTIyaHR0cHMlM0ElMkYlMkZ3d3cuZ29vZ2xlLmNvbSUyRm1hcHMlMkZlbWJlZCUzRnBiJTNEJTIxMW0xOCUyMTFtMTIlMjExbTMlMjExZDM0NTQuOTcxMzYwMjIyMDA2JTIxMmQtNTEuMTE4OTI5Mzg0NzE3OTIlMjEzZC0zMC4wMDg5Nzg3MzY1ODg3MjclMjEybTMlMjExZjAlMjEyZjAlMjEzZjAlMjEzbTIlMjExaTEwMjQlMjEyaTc2OCUyMTRmMTMuMSUyMTNtMyUyMTFtMiUyMTFzMHg5NTE5NzY2NzdkOGJhZDEzJTI1M0EweDE4MmQ1Nzg5ZGZiM2I0ZGYlMjEyc1IuJTJCUHJvZi4lMkJGcmVkZXJpY28lMkJMYW1hY2hpYSUyQkZpbGhvJTI1MkMlMkI2OTYlMkItJTJCUnViZW0lMkJCZXJ0YSUyNTJDJTJCUG9ydG8lMkJBbGVncmUlMkItJTJCUlMlMjUyQyUyQjkxMTUwLTAyMSUyMTVlMCUyMTNtMiUyMTFzcHQtQlIlMjEyc2JyJTIxNHYxNTU0MzI2NDE4MDIyJTIxNW0yJTIxMXNwdC1CUiUyMTJzYnIlMjIlMjB3aWR0aCUzRCUyMjEwMCUyNSUyMiUyMGhlaWdodCUzRCUyMjQ1MCUyMiUyMGZyYW1lYm9yZGVyJTNEJTIyMCUyMiUyMHN0eWxlJTNEJTIyYm9yZGVyJTNBMCUyMiUyMGFsbG93ZnVsbHNjcmVlbiUzRSUzQyUyRmlmcmFtZSUzRQ==[\/vc_raw_html][\/vc_column][\/vc_row][vc_row wrap_container=&#8221;yes&#8221; el_class=&#8221;m-b-xl&#8221;][vc_column width=&#8221;1\/2&#8243;][vc_custom_heading text=&#8221;Fale Conosco&#8221; font_container=&#8221;tag:h4|text_align:left&#8221; use_theme_fonts=&#8221;yes&#8221; skin=&#8221;primary&#8221;][vc_column_text] [\/vc_column_text][\/vc_column][vc_column width=&#8221;1\/2&#8243;][vc_custom_heading text=&#8221;Informa\u00e7\u00f5es de Contato&#8221; font_container=&#8221;tag:h4|text_align:left&#8221; use_theme_fonts=&#8221;yes&#8221; skin=&#8221;primary&#8221;][vc_separator color=&#8221;custom&#8221; gradient=&#8221;yes&#8221;][vc_custom_heading text=&#8221;Hor\u00e1rio de Atendimento&#8221; font_container=&#8221;tag:h4|text_align:left&#8221; use_theme_fonts=&#8221;yes&#8221; skin=&#8221;primary&#8221;][\/vc_column][\/vc_row]\" \/>\n<meta property=\"og:url\" content=\"https:\/\/dicomag.com.br\/?page_id=73\" \/>\n<meta property=\"og:site_name\" content=\"Dicomag\" \/>\n<meta property=\"article:publisher\" content=\"https:\/\/www.facebook.com\/dicomagpoa\/\" \/>\n<meta property=\"article:modified_time\" content=\"2019-04-22T17:35:42+00:00\" \/>\n<meta name=\"twitter:card\" content=\"summary_large_image\" \/>\n<meta name=\"twitter:label1\" content=\"Est. tempo de leitura\" \/>\n\t<meta name=\"twitter:data1\" content=\"2 minutos\" \/>\n<script type=\"application\/ld+json\" class=\"yoast-schema-graph\">{\"@context\":\"https:\\\/\\\/schema.org\",\"@graph\":[{\"@type\":\"WebPage\",\"@id\":\"https:\\\/\\\/dicomag.com.br\\\/?page_id=73\",\"url\":\"https:\\\/\\\/dicomag.com.br\\\/?page_id=73\",\"name\":\"Contato - Dicomag\",\"isPartOf\":{\"@id\":\"https:\\\/\\\/dicomag.com.br\\\/#website\"},\"datePublished\":\"2016-06-14T06:15:58+00:00\",\"dateModified\":\"2019-04-22T17:35:42+00:00\",\"breadcrumb\":{\"@id\":\"https:\\\/\\\/dicomag.com.br\\\/?page_id=73#breadcrumb\"},\"inLanguage\":\"pt-BR\",\"potentialAction\":[{\"@type\":\"ReadAction\",\"target\":[\"https:\\\/\\\/dicomag.com.br\\\/?page_id=73\"]}]},{\"@type\":\"BreadcrumbList\",\"@id\":\"https:\\\/\\\/dicomag.com.br\\\/?page_id=73#breadcrumb\",\"itemListElement\":[{\"@type\":\"ListItem\",\"position\":1,\"name\":\"In\u00edcio\",\"item\":\"https:\\\/\\\/dicomag.com.br\\\/\"},{\"@type\":\"ListItem\",\"position\":2,\"name\":\"Contato\"}]},{\"@type\":\"WebSite\",\"@id\":\"https:\\\/\\\/dicomag.com.br\\\/#website\",\"url\":\"https:\\\/\\\/dicomag.com.br\\\/\",\"name\":\"Dicomag\",\"description\":\"Imas\",\"publisher\":{\"@id\":\"https:\\\/\\\/dicomag.com.br\\\/#organization\"},\"potentialAction\":[{\"@type\":\"SearchAction\",\"target\":{\"@type\":\"EntryPoint\",\"urlTemplate\":\"https:\\\/\\\/dicomag.com.br\\\/?s={search_term_string}\"},\"query-input\":{\"@type\":\"PropertyValueSpecification\",\"valueRequired\":true,\"valueName\":\"search_term_string\"}}],\"inLanguage\":\"pt-BR\"},{\"@type\":\"Organization\",\"@id\":\"https:\\\/\\\/dicomag.com.br\\\/#organization\",\"name\":\"Dicomag\",\"url\":\"https:\\\/\\\/dicomag.com.br\\\/\",\"logo\":{\"@type\":\"ImageObject\",\"inLanguage\":\"pt-BR\",\"@id\":\"https:\\\/\\\/dicomag.com.br\\\/#\\\/schema\\\/logo\\\/image\\\/\",\"url\":\"https:\\\/\\\/dicomag.com.br\\\/wp-content\\\/uploads\\\/2019\\\/04\\\/Logo-Dicomag-Comemorativo-jpeg2.png\",\"contentUrl\":\"https:\\\/\\\/dicomag.com.br\\\/wp-content\\\/uploads\\\/2019\\\/04\\\/Logo-Dicomag-Comemorativo-jpeg2.png\",\"width\":457,\"height\":174,\"caption\":\"Dicomag\"},\"image\":{\"@id\":\"https:\\\/\\\/dicomag.com.br\\\/#\\\/schema\\\/logo\\\/image\\\/\"},\"sameAs\":[\"https:\\\/\\\/www.facebook.com\\\/dicomagpoa\\\/\"]}]}<\/script>\n<!-- \/ Yoast SEO plugin. -->","yoast_head_json":{"title":"Contato - Dicomag","robots":{"index":"index","follow":"follow","max-snippet":"max-snippet:-1","max-image-preview":"max-image-preview:large","max-video-preview":"max-video-preview:-1"},"canonical":"https:\/\/dicomag.com.br\/?page_id=73","og_locale":"pt_BR","og_type":"article","og_title":"Contato - Dicomag","og_description":"[vc_row full_width=&#8221;stretch_row_content_no_spaces&#8221;][vc_column][vc_raw_html]JTNDaWZyYW1lJTIwc3JjJTNEJTIyaHR0cHMlM0ElMkYlMkZ3d3cuZ29vZ2xlLmNvbSUyRm1hcHMlMkZlbWJlZCUzRnBiJTNEJTIxMW0xOCUyMTFtMTIlMjExbTMlMjExZDM0NTQuOTcxMzYwMjIyMDA2JTIxMmQtNTEuMTE4OTI5Mzg0NzE3OTIlMjEzZC0zMC4wMDg5Nzg3MzY1ODg3MjclMjEybTMlMjExZjAlMjEyZjAlMjEzZjAlMjEzbTIlMjExaTEwMjQlMjEyaTc2OCUyMTRmMTMuMSUyMTNtMyUyMTFtMiUyMTFzMHg5NTE5NzY2NzdkOGJhZDEzJTI1M0EweDE4MmQ1Nzg5ZGZiM2I0ZGYlMjEyc1IuJTJCUHJvZi4lMkJGcmVkZXJpY28lMkJMYW1hY2hpYSUyQkZpbGhvJTI1MkMlMkI2OTYlMkItJTJCUnViZW0lMkJCZXJ0YSUyNTJDJTJCUG9ydG8lMkJBbGVncmUlMkItJTJCUlMlMjUyQyUyQjkxMTUwLTAyMSUyMTVlMCUyMTNtMiUyMTFzcHQtQlIlMjEyc2JyJTIxNHYxNTU0MzI2NDE4MDIyJTIxNW0yJTIxMXNwdC1CUiUyMTJzYnIlMjIlMjB3aWR0aCUzRCUyMjEwMCUyNSUyMiUyMGhlaWdodCUzRCUyMjQ1MCUyMiUyMGZyYW1lYm9yZGVyJTNEJTIyMCUyMiUyMHN0eWxlJTNEJTIyYm9yZGVyJTNBMCUyMiUyMGFsbG93ZnVsbHNjcmVlbiUzRSUzQyUyRmlmcmFtZSUzRQ==[\/vc_raw_html][\/vc_column][\/vc_row][vc_row wrap_container=&#8221;yes&#8221; el_class=&#8221;m-b-xl&#8221;][vc_column width=&#8221;1\/2&#8243;][vc_custom_heading text=&#8221;Fale Conosco&#8221; font_container=&#8221;tag:h4|text_align:left&#8221; use_theme_fonts=&#8221;yes&#8221; skin=&#8221;primary&#8221;][vc_column_text] [\/vc_column_text][\/vc_column][vc_column width=&#8221;1\/2&#8243;][vc_custom_heading text=&#8221;Informa\u00e7\u00f5es de Contato&#8221; font_container=&#8221;tag:h4|text_align:left&#8221; use_theme_fonts=&#8221;yes&#8221; skin=&#8221;primary&#8221;][vc_separator color=&#8221;custom&#8221; gradient=&#8221;yes&#8221;][vc_custom_heading text=&#8221;Hor\u00e1rio de Atendimento&#8221; font_container=&#8221;tag:h4|text_align:left&#8221; use_theme_fonts=&#8221;yes&#8221; skin=&#8221;primary&#8221;][\/vc_column][\/vc_row]","og_url":"https:\/\/dicomag.com.br\/?page_id=73","og_site_name":"Dicomag","article_publisher":"https:\/\/www.facebook.com\/dicomagpoa\/","article_modified_time":"2019-04-22T17:35:42+00:00","twitter_card":"summary_large_image","twitter_misc":{"Est. tempo de leitura":"2 minutos"},"schema":{"@context":"https:\/\/schema.org","@graph":[{"@type":"WebPage","@id":"https:\/\/dicomag.com.br\/?page_id=73","url":"https:\/\/dicomag.com.br\/?page_id=73","name":"Contato - Dicomag","isPartOf":{"@id":"https:\/\/dicomag.com.br\/#website"},"datePublished":"2016-06-14T06:15:58+00:00","dateModified":"2019-04-22T17:35:42+00:00","breadcrumb":{"@id":"https:\/\/dicomag.com.br\/?page_id=73#breadcrumb"},"inLanguage":"pt-BR","potentialAction":[{"@type":"ReadAction","target":["https:\/\/dicomag.com.br\/?page_id=73"]}]},{"@type":"BreadcrumbList","@id":"https:\/\/dicomag.com.br\/?page_id=73#breadcrumb","itemListElement":[{"@type":"ListItem","position":1,"name":"In\u00edcio","item":"https:\/\/dicomag.com.br\/"},{"@type":"ListItem","position":2,"name":"Contato"}]},{"@type":"WebSite","@id":"https:\/\/dicomag.com.br\/#website","url":"https:\/\/dicomag.com.br\/","name":"Dicomag","description":"Imas","publisher":{"@id":"https:\/\/dicomag.com.br\/#organization"},"potentialAction":[{"@type":"SearchAction","target":{"@type":"EntryPoint","urlTemplate":"https:\/\/dicomag.com.br\/?s={search_term_string}"},"query-input":{"@type":"PropertyValueSpecification","valueRequired":true,"valueName":"search_term_string"}}],"inLanguage":"pt-BR"},{"@type":"Organization","@id":"https:\/\/dicomag.com.br\/#organization","name":"Dicomag","url":"https:\/\/dicomag.com.br\/","logo":{"@type":"ImageObject","inLanguage":"pt-BR","@id":"https:\/\/dicomag.com.br\/#\/schema\/logo\/image\/","url":"https:\/\/dicomag.com.br\/wp-content\/uploads\/2019\/04\/Logo-Dicomag-Comemorativo-jpeg2.png","contentUrl":"https:\/\/dicomag.com.br\/wp-content\/uploads\/2019\/04\/Logo-Dicomag-Comemorativo-jpeg2.png","width":457,"height":174,"caption":"Dicomag"},"image":{"@id":"https:\/\/dicomag.com.br\/#\/schema\/logo\/image\/"},"sameAs":["https:\/\/www.facebook.com\/dicomagpoa\/"]}]}},"_links":{"self":[{"href":"https:\/\/dicomag.com.br\/index.php?rest_route=\/wp\/v2\/pages\/73","targetHints":{"allow":["GET"]}}],"collection":[{"href":"https:\/\/dicomag.com.br\/index.php?rest_route=\/wp\/v2\/pages"}],"about":[{"href":"https:\/\/dicomag.com.br\/index.php?rest_route=\/wp\/v2\/types\/page"}],"author":[{"embeddable":true,"href":"https:\/\/dicomag.com.br\/index.php?rest_route=\/wp\/v2\/users\/1"}],"replies":[{"embeddable":true,"href":"https:\/\/dicomag.com.br\/index.php?rest_route=%2Fwp%2Fv2%2Fcomments&post=73"}],"version-history":[{"count":11,"href":"https:\/\/dicomag.com.br\/index.php?rest_route=\/wp\/v2\/pages\/73\/revisions"}],"predecessor-version":[{"id":4020,"href":"https:\/\/dicomag.com.br\/index.php?rest_route=\/wp\/v2\/pages\/73\/revisions\/4020"}],"wp:attachment":[{"href":"https:\/\/dicomag.com.br\/index.php?rest_route=%2Fwp%2Fv2%2Fmedia&parent=73"}],"curies":[{"name":"wp","href":"https:\/\/api.w.org\/{rel}","templated":true}]}}