{"id":1625,"date":"2018-06-13T18:30:59","date_gmt":"2018-06-13T18:30:59","guid":{"rendered":"http:\/\/dicomag.com.br\/?post_type=product&#038;p=1625"},"modified":"2019-02-13T16:55:06","modified_gmt":"2019-02-13T16:55:06","slug":"extrator-equipamentos","status":"publish","type":"product","link":"https:\/\/dicomag.com.br\/?product=extrator-equipamentos","title":{"rendered":"Extrator Magn\u00e9tico Telesc\u00f3pico  &#8211; 7,5 Libras"},"content":{"rendered":"<p>Utilizado para capturar objetos de metal, como ferramentas, parafusos, porcas entre outros em locais de dif\u00edcil acesso.<br \/>\nHaste Telesc\u00f3pica<br \/>\nFerramente Fechada 16cm<br \/>\nHaste Estendida 84cm<br \/>\nCapacidade 7,5 libras<br \/>\nDi\u00e2metro do Im\u00e3 10mm<br \/>\nPegador Magn\u00e9tico<\/p>\n","protected":false},"excerpt":{"rendered":"<p>Extrator Magn\u00e9tico Telesc\u00f3pico &#8211; 7,5 Libras<\/p>\n<p>Utilizado para capturar objetos de metal, como ferramentas, parafusos, porcas entre outros em locais de dif\u00edcil acesso.<br \/>Haste Telesc\u00f3pica<br \/>Ferramente Fechada 16cm<br \/>Haste Estendida 84cm<br \/>Capacidade 7,5 libras<br \/>Di\u00e2metro do Im\u00e3 10mm<br \/>Pegador Magn\u00e9tico<\/p>\n","protected":false},"featured_media":1640,"comment_status":"open","ping_status":"closed","template":"","meta":[],"product_brand":[],"product_cat":[107,139],"product_tag":[],"class_list":{"0":"post-1625","1":"product","2":"type-product","3":"status-publish","4":"has-post-thumbnail","6":"product_cat-equipamentos","7":"product_cat-extrator","9":"first","10":"instock","11":"sale","12":"taxable","13":"shipping-taxable","14":"purchasable","15":"product-type-simple"},"yoast_head":"<!-- This site is optimized with the Yoast SEO plugin v27.4 - https:\/\/yoast.com\/product\/yoast-seo-wordpress\/ -->\n<title>Extrator Magn\u00e9tico Telesc\u00f3pico - 7,5 Libras - Dicomag<\/title>\n<meta name=\"robots\" content=\"index, follow, max-snippet:-1, max-image-preview:large, max-video-preview:-1\" \/>\n<link rel=\"canonical\" href=\"https:\/\/dicomag.com.br\/?product=extrator-equipamentos\" \/>\n<meta property=\"og:locale\" content=\"pt_BR\" \/>\n<meta property=\"og:type\" content=\"article\" \/>\n<meta property=\"og:title\" content=\"Extrator Magn\u00e9tico Telesc\u00f3pico - 7,5 Libras - Dicomag\" \/>\n<meta property=\"og:description\" content=\"Extrator Magn\u00e9tico Telesc\u00f3pico - 7,5 LibrasUtilizado para capturar objetos de metal, como ferramentas, parafusos, porcas entre outros em locais de dif\u00edcil acesso.Haste Telesc\u00f3picaFerramente Fechada 16cmHaste Estendida 84cmCapacidade 7,5 librasDi\u00e2metro do Im\u00e3 10mmPegador Magn\u00e9tico\" \/>\n<meta property=\"og:url\" content=\"https:\/\/dicomag.com.br\/?product=extrator-equipamentos\" \/>\n<meta property=\"og:site_name\" content=\"Dicomag\" \/>\n<meta property=\"article:publisher\" content=\"https:\/\/www.facebook.com\/dicomagpoa\/\" \/>\n<meta property=\"article:modified_time\" content=\"2019-02-13T16:55:06+00:00\" \/>\n<meta property=\"og:image\" content=\"https:\/\/dicomag.com.br\/wp-content\/uploads\/2018\/06\/pin\u00e7a-magnetica2.jpg\" \/>\n\t<meta property=\"og:image:width\" content=\"800\" \/>\n\t<meta property=\"og:image:height\" content=\"800\" \/>\n\t<meta property=\"og:image:type\" content=\"image\/jpeg\" \/>\n<meta name=\"twitter:card\" content=\"summary_large_image\" \/>\n<script type=\"application\/ld+json\" class=\"yoast-schema-graph\">{\"@context\":\"https:\\\/\\\/schema.org\",\"@graph\":[{\"@type\":\"WebPage\",\"@id\":\"https:\\\/\\\/dicomag.com.br\\\/?product=extrator-equipamentos\",\"url\":\"https:\\\/\\\/dicomag.com.br\\\/?product=extrator-equipamentos\",\"name\":\"Extrator Magn\u00e9tico Telesc\u00f3pico - 7,5 Libras - Dicomag\",\"isPartOf\":{\"@id\":\"https:\\\/\\\/dicomag.com.br\\\/#website\"},\"primaryImageOfPage\":{\"@id\":\"https:\\\/\\\/dicomag.com.br\\\/?product=extrator-equipamentos#primaryimage\"},\"image\":{\"@id\":\"https:\\\/\\\/dicomag.com.br\\\/?product=extrator-equipamentos#primaryimage\"},\"thumbnailUrl\":\"https:\\\/\\\/dicomag.com.br\\\/wp-content\\\/uploads\\\/2018\\\/06\\\/pin\u00e7a-magnetica2.jpg\",\"datePublished\":\"2018-06-13T18:30:59+00:00\",\"dateModified\":\"2019-02-13T16:55:06+00:00\",\"breadcrumb\":{\"@id\":\"https:\\\/\\\/dicomag.com.br\\\/?product=extrator-equipamentos#breadcrumb\"},\"inLanguage\":\"pt-BR\",\"potentialAction\":[{\"@type\":\"ReadAction\",\"target\":[\"https:\\\/\\\/dicomag.com.br\\\/?product=extrator-equipamentos\"]}]},{\"@type\":\"ImageObject\",\"inLanguage\":\"pt-BR\",\"@id\":\"https:\\\/\\\/dicomag.com.br\\\/?product=extrator-equipamentos#primaryimage\",\"url\":\"https:\\\/\\\/dicomag.com.br\\\/wp-content\\\/uploads\\\/2018\\\/06\\\/pin\u00e7a-magnetica2.jpg\",\"contentUrl\":\"https:\\\/\\\/dicomag.com.br\\\/wp-content\\\/uploads\\\/2018\\\/06\\\/pin\u00e7a-magnetica2.jpg\",\"width\":800,\"height\":800},{\"@type\":\"BreadcrumbList\",\"@id\":\"https:\\\/\\\/dicomag.com.br\\\/?product=extrator-equipamentos#breadcrumb\",\"itemListElement\":[{\"@type\":\"ListItem\",\"position\":1,\"name\":\"In\u00edcio\",\"item\":\"https:\\\/\\\/dicomag.com.br\\\/\"},{\"@type\":\"ListItem\",\"position\":2,\"name\":\"Shop\",\"item\":\"https:\\\/\\\/dicomag.com.br\\\/\"},{\"@type\":\"ListItem\",\"position\":3,\"name\":\"Extrator Magn\u00e9tico Telesc\u00f3pico &#8211; 7,5 Libras\"}]},{\"@type\":\"WebSite\",\"@id\":\"https:\\\/\\\/dicomag.com.br\\\/#website\",\"url\":\"https:\\\/\\\/dicomag.com.br\\\/\",\"name\":\"Dicomag\",\"description\":\"Imas\",\"publisher\":{\"@id\":\"https:\\\/\\\/dicomag.com.br\\\/#organization\"},\"potentialAction\":[{\"@type\":\"SearchAction\",\"target\":{\"@type\":\"EntryPoint\",\"urlTemplate\":\"https:\\\/\\\/dicomag.com.br\\\/?s={search_term_string}\"},\"query-input\":{\"@type\":\"PropertyValueSpecification\",\"valueRequired\":true,\"valueName\":\"search_term_string\"}}],\"inLanguage\":\"pt-BR\"},{\"@type\":\"Organization\",\"@id\":\"https:\\\/\\\/dicomag.com.br\\\/#organization\",\"name\":\"Dicomag\",\"url\":\"https:\\\/\\\/dicomag.com.br\\\/\",\"logo\":{\"@type\":\"ImageObject\",\"inLanguage\":\"pt-BR\",\"@id\":\"https:\\\/\\\/dicomag.com.br\\\/#\\\/schema\\\/logo\\\/image\\\/\",\"url\":\"https:\\\/\\\/dicomag.com.br\\\/wp-content\\\/uploads\\\/2019\\\/04\\\/Logo-Dicomag-Comemorativo-jpeg2.png\",\"contentUrl\":\"https:\\\/\\\/dicomag.com.br\\\/wp-content\\\/uploads\\\/2019\\\/04\\\/Logo-Dicomag-Comemorativo-jpeg2.png\",\"width\":457,\"height\":174,\"caption\":\"Dicomag\"},\"image\":{\"@id\":\"https:\\\/\\\/dicomag.com.br\\\/#\\\/schema\\\/logo\\\/image\\\/\"},\"sameAs\":[\"https:\\\/\\\/www.facebook.com\\\/dicomagpoa\\\/\"]}]}<\/script>\n<!-- \/ Yoast SEO plugin. -->","yoast_head_json":{"title":"Extrator Magn\u00e9tico Telesc\u00f3pico - 7,5 Libras - Dicomag","robots":{"index":"index","follow":"follow","max-snippet":"max-snippet:-1","max-image-preview":"max-image-preview:large","max-video-preview":"max-video-preview:-1"},"canonical":"https:\/\/dicomag.com.br\/?product=extrator-equipamentos","og_locale":"pt_BR","og_type":"article","og_title":"Extrator Magn\u00e9tico Telesc\u00f3pico - 7,5 Libras - Dicomag","og_description":"Extrator Magn\u00e9tico Telesc\u00f3pico - 7,5 LibrasUtilizado para capturar objetos de metal, como ferramentas, parafusos, porcas entre outros em locais de dif\u00edcil acesso.Haste Telesc\u00f3picaFerramente Fechada 16cmHaste Estendida 84cmCapacidade 7,5 librasDi\u00e2metro do Im\u00e3 10mmPegador Magn\u00e9tico","og_url":"https:\/\/dicomag.com.br\/?product=extrator-equipamentos","og_site_name":"Dicomag","article_publisher":"https:\/\/www.facebook.com\/dicomagpoa\/","article_modified_time":"2019-02-13T16:55:06+00:00","og_image":[{"width":800,"height":800,"url":"https:\/\/dicomag.com.br\/wp-content\/uploads\/2018\/06\/pin\u00e7a-magnetica2.jpg","type":"image\/jpeg"}],"twitter_card":"summary_large_image","schema":{"@context":"https:\/\/schema.org","@graph":[{"@type":"WebPage","@id":"https:\/\/dicomag.com.br\/?product=extrator-equipamentos","url":"https:\/\/dicomag.com.br\/?product=extrator-equipamentos","name":"Extrator Magn\u00e9tico Telesc\u00f3pico - 7,5 Libras - Dicomag","isPartOf":{"@id":"https:\/\/dicomag.com.br\/#website"},"primaryImageOfPage":{"@id":"https:\/\/dicomag.com.br\/?product=extrator-equipamentos#primaryimage"},"image":{"@id":"https:\/\/dicomag.com.br\/?product=extrator-equipamentos#primaryimage"},"thumbnailUrl":"https:\/\/dicomag.com.br\/wp-content\/uploads\/2018\/06\/pin\u00e7a-magnetica2.jpg","datePublished":"2018-06-13T18:30:59+00:00","dateModified":"2019-02-13T16:55:06+00:00","breadcrumb":{"@id":"https:\/\/dicomag.com.br\/?product=extrator-equipamentos#breadcrumb"},"inLanguage":"pt-BR","potentialAction":[{"@type":"ReadAction","target":["https:\/\/dicomag.com.br\/?product=extrator-equipamentos"]}]},{"@type":"ImageObject","inLanguage":"pt-BR","@id":"https:\/\/dicomag.com.br\/?product=extrator-equipamentos#primaryimage","url":"https:\/\/dicomag.com.br\/wp-content\/uploads\/2018\/06\/pin\u00e7a-magnetica2.jpg","contentUrl":"https:\/\/dicomag.com.br\/wp-content\/uploads\/2018\/06\/pin\u00e7a-magnetica2.jpg","width":800,"height":800},{"@type":"BreadcrumbList","@id":"https:\/\/dicomag.com.br\/?product=extrator-equipamentos#breadcrumb","itemListElement":[{"@type":"ListItem","position":1,"name":"In\u00edcio","item":"https:\/\/dicomag.com.br\/"},{"@type":"ListItem","position":2,"name":"Shop","item":"https:\/\/dicomag.com.br\/"},{"@type":"ListItem","position":3,"name":"Extrator Magn\u00e9tico Telesc\u00f3pico &#8211; 7,5 Libras"}]},{"@type":"WebSite","@id":"https:\/\/dicomag.com.br\/#website","url":"https:\/\/dicomag.com.br\/","name":"Dicomag","description":"Imas","publisher":{"@id":"https:\/\/dicomag.com.br\/#organization"},"potentialAction":[{"@type":"SearchAction","target":{"@type":"EntryPoint","urlTemplate":"https:\/\/dicomag.com.br\/?s={search_term_string}"},"query-input":{"@type":"PropertyValueSpecification","valueRequired":true,"valueName":"search_term_string"}}],"inLanguage":"pt-BR"},{"@type":"Organization","@id":"https:\/\/dicomag.com.br\/#organization","name":"Dicomag","url":"https:\/\/dicomag.com.br\/","logo":{"@type":"ImageObject","inLanguage":"pt-BR","@id":"https:\/\/dicomag.com.br\/#\/schema\/logo\/image\/","url":"https:\/\/dicomag.com.br\/wp-content\/uploads\/2019\/04\/Logo-Dicomag-Comemorativo-jpeg2.png","contentUrl":"https:\/\/dicomag.com.br\/wp-content\/uploads\/2019\/04\/Logo-Dicomag-Comemorativo-jpeg2.png","width":457,"height":174,"caption":"Dicomag"},"image":{"@id":"https:\/\/dicomag.com.br\/#\/schema\/logo\/image\/"},"sameAs":["https:\/\/www.facebook.com\/dicomagpoa\/"]}]}},"_links":{"self":[{"href":"https:\/\/dicomag.com.br\/index.php?rest_route=\/wp\/v2\/product\/1625","targetHints":{"allow":["GET"]}}],"collection":[{"href":"https:\/\/dicomag.com.br\/index.php?rest_route=\/wp\/v2\/product"}],"about":[{"href":"https:\/\/dicomag.com.br\/index.php?rest_route=\/wp\/v2\/types\/product"}],"replies":[{"embeddable":true,"href":"https:\/\/dicomag.com.br\/index.php?rest_route=%2Fwp%2Fv2%2Fcomments&post=1625"}],"wp:featuredmedia":[{"embeddable":true,"href":"https:\/\/dicomag.com.br\/index.php?rest_route=\/wp\/v2\/media\/1640"}],"wp:attachment":[{"href":"https:\/\/dicomag.com.br\/index.php?rest_route=%2Fwp%2Fv2%2Fmedia&parent=1625"}],"wp:term":[{"taxonomy":"product_brand","embeddable":true,"href":"https:\/\/dicomag.com.br\/index.php?rest_route=%2Fwp%2Fv2%2Fproduct_brand&post=1625"},{"taxonomy":"product_cat","embeddable":true,"href":"https:\/\/dicomag.com.br\/index.php?rest_route=%2Fwp%2Fv2%2Fproduct_cat&post=1625"},{"taxonomy":"product_tag","embeddable":true,"href":"https:\/\/dicomag.com.br\/index.php?rest_route=%2Fwp%2Fv2%2Fproduct_tag&post=1625"}],"curies":[{"name":"wp","href":"https:\/\/api.w.org\/{rel}","templated":true}]}}