{"id":1637,"date":"2018-06-13T18:46:14","date_gmt":"2018-06-13T18:46:14","guid":{"rendered":"http:\/\/dicomag.com.br\/?post_type=product&#038;p=1637"},"modified":"2022-07-26T19:05:23","modified_gmt":"2022-07-26T19:05:23","slug":"mantas-magneticas-250mmlx1000mmc","status":"publish","type":"product","link":"https:\/\/dicomag.com.br\/?product=mantas-magneticas-250mmlx1000mmc","title":{"rendered":"Mantas Magn\u00e9ticas 250mm(L)x1000mm(C) 1800 Gauss"},"content":{"rendered":"<h2>Mantas Magn\u00e9ticas 250mm(L)x1000mm(C) 1800 Gauss<\/h2>\n<p>Estas Mantas Magn\u00e9ticas 250mm(L)x1000mm(C) 1800 Gauss \u00e9 um \u00edm\u00e3 flex\u00edvel feito com o p\u00f3 de Ferrite adicionado \u00e0 borracha sint\u00e9tica ou pl\u00e1stica (Polietileno Clorado ou Borracha Nitr\u00edlica).<\/p>\n<p>Portanto porporciona toda a flexibilidade e facilidade de trabalho.<\/p>\n<p>Al\u00e9m disto s\u00e3o classificadas em:<\/p>\n<ol>\n<li>Em anisotr\u00f3pico (mais forte e atra\u00e7\u00e3o magn\u00e9tica nas duas faces da placa &#8211; Bipolar).<\/li>\n<li>Em isotr\u00f3pico (mais fraco e atra\u00e7\u00e3o em apenas um lado da placa &#8211; desorientado).<\/li>\n<\/ol>\n<p>No entanto o \u00cdm\u00e3flex Anisotr\u00f3pico durante o processo de fabrica\u00e7\u00e3o a mat\u00e9ria prima \u00e9 exposto a um alto campo magn\u00e9tico orientando.<\/p>\n<p>Sendo que e porporcionado aos cristais de Ferrite um sentido preferencial de magnetiza\u00e7\u00e3o e tamb\u00e9m um alto n\u00edvel energ\u00e9tico.<\/p>\n<p>Por outro lado o \u00cdm\u00e3flex Isotr\u00f3pico n\u00e3o existe a orienta\u00e7\u00e3o magn\u00e9tica durante o processo de fabrica\u00e7\u00e3o.<\/p>\n<p>Com isto \u00e9 poss\u00edvel \u00e0 magnetiza\u00e7\u00e3o em qualquer dire\u00e7\u00e3o. Sendo poss\u00edvel atingir um beixo n\u00edvel energ\u00e9tico.<\/p>\n<p>Al\u00e9m disto a temperatura de trabalho pode variar entre -40 e 72\u00b0C, deve evitar a expoi\u00e7\u00e3o a temperaturas elevadas.<\/p>\n<p>Que devido \u00e0 sua composi\u00e7\u00e3o, al\u00e9m de perder o campo<br \/>\nmagn\u00e9tico, dependendo da temperatura pode deformar o material.<\/p>\n<p>No entanto n\u00e3o oxidam, sendo assim n\u00e3o necessitam de revestimentos para prote\u00e7\u00e3o.<\/p>\n<p>Podem receber pinturas e\/ou colagens de adesivos.<\/p>\n<h2>Diferen\u00e7as:<\/h2>\n<p>Al\u00e9m disto n\u00e3o podemos confundir o \u00cdm\u00e3Flex com os conhecidos \u00edm\u00e3s de geladeira ou mantas magn\u00e9ticas, apesar de usarem a mesma mat\u00e9ria prima em sua fabrica\u00e7\u00e3o.<\/p>\n<p>Certamente o \u00cdm\u00e3 Flex, possui um campo magn\u00e9tico superior e tipos de magnetiza\u00e7\u00e3o diferentes de acordo com a aplica\u00e7\u00e3o.<\/p>\n<p>Com isto, as aplica\u00e7\u00f5es do Im\u00e3 flex s\u00e3o extremamente importante e variadas em diversos segmentos de mercado.<\/p>\n<p>Sendo comercializados em placas de 250 mm de largura x 1000 mm de comprimento e espessuras entre 01 e 09 mm.<\/p>\n<p>Entretanto por ser um \u00edm\u00e3 flex\u00edvel voc\u00ea tem a possibilidade de customizar a manta em medidas e formatos espec\u00edficos conforme o seu projeto.<\/p>\n<p>Tais como em an\u00e9is, retangulares com ou sem furo, entre outros, voc\u00ea para isto precisa ter equipamento de corte adequado.<\/p>\n<p>Em suma suas aplica\u00e7\u00f5es podem ser muito diferentes tais como:<\/p>\n<p>&#8211; Comunica\u00e7\u00e3o visual;<br \/>\n&#8211; \u00cambolos de cilindros hidr\u00e1ulicos e pneum\u00e1ticos para acionamento de sensores;<br \/>\n&#8211; Discos rotativos para acionamento de sensores;<br \/>\n&#8211; Fixa\u00e7\u00e3o de suportes de acr\u00edlicos;<br \/>\n&#8211; Veda\u00e7\u00f5es;<br \/>\n&#8211; Aplica\u00e7\u00f5es did\u00e1ticas.<\/p>\n<p>Saiba mais sobre as propriedades do ferrite:<\/p>\n<p><a href=\"https:\/\/www.supergauss.com.br\/index.php\/segmentos-de-ferrite\/\">https:\/\/www.supergauss.com.br\/index.php\/segmentos-de-ferrite\/<\/a><\/p>\n<p><a href=\"https:\/\/dicomag.com.br\/?product_cat=mantas-magneticas\">https:\/\/dicomag.com.br\/?product_cat=mantas-magneticas<\/a><\/p>\n","protected":false},"excerpt":{"rendered":"<h2>Mantas Magn\u00e9ticas 250mm(L)x1000mm(C) 1800 Gauss Isotr\u00f3pico<\/h2>\n<p>Estas Mantas Magn\u00e9ticas 250mm(L)x1000mm(C) 1800 Gauss \u00e9 um \u00edm\u00e3 flex\u00edvel feito com o p\u00f3 de Ferrite adicionado \u00e0 borracha sint\u00e9tica ou pl\u00e1stica (Polietileno Clorado ou Borracha Nitr\u00edlica).<\/p>\n<p>Portanto porporciona toda a flexibilidade e facilidade de trabalho.<\/p>\n<p>Al\u00e9m disto s\u00e3o classificadas em:<\/p>\n<ol>\n<li>Em anisotr\u00f3pico (mais forte e atra\u00e7\u00e3o magn\u00e9tica nas duas faces da placa &#8211; Bipolar).<\/li>\n<li>Em isotr\u00f3pico (mais fraco e atra\u00e7\u00e3o em apenas um lado da placa &#8211; desorientado).<\/li>\n<\/ol>\n","protected":false},"featured_media":2463,"comment_status":"open","ping_status":"closed","template":"","meta":[],"product_brand":[],"product_cat":[109],"product_tag":[694,695,692,693,696,691,690],"class_list":{"0":"post-1637","1":"product","2":"type-product","3":"status-publish","4":"has-post-thumbnail","6":"product_cat-mantas-magneticas","7":"product_tag-anisotropico","8":"product_tag-bipolar","9":"product_tag-ima-flexivel","10":"product_tag-isotropico","11":"product_tag-magnetico-polarizado","12":"product_tag-manta-magnetica","13":"product_tag-mantas-magneticas-250mmlx1000mmc-1800-gauss","14":"pa_espessura-1mm","15":"pa_espessura-2mm","16":"pa_espessura-3mm","17":"pa_espessura-4mm","18":"pa_espessura-5mm","19":"pa_espessura-6mm","20":"pa_espessura-7mm","21":"pa_espessura-8mm","22":"pa_espessura-9mm","24":"first","25":"instock","26":"sold-individually","27":"taxable","28":"shipping-taxable","29":"purchasable","30":"product-type-variable"},"yoast_head":"<!-- This site is optimized with the Yoast SEO plugin v27.4 - https:\/\/yoast.com\/product\/yoast-seo-wordpress\/ -->\n<title>Mantas Magn\u00e9ticas 250mm(L)x1000mm(C) 1800 Gauss - Dicomag<\/title>\n<meta name=\"description\" content=\"Mantas Magn\u00e9ticas 250mm(L)x1000mm(C) 1800 Gauss \u00e9 um \u00edm\u00e3 flex\u00edvel feito com o p\u00f3 de Ferrite adicionado \u00e0 borracha sint\u00e9tica\/pl\u00e1stica.\" \/>\n<meta name=\"robots\" content=\"index, follow, max-snippet:-1, max-image-preview:large, max-video-preview:-1\" \/>\n<link rel=\"canonical\" href=\"https:\/\/dicomag.com.br\/?product=mantas-magneticas-250mmlx1000mmc\" \/>\n<meta property=\"og:locale\" content=\"pt_BR\" \/>\n<meta property=\"og:type\" content=\"article\" \/>\n<meta property=\"og:title\" content=\"Mantas Magn\u00e9ticas 250mm(L)x1000mm(C) 1800 Gauss - Dicomag\" \/>\n<meta property=\"og:description\" content=\"Mantas Magn\u00e9ticas 250mm(L)x1000mm(C) 1800 Gauss \u00e9 um \u00edm\u00e3 flex\u00edvel feito com o p\u00f3 de Ferrite adicionado \u00e0 borracha sint\u00e9tica\/pl\u00e1stica.\" \/>\n<meta property=\"og:url\" content=\"https:\/\/dicomag.com.br\/?product=mantas-magneticas-250mmlx1000mmc\" \/>\n<meta property=\"og:site_name\" content=\"Dicomag\" \/>\n<meta property=\"article:publisher\" content=\"https:\/\/www.facebook.com\/dicomagpoa\/\" \/>\n<meta property=\"article:modified_time\" content=\"2022-07-26T19:05:23+00:00\" \/>\n<meta property=\"og:image\" content=\"https:\/\/dicomag.com.br\/wp-content\/uploads\/2019\/03\/Manta-Magnetica.jpg\" \/>\n\t<meta property=\"og:image:width\" content=\"582\" \/>\n\t<meta property=\"og:image:height\" content=\"461\" \/>\n\t<meta property=\"og:image:type\" content=\"image\/jpeg\" \/>\n<meta name=\"twitter:card\" content=\"summary_large_image\" \/>\n<meta name=\"twitter:label1\" content=\"Est. tempo de leitura\" \/>\n\t<meta name=\"twitter:data1\" content=\"2 minutos\" \/>\n<script type=\"application\/ld+json\" class=\"yoast-schema-graph\">{\"@context\":\"https:\\\/\\\/schema.org\",\"@graph\":[{\"@type\":\"WebPage\",\"@id\":\"https:\\\/\\\/dicomag.com.br\\\/?product=mantas-magneticas-250mmlx1000mmc\",\"url\":\"https:\\\/\\\/dicomag.com.br\\\/?product=mantas-magneticas-250mmlx1000mmc\",\"name\":\"Mantas Magn\u00e9ticas 250mm(L)x1000mm(C) 1800 Gauss - Dicomag\",\"isPartOf\":{\"@id\":\"https:\\\/\\\/dicomag.com.br\\\/#website\"},\"primaryImageOfPage\":{\"@id\":\"https:\\\/\\\/dicomag.com.br\\\/?product=mantas-magneticas-250mmlx1000mmc#primaryimage\"},\"image\":{\"@id\":\"https:\\\/\\\/dicomag.com.br\\\/?product=mantas-magneticas-250mmlx1000mmc#primaryimage\"},\"thumbnailUrl\":\"https:\\\/\\\/dicomag.com.br\\\/wp-content\\\/uploads\\\/2019\\\/03\\\/Manta-Magnetica.jpg\",\"datePublished\":\"2018-06-13T18:46:14+00:00\",\"dateModified\":\"2022-07-26T19:05:23+00:00\",\"description\":\"Mantas Magn\u00e9ticas 250mm(L)x1000mm(C) 1800 Gauss \u00e9 um \u00edm\u00e3 flex\u00edvel feito com o p\u00f3 de Ferrite adicionado \u00e0 borracha sint\u00e9tica\\\/pl\u00e1stica.\",\"breadcrumb\":{\"@id\":\"https:\\\/\\\/dicomag.com.br\\\/?product=mantas-magneticas-250mmlx1000mmc#breadcrumb\"},\"inLanguage\":\"pt-BR\",\"potentialAction\":[{\"@type\":\"ReadAction\",\"target\":[\"https:\\\/\\\/dicomag.com.br\\\/?product=mantas-magneticas-250mmlx1000mmc\"]}]},{\"@type\":\"ImageObject\",\"inLanguage\":\"pt-BR\",\"@id\":\"https:\\\/\\\/dicomag.com.br\\\/?product=mantas-magneticas-250mmlx1000mmc#primaryimage\",\"url\":\"https:\\\/\\\/dicomag.com.br\\\/wp-content\\\/uploads\\\/2019\\\/03\\\/Manta-Magnetica.jpg\",\"contentUrl\":\"https:\\\/\\\/dicomag.com.br\\\/wp-content\\\/uploads\\\/2019\\\/03\\\/Manta-Magnetica.jpg\",\"width\":582,\"height\":461,\"caption\":\"Mantas Magn\u00e9ticas 250mm(L)x1000mm(C) 1800 Gauss\"},{\"@type\":\"BreadcrumbList\",\"@id\":\"https:\\\/\\\/dicomag.com.br\\\/?product=mantas-magneticas-250mmlx1000mmc#breadcrumb\",\"itemListElement\":[{\"@type\":\"ListItem\",\"position\":1,\"name\":\"In\u00edcio\",\"item\":\"https:\\\/\\\/dicomag.com.br\\\/\"},{\"@type\":\"ListItem\",\"position\":2,\"name\":\"Shop\",\"item\":\"https:\\\/\\\/dicomag.com.br\\\/\"},{\"@type\":\"ListItem\",\"position\":3,\"name\":\"Mantas Magn\u00e9ticas 250mm(L)x1000mm(C) 1800 Gauss\"}]},{\"@type\":\"WebSite\",\"@id\":\"https:\\\/\\\/dicomag.com.br\\\/#website\",\"url\":\"https:\\\/\\\/dicomag.com.br\\\/\",\"name\":\"Dicomag\",\"description\":\"Imas\",\"publisher\":{\"@id\":\"https:\\\/\\\/dicomag.com.br\\\/#organization\"},\"potentialAction\":[{\"@type\":\"SearchAction\",\"target\":{\"@type\":\"EntryPoint\",\"urlTemplate\":\"https:\\\/\\\/dicomag.com.br\\\/?s={search_term_string}\"},\"query-input\":{\"@type\":\"PropertyValueSpecification\",\"valueRequired\":true,\"valueName\":\"search_term_string\"}}],\"inLanguage\":\"pt-BR\"},{\"@type\":\"Organization\",\"@id\":\"https:\\\/\\\/dicomag.com.br\\\/#organization\",\"name\":\"Dicomag\",\"url\":\"https:\\\/\\\/dicomag.com.br\\\/\",\"logo\":{\"@type\":\"ImageObject\",\"inLanguage\":\"pt-BR\",\"@id\":\"https:\\\/\\\/dicomag.com.br\\\/#\\\/schema\\\/logo\\\/image\\\/\",\"url\":\"https:\\\/\\\/dicomag.com.br\\\/wp-content\\\/uploads\\\/2019\\\/04\\\/Logo-Dicomag-Comemorativo-jpeg2.png\",\"contentUrl\":\"https:\\\/\\\/dicomag.com.br\\\/wp-content\\\/uploads\\\/2019\\\/04\\\/Logo-Dicomag-Comemorativo-jpeg2.png\",\"width\":457,\"height\":174,\"caption\":\"Dicomag\"},\"image\":{\"@id\":\"https:\\\/\\\/dicomag.com.br\\\/#\\\/schema\\\/logo\\\/image\\\/\"},\"sameAs\":[\"https:\\\/\\\/www.facebook.com\\\/dicomagpoa\\\/\"]}]}<\/script>\n<!-- \/ Yoast SEO plugin. -->","yoast_head_json":{"title":"Mantas Magn\u00e9ticas 250mm(L)x1000mm(C) 1800 Gauss - Dicomag","description":"Mantas Magn\u00e9ticas 250mm(L)x1000mm(C) 1800 Gauss \u00e9 um \u00edm\u00e3 flex\u00edvel feito com o p\u00f3 de Ferrite adicionado \u00e0 borracha sint\u00e9tica\/pl\u00e1stica.","robots":{"index":"index","follow":"follow","max-snippet":"max-snippet:-1","max-image-preview":"max-image-preview:large","max-video-preview":"max-video-preview:-1"},"canonical":"https:\/\/dicomag.com.br\/?product=mantas-magneticas-250mmlx1000mmc","og_locale":"pt_BR","og_type":"article","og_title":"Mantas Magn\u00e9ticas 250mm(L)x1000mm(C) 1800 Gauss - Dicomag","og_description":"Mantas Magn\u00e9ticas 250mm(L)x1000mm(C) 1800 Gauss \u00e9 um \u00edm\u00e3 flex\u00edvel feito com o p\u00f3 de Ferrite adicionado \u00e0 borracha sint\u00e9tica\/pl\u00e1stica.","og_url":"https:\/\/dicomag.com.br\/?product=mantas-magneticas-250mmlx1000mmc","og_site_name":"Dicomag","article_publisher":"https:\/\/www.facebook.com\/dicomagpoa\/","article_modified_time":"2022-07-26T19:05:23+00:00","og_image":[{"width":582,"height":461,"url":"https:\/\/dicomag.com.br\/wp-content\/uploads\/2019\/03\/Manta-Magnetica.jpg","type":"image\/jpeg"}],"twitter_card":"summary_large_image","twitter_misc":{"Est. tempo de leitura":"2 minutos"},"schema":{"@context":"https:\/\/schema.org","@graph":[{"@type":"WebPage","@id":"https:\/\/dicomag.com.br\/?product=mantas-magneticas-250mmlx1000mmc","url":"https:\/\/dicomag.com.br\/?product=mantas-magneticas-250mmlx1000mmc","name":"Mantas Magn\u00e9ticas 250mm(L)x1000mm(C) 1800 Gauss - Dicomag","isPartOf":{"@id":"https:\/\/dicomag.com.br\/#website"},"primaryImageOfPage":{"@id":"https:\/\/dicomag.com.br\/?product=mantas-magneticas-250mmlx1000mmc#primaryimage"},"image":{"@id":"https:\/\/dicomag.com.br\/?product=mantas-magneticas-250mmlx1000mmc#primaryimage"},"thumbnailUrl":"https:\/\/dicomag.com.br\/wp-content\/uploads\/2019\/03\/Manta-Magnetica.jpg","datePublished":"2018-06-13T18:46:14+00:00","dateModified":"2022-07-26T19:05:23+00:00","description":"Mantas Magn\u00e9ticas 250mm(L)x1000mm(C) 1800 Gauss \u00e9 um \u00edm\u00e3 flex\u00edvel feito com o p\u00f3 de Ferrite adicionado \u00e0 borracha sint\u00e9tica\/pl\u00e1stica.","breadcrumb":{"@id":"https:\/\/dicomag.com.br\/?product=mantas-magneticas-250mmlx1000mmc#breadcrumb"},"inLanguage":"pt-BR","potentialAction":[{"@type":"ReadAction","target":["https:\/\/dicomag.com.br\/?product=mantas-magneticas-250mmlx1000mmc"]}]},{"@type":"ImageObject","inLanguage":"pt-BR","@id":"https:\/\/dicomag.com.br\/?product=mantas-magneticas-250mmlx1000mmc#primaryimage","url":"https:\/\/dicomag.com.br\/wp-content\/uploads\/2019\/03\/Manta-Magnetica.jpg","contentUrl":"https:\/\/dicomag.com.br\/wp-content\/uploads\/2019\/03\/Manta-Magnetica.jpg","width":582,"height":461,"caption":"Mantas Magn\u00e9ticas 250mm(L)x1000mm(C) 1800 Gauss"},{"@type":"BreadcrumbList","@id":"https:\/\/dicomag.com.br\/?product=mantas-magneticas-250mmlx1000mmc#breadcrumb","itemListElement":[{"@type":"ListItem","position":1,"name":"In\u00edcio","item":"https:\/\/dicomag.com.br\/"},{"@type":"ListItem","position":2,"name":"Shop","item":"https:\/\/dicomag.com.br\/"},{"@type":"ListItem","position":3,"name":"Mantas Magn\u00e9ticas 250mm(L)x1000mm(C) 1800 Gauss"}]},{"@type":"WebSite","@id":"https:\/\/dicomag.com.br\/#website","url":"https:\/\/dicomag.com.br\/","name":"Dicomag","description":"Imas","publisher":{"@id":"https:\/\/dicomag.com.br\/#organization"},"potentialAction":[{"@type":"SearchAction","target":{"@type":"EntryPoint","urlTemplate":"https:\/\/dicomag.com.br\/?s={search_term_string}"},"query-input":{"@type":"PropertyValueSpecification","valueRequired":true,"valueName":"search_term_string"}}],"inLanguage":"pt-BR"},{"@type":"Organization","@id":"https:\/\/dicomag.com.br\/#organization","name":"Dicomag","url":"https:\/\/dicomag.com.br\/","logo":{"@type":"ImageObject","inLanguage":"pt-BR","@id":"https:\/\/dicomag.com.br\/#\/schema\/logo\/image\/","url":"https:\/\/dicomag.com.br\/wp-content\/uploads\/2019\/04\/Logo-Dicomag-Comemorativo-jpeg2.png","contentUrl":"https:\/\/dicomag.com.br\/wp-content\/uploads\/2019\/04\/Logo-Dicomag-Comemorativo-jpeg2.png","width":457,"height":174,"caption":"Dicomag"},"image":{"@id":"https:\/\/dicomag.com.br\/#\/schema\/logo\/image\/"},"sameAs":["https:\/\/www.facebook.com\/dicomagpoa\/"]}]}},"_links":{"self":[{"href":"https:\/\/dicomag.com.br\/index.php?rest_route=\/wp\/v2\/product\/1637","targetHints":{"allow":["GET"]}}],"collection":[{"href":"https:\/\/dicomag.com.br\/index.php?rest_route=\/wp\/v2\/product"}],"about":[{"href":"https:\/\/dicomag.com.br\/index.php?rest_route=\/wp\/v2\/types\/product"}],"replies":[{"embeddable":true,"href":"https:\/\/dicomag.com.br\/index.php?rest_route=%2Fwp%2Fv2%2Fcomments&post=1637"}],"wp:featuredmedia":[{"embeddable":true,"href":"https:\/\/dicomag.com.br\/index.php?rest_route=\/wp\/v2\/media\/2463"}],"wp:attachment":[{"href":"https:\/\/dicomag.com.br\/index.php?rest_route=%2Fwp%2Fv2%2Fmedia&parent=1637"}],"wp:term":[{"taxonomy":"product_brand","embeddable":true,"href":"https:\/\/dicomag.com.br\/index.php?rest_route=%2Fwp%2Fv2%2Fproduct_brand&post=1637"},{"taxonomy":"product_cat","embeddable":true,"href":"https:\/\/dicomag.com.br\/index.php?rest_route=%2Fwp%2Fv2%2Fproduct_cat&post=1637"},{"taxonomy":"product_tag","embeddable":true,"href":"https:\/\/dicomag.com.br\/index.php?rest_route=%2Fwp%2Fv2%2Fproduct_tag&post=1637"}],"curies":[{"name":"wp","href":"https:\/\/api.w.org\/{rel}","templated":true}]}}