{"id":1921,"date":"2019-01-20T22:29:33","date_gmt":"2019-01-20T22:29:33","guid":{"rendered":"http:\/\/dicomag.com.br\/?post_type=product&#038;p=1921"},"modified":"2025-02-20T18:09:35","modified_gmt":"2025-02-20T18:09:35","slug":"sandalias-magneticas-alternative-masculina","status":"publish","type":"product","link":"https:\/\/dicomag.com.br\/?product=sandalias-magneticas-alternative-masculina","title":{"rendered":"Sand\u00e1lias e Chinelos Magn\u00e9ticos Alternative Masculino"},"content":{"rendered":"<h2>Sand\u00e1lias e Chinelos Magn\u00e9ticos Alternative Masculino<\/h2>\n<p>As Sand\u00e1lias e Chinelos Magn\u00e9ticos Alternative Masculino s\u00e3o indicadas para auxiliar no combate da dor nos p\u00e9s.<\/p>\n<p>Portanto proporciona al\u00edvio no calcanhar, evitar o aparecimento de espor\u00e3o, caimbras e m\u00e1 circula\u00e7\u00e3o.<\/p>\n<p>Assim como tem efeitos fisiol\u00f3gicos do massageamento e reflexoterapia.<\/p>\n<p>Al\u00e9m disto possuem pastilhas magn\u00e9ticas e de infravermelho que est\u00e3o dispostas em \u00e1reas conforme os fundamentos da medicina oriental.<\/p>\n<p>Por outro lado possuem seis pontos magn\u00e9ticos e dois infravermelhos.<\/p>\n<p>Contudo s\u00e3o Super leve e sua com tira flex\u00edvel, projetada para dar mais conforto aos seus p\u00e9s.<\/p>\n<p>Acima de tudo s\u00e3o capazes de promover a libera\u00e7\u00e3o de subst\u00e2ncias qu\u00edmicas end\u00f3genas, que causam efeitos ben\u00e9ficos ao organismo.<\/p>\n<p>Consequentemente as pastilhas magn\u00e9ticas geram um campo magn\u00e9tico nos tecidos biol\u00f3gicos promovendo ativa\u00e7\u00e3o metab\u00f3lica e aumento da circula\u00e7\u00e3o sangu\u00ednea.<\/p>\n<p>Como a preocupa\u00e7\u00e3o com a sa\u00fade tem feito diversas pessoas buscarem maneiras de diminuir os constantes inc\u00f4modos di\u00e1rios, como cansa\u00e7o f\u00edsico, dores pelo corpo, estresse e desgaste emocional.<\/p>\n<p>Nesse contexto, o uso de itens magn\u00e9ticos pode representar uma \u00f3tima solu\u00e7\u00e3o.<\/p>\n<p>Compre agora mesmo o seu chinelo magn\u00e9tico e d\u00ea o al\u00edvio que seus p\u00e9s merecem!<\/p>\n<h4>Como os cal\u00e7ados magn\u00e9ticos funcionam:<\/h4>\n<p>Dos milhares de nervos existentes no corpo humano, quinze mil est\u00e3o localizados nos p\u00e9s.<\/p>\n<p>Ou seja, a planta do nosso p\u00e9 tem rela\u00e7\u00e3o com diversas outras partes do corpo, como rim, cora\u00e7\u00e3o, pulm\u00e3o, lombar, f\u00edgado, intestino e\u00a0bexiga.<\/p>\n<p>Os \u00edm\u00e3s posicionados nos cal\u00e7ados magn\u00e9ticos s\u00e3o distribu\u00eddos estrategicamente de maneira a estimular essas \u00e1reas espec\u00edficas, os pontos Do-In.<\/p>\n<p>Nesse processo, quando liberamos tens\u00e3o e estresse, os reflexos do magnetismo afetam nossas gl\u00e2ndulas, \u00f3rg\u00e3os e demais partes do corpo, j\u00e1 que cada fragmento tem um ponto de press\u00e3o correspondente.<\/p>\n<p>Assim, os cal\u00e7ados magn\u00e9ticos exercem importantes fun\u00e7\u00f5es de al\u00edvio em rela\u00e7\u00e3o a\u00a0diversos problemas de sa\u00fade.<\/p>\n<p>Agora voc\u00ea j\u00e1 sabe como os cal\u00e7ados magn\u00e9ticos funcionam e, com certeza, percebeu como eles s\u00e3o alternativas eficientes e poderosas para o tratamento de diversos males.<\/p>\n<p>Al\u00e9m de aliviar dores e cansa\u00e7o, o uso cont\u00ednuo melhora nossa qualidade de vida e de sa\u00fade e nosso bem-estar.<\/p>\n<p>&#8211; Ativa e melhora a qualidade da circula\u00e7\u00e3o sangu\u00ednea<br \/>\n&#8211; Alivia as dores e reduz incha\u00e7os<br \/>\n&#8211; Ativam os chamados &#8220;Pontos Do-In&#8221;<br \/>\n&#8211; Ajuda a eliminar a energia est\u00e1tica<br \/>\n&#8211; Ajuda a relaxar os m\u00fasculos e descontrair os nervos<br \/>\n&#8211; Acelera a cicatriza\u00e7\u00e3o e regula as fun\u00e7\u00f5es corporais<br \/>\n&#8211; Colabora e acelera o processo de cicatriza\u00e7\u00e3o \u00f3ssea<br \/>\n&#8211; Auxilia na diminui\u00e7\u00e3o da tens\u00e3o nervosa<br \/>\n&#8211; Relaxa, previne doen\u00e7as, alivia Stress<br \/>\n&#8211; Promove o equil\u00edbrio energ\u00e9tico fortalecendo o organismo<\/p>\n<h2>O que \u00e9 magnetismo:<\/h2>\n<p>O magnetismo pode ser definido como o potencial de atra\u00e7\u00e3o em \u00edm\u00e3s, isto \u00e9, a capacidade que um objeto possui de atrair outros elementos.<\/p>\n<p>Da mesma forma o fen\u00f4meno pode ser explicado por meio das for\u00e7as dipolo.<\/p>\n<p>Em suma os materiais possuem dois polos diferentes e quando entram em contato com outros objetos, os polos opostos se atraem, enquanto os iguais se repelem.<\/p>\n<p>Esse evento \u00e9 o que determina a for\u00e7a do im\u00e3.<\/p>\n<h3>O que \u00e9 terapia magn\u00e9tica:<\/h3>\n<p>O conceito de terapia magn\u00e9tica\u00a0aplicado na \u00e1rea de sa\u00fade e bem-estar seria a utiliza\u00e7\u00e3o de campos magn\u00e9ticos em diferentes partes do corpo para melhorar nossas fun\u00e7\u00f5es como um todo.<\/p>\n<p>Afinal, ela \u00e9 eficiente no processo de cicatriza\u00e7\u00e3o, alivia dores e inflama\u00e7\u00f5es\u00a0e ainda\u00a0favorece a circula\u00e7\u00e3o sangu\u00ednea.<\/p>\n<p>Certamente exerce suas fun\u00e7\u00f5es em diversos \u00f3rg\u00e3os.<\/p>\n<p>Assim a terapia magn\u00e9tica cria um ambiente ideal para facilitar a cura de in\u00fameras doen\u00e7as, como artrite, artrose, enxaqueca, h\u00e9rnia de disco, c\u00f3lica renal, al\u00e9m de ser \u00fatil em casos de pr\u00e9 e p\u00f3s-operat\u00f3rios.<\/p>\n<p>Tamb\u00e9m auxilia na preven\u00e7\u00e3o e tratamento de\u00a0ins\u00f4nia, cansa\u00e7o,\u00a0<a href=\"https:\/\/doctorshoes.com.br\/blog\/calcados\/dor-nos-pes-e-nas-pernas-o-que-o-calcado-diz-sobre-isso\/\" target=\"_blank\" rel=\"noopener noreferrer\">dores nas pernas<\/a>\u00a0e na coluna,\u00a0<a href=\"https:\/\/doctorshoes.com.br\/blog\/calcados\/aprenda-de-uma-vez-por-todas-a-como-evitar-varizes-e-viva-melhor\/\" target=\"_blank\" rel=\"noopener noreferrer\">varizes<\/a>, tendinite, labirinte, entre outros problemas.<\/p>\n<p>Al\u00e9m disso uma das maneiras mais eficazes de adquirir os benef\u00edcios dessa terapia \u00e9 por meio\u00a0dos produtos magn\u00e9ticos, como\u00a0<a href=\"https:\/\/www.doctorshoes.com.br\/sapato--feminino-magnetico-1300-em-couro-preto-doctor-shoes313614851-1300\/p\" target=\"_blank\" rel=\"noopener noreferrer\">sapatos<\/a>, palmilhas, munhequeiras e joelheiras, orteses, infravermelhos, Imantadores de \u00c1gua, Emplastos Magneticos.<\/p>\n<p>INFRAVERMELHO LONGO<\/p>\n<p>Cont\u00e9m pastilhas de infravermelho, com o power biocer\u00e2mico que s\u00e3o capazes de emitir ondas de infravermelho, que atuam no metabolismo e na cicatriza\u00e7\u00e3o celular, promovendo a libera\u00e7\u00e3o de subst\u00e2ncias qu\u00edmicas end\u00f3genas, que causam efeitos ben\u00e9ficos ao organismo.<\/p>\n<p>No esfor\u00e7o f\u00edsico, o organismo produz o \u00e1cido L\u00e1ctico, respons\u00e1vel pela fadiga e dores musculares. O infravermelho altera a depura\u00e7\u00e3o, diminuindo o lactato muscular produzido durante esse esfor\u00e7o.<\/p>\n<p>O resultado \u00e9:<\/p>\n<p>O aumento significativo do rendimento em atividades f\u00edsicas;<br \/>\nRedu\u00e7\u00e3o do \u00e1cido L\u00e1ctico, eliminando as impurezas do organismo;<br \/>\nMelhora a flexibilidade da musculatura.<br \/>\nEste \u00e9 sem d\u00favida um cal\u00e7ado feminino que ir\u00e1 proporcionar muito conforto para seus p\u00e9s.<\/p>\n<p>Obs: Contra indicado para pessoas que usam marcapasso.<\/p>\n","protected":false},"excerpt":{"rendered":"<h2>Sand\u00e1lias e Chinelos Magn\u00e9ticos Alternative Masculina<\/h2>\n<p>As Sand\u00e1lias e Chinelos Magn\u00e9ticos Alternative Masculina s\u00e3o indicadas para auxiliar no combate da dor nos p\u00e9s.<\/p>\n<p>Portanto proporciona al\u00edvio no calcanhar, evitar o aparecimento de espor\u00e3o, caimbras e m\u00e1 circula\u00e7\u00e3o.<\/p>\n<p>Assim como tem efeitos fisiol\u00f3gicos do massageamento e reflexoterapia.<\/p>\n<p>Al\u00e9m disto possuem pastilhas magn\u00e9ticas e de infravermelho que est\u00e3o dispostas em \u00e1reas conforme os fundamentos da medicina oriental.<\/p>\n","protected":false},"featured_media":1952,"comment_status":"open","ping_status":"closed","template":"","meta":[],"product_brand":[],"product_cat":[144,145],"product_tag":[164,163,160,162,161,159,158],"class_list":{"0":"post-1921","1":"product","2":"type-product","3":"status-publish","4":"has-post-thumbnail","6":"product_cat-linha-bem-estar-bem","7":"product_cat-sandalias-chinelos","8":"product_tag-bem-estar","9":"product_tag-infravermelho-longo","10":"product_tag-magnetoterapia","11":"product_tag-medicina-oriental","12":"product_tag-pastilhas-magneticas","13":"product_tag-reflexologia","14":"product_tag-sandalia-magnetica","15":"pa_cor-azul","16":"pa_cor-grafite","17":"pa_cor-preto","18":"pa_tamanho-36-37","19":"pa_tamanho-38-39","20":"pa_tamanho-40-41","21":"pa_tamanho-42-43","22":"pa_tamanho-44-45","24":"first","25":"instock","26":"sale","27":"taxable","28":"shipping-taxable","29":"purchasable","30":"product-type-variable"},"yoast_head":"<!-- This site is optimized with the Yoast SEO plugin v27.4 - https:\/\/yoast.com\/product\/yoast-seo-wordpress\/ -->\n<title>Sand\u00e1lias e Chinelos Magn\u00e9ticos Alternative Masculino - Dicomag<\/title>\n<meta name=\"description\" content=\"Sand\u00e1lias e Chinelos Magn\u00e9ticos Alternative Masculino indicadas para auxiliar no combate da dor.Tem efeitos fisiol\u00f3gicos do massageamento e reflexoterapia.\" \/>\n<meta name=\"robots\" content=\"index, follow, max-snippet:-1, max-image-preview:large, max-video-preview:-1\" \/>\n<link rel=\"canonical\" href=\"https:\/\/dicomag.com.br\/?product=sandalias-magneticas-alternative-masculina\" \/>\n<meta property=\"og:locale\" content=\"pt_BR\" \/>\n<meta property=\"og:type\" content=\"article\" \/>\n<meta property=\"og:title\" content=\"Sand\u00e1lias e Chinelos Magn\u00e9ticos Alternative Masculino - Dicomag\" \/>\n<meta property=\"og:description\" content=\"Sand\u00e1lias e Chinelos Magn\u00e9ticos Alternative Masculino indicadas para auxiliar no combate da dor.Tem efeitos fisiol\u00f3gicos do massageamento e reflexoterapia.\" \/>\n<meta property=\"og:url\" content=\"https:\/\/dicomag.com.br\/?product=sandalias-magneticas-alternative-masculina\" \/>\n<meta property=\"og:site_name\" content=\"Dicomag\" \/>\n<meta property=\"article:publisher\" content=\"https:\/\/www.facebook.com\/dicomagpoa\/\" \/>\n<meta property=\"article:modified_time\" content=\"2025-02-20T18:09:35+00:00\" \/>\n<meta property=\"og:image\" content=\"https:\/\/dicomag.com.br\/wp-content\/uploads\/2019\/01\/Sandalia-Magnetica-Alternative-Masculina-Vis\u00e3o-Geral-2-e1548024770413.jpg\" \/>\n\t<meta property=\"og:image:width\" content=\"200\" \/>\n\t<meta property=\"og:image:height\" content=\"129\" \/>\n\t<meta property=\"og:image:type\" content=\"image\/jpeg\" \/>\n<meta name=\"twitter:card\" content=\"summary_large_image\" \/>\n<meta name=\"twitter:label1\" content=\"Est. tempo de leitura\" \/>\n\t<meta name=\"twitter:data1\" content=\"4 minutos\" \/>\n<script type=\"application\/ld+json\" class=\"yoast-schema-graph\">{\"@context\":\"https:\\\/\\\/schema.org\",\"@graph\":[{\"@type\":\"WebPage\",\"@id\":\"https:\\\/\\\/dicomag.com.br\\\/?product=sandalias-magneticas-alternative-masculina\",\"url\":\"https:\\\/\\\/dicomag.com.br\\\/?product=sandalias-magneticas-alternative-masculina\",\"name\":\"Sand\u00e1lias e Chinelos Magn\u00e9ticos Alternative Masculino - Dicomag\",\"isPartOf\":{\"@id\":\"https:\\\/\\\/dicomag.com.br\\\/#website\"},\"primaryImageOfPage\":{\"@id\":\"https:\\\/\\\/dicomag.com.br\\\/?product=sandalias-magneticas-alternative-masculina#primaryimage\"},\"image\":{\"@id\":\"https:\\\/\\\/dicomag.com.br\\\/?product=sandalias-magneticas-alternative-masculina#primaryimage\"},\"thumbnailUrl\":\"https:\\\/\\\/dicomag.com.br\\\/wp-content\\\/uploads\\\/2019\\\/01\\\/Sandalia-Magnetica-Alternative-Masculina-Vis\u00e3o-Geral-2-e1548024770413.jpg\",\"datePublished\":\"2019-01-20T22:29:33+00:00\",\"dateModified\":\"2025-02-20T18:09:35+00:00\",\"description\":\"Sand\u00e1lias e Chinelos Magn\u00e9ticos Alternative Masculino indicadas para auxiliar no combate da dor.Tem efeitos fisiol\u00f3gicos do massageamento e reflexoterapia.\",\"breadcrumb\":{\"@id\":\"https:\\\/\\\/dicomag.com.br\\\/?product=sandalias-magneticas-alternative-masculina#breadcrumb\"},\"inLanguage\":\"pt-BR\",\"potentialAction\":[{\"@type\":\"ReadAction\",\"target\":[\"https:\\\/\\\/dicomag.com.br\\\/?product=sandalias-magneticas-alternative-masculina\"]}]},{\"@type\":\"ImageObject\",\"inLanguage\":\"pt-BR\",\"@id\":\"https:\\\/\\\/dicomag.com.br\\\/?product=sandalias-magneticas-alternative-masculina#primaryimage\",\"url\":\"https:\\\/\\\/dicomag.com.br\\\/wp-content\\\/uploads\\\/2019\\\/01\\\/Sandalia-Magnetica-Alternative-Masculina-Vis\u00e3o-Geral-2-e1548024770413.jpg\",\"contentUrl\":\"https:\\\/\\\/dicomag.com.br\\\/wp-content\\\/uploads\\\/2019\\\/01\\\/Sandalia-Magnetica-Alternative-Masculina-Vis\u00e3o-Geral-2-e1548024770413.jpg\",\"width\":200,\"height\":129,\"caption\":\"Sand\u00e1lias e Chinelos Magn\u00e9ticos Alternative Masculina\"},{\"@type\":\"BreadcrumbList\",\"@id\":\"https:\\\/\\\/dicomag.com.br\\\/?product=sandalias-magneticas-alternative-masculina#breadcrumb\",\"itemListElement\":[{\"@type\":\"ListItem\",\"position\":1,\"name\":\"In\u00edcio\",\"item\":\"https:\\\/\\\/dicomag.com.br\\\/\"},{\"@type\":\"ListItem\",\"position\":2,\"name\":\"Shop\",\"item\":\"https:\\\/\\\/dicomag.com.br\\\/\"},{\"@type\":\"ListItem\",\"position\":3,\"name\":\"Sand\u00e1lias e Chinelos Magn\u00e9ticos Alternative Masculino\"}]},{\"@type\":\"WebSite\",\"@id\":\"https:\\\/\\\/dicomag.com.br\\\/#website\",\"url\":\"https:\\\/\\\/dicomag.com.br\\\/\",\"name\":\"Dicomag\",\"description\":\"Imas\",\"publisher\":{\"@id\":\"https:\\\/\\\/dicomag.com.br\\\/#organization\"},\"potentialAction\":[{\"@type\":\"SearchAction\",\"target\":{\"@type\":\"EntryPoint\",\"urlTemplate\":\"https:\\\/\\\/dicomag.com.br\\\/?s={search_term_string}\"},\"query-input\":{\"@type\":\"PropertyValueSpecification\",\"valueRequired\":true,\"valueName\":\"search_term_string\"}}],\"inLanguage\":\"pt-BR\"},{\"@type\":\"Organization\",\"@id\":\"https:\\\/\\\/dicomag.com.br\\\/#organization\",\"name\":\"Dicomag\",\"url\":\"https:\\\/\\\/dicomag.com.br\\\/\",\"logo\":{\"@type\":\"ImageObject\",\"inLanguage\":\"pt-BR\",\"@id\":\"https:\\\/\\\/dicomag.com.br\\\/#\\\/schema\\\/logo\\\/image\\\/\",\"url\":\"https:\\\/\\\/dicomag.com.br\\\/wp-content\\\/uploads\\\/2019\\\/04\\\/Logo-Dicomag-Comemorativo-jpeg2.png\",\"contentUrl\":\"https:\\\/\\\/dicomag.com.br\\\/wp-content\\\/uploads\\\/2019\\\/04\\\/Logo-Dicomag-Comemorativo-jpeg2.png\",\"width\":457,\"height\":174,\"caption\":\"Dicomag\"},\"image\":{\"@id\":\"https:\\\/\\\/dicomag.com.br\\\/#\\\/schema\\\/logo\\\/image\\\/\"},\"sameAs\":[\"https:\\\/\\\/www.facebook.com\\\/dicomagpoa\\\/\"]}]}<\/script>\n<!-- \/ Yoast SEO plugin. -->","yoast_head_json":{"title":"Sand\u00e1lias e Chinelos Magn\u00e9ticos Alternative Masculino - Dicomag","description":"Sand\u00e1lias e Chinelos Magn\u00e9ticos Alternative Masculino indicadas para auxiliar no combate da dor.Tem efeitos fisiol\u00f3gicos do massageamento e reflexoterapia.","robots":{"index":"index","follow":"follow","max-snippet":"max-snippet:-1","max-image-preview":"max-image-preview:large","max-video-preview":"max-video-preview:-1"},"canonical":"https:\/\/dicomag.com.br\/?product=sandalias-magneticas-alternative-masculina","og_locale":"pt_BR","og_type":"article","og_title":"Sand\u00e1lias e Chinelos Magn\u00e9ticos Alternative Masculino - Dicomag","og_description":"Sand\u00e1lias e Chinelos Magn\u00e9ticos Alternative Masculino indicadas para auxiliar no combate da dor.Tem efeitos fisiol\u00f3gicos do massageamento e reflexoterapia.","og_url":"https:\/\/dicomag.com.br\/?product=sandalias-magneticas-alternative-masculina","og_site_name":"Dicomag","article_publisher":"https:\/\/www.facebook.com\/dicomagpoa\/","article_modified_time":"2025-02-20T18:09:35+00:00","og_image":[{"width":200,"height":129,"url":"https:\/\/dicomag.com.br\/wp-content\/uploads\/2019\/01\/Sandalia-Magnetica-Alternative-Masculina-Vis\u00e3o-Geral-2-e1548024770413.jpg","type":"image\/jpeg"}],"twitter_card":"summary_large_image","twitter_misc":{"Est. tempo de leitura":"4 minutos"},"schema":{"@context":"https:\/\/schema.org","@graph":[{"@type":"WebPage","@id":"https:\/\/dicomag.com.br\/?product=sandalias-magneticas-alternative-masculina","url":"https:\/\/dicomag.com.br\/?product=sandalias-magneticas-alternative-masculina","name":"Sand\u00e1lias e Chinelos Magn\u00e9ticos Alternative Masculino - Dicomag","isPartOf":{"@id":"https:\/\/dicomag.com.br\/#website"},"primaryImageOfPage":{"@id":"https:\/\/dicomag.com.br\/?product=sandalias-magneticas-alternative-masculina#primaryimage"},"image":{"@id":"https:\/\/dicomag.com.br\/?product=sandalias-magneticas-alternative-masculina#primaryimage"},"thumbnailUrl":"https:\/\/dicomag.com.br\/wp-content\/uploads\/2019\/01\/Sandalia-Magnetica-Alternative-Masculina-Vis\u00e3o-Geral-2-e1548024770413.jpg","datePublished":"2019-01-20T22:29:33+00:00","dateModified":"2025-02-20T18:09:35+00:00","description":"Sand\u00e1lias e Chinelos Magn\u00e9ticos Alternative Masculino indicadas para auxiliar no combate da dor.Tem efeitos fisiol\u00f3gicos do massageamento e reflexoterapia.","breadcrumb":{"@id":"https:\/\/dicomag.com.br\/?product=sandalias-magneticas-alternative-masculina#breadcrumb"},"inLanguage":"pt-BR","potentialAction":[{"@type":"ReadAction","target":["https:\/\/dicomag.com.br\/?product=sandalias-magneticas-alternative-masculina"]}]},{"@type":"ImageObject","inLanguage":"pt-BR","@id":"https:\/\/dicomag.com.br\/?product=sandalias-magneticas-alternative-masculina#primaryimage","url":"https:\/\/dicomag.com.br\/wp-content\/uploads\/2019\/01\/Sandalia-Magnetica-Alternative-Masculina-Vis\u00e3o-Geral-2-e1548024770413.jpg","contentUrl":"https:\/\/dicomag.com.br\/wp-content\/uploads\/2019\/01\/Sandalia-Magnetica-Alternative-Masculina-Vis\u00e3o-Geral-2-e1548024770413.jpg","width":200,"height":129,"caption":"Sand\u00e1lias e Chinelos Magn\u00e9ticos Alternative Masculina"},{"@type":"BreadcrumbList","@id":"https:\/\/dicomag.com.br\/?product=sandalias-magneticas-alternative-masculina#breadcrumb","itemListElement":[{"@type":"ListItem","position":1,"name":"In\u00edcio","item":"https:\/\/dicomag.com.br\/"},{"@type":"ListItem","position":2,"name":"Shop","item":"https:\/\/dicomag.com.br\/"},{"@type":"ListItem","position":3,"name":"Sand\u00e1lias e Chinelos Magn\u00e9ticos Alternative Masculino"}]},{"@type":"WebSite","@id":"https:\/\/dicomag.com.br\/#website","url":"https:\/\/dicomag.com.br\/","name":"Dicomag","description":"Imas","publisher":{"@id":"https:\/\/dicomag.com.br\/#organization"},"potentialAction":[{"@type":"SearchAction","target":{"@type":"EntryPoint","urlTemplate":"https:\/\/dicomag.com.br\/?s={search_term_string}"},"query-input":{"@type":"PropertyValueSpecification","valueRequired":true,"valueName":"search_term_string"}}],"inLanguage":"pt-BR"},{"@type":"Organization","@id":"https:\/\/dicomag.com.br\/#organization","name":"Dicomag","url":"https:\/\/dicomag.com.br\/","logo":{"@type":"ImageObject","inLanguage":"pt-BR","@id":"https:\/\/dicomag.com.br\/#\/schema\/logo\/image\/","url":"https:\/\/dicomag.com.br\/wp-content\/uploads\/2019\/04\/Logo-Dicomag-Comemorativo-jpeg2.png","contentUrl":"https:\/\/dicomag.com.br\/wp-content\/uploads\/2019\/04\/Logo-Dicomag-Comemorativo-jpeg2.png","width":457,"height":174,"caption":"Dicomag"},"image":{"@id":"https:\/\/dicomag.com.br\/#\/schema\/logo\/image\/"},"sameAs":["https:\/\/www.facebook.com\/dicomagpoa\/"]}]}},"_links":{"self":[{"href":"https:\/\/dicomag.com.br\/index.php?rest_route=\/wp\/v2\/product\/1921","targetHints":{"allow":["GET"]}}],"collection":[{"href":"https:\/\/dicomag.com.br\/index.php?rest_route=\/wp\/v2\/product"}],"about":[{"href":"https:\/\/dicomag.com.br\/index.php?rest_route=\/wp\/v2\/types\/product"}],"replies":[{"embeddable":true,"href":"https:\/\/dicomag.com.br\/index.php?rest_route=%2Fwp%2Fv2%2Fcomments&post=1921"}],"wp:featuredmedia":[{"embeddable":true,"href":"https:\/\/dicomag.com.br\/index.php?rest_route=\/wp\/v2\/media\/1952"}],"wp:attachment":[{"href":"https:\/\/dicomag.com.br\/index.php?rest_route=%2Fwp%2Fv2%2Fmedia&parent=1921"}],"wp:term":[{"taxonomy":"product_brand","embeddable":true,"href":"https:\/\/dicomag.com.br\/index.php?rest_route=%2Fwp%2Fv2%2Fproduct_brand&post=1921"},{"taxonomy":"product_cat","embeddable":true,"href":"https:\/\/dicomag.com.br\/index.php?rest_route=%2Fwp%2Fv2%2Fproduct_cat&post=1921"},{"taxonomy":"product_tag","embeddable":true,"href":"https:\/\/dicomag.com.br\/index.php?rest_route=%2Fwp%2Fv2%2Fproduct_tag&post=1921"}],"curies":[{"name":"wp","href":"https:\/\/api.w.org\/{rel}","templated":true}]}}