{"id":1969,"date":"2019-01-24T17:25:25","date_gmt":"2019-01-24T17:25:25","guid":{"rendered":"http:\/\/dicomag.com.br\/?post_type=product&#038;p=1969"},"modified":"2021-07-08T18:04:16","modified_gmt":"2021-07-08T18:04:16","slug":"palmilha-magnetica-basica-verde","status":"publish","type":"product","link":"https:\/\/dicomag.com.br\/?product=palmilha-magnetica-basica-verde","title":{"rendered":"Palmilha Magn\u00e9tica B\u00e1sica Verde com Infravermelho"},"content":{"rendered":"<h1>Palmilha Magn\u00e9tica B\u00e1sica Verde com Infravermelho<\/h1>\n<p><span style=\"font-size: large;\">Palmilha Magn\u00e9tica B\u00e1sica Verde com Infravermelho, foi criada com base na medicina oriental.<\/span><\/p>\n<p><span style=\"font-size: large;\">Portanto, tem o objetivo que resulta no relaxamento muscular.<\/span><\/p>\n<p><span style=\"font-size: large;\">Assim como uma seda\u00e7\u00e3o do sistema nervoso baseado nos pontos de reflexologia.<\/span><\/p>\n<p><span style=\"font-size: large;\">Como resultado atua, no sistema nervoso perif\u00e9rico em suas termina\u00e7\u00f5es plantares.<\/span><\/p>\n<p><span style=\"font-size: large;\">Acima de tudo apresenta estimula\u00e7\u00e3o sensorial nas termina\u00e7\u00f5es nervosas do p\u00e9.<\/span><\/p>\n<p><span style=\"font-size: large;\">Consequentemente tem estereoceptividade de baixa frequ\u00eancia.<\/span><\/p>\n<p><span style=\"font-size: large;\">Assim completa e aplica reflexoterapia b\u00e1sica.<\/span><\/p>\n<p><span style=\"font-size: large;\">Com isto geram um campo magn\u00e9tico nos tecidos biol\u00f3gicos.<\/span><\/p>\n<p><span style=\"font-size: large;\">Assim ativa o metabolismo e aumenta a circula\u00e7\u00e3o sangu\u00ednea.<\/span><\/p>\n<p><span style=\"font-size: large;\">Possuem formas higi\u00eanicos que favorece a drenagem da transpira\u00e7\u00e3o.<\/span><\/p>\n<p><span style=\"font-size: large;\">Sendo desenvolvidas para auxiliar no combate a dores.<\/span><\/p>\n<p><span style=\"font-size: large;\">Assim como restabelecer a harmonia corporal.<\/span><\/p>\n<p><span style=\"font-size: large;\">Ainda ajudam a prevenir problemas nas pernas e p\u00e9s.<\/span><\/p>\n<p><span style=\"font-family: Liberation Serif, serif;\"><span style=\"font-size: large;\"><span style=\"color: #202124;\">Sendo natural adequarmos a postura e caminhar em fun\u00e7\u00e3o das dores e tens\u00f5es.<\/span> <\/span><\/span><\/p>\n<p><span style=\"font-size: large;\">Por exemplo, o capo magn\u00e9tico melhora a de oxigena\u00e7\u00e3o das c\u00e9lulas.<\/span><\/p>\n<p><span style=\"font-size: large;\">Consequentemente previne varizes, c\u00e2imbras, tens\u00f5es e dores musculares.<\/span><\/p>\n<p><span style=\"font-size: large;\">Al\u00e9m disto \u00e9 impregnada com ess\u00eancia de eucalipto.<\/span><\/p>\n<p><span style=\"font-size: large;\">Sendo constitu\u00eddas com pastilhas magn\u00e9ticas de ferrite.<\/span><\/p>\n<p><span style=\"font-size: large;\">Este modelo est\u00e1 distribuido nas seguintes numera\u00e7\u00f5es: <\/span><\/p>\n<p><span style=\"font-size: large;\">*32\/33\/34 <\/span><\/p>\n<p><span style=\"font-size: large;\">*35\/36\/37 <\/span><\/p>\n<p><span style=\"font-size: large;\">*38\/39\/40 <\/span><\/p>\n<p><span style=\"font-size: large;\">*41\/42\/43 <\/span><\/p>\n<p><span style=\"font-size: large;\">*44\/45<\/span><\/p>\n","protected":false},"excerpt":{"rendered":"<h2>Palmilha Magn\u00e9tica B\u00e1sica Verde com Infravermelho<\/h2>\n<p><span style=\"font-size: 16px;\">Palmilha Magn\u00e9tica B\u00e1sica verde , foram desenvolvidas especificamente para auxiliar no combate a dores e para restabelecer a harmonia corporal.<\/span><\/p>\n<p><span style=\"font-size: 16px;\">Al\u00e9m disto \u00e9 impregnada com ess\u00eancia de eucalipto.<\/span><\/p>\n<p><span style=\"font-size: 16px;\">Sendo constitu\u00eddas com pastilhas magn\u00e9ticas de ferrite.<\/span><\/p>\n<p><span style=\"font-size: 16px;\">Este modelo est\u00e1 distribuido nas seguintes numera\u00e7\u00f5es: <\/span><\/p>\n<p><span style=\"font-size: 16px;\">*32\/33\/34 *35\/36\/37 *38\/39\/40 *41\/42\/43 *44\/45<\/span><\/p>\n<p>&nbsp;<\/p>\n","protected":false},"featured_media":1970,"comment_status":"open","ping_status":"closed","template":"","meta":[],"product_brand":[],"product_cat":[144,176],"product_tag":[182,183,160,159],"class_list":{"0":"post-1969","1":"product","2":"type-product","3":"status-publish","4":"has-post-thumbnail","6":"product_cat-linha-bem-estar-bem","7":"product_cat-palmilhas-magneticas","8":"product_tag-ativacao-metabolica","9":"product_tag-circulacao-sanguinea","10":"product_tag-magnetoterapia","11":"product_tag-reflexologia","12":"pa_tamanho-32-33-34","13":"pa_tamanho-35-36-37-2","14":"pa_tamanho-38-39-40","15":"pa_tamanho-41-42-43","16":"pa_tamanho-44-45","18":"first","19":"instock","20":"sale","21":"purchasable","22":"product-type-variable"},"yoast_head":"<!-- This site is optimized with the Yoast SEO plugin v27.4 - https:\/\/yoast.com\/product\/yoast-seo-wordpress\/ -->\n<title>Palmilha Magn\u00e9tica B\u00e1sica Verde com Infravermelho - Dicomag<\/title>\n<meta name=\"description\" content=\"Palmilha Magn\u00e9tica B\u00e1sica Verde com Infravermelho serve para auxiliar no combate a dores e para restabelecer a harmonia corporal.\" \/>\n<meta name=\"robots\" content=\"index, follow, max-snippet:-1, max-image-preview:large, max-video-preview:-1\" \/>\n<link rel=\"canonical\" href=\"https:\/\/dicomag.com.br\/?product=palmilha-magnetica-basica-verde\" \/>\n<meta property=\"og:locale\" content=\"pt_BR\" \/>\n<meta property=\"og:type\" content=\"article\" \/>\n<meta property=\"og:title\" content=\"Palmilha Magn\u00e9tica B\u00e1sica Verde com Infravermelho - Dicomag\" \/>\n<meta property=\"og:description\" content=\"Palmilha Magn\u00e9tica B\u00e1sica Verde com Infravermelho serve para auxiliar no combate a dores e para restabelecer a harmonia corporal.\" \/>\n<meta property=\"og:url\" content=\"https:\/\/dicomag.com.br\/?product=palmilha-magnetica-basica-verde\" \/>\n<meta property=\"og:site_name\" content=\"Dicomag\" \/>\n<meta property=\"article:publisher\" content=\"https:\/\/www.facebook.com\/dicomagpoa\/\" \/>\n<meta property=\"article:modified_time\" content=\"2021-07-08T18:04:16+00:00\" \/>\n<meta property=\"og:image\" content=\"https:\/\/dicomag.com.br\/wp-content\/uploads\/2019\/01\/Palmilha-Magnetica-Basica-Verde.jpg\" \/>\n\t<meta property=\"og:image:width\" content=\"600\" \/>\n\t<meta property=\"og:image:height\" content=\"600\" \/>\n\t<meta property=\"og:image:type\" content=\"image\/jpeg\" \/>\n<meta name=\"twitter:card\" content=\"summary_large_image\" \/>\n<meta name=\"twitter:label1\" content=\"Est. tempo de leitura\" \/>\n\t<meta name=\"twitter:data1\" content=\"1 minuto\" \/>\n<script type=\"application\/ld+json\" class=\"yoast-schema-graph\">{\"@context\":\"https:\\\/\\\/schema.org\",\"@graph\":[{\"@type\":\"WebPage\",\"@id\":\"https:\\\/\\\/dicomag.com.br\\\/?product=palmilha-magnetica-basica-verde\",\"url\":\"https:\\\/\\\/dicomag.com.br\\\/?product=palmilha-magnetica-basica-verde\",\"name\":\"Palmilha Magn\u00e9tica B\u00e1sica Verde com Infravermelho - Dicomag\",\"isPartOf\":{\"@id\":\"https:\\\/\\\/dicomag.com.br\\\/#website\"},\"primaryImageOfPage\":{\"@id\":\"https:\\\/\\\/dicomag.com.br\\\/?product=palmilha-magnetica-basica-verde#primaryimage\"},\"image\":{\"@id\":\"https:\\\/\\\/dicomag.com.br\\\/?product=palmilha-magnetica-basica-verde#primaryimage\"},\"thumbnailUrl\":\"https:\\\/\\\/dicomag.com.br\\\/wp-content\\\/uploads\\\/2019\\\/01\\\/Palmilha-Magnetica-Basica-Verde.jpg\",\"datePublished\":\"2019-01-24T17:25:25+00:00\",\"dateModified\":\"2021-07-08T18:04:16+00:00\",\"description\":\"Palmilha Magn\u00e9tica B\u00e1sica Verde com Infravermelho serve para auxiliar no combate a dores e para restabelecer a harmonia corporal.\",\"breadcrumb\":{\"@id\":\"https:\\\/\\\/dicomag.com.br\\\/?product=palmilha-magnetica-basica-verde#breadcrumb\"},\"inLanguage\":\"pt-BR\",\"potentialAction\":[{\"@type\":\"ReadAction\",\"target\":[\"https:\\\/\\\/dicomag.com.br\\\/?product=palmilha-magnetica-basica-verde\"]}]},{\"@type\":\"ImageObject\",\"inLanguage\":\"pt-BR\",\"@id\":\"https:\\\/\\\/dicomag.com.br\\\/?product=palmilha-magnetica-basica-verde#primaryimage\",\"url\":\"https:\\\/\\\/dicomag.com.br\\\/wp-content\\\/uploads\\\/2019\\\/01\\\/Palmilha-Magnetica-Basica-Verde.jpg\",\"contentUrl\":\"https:\\\/\\\/dicomag.com.br\\\/wp-content\\\/uploads\\\/2019\\\/01\\\/Palmilha-Magnetica-Basica-Verde.jpg\",\"width\":600,\"height\":600,\"caption\":\"Palmilha Magn\u00e9tica B\u00e1sica Verde\"},{\"@type\":\"BreadcrumbList\",\"@id\":\"https:\\\/\\\/dicomag.com.br\\\/?product=palmilha-magnetica-basica-verde#breadcrumb\",\"itemListElement\":[{\"@type\":\"ListItem\",\"position\":1,\"name\":\"In\u00edcio\",\"item\":\"https:\\\/\\\/dicomag.com.br\\\/\"},{\"@type\":\"ListItem\",\"position\":2,\"name\":\"Shop\",\"item\":\"https:\\\/\\\/dicomag.com.br\\\/\"},{\"@type\":\"ListItem\",\"position\":3,\"name\":\"Palmilha Magn\u00e9tica B\u00e1sica Verde com Infravermelho\"}]},{\"@type\":\"WebSite\",\"@id\":\"https:\\\/\\\/dicomag.com.br\\\/#website\",\"url\":\"https:\\\/\\\/dicomag.com.br\\\/\",\"name\":\"Dicomag\",\"description\":\"Imas\",\"publisher\":{\"@id\":\"https:\\\/\\\/dicomag.com.br\\\/#organization\"},\"potentialAction\":[{\"@type\":\"SearchAction\",\"target\":{\"@type\":\"EntryPoint\",\"urlTemplate\":\"https:\\\/\\\/dicomag.com.br\\\/?s={search_term_string}\"},\"query-input\":{\"@type\":\"PropertyValueSpecification\",\"valueRequired\":true,\"valueName\":\"search_term_string\"}}],\"inLanguage\":\"pt-BR\"},{\"@type\":\"Organization\",\"@id\":\"https:\\\/\\\/dicomag.com.br\\\/#organization\",\"name\":\"Dicomag\",\"url\":\"https:\\\/\\\/dicomag.com.br\\\/\",\"logo\":{\"@type\":\"ImageObject\",\"inLanguage\":\"pt-BR\",\"@id\":\"https:\\\/\\\/dicomag.com.br\\\/#\\\/schema\\\/logo\\\/image\\\/\",\"url\":\"https:\\\/\\\/dicomag.com.br\\\/wp-content\\\/uploads\\\/2019\\\/04\\\/Logo-Dicomag-Comemorativo-jpeg2.png\",\"contentUrl\":\"https:\\\/\\\/dicomag.com.br\\\/wp-content\\\/uploads\\\/2019\\\/04\\\/Logo-Dicomag-Comemorativo-jpeg2.png\",\"width\":457,\"height\":174,\"caption\":\"Dicomag\"},\"image\":{\"@id\":\"https:\\\/\\\/dicomag.com.br\\\/#\\\/schema\\\/logo\\\/image\\\/\"},\"sameAs\":[\"https:\\\/\\\/www.facebook.com\\\/dicomagpoa\\\/\"]}]}<\/script>\n<!-- \/ Yoast SEO plugin. -->","yoast_head_json":{"title":"Palmilha Magn\u00e9tica B\u00e1sica Verde com Infravermelho - Dicomag","description":"Palmilha Magn\u00e9tica B\u00e1sica Verde com Infravermelho serve para auxiliar no combate a dores e para restabelecer a harmonia corporal.","robots":{"index":"index","follow":"follow","max-snippet":"max-snippet:-1","max-image-preview":"max-image-preview:large","max-video-preview":"max-video-preview:-1"},"canonical":"https:\/\/dicomag.com.br\/?product=palmilha-magnetica-basica-verde","og_locale":"pt_BR","og_type":"article","og_title":"Palmilha Magn\u00e9tica B\u00e1sica Verde com Infravermelho - Dicomag","og_description":"Palmilha Magn\u00e9tica B\u00e1sica Verde com Infravermelho serve para auxiliar no combate a dores e para restabelecer a harmonia corporal.","og_url":"https:\/\/dicomag.com.br\/?product=palmilha-magnetica-basica-verde","og_site_name":"Dicomag","article_publisher":"https:\/\/www.facebook.com\/dicomagpoa\/","article_modified_time":"2021-07-08T18:04:16+00:00","og_image":[{"width":600,"height":600,"url":"https:\/\/dicomag.com.br\/wp-content\/uploads\/2019\/01\/Palmilha-Magnetica-Basica-Verde.jpg","type":"image\/jpeg"}],"twitter_card":"summary_large_image","twitter_misc":{"Est. tempo de leitura":"1 minuto"},"schema":{"@context":"https:\/\/schema.org","@graph":[{"@type":"WebPage","@id":"https:\/\/dicomag.com.br\/?product=palmilha-magnetica-basica-verde","url":"https:\/\/dicomag.com.br\/?product=palmilha-magnetica-basica-verde","name":"Palmilha Magn\u00e9tica B\u00e1sica Verde com Infravermelho - Dicomag","isPartOf":{"@id":"https:\/\/dicomag.com.br\/#website"},"primaryImageOfPage":{"@id":"https:\/\/dicomag.com.br\/?product=palmilha-magnetica-basica-verde#primaryimage"},"image":{"@id":"https:\/\/dicomag.com.br\/?product=palmilha-magnetica-basica-verde#primaryimage"},"thumbnailUrl":"https:\/\/dicomag.com.br\/wp-content\/uploads\/2019\/01\/Palmilha-Magnetica-Basica-Verde.jpg","datePublished":"2019-01-24T17:25:25+00:00","dateModified":"2021-07-08T18:04:16+00:00","description":"Palmilha Magn\u00e9tica B\u00e1sica Verde com Infravermelho serve para auxiliar no combate a dores e para restabelecer a harmonia corporal.","breadcrumb":{"@id":"https:\/\/dicomag.com.br\/?product=palmilha-magnetica-basica-verde#breadcrumb"},"inLanguage":"pt-BR","potentialAction":[{"@type":"ReadAction","target":["https:\/\/dicomag.com.br\/?product=palmilha-magnetica-basica-verde"]}]},{"@type":"ImageObject","inLanguage":"pt-BR","@id":"https:\/\/dicomag.com.br\/?product=palmilha-magnetica-basica-verde#primaryimage","url":"https:\/\/dicomag.com.br\/wp-content\/uploads\/2019\/01\/Palmilha-Magnetica-Basica-Verde.jpg","contentUrl":"https:\/\/dicomag.com.br\/wp-content\/uploads\/2019\/01\/Palmilha-Magnetica-Basica-Verde.jpg","width":600,"height":600,"caption":"Palmilha Magn\u00e9tica B\u00e1sica Verde"},{"@type":"BreadcrumbList","@id":"https:\/\/dicomag.com.br\/?product=palmilha-magnetica-basica-verde#breadcrumb","itemListElement":[{"@type":"ListItem","position":1,"name":"In\u00edcio","item":"https:\/\/dicomag.com.br\/"},{"@type":"ListItem","position":2,"name":"Shop","item":"https:\/\/dicomag.com.br\/"},{"@type":"ListItem","position":3,"name":"Palmilha Magn\u00e9tica B\u00e1sica Verde com Infravermelho"}]},{"@type":"WebSite","@id":"https:\/\/dicomag.com.br\/#website","url":"https:\/\/dicomag.com.br\/","name":"Dicomag","description":"Imas","publisher":{"@id":"https:\/\/dicomag.com.br\/#organization"},"potentialAction":[{"@type":"SearchAction","target":{"@type":"EntryPoint","urlTemplate":"https:\/\/dicomag.com.br\/?s={search_term_string}"},"query-input":{"@type":"PropertyValueSpecification","valueRequired":true,"valueName":"search_term_string"}}],"inLanguage":"pt-BR"},{"@type":"Organization","@id":"https:\/\/dicomag.com.br\/#organization","name":"Dicomag","url":"https:\/\/dicomag.com.br\/","logo":{"@type":"ImageObject","inLanguage":"pt-BR","@id":"https:\/\/dicomag.com.br\/#\/schema\/logo\/image\/","url":"https:\/\/dicomag.com.br\/wp-content\/uploads\/2019\/04\/Logo-Dicomag-Comemorativo-jpeg2.png","contentUrl":"https:\/\/dicomag.com.br\/wp-content\/uploads\/2019\/04\/Logo-Dicomag-Comemorativo-jpeg2.png","width":457,"height":174,"caption":"Dicomag"},"image":{"@id":"https:\/\/dicomag.com.br\/#\/schema\/logo\/image\/"},"sameAs":["https:\/\/www.facebook.com\/dicomagpoa\/"]}]}},"_links":{"self":[{"href":"https:\/\/dicomag.com.br\/index.php?rest_route=\/wp\/v2\/product\/1969","targetHints":{"allow":["GET"]}}],"collection":[{"href":"https:\/\/dicomag.com.br\/index.php?rest_route=\/wp\/v2\/product"}],"about":[{"href":"https:\/\/dicomag.com.br\/index.php?rest_route=\/wp\/v2\/types\/product"}],"replies":[{"embeddable":true,"href":"https:\/\/dicomag.com.br\/index.php?rest_route=%2Fwp%2Fv2%2Fcomments&post=1969"}],"wp:featuredmedia":[{"embeddable":true,"href":"https:\/\/dicomag.com.br\/index.php?rest_route=\/wp\/v2\/media\/1970"}],"wp:attachment":[{"href":"https:\/\/dicomag.com.br\/index.php?rest_route=%2Fwp%2Fv2%2Fmedia&parent=1969"}],"wp:term":[{"taxonomy":"product_brand","embeddable":true,"href":"https:\/\/dicomag.com.br\/index.php?rest_route=%2Fwp%2Fv2%2Fproduct_brand&post=1969"},{"taxonomy":"product_cat","embeddable":true,"href":"https:\/\/dicomag.com.br\/index.php?rest_route=%2Fwp%2Fv2%2Fproduct_cat&post=1969"},{"taxonomy":"product_tag","embeddable":true,"href":"https:\/\/dicomag.com.br\/index.php?rest_route=%2Fwp%2Fv2%2Fproduct_tag&post=1969"}],"curies":[{"name":"wp","href":"https:\/\/api.w.org\/{rel}","templated":true}]}}