{"id":2047,"date":"2019-02-10T11:26:14","date_gmt":"2019-02-10T11:26:14","guid":{"rendered":"http:\/\/dicomag.com.br\/?post_type=product&#038;p=2047"},"modified":"2025-08-15T17:22:30","modified_gmt":"2025-08-15T17:22:30","slug":"rolo-de-suporte-cervical-magnetica","status":"publish","type":"product","link":"https:\/\/dicomag.com.br\/?product=rolo-de-suporte-cervical-magnetica","title":{"rendered":"Almofada Ortop\u00e9dica Magn\u00e9tica para Cervical"},"content":{"rendered":"<h1>Almofada Ortop\u00e9dica Magn\u00e9tica para Cervical<\/h1>\n<p>A almofada Ortop\u00e9dica Magn\u00e9tica para Cervical \u00e9 indicada para o tratamento Controle de dor na coluna.<br \/>\nTamb\u00e9m Melhora na Amplitude do movimento.<br \/>\nSendo usada no Tratamento e Preven\u00e7\u00e3o de altera\u00e7\u00f5es degenerativas nas articula\u00e7\u00f5es.<br \/>\nAl\u00e9m disto Almofada Ortop\u00e9dica Magn\u00e9tica para Cervical pode ser usada para a corre\u00e7\u00e3o de M\u00e1 Postura.<br \/>\nDa mesma forma \u00e9 usada para o Relaxamento Muscular.<br \/>\nPor outro lado melhora na Circula\u00e7\u00e3o Sangu\u00ednea Local.<br \/>\nConsequentemente melhora na Oxigena\u00e7\u00e3o do C\u00e9rebro.<br \/>\nDa mesma forma torna-se um aliado na preven\u00e7\u00e3o e tratamento de cervicalgias, enxaquecas, labirintite e torcicolo.<\/p>\n<h2>Composi\u00e7\u00e3o:<\/h2>\n<p>A almofada Ortop\u00e9dica Magn\u00e9tica para Cervical de espuma Hipoalergica, Pastilhas de Infravermelhos e Imas de Magnetoterapia que auxiliam na potencializa\u00e7\u00e3o do tratamento das dores na cervical.<\/p>\n<h2>Sua Origem:<\/h2>\n<p>\u00d3rtese origina-se da palavra grega \u201cOrthos\u201d que significa direito, reto, normal. Logo, conclu\u00edmos que a \u00f3rtese serve para proteger e deixar o membro na posi\u00e7\u00e3o normal\/correta.<\/p>\n<p>Antes de compreender o m\u00e9todo pelo qual o \u00edm\u00e3 \u00e9 usado no tratamento, \u00e9 essencial entender as vantagens da mesma.<\/p>\n<p>Com os dois sistemas exlusivos de Infravermelho Longo e Magnetoterapia, garante uma diversidade de benef\u00edcios.<\/p>\n<h2>E as vantagens da Almofada Ortop\u00e9dica Magn\u00e9tica para Cervical:<\/h2>\n<p>Neste contexto, a utiliza\u00e7\u00e3o do bio-\u00edm\u00e3 \u00e9 vantajosa, pois:<\/p>\n<p>Em primeiro lugar, aliviam a causa da dor, n\u00e3o apenas os sintomas.<\/p>\n<p>Em segundo lugar, eles s\u00e3o seguros.<\/p>\n<p>Contudo n\u00e3o t\u00eam efeitos colaterais conhecidos em nossos corpos, pois j\u00e1 vivem no campo magn\u00e9tico natural da Terra.<\/p>\n<p>Em terceiro lugar, simplicidade.<\/p>\n<p>Qualquer um pode us\u00e1-los na privacidade da sua pr\u00f3pria casa.<\/p>\n<p>Em quarto lugar, voc\u00ea n\u00e3o tem que comprar outro \u00edm\u00e3, ou marcar outra consulta todos os meses!<\/p>\n<p>Em quinto lugar, s\u00e3o acess\u00edveis.<\/p>\n<p>Qualquer um pode us\u00e1-los, muitas vezes, por anos.<\/p>\n<h2>Quais as vantagens da terapia magn\u00e9tica?<\/h2>\n<p>As t\u00e9cnicas que utilizam a magnetoterapia possuem diversos benef\u00edcios, que incluem:<\/p>\n<p>Em primeiro lugar s\u00e3o seguras e n\u00e3o invasivas;<\/p>\n<p>Em Segundo lugar n\u00e3o provocam dor;<\/p>\n<p>Al\u00e9m disto podem ser aplicadas sem contraindica\u00e7\u00f5es na maior parte das patologias;<\/p>\n<p>Assim como tamb\u00e9m induzem bons resultados de forma n\u00e3o medicamentosa.<\/p>\n<p>Al\u00e9m dessas vantagens em rela\u00e7\u00e3o a outras terapias, as t\u00e9cnicas que envolvem a magnetoterapia s\u00e3o bastante eficazes para o tratamento de diversas patologias, como:<\/p>\n<p>Por exemplo em doen\u00e7as inflamat\u00f3rias, reum\u00e1ticas e musculares (como artroses, epicondilite, tendinites, lombalgias e distens\u00f5es musculares);<\/p>\n<p>Assim como traumas recentes, problemas articulares, tor\u00e7\u00f5es musculares e de tend\u00e3o;<\/p>\n<p>Tamb\u00e9m em \u00falceras traum\u00e1ticas, de queimaduras, venosas e de dec\u00fabito;<\/p>\n<p>Como em doen\u00e7as que demandam maior microvasculariza\u00e7\u00e3o para regenera\u00e7\u00e3o de tecidos, como em transplantes, diabetes e na consolida\u00e7\u00e3o de calos \u00f3sseos;<\/p>\n<p>Al\u00e9m de casos de osteoporose.<\/p>\n","protected":false},"excerpt":{"rendered":"<h3>Almofada Ortop\u00e9dica Magn\u00e9tica para Cervical<\/h3>\n<p>Almofada Ortop\u00e9dica Magn\u00e9tica para Cervical \u00e9 indicada para o tratamento Controle de dor na coluna.Tamb\u00e9m Melhora na Amplitude do movimento.<\/p>\n","protected":false},"featured_media":2055,"comment_status":"open","ping_status":"closed","template":"","meta":[],"product_brand":[],"product_cat":[144,185],"product_tag":[671,182,184,183,188,189,160,186,159,187],"class_list":{"0":"post-2047","1":"product","2":"type-product","3":"status-publish","4":"has-post-thumbnail","6":"product_cat-linha-bem-estar-bem","7":"product_cat-orteses-ortopedicas-magneticas-punho-joelho-ombro-tornozelo-cintura-lombar-pe-assento-e-encosto-polegar-sistema-circulatorio","8":"product_tag-almofada-ortopedica-magnetica-para-cervical","9":"product_tag-ativacao-metabolica","10":"product_tag-biomagnoterapia","11":"product_tag-circulacao-sanguinea","12":"product_tag-contusoes","13":"product_tag-entorses","14":"product_tag-magnetoterapia","15":"product_tag-ortopedia","16":"product_tag-reflexologia","17":"product_tag-tratamento-de-lesoes","18":"pa_tamanho-exg","19":"pa_tamanho-g","20":"pa_tamanho-gg","21":"pa_tamanho-m","22":"pa_tamanho-p","24":"first","25":"outofstock","26":"taxable","27":"shipping-taxable","28":"purchasable","29":"product-type-simple"},"yoast_head":"<!-- This site is optimized with the Yoast SEO plugin v27.4 - https:\/\/yoast.com\/product\/yoast-seo-wordpress\/ -->\n<title>Almofada Ortop\u00e9dica Magn\u00e9tica para Cervical - Dicomag<\/title>\n<meta name=\"description\" content=\"Almofada Ortop\u00e9dica Magn\u00e9tica para Cervical \u00e9 indicada para o tratamento Controle de dor na coluna.Tamb\u00e9m Melhora na Amplitude do movimento.\" \/>\n<meta name=\"robots\" content=\"index, follow, max-snippet:-1, max-image-preview:large, max-video-preview:-1\" \/>\n<link rel=\"canonical\" href=\"https:\/\/dicomag.com.br\/?product=rolo-de-suporte-cervical-magnetica\" \/>\n<meta property=\"og:locale\" content=\"pt_BR\" \/>\n<meta property=\"og:type\" content=\"article\" \/>\n<meta property=\"og:title\" content=\"Almofada Ortop\u00e9dica Magn\u00e9tica para Cervical - Dicomag\" \/>\n<meta property=\"og:description\" content=\"Almofada Ortop\u00e9dica Magn\u00e9tica para Cervical \u00e9 indicada para o tratamento Controle de dor na coluna.Tamb\u00e9m Melhora na Amplitude do movimento.\" \/>\n<meta property=\"og:url\" content=\"https:\/\/dicomag.com.br\/?product=rolo-de-suporte-cervical-magnetica\" \/>\n<meta property=\"og:site_name\" content=\"Dicomag\" \/>\n<meta property=\"article:publisher\" content=\"https:\/\/www.facebook.com\/dicomagpoa\/\" \/>\n<meta property=\"article:modified_time\" content=\"2025-08-15T17:22:30+00:00\" \/>\n<meta property=\"og:image\" content=\"http:\/\/dicomag.com.br\/wp-content\/uploads\/2019\/02\/Rolo-de-Suporte-Cervical-Magn\u00e9tica.jpg\" \/>\n\t<meta property=\"og:image:width\" content=\"1600\" \/>\n\t<meta property=\"og:image:height\" content=\"1067\" \/>\n\t<meta property=\"og:image:type\" content=\"image\/jpeg\" \/>\n<meta name=\"twitter:card\" content=\"summary_large_image\" \/>\n<meta name=\"twitter:label1\" content=\"Est. tempo de leitura\" \/>\n\t<meta name=\"twitter:data1\" content=\"3 minutos\" \/>\n<script type=\"application\/ld+json\" class=\"yoast-schema-graph\">{\"@context\":\"https:\\\/\\\/schema.org\",\"@graph\":[{\"@type\":\"WebPage\",\"@id\":\"https:\\\/\\\/dicomag.com.br\\\/?product=rolo-de-suporte-cervical-magnetica\",\"url\":\"https:\\\/\\\/dicomag.com.br\\\/?product=rolo-de-suporte-cervical-magnetica\",\"name\":\"Almofada Ortop\u00e9dica Magn\u00e9tica para Cervical - Dicomag\",\"isPartOf\":{\"@id\":\"https:\\\/\\\/dicomag.com.br\\\/#website\"},\"primaryImageOfPage\":{\"@id\":\"https:\\\/\\\/dicomag.com.br\\\/?product=rolo-de-suporte-cervical-magnetica#primaryimage\"},\"image\":{\"@id\":\"https:\\\/\\\/dicomag.com.br\\\/?product=rolo-de-suporte-cervical-magnetica#primaryimage\"},\"thumbnailUrl\":\"https:\\\/\\\/dicomag.com.br\\\/wp-content\\\/uploads\\\/2019\\\/02\\\/Rolo-de-Suporte-Cervical-Magn\u00e9tica.jpg\",\"datePublished\":\"2019-02-10T11:26:14+00:00\",\"dateModified\":\"2025-08-15T17:22:30+00:00\",\"description\":\"Almofada Ortop\u00e9dica Magn\u00e9tica para Cervical \u00e9 indicada para o tratamento Controle de dor na coluna.Tamb\u00e9m Melhora na Amplitude do movimento.\",\"breadcrumb\":{\"@id\":\"https:\\\/\\\/dicomag.com.br\\\/?product=rolo-de-suporte-cervical-magnetica#breadcrumb\"},\"inLanguage\":\"pt-BR\",\"potentialAction\":[{\"@type\":\"ReadAction\",\"target\":[\"https:\\\/\\\/dicomag.com.br\\\/?product=rolo-de-suporte-cervical-magnetica\"]}]},{\"@type\":\"ImageObject\",\"inLanguage\":\"pt-BR\",\"@id\":\"https:\\\/\\\/dicomag.com.br\\\/?product=rolo-de-suporte-cervical-magnetica#primaryimage\",\"url\":\"https:\\\/\\\/dicomag.com.br\\\/wp-content\\\/uploads\\\/2019\\\/02\\\/Rolo-de-Suporte-Cervical-Magn\u00e9tica.jpg\",\"contentUrl\":\"https:\\\/\\\/dicomag.com.br\\\/wp-content\\\/uploads\\\/2019\\\/02\\\/Rolo-de-Suporte-Cervical-Magn\u00e9tica.jpg\",\"width\":1600,\"height\":1067,\"caption\":\"Almofada Ortop\u00e9dica Magn\u00e9tica para Cervical\"},{\"@type\":\"BreadcrumbList\",\"@id\":\"https:\\\/\\\/dicomag.com.br\\\/?product=rolo-de-suporte-cervical-magnetica#breadcrumb\",\"itemListElement\":[{\"@type\":\"ListItem\",\"position\":1,\"name\":\"In\u00edcio\",\"item\":\"https:\\\/\\\/dicomag.com.br\\\/\"},{\"@type\":\"ListItem\",\"position\":2,\"name\":\"Shop\",\"item\":\"https:\\\/\\\/dicomag.com.br\\\/\"},{\"@type\":\"ListItem\",\"position\":3,\"name\":\"Almofada Ortop\u00e9dica Magn\u00e9tica para Cervical\"}]},{\"@type\":\"WebSite\",\"@id\":\"https:\\\/\\\/dicomag.com.br\\\/#website\",\"url\":\"https:\\\/\\\/dicomag.com.br\\\/\",\"name\":\"Dicomag\",\"description\":\"Imas\",\"publisher\":{\"@id\":\"https:\\\/\\\/dicomag.com.br\\\/#organization\"},\"potentialAction\":[{\"@type\":\"SearchAction\",\"target\":{\"@type\":\"EntryPoint\",\"urlTemplate\":\"https:\\\/\\\/dicomag.com.br\\\/?s={search_term_string}\"},\"query-input\":{\"@type\":\"PropertyValueSpecification\",\"valueRequired\":true,\"valueName\":\"search_term_string\"}}],\"inLanguage\":\"pt-BR\"},{\"@type\":\"Organization\",\"@id\":\"https:\\\/\\\/dicomag.com.br\\\/#organization\",\"name\":\"Dicomag\",\"url\":\"https:\\\/\\\/dicomag.com.br\\\/\",\"logo\":{\"@type\":\"ImageObject\",\"inLanguage\":\"pt-BR\",\"@id\":\"https:\\\/\\\/dicomag.com.br\\\/#\\\/schema\\\/logo\\\/image\\\/\",\"url\":\"https:\\\/\\\/dicomag.com.br\\\/wp-content\\\/uploads\\\/2019\\\/04\\\/Logo-Dicomag-Comemorativo-jpeg2.png\",\"contentUrl\":\"https:\\\/\\\/dicomag.com.br\\\/wp-content\\\/uploads\\\/2019\\\/04\\\/Logo-Dicomag-Comemorativo-jpeg2.png\",\"width\":457,\"height\":174,\"caption\":\"Dicomag\"},\"image\":{\"@id\":\"https:\\\/\\\/dicomag.com.br\\\/#\\\/schema\\\/logo\\\/image\\\/\"},\"sameAs\":[\"https:\\\/\\\/www.facebook.com\\\/dicomagpoa\\\/\"]}]}<\/script>\n<!-- \/ Yoast SEO plugin. -->","yoast_head_json":{"title":"Almofada Ortop\u00e9dica Magn\u00e9tica para Cervical - Dicomag","description":"Almofada Ortop\u00e9dica Magn\u00e9tica para Cervical \u00e9 indicada para o tratamento Controle de dor na coluna.Tamb\u00e9m Melhora na Amplitude do movimento.","robots":{"index":"index","follow":"follow","max-snippet":"max-snippet:-1","max-image-preview":"max-image-preview:large","max-video-preview":"max-video-preview:-1"},"canonical":"https:\/\/dicomag.com.br\/?product=rolo-de-suporte-cervical-magnetica","og_locale":"pt_BR","og_type":"article","og_title":"Almofada Ortop\u00e9dica Magn\u00e9tica para Cervical - Dicomag","og_description":"Almofada Ortop\u00e9dica Magn\u00e9tica para Cervical \u00e9 indicada para o tratamento Controle de dor na coluna.Tamb\u00e9m Melhora na Amplitude do movimento.","og_url":"https:\/\/dicomag.com.br\/?product=rolo-de-suporte-cervical-magnetica","og_site_name":"Dicomag","article_publisher":"https:\/\/www.facebook.com\/dicomagpoa\/","article_modified_time":"2025-08-15T17:22:30+00:00","og_image":[{"width":1600,"height":1067,"url":"http:\/\/dicomag.com.br\/wp-content\/uploads\/2019\/02\/Rolo-de-Suporte-Cervical-Magn\u00e9tica.jpg","type":"image\/jpeg"}],"twitter_card":"summary_large_image","twitter_misc":{"Est. tempo de leitura":"3 minutos"},"schema":{"@context":"https:\/\/schema.org","@graph":[{"@type":"WebPage","@id":"https:\/\/dicomag.com.br\/?product=rolo-de-suporte-cervical-magnetica","url":"https:\/\/dicomag.com.br\/?product=rolo-de-suporte-cervical-magnetica","name":"Almofada Ortop\u00e9dica Magn\u00e9tica para Cervical - Dicomag","isPartOf":{"@id":"https:\/\/dicomag.com.br\/#website"},"primaryImageOfPage":{"@id":"https:\/\/dicomag.com.br\/?product=rolo-de-suporte-cervical-magnetica#primaryimage"},"image":{"@id":"https:\/\/dicomag.com.br\/?product=rolo-de-suporte-cervical-magnetica#primaryimage"},"thumbnailUrl":"https:\/\/dicomag.com.br\/wp-content\/uploads\/2019\/02\/Rolo-de-Suporte-Cervical-Magn\u00e9tica.jpg","datePublished":"2019-02-10T11:26:14+00:00","dateModified":"2025-08-15T17:22:30+00:00","description":"Almofada Ortop\u00e9dica Magn\u00e9tica para Cervical \u00e9 indicada para o tratamento Controle de dor na coluna.Tamb\u00e9m Melhora na Amplitude do movimento.","breadcrumb":{"@id":"https:\/\/dicomag.com.br\/?product=rolo-de-suporte-cervical-magnetica#breadcrumb"},"inLanguage":"pt-BR","potentialAction":[{"@type":"ReadAction","target":["https:\/\/dicomag.com.br\/?product=rolo-de-suporte-cervical-magnetica"]}]},{"@type":"ImageObject","inLanguage":"pt-BR","@id":"https:\/\/dicomag.com.br\/?product=rolo-de-suporte-cervical-magnetica#primaryimage","url":"https:\/\/dicomag.com.br\/wp-content\/uploads\/2019\/02\/Rolo-de-Suporte-Cervical-Magn\u00e9tica.jpg","contentUrl":"https:\/\/dicomag.com.br\/wp-content\/uploads\/2019\/02\/Rolo-de-Suporte-Cervical-Magn\u00e9tica.jpg","width":1600,"height":1067,"caption":"Almofada Ortop\u00e9dica Magn\u00e9tica para Cervical"},{"@type":"BreadcrumbList","@id":"https:\/\/dicomag.com.br\/?product=rolo-de-suporte-cervical-magnetica#breadcrumb","itemListElement":[{"@type":"ListItem","position":1,"name":"In\u00edcio","item":"https:\/\/dicomag.com.br\/"},{"@type":"ListItem","position":2,"name":"Shop","item":"https:\/\/dicomag.com.br\/"},{"@type":"ListItem","position":3,"name":"Almofada Ortop\u00e9dica Magn\u00e9tica para Cervical"}]},{"@type":"WebSite","@id":"https:\/\/dicomag.com.br\/#website","url":"https:\/\/dicomag.com.br\/","name":"Dicomag","description":"Imas","publisher":{"@id":"https:\/\/dicomag.com.br\/#organization"},"potentialAction":[{"@type":"SearchAction","target":{"@type":"EntryPoint","urlTemplate":"https:\/\/dicomag.com.br\/?s={search_term_string}"},"query-input":{"@type":"PropertyValueSpecification","valueRequired":true,"valueName":"search_term_string"}}],"inLanguage":"pt-BR"},{"@type":"Organization","@id":"https:\/\/dicomag.com.br\/#organization","name":"Dicomag","url":"https:\/\/dicomag.com.br\/","logo":{"@type":"ImageObject","inLanguage":"pt-BR","@id":"https:\/\/dicomag.com.br\/#\/schema\/logo\/image\/","url":"https:\/\/dicomag.com.br\/wp-content\/uploads\/2019\/04\/Logo-Dicomag-Comemorativo-jpeg2.png","contentUrl":"https:\/\/dicomag.com.br\/wp-content\/uploads\/2019\/04\/Logo-Dicomag-Comemorativo-jpeg2.png","width":457,"height":174,"caption":"Dicomag"},"image":{"@id":"https:\/\/dicomag.com.br\/#\/schema\/logo\/image\/"},"sameAs":["https:\/\/www.facebook.com\/dicomagpoa\/"]}]}},"_links":{"self":[{"href":"https:\/\/dicomag.com.br\/index.php?rest_route=\/wp\/v2\/product\/2047","targetHints":{"allow":["GET"]}}],"collection":[{"href":"https:\/\/dicomag.com.br\/index.php?rest_route=\/wp\/v2\/product"}],"about":[{"href":"https:\/\/dicomag.com.br\/index.php?rest_route=\/wp\/v2\/types\/product"}],"replies":[{"embeddable":true,"href":"https:\/\/dicomag.com.br\/index.php?rest_route=%2Fwp%2Fv2%2Fcomments&post=2047"}],"wp:featuredmedia":[{"embeddable":true,"href":"https:\/\/dicomag.com.br\/index.php?rest_route=\/wp\/v2\/media\/2055"}],"wp:attachment":[{"href":"https:\/\/dicomag.com.br\/index.php?rest_route=%2Fwp%2Fv2%2Fmedia&parent=2047"}],"wp:term":[{"taxonomy":"product_brand","embeddable":true,"href":"https:\/\/dicomag.com.br\/index.php?rest_route=%2Fwp%2Fv2%2Fproduct_brand&post=2047"},{"taxonomy":"product_cat","embeddable":true,"href":"https:\/\/dicomag.com.br\/index.php?rest_route=%2Fwp%2Fv2%2Fproduct_cat&post=2047"},{"taxonomy":"product_tag","embeddable":true,"href":"https:\/\/dicomag.com.br\/index.php?rest_route=%2Fwp%2Fv2%2Fproduct_tag&post=2047"}],"curies":[{"name":"wp","href":"https:\/\/api.w.org\/{rel}","templated":true}]}}