{"id":2056,"date":"2019-02-10T11:35:04","date_gmt":"2019-02-10T11:35:04","guid":{"rendered":"http:\/\/dicomag.com.br\/?post_type=product&#038;p=2056"},"modified":"2024-06-27T01:17:48","modified_gmt":"2024-06-27T01:17:48","slug":"conjunto-ima-neodimio-3-mil-gauss-extra-forte-p-emplasto","status":"publish","type":"product","link":"https:\/\/dicomag.com.br\/?product=conjunto-ima-neodimio-3-mil-gauss-extra-forte-p-emplasto","title":{"rendered":"Conjunto de \u00cdm\u00e3 Neod\u00edmio para Emplasto"},"content":{"rendered":"<h2>Conjunto de \u00cdm\u00e3 Neod\u00edmio para Emplasto<\/h2>\n<p>Conjunto de \u00cdm\u00e3 Neod\u00edmio para Emplasto \u00e9 composto de:<\/p>\n<p>20 \u00edm\u00e3s bi-polar de neod\u00edmio 3000 gauss de 8mm de di\u00e2metro x 2mm de espessura;<\/p>\n<p>01 rolo de esparadrapo micropore 25mmX90cm;<\/p>\n<p>01 Manual Informativo;<\/p>\n<h2>Como funciona o Biomagnetismo<\/h2>\n<p>O Biomagnetismo \u00e9 uma t\u00e9cnica muito simples.<\/p>\n<p>Em suma consiste na aplica\u00e7\u00e3o de poderosos im\u00e3s sobre o corpo.<\/p>\n<p>Consequentemente est\u00e1 aplica\u00e7\u00e3o produz resson\u00e2ncia magn\u00e9tica e tem como resultado o imediato equil\u00edbrio do PH<\/p>\n<p>Com isto este equil\u00edbrio cria um ambiente torna-se desfavor\u00e1vel a exist\u00eancia de v\u00edrus, fungos, bact\u00e9rias e parasitas.<\/p>\n<p>Sendo que nestas condi\u00e7\u00f5es o organismo retorna seu bem estar e vitalidade, eliminando naturalmente as enfermidades.<\/p>\n<p>Com o uso do Conjunto de \u00cdm\u00e3 Neod\u00edmio para Emplasto ocorre:<\/p>\n<p>Em primeiro lugar melhora da qualidade da circula\u00e7\u00e3o sangu\u00ednea;<\/p>\n<p>Consequentemente ajuda a eliminar a energia est\u00e1tica;<\/p>\n<p>Da mesma forma ajuda a relaxar os m\u00fasculos e descontrair os nervos;<\/p>\n<p>Al\u00e9m disto colabora e acelera o processo de cicatriza\u00e7\u00e3o \u00f3sseo;<\/p>\n<p>Assim como alivia as dores e reduz incha\u00e7os;<\/p>\n<p>Tamb\u00e9m auxilia na redu\u00e7\u00e3o da tens\u00e3o nervosa;<\/p>\n<p>Em suma relaxa, previne doen\u00e7as, alivia stress, depress\u00e3o e promove o equil\u00edbrio energ\u00e9tico fortalecendo o organismo;<\/p>\n<h3>Saiba Mais Sobre Nossa Tecnologia<\/h3>\n<p>Magnetoterapia e\/ou terapia magn\u00e9tica:<\/p>\n<p>Pr\u00e1tica milenar capaz de restabelecer e manter o equil\u00edbrios energ\u00e9tico dos seres vivos.<\/p>\n<p>Portanto esta t\u00e9cnica segue os princ\u00edpios e leis do eletromagnetismos universal e consiste na forma\u00e7\u00e3o de campos externos magn\u00e9ticos orientados para uso do ser humano proporcionando mais disposi\u00e7\u00e3o f\u00edsica e mental e na preven\u00e7\u00e3o \u00e0s doen\u00e7as.<\/p>\n<p>Como resultado \u00e9 perfeito para aplica\u00e7\u00e3o em qualquer parte do corpo onde haja rigidez, dor e infla\u00e7\u00e3o proporcionadas por artrose, artrite, lombalgia, ci\u00e1tica, h\u00e9rnia de disco, torcicolo, espondilolistese, epicondilite, bico de papagaio, espor\u00e3o de calc\u00e2neo, facite plantar, reumatismo articular cr\u00f4nico entre outros.<\/p>\n","protected":false},"excerpt":{"rendered":"<p>Em suma consiste na aplica\u00e7\u00e3o de poderosos im\u00e3s sobre o corpo.<\/p>\n<p>Consequentemente est\u00e1 aplica\u00e7\u00e3o produz resson\u00e2ncia magn\u00e9tica e tem como resultado o imediato equil\u00edbrio do PH<\/p>\n<p>Com isto este equil\u00edbrio cria um ambiente torna-se desfavor\u00e1vel a exist\u00eancia de v\u00edrus, fungos, bact\u00e9rias e parasitas.<\/p>\n<p>Sendo que nestas condi\u00e7\u00f5es o organismo retorna seu bem estar e vitalidade, eliminando naturalmente as enfermidades.<\/p>\n","protected":false},"featured_media":2060,"comment_status":"open","ping_status":"closed","template":"","meta":[],"product_brand":[],"product_cat":[675,144],"product_tag":[182,184,183,188,189,160,186,159,187],"class_list":{"0":"post-2056","1":"product","2":"type-product","3":"status-publish","4":"has-post-thumbnail","6":"product_cat-biomagnetismo-magnetico-emplasto-ima-de-neodimio-super-ima-forca-de-atracao-terapia-magnetica-terras-raras-gauss-grade","7":"product_cat-linha-bem-estar-bem","8":"product_tag-ativacao-metabolica","9":"product_tag-biomagnoterapia","10":"product_tag-circulacao-sanguinea","11":"product_tag-contusoes","12":"product_tag-entorses","13":"product_tag-magnetoterapia","14":"product_tag-ortopedia","15":"product_tag-reflexologia","16":"product_tag-tratamento-de-lesoes","17":"pa_tamanho-exg","18":"pa_tamanho-g","19":"pa_tamanho-gg","20":"pa_tamanho-m","21":"pa_tamanho-p","23":"first","24":"instock","25":"sale","26":"featured","27":"taxable","28":"shipping-taxable","29":"purchasable","30":"product-type-simple"},"yoast_head":"<!-- This site is optimized with the Yoast SEO plugin v27.4 - https:\/\/yoast.com\/product\/yoast-seo-wordpress\/ -->\n<title>Conjunto de \u00cdm\u00e3 Neod\u00edmio para Emplasto - Dicomag<\/title>\n<meta name=\"description\" content=\"Conjunto de \u00cdm\u00e3 Neod\u00edmio para Emplasto \u00e9 Pr\u00e1tica milenar capaz de restabelecer e manter o equil\u00edbrios energ\u00e9tico dos seres vivos.\" \/>\n<meta name=\"robots\" content=\"index, follow, max-snippet:-1, max-image-preview:large, max-video-preview:-1\" \/>\n<link rel=\"canonical\" href=\"https:\/\/dicomag.com.br\/?product=conjunto-ima-neodimio-3-mil-gauss-extra-forte-p-emplasto\" \/>\n<meta property=\"og:locale\" content=\"pt_BR\" \/>\n<meta property=\"og:type\" content=\"article\" \/>\n<meta property=\"og:title\" content=\"Conjunto de \u00cdm\u00e3 Neod\u00edmio para Emplasto - Dicomag\" \/>\n<meta property=\"og:description\" content=\"Conjunto de \u00cdm\u00e3 Neod\u00edmio para Emplasto \u00e9 Pr\u00e1tica milenar capaz de restabelecer e manter o equil\u00edbrios energ\u00e9tico dos seres vivos.\" \/>\n<meta property=\"og:url\" content=\"https:\/\/dicomag.com.br\/?product=conjunto-ima-neodimio-3-mil-gauss-extra-forte-p-emplasto\" \/>\n<meta property=\"og:site_name\" content=\"Dicomag\" \/>\n<meta property=\"article:publisher\" content=\"https:\/\/www.facebook.com\/dicomagpoa\/\" \/>\n<meta property=\"article:modified_time\" content=\"2024-06-27T01:17:48+00:00\" \/>\n<meta property=\"og:image\" content=\"http:\/\/dicomag.com.br\/wp-content\/uploads\/2019\/02\/emplasto-magnetico.jpg\" \/>\n\t<meta property=\"og:image:width\" content=\"800\" \/>\n\t<meta property=\"og:image:height\" content=\"600\" \/>\n\t<meta property=\"og:image:type\" content=\"image\/jpeg\" \/>\n<meta name=\"twitter:card\" content=\"summary_large_image\" \/>\n<meta name=\"twitter:label1\" content=\"Est. tempo de leitura\" \/>\n\t<meta name=\"twitter:data1\" content=\"2 minutos\" \/>\n<script type=\"application\/ld+json\" class=\"yoast-schema-graph\">{\"@context\":\"https:\\\/\\\/schema.org\",\"@graph\":[{\"@type\":\"WebPage\",\"@id\":\"https:\\\/\\\/dicomag.com.br\\\/?product=conjunto-ima-neodimio-3-mil-gauss-extra-forte-p-emplasto\",\"url\":\"https:\\\/\\\/dicomag.com.br\\\/?product=conjunto-ima-neodimio-3-mil-gauss-extra-forte-p-emplasto\",\"name\":\"Conjunto de \u00cdm\u00e3 Neod\u00edmio para Emplasto - Dicomag\",\"isPartOf\":{\"@id\":\"https:\\\/\\\/dicomag.com.br\\\/#website\"},\"primaryImageOfPage\":{\"@id\":\"https:\\\/\\\/dicomag.com.br\\\/?product=conjunto-ima-neodimio-3-mil-gauss-extra-forte-p-emplasto#primaryimage\"},\"image\":{\"@id\":\"https:\\\/\\\/dicomag.com.br\\\/?product=conjunto-ima-neodimio-3-mil-gauss-extra-forte-p-emplasto#primaryimage\"},\"thumbnailUrl\":\"https:\\\/\\\/dicomag.com.br\\\/wp-content\\\/uploads\\\/2019\\\/02\\\/emplasto-magnetico.jpg\",\"datePublished\":\"2019-02-10T11:35:04+00:00\",\"dateModified\":\"2024-06-27T01:17:48+00:00\",\"description\":\"Conjunto de \u00cdm\u00e3 Neod\u00edmio para Emplasto \u00e9 Pr\u00e1tica milenar capaz de restabelecer e manter o equil\u00edbrios energ\u00e9tico dos seres vivos.\",\"breadcrumb\":{\"@id\":\"https:\\\/\\\/dicomag.com.br\\\/?product=conjunto-ima-neodimio-3-mil-gauss-extra-forte-p-emplasto#breadcrumb\"},\"inLanguage\":\"pt-BR\",\"potentialAction\":[{\"@type\":\"ReadAction\",\"target\":[\"https:\\\/\\\/dicomag.com.br\\\/?product=conjunto-ima-neodimio-3-mil-gauss-extra-forte-p-emplasto\"]}]},{\"@type\":\"ImageObject\",\"inLanguage\":\"pt-BR\",\"@id\":\"https:\\\/\\\/dicomag.com.br\\\/?product=conjunto-ima-neodimio-3-mil-gauss-extra-forte-p-emplasto#primaryimage\",\"url\":\"https:\\\/\\\/dicomag.com.br\\\/wp-content\\\/uploads\\\/2019\\\/02\\\/emplasto-magnetico.jpg\",\"contentUrl\":\"https:\\\/\\\/dicomag.com.br\\\/wp-content\\\/uploads\\\/2019\\\/02\\\/emplasto-magnetico.jpg\",\"width\":800,\"height\":600,\"caption\":\"Mini Conjunto de \u00cdm\u00e3 Neod\u00edmio para Emplasto\"},{\"@type\":\"BreadcrumbList\",\"@id\":\"https:\\\/\\\/dicomag.com.br\\\/?product=conjunto-ima-neodimio-3-mil-gauss-extra-forte-p-emplasto#breadcrumb\",\"itemListElement\":[{\"@type\":\"ListItem\",\"position\":1,\"name\":\"In\u00edcio\",\"item\":\"https:\\\/\\\/dicomag.com.br\\\/\"},{\"@type\":\"ListItem\",\"position\":2,\"name\":\"Shop\",\"item\":\"https:\\\/\\\/dicomag.com.br\\\/\"},{\"@type\":\"ListItem\",\"position\":3,\"name\":\"Conjunto de \u00cdm\u00e3 Neod\u00edmio para Emplasto\"}]},{\"@type\":\"WebSite\",\"@id\":\"https:\\\/\\\/dicomag.com.br\\\/#website\",\"url\":\"https:\\\/\\\/dicomag.com.br\\\/\",\"name\":\"Dicomag\",\"description\":\"Imas\",\"publisher\":{\"@id\":\"https:\\\/\\\/dicomag.com.br\\\/#organization\"},\"potentialAction\":[{\"@type\":\"SearchAction\",\"target\":{\"@type\":\"EntryPoint\",\"urlTemplate\":\"https:\\\/\\\/dicomag.com.br\\\/?s={search_term_string}\"},\"query-input\":{\"@type\":\"PropertyValueSpecification\",\"valueRequired\":true,\"valueName\":\"search_term_string\"}}],\"inLanguage\":\"pt-BR\"},{\"@type\":\"Organization\",\"@id\":\"https:\\\/\\\/dicomag.com.br\\\/#organization\",\"name\":\"Dicomag\",\"url\":\"https:\\\/\\\/dicomag.com.br\\\/\",\"logo\":{\"@type\":\"ImageObject\",\"inLanguage\":\"pt-BR\",\"@id\":\"https:\\\/\\\/dicomag.com.br\\\/#\\\/schema\\\/logo\\\/image\\\/\",\"url\":\"https:\\\/\\\/dicomag.com.br\\\/wp-content\\\/uploads\\\/2019\\\/04\\\/Logo-Dicomag-Comemorativo-jpeg2.png\",\"contentUrl\":\"https:\\\/\\\/dicomag.com.br\\\/wp-content\\\/uploads\\\/2019\\\/04\\\/Logo-Dicomag-Comemorativo-jpeg2.png\",\"width\":457,\"height\":174,\"caption\":\"Dicomag\"},\"image\":{\"@id\":\"https:\\\/\\\/dicomag.com.br\\\/#\\\/schema\\\/logo\\\/image\\\/\"},\"sameAs\":[\"https:\\\/\\\/www.facebook.com\\\/dicomagpoa\\\/\"]}]}<\/script>\n<!-- \/ Yoast SEO plugin. -->","yoast_head_json":{"title":"Conjunto de \u00cdm\u00e3 Neod\u00edmio para Emplasto - Dicomag","description":"Conjunto de \u00cdm\u00e3 Neod\u00edmio para Emplasto \u00e9 Pr\u00e1tica milenar capaz de restabelecer e manter o equil\u00edbrios energ\u00e9tico dos seres vivos.","robots":{"index":"index","follow":"follow","max-snippet":"max-snippet:-1","max-image-preview":"max-image-preview:large","max-video-preview":"max-video-preview:-1"},"canonical":"https:\/\/dicomag.com.br\/?product=conjunto-ima-neodimio-3-mil-gauss-extra-forte-p-emplasto","og_locale":"pt_BR","og_type":"article","og_title":"Conjunto de \u00cdm\u00e3 Neod\u00edmio para Emplasto - Dicomag","og_description":"Conjunto de \u00cdm\u00e3 Neod\u00edmio para Emplasto \u00e9 Pr\u00e1tica milenar capaz de restabelecer e manter o equil\u00edbrios energ\u00e9tico dos seres vivos.","og_url":"https:\/\/dicomag.com.br\/?product=conjunto-ima-neodimio-3-mil-gauss-extra-forte-p-emplasto","og_site_name":"Dicomag","article_publisher":"https:\/\/www.facebook.com\/dicomagpoa\/","article_modified_time":"2024-06-27T01:17:48+00:00","og_image":[{"width":800,"height":600,"url":"http:\/\/dicomag.com.br\/wp-content\/uploads\/2019\/02\/emplasto-magnetico.jpg","type":"image\/jpeg"}],"twitter_card":"summary_large_image","twitter_misc":{"Est. tempo de leitura":"2 minutos"},"schema":{"@context":"https:\/\/schema.org","@graph":[{"@type":"WebPage","@id":"https:\/\/dicomag.com.br\/?product=conjunto-ima-neodimio-3-mil-gauss-extra-forte-p-emplasto","url":"https:\/\/dicomag.com.br\/?product=conjunto-ima-neodimio-3-mil-gauss-extra-forte-p-emplasto","name":"Conjunto de \u00cdm\u00e3 Neod\u00edmio para Emplasto - Dicomag","isPartOf":{"@id":"https:\/\/dicomag.com.br\/#website"},"primaryImageOfPage":{"@id":"https:\/\/dicomag.com.br\/?product=conjunto-ima-neodimio-3-mil-gauss-extra-forte-p-emplasto#primaryimage"},"image":{"@id":"https:\/\/dicomag.com.br\/?product=conjunto-ima-neodimio-3-mil-gauss-extra-forte-p-emplasto#primaryimage"},"thumbnailUrl":"https:\/\/dicomag.com.br\/wp-content\/uploads\/2019\/02\/emplasto-magnetico.jpg","datePublished":"2019-02-10T11:35:04+00:00","dateModified":"2024-06-27T01:17:48+00:00","description":"Conjunto de \u00cdm\u00e3 Neod\u00edmio para Emplasto \u00e9 Pr\u00e1tica milenar capaz de restabelecer e manter o equil\u00edbrios energ\u00e9tico dos seres vivos.","breadcrumb":{"@id":"https:\/\/dicomag.com.br\/?product=conjunto-ima-neodimio-3-mil-gauss-extra-forte-p-emplasto#breadcrumb"},"inLanguage":"pt-BR","potentialAction":[{"@type":"ReadAction","target":["https:\/\/dicomag.com.br\/?product=conjunto-ima-neodimio-3-mil-gauss-extra-forte-p-emplasto"]}]},{"@type":"ImageObject","inLanguage":"pt-BR","@id":"https:\/\/dicomag.com.br\/?product=conjunto-ima-neodimio-3-mil-gauss-extra-forte-p-emplasto#primaryimage","url":"https:\/\/dicomag.com.br\/wp-content\/uploads\/2019\/02\/emplasto-magnetico.jpg","contentUrl":"https:\/\/dicomag.com.br\/wp-content\/uploads\/2019\/02\/emplasto-magnetico.jpg","width":800,"height":600,"caption":"Mini Conjunto de \u00cdm\u00e3 Neod\u00edmio para Emplasto"},{"@type":"BreadcrumbList","@id":"https:\/\/dicomag.com.br\/?product=conjunto-ima-neodimio-3-mil-gauss-extra-forte-p-emplasto#breadcrumb","itemListElement":[{"@type":"ListItem","position":1,"name":"In\u00edcio","item":"https:\/\/dicomag.com.br\/"},{"@type":"ListItem","position":2,"name":"Shop","item":"https:\/\/dicomag.com.br\/"},{"@type":"ListItem","position":3,"name":"Conjunto de \u00cdm\u00e3 Neod\u00edmio para Emplasto"}]},{"@type":"WebSite","@id":"https:\/\/dicomag.com.br\/#website","url":"https:\/\/dicomag.com.br\/","name":"Dicomag","description":"Imas","publisher":{"@id":"https:\/\/dicomag.com.br\/#organization"},"potentialAction":[{"@type":"SearchAction","target":{"@type":"EntryPoint","urlTemplate":"https:\/\/dicomag.com.br\/?s={search_term_string}"},"query-input":{"@type":"PropertyValueSpecification","valueRequired":true,"valueName":"search_term_string"}}],"inLanguage":"pt-BR"},{"@type":"Organization","@id":"https:\/\/dicomag.com.br\/#organization","name":"Dicomag","url":"https:\/\/dicomag.com.br\/","logo":{"@type":"ImageObject","inLanguage":"pt-BR","@id":"https:\/\/dicomag.com.br\/#\/schema\/logo\/image\/","url":"https:\/\/dicomag.com.br\/wp-content\/uploads\/2019\/04\/Logo-Dicomag-Comemorativo-jpeg2.png","contentUrl":"https:\/\/dicomag.com.br\/wp-content\/uploads\/2019\/04\/Logo-Dicomag-Comemorativo-jpeg2.png","width":457,"height":174,"caption":"Dicomag"},"image":{"@id":"https:\/\/dicomag.com.br\/#\/schema\/logo\/image\/"},"sameAs":["https:\/\/www.facebook.com\/dicomagpoa\/"]}]}},"_links":{"self":[{"href":"https:\/\/dicomag.com.br\/index.php?rest_route=\/wp\/v2\/product\/2056","targetHints":{"allow":["GET"]}}],"collection":[{"href":"https:\/\/dicomag.com.br\/index.php?rest_route=\/wp\/v2\/product"}],"about":[{"href":"https:\/\/dicomag.com.br\/index.php?rest_route=\/wp\/v2\/types\/product"}],"replies":[{"embeddable":true,"href":"https:\/\/dicomag.com.br\/index.php?rest_route=%2Fwp%2Fv2%2Fcomments&post=2056"}],"wp:featuredmedia":[{"embeddable":true,"href":"https:\/\/dicomag.com.br\/index.php?rest_route=\/wp\/v2\/media\/2060"}],"wp:attachment":[{"href":"https:\/\/dicomag.com.br\/index.php?rest_route=%2Fwp%2Fv2%2Fmedia&parent=2056"}],"wp:term":[{"taxonomy":"product_brand","embeddable":true,"href":"https:\/\/dicomag.com.br\/index.php?rest_route=%2Fwp%2Fv2%2Fproduct_brand&post=2056"},{"taxonomy":"product_cat","embeddable":true,"href":"https:\/\/dicomag.com.br\/index.php?rest_route=%2Fwp%2Fv2%2Fproduct_cat&post=2056"},{"taxonomy":"product_tag","embeddable":true,"href":"https:\/\/dicomag.com.br\/index.php?rest_route=%2Fwp%2Fv2%2Fproduct_tag&post=2056"}],"curies":[{"name":"wp","href":"https:\/\/api.w.org\/{rel}","templated":true}]}}