{"id":2061,"date":"2019-02-10T11:50:14","date_gmt":"2019-02-10T11:50:14","guid":{"rendered":"http:\/\/dicomag.com.br\/?post_type=product&#038;p=2061"},"modified":"2024-04-29T14:51:32","modified_gmt":"2024-04-29T14:51:32","slug":"aparelho-portatil-para-magnetizar-agua-infravermelho","status":"publish","type":"product","link":"https:\/\/dicomag.com.br\/?product=aparelho-portatil-para-magnetizar-agua-infravermelho","title":{"rendered":"Aparelho Port\u00e1til Para Magnetizar \u00c1gua Com Infravermelho"},"content":{"rendered":"<h1>Aparelho Port\u00e1til Para Magnetizar \u00c1gua Com Infravermelho<\/h1>\n<p>Aparelho Port\u00e1til Para Magnetizar \u00c1gua Com Infravermelho, vem com a fun\u00e7\u00e3o de hidratar o corpo com \u00e1gua magnetizada.<\/p>\n<p>Assim sendo \u00e9 fundamental para manter ou recuperar o n\u00edvel \u00f3timo de bem-estar.<\/p>\n<p>Consequentemente a \u00e1gua magnetizada transforma a \u00e1gua em micro clusters que s\u00e3o mais facilmente absorvidos a n\u00edvel celular.<\/p>\n<p>Ou Seja, com isso ela chega a hidratar at\u00e9 6 vezes mais que a \u00e1gua comum.<\/p>\n<p>Certamente a \u00e1gua magnetizada atua como um antioxidante, pode efetivamente neutralizar e bloquear os danos dos radicais livres no corpo.<\/p>\n<p>Sendo assim uso do magnetizador de \u00e1gua reduz os radicais livres do nosso organismo e possibilita um alto grau de alcaliniza\u00e7\u00e3o no organismo.<\/p>\n<p>Tendo como efeito principal o restabelecimento natural do organismo por n\u00e3o estar mais sob a agress\u00e3o dos radicais livres e da acidez, prevenindo assim as doen\u00e7as degenerativas.<\/p>\n<p>Sendo composto de Infravermelho Pr\u00f3ximo e Infravermelho Longo.<\/p>\n<h3>O Aparelho Port\u00e1til Para Magnetizar \u00c1gua Com Infravermelho \u00e9 indicado:<\/h3>\n<p>Seu uso \u00e9 apropriado para jarras, filtros, garrafinhas, squeze, bombonas de 20 litros entre outros.<\/p>\n<p>Entretanto, n\u00e3o \u00e9 medicamento.<\/p>\n<p>Por outro lado, n\u00e3o tem fun\u00e7\u00e3o terap\u00eautica ou de cura.<\/p>\n<p>Mais impostante tem a\u00e7\u00e3o natural.<\/p>\n<p>Acima de tudo n\u00e3o h\u00e1 efeitos colaterais.<\/p>\n<p>Indicamos sempre tomar 2 litros de \u00e1gua por dia.<\/p>\n<h3>Seguem alguns dos principais benef\u00edcios do infravermelho longo.<\/h3>\n<p>&#8211; Acelera o processo de renova\u00e7\u00e3o celular;<\/p>\n<p>&#8211; Melhor o crescimento e desenvolvimento das c\u00e9lulas vivas;<\/p>\n<p>&#8211; Equilibra nosso metabolismo naturalmente, aumentando em at\u00e9 3% de energia corporal ;<\/p>\n<p>&#8211; Colabora para a sa\u00edda das toxinas que saem do corpo via urina e transpira\u00e7\u00e3o;<\/p>\n<p>&#8211; Melhora a fadiga muscular pela redu\u00e7\u00e3o do \u00e1cido l\u00e1tico (que causa c\u00e2imbras);<\/p>\n<p>&#8211; Diminui de 48 hs para 12 hs a recupera\u00e7\u00e3o muscular, devido ao aumento da circula\u00e7\u00e3o de oxig\u00eanio no nosso corpo;<\/p>\n<p>&#8211; Diminui\u00e7\u00e3o de at\u00e9 75% das dores relacionadas \u00e0s articula\u00e7\u00f5es (Fibromialgia);<\/p>\n<p>&#8211; Auxilia contra inflama\u00e7\u00e3o, incha\u00e7o e dores musculares;<br \/>\nO EVI Diamond, Potencializa os benef\u00edcios do infravermelho longo e antecipa os resultado<\/p>\n","protected":false},"excerpt":{"rendered":"<h2>Aparelho Port\u00e1til Para Magnetizar \u00c1gua Com Infravermelho<\/h2>\n<p>Aparelho Port\u00e1til Para Magnetizar \u00c1gua Com Infravermelho atua como um antioxidante, pode neutralizar e bloquear os danos dos radicais livres no corpo.<\/p>\n","protected":false},"featured_media":4380,"comment_status":"open","ping_status":"closed","template":"","meta":[],"product_brand":[],"product_cat":[673,144],"product_tag":[182,184,183,188,189,160,186,159,187],"class_list":{"0":"post-2061","1":"product","2":"type-product","3":"status-publish","4":"has-post-thumbnail","6":"product_cat-imantadores-mineralizador","7":"product_cat-linha-bem-estar-bem","8":"product_tag-ativacao-metabolica","9":"product_tag-biomagnoterapia","10":"product_tag-circulacao-sanguinea","11":"product_tag-contusoes","12":"product_tag-entorses","13":"product_tag-magnetoterapia","14":"product_tag-ortopedia","15":"product_tag-reflexologia","16":"product_tag-tratamento-de-lesoes","17":"pa_tamanho-exg","18":"pa_tamanho-g","19":"pa_tamanho-gg","20":"pa_tamanho-m","21":"pa_tamanho-p","23":"first","24":"instock","25":"sale","26":"featured","27":"taxable","28":"shipping-taxable","29":"purchasable","30":"product-type-simple"},"yoast_head":"<!-- This site is optimized with the Yoast SEO plugin v27.4 - https:\/\/yoast.com\/product\/yoast-seo-wordpress\/ -->\n<title>Aparelho Port\u00e1til Para Magnetizar \u00c1gua Com Infravermelho - Dicomag<\/title>\n<meta name=\"description\" content=\"Aparelho Port\u00e1til Para Magnetizar \u00c1gua Com Infravermelho atua como um antioxidante, pode neutralizar e bloquear os danos dos radicais livres no corpo.\" \/>\n<meta name=\"robots\" content=\"index, follow, max-snippet:-1, max-image-preview:large, max-video-preview:-1\" \/>\n<link rel=\"canonical\" href=\"https:\/\/dicomag.com.br\/?product=aparelho-portatil-para-magnetizar-agua-infravermelho\" \/>\n<meta property=\"og:locale\" content=\"pt_BR\" \/>\n<meta property=\"og:type\" content=\"article\" \/>\n<meta property=\"og:title\" content=\"Aparelho Port\u00e1til Para Magnetizar \u00c1gua Com Infravermelho - Dicomag\" \/>\n<meta property=\"og:description\" content=\"Aparelho Port\u00e1til Para Magnetizar \u00c1gua Com Infravermelho atua como um antioxidante, pode neutralizar e bloquear os danos dos radicais livres no corpo.\" \/>\n<meta property=\"og:url\" content=\"https:\/\/dicomag.com.br\/?product=aparelho-portatil-para-magnetizar-agua-infravermelho\" \/>\n<meta property=\"og:site_name\" content=\"Dicomag\" \/>\n<meta property=\"article:publisher\" content=\"https:\/\/www.facebook.com\/dicomagpoa\/\" \/>\n<meta property=\"article:modified_time\" content=\"2024-04-29T14:51:32+00:00\" \/>\n<meta property=\"og:image\" content=\"http:\/\/dicomag.com.br\/wp-content\/uploads\/2019\/02\/Magnetizador-para-agua-2.jpg\" \/>\n\t<meta property=\"og:image:width\" content=\"490\" \/>\n\t<meta property=\"og:image:height\" content=\"480\" \/>\n\t<meta property=\"og:image:type\" content=\"image\/jpeg\" \/>\n<meta name=\"twitter:card\" content=\"summary_large_image\" \/>\n<meta name=\"twitter:label1\" content=\"Est. tempo de leitura\" \/>\n\t<meta name=\"twitter:data1\" content=\"2 minutos\" \/>\n<script type=\"application\/ld+json\" class=\"yoast-schema-graph\">{\"@context\":\"https:\\\/\\\/schema.org\",\"@graph\":[{\"@type\":\"WebPage\",\"@id\":\"https:\\\/\\\/dicomag.com.br\\\/?product=aparelho-portatil-para-magnetizar-agua-infravermelho\",\"url\":\"https:\\\/\\\/dicomag.com.br\\\/?product=aparelho-portatil-para-magnetizar-agua-infravermelho\",\"name\":\"Aparelho Port\u00e1til Para Magnetizar \u00c1gua Com Infravermelho - Dicomag\",\"isPartOf\":{\"@id\":\"https:\\\/\\\/dicomag.com.br\\\/#website\"},\"primaryImageOfPage\":{\"@id\":\"https:\\\/\\\/dicomag.com.br\\\/?product=aparelho-portatil-para-magnetizar-agua-infravermelho#primaryimage\"},\"image\":{\"@id\":\"https:\\\/\\\/dicomag.com.br\\\/?product=aparelho-portatil-para-magnetizar-agua-infravermelho#primaryimage\"},\"thumbnailUrl\":\"https:\\\/\\\/dicomag.com.br\\\/wp-content\\\/uploads\\\/2019\\\/02\\\/Magnetizador-para-agua-2.jpg\",\"datePublished\":\"2019-02-10T11:50:14+00:00\",\"dateModified\":\"2024-04-29T14:51:32+00:00\",\"description\":\"Aparelho Port\u00e1til Para Magnetizar \u00c1gua Com Infravermelho atua como um antioxidante, pode neutralizar e bloquear os danos dos radicais livres no corpo.\",\"breadcrumb\":{\"@id\":\"https:\\\/\\\/dicomag.com.br\\\/?product=aparelho-portatil-para-magnetizar-agua-infravermelho#breadcrumb\"},\"inLanguage\":\"pt-BR\",\"potentialAction\":[{\"@type\":\"ReadAction\",\"target\":[\"https:\\\/\\\/dicomag.com.br\\\/?product=aparelho-portatil-para-magnetizar-agua-infravermelho\"]}]},{\"@type\":\"ImageObject\",\"inLanguage\":\"pt-BR\",\"@id\":\"https:\\\/\\\/dicomag.com.br\\\/?product=aparelho-portatil-para-magnetizar-agua-infravermelho#primaryimage\",\"url\":\"https:\\\/\\\/dicomag.com.br\\\/wp-content\\\/uploads\\\/2019\\\/02\\\/Magnetizador-para-agua-2.jpg\",\"contentUrl\":\"https:\\\/\\\/dicomag.com.br\\\/wp-content\\\/uploads\\\/2019\\\/02\\\/Magnetizador-para-agua-2.jpg\",\"width\":490,\"height\":480,\"caption\":\"Aparelho Port\u00e1til Para Magnetizar \u00c1gua Com Infravermelho\"},{\"@type\":\"BreadcrumbList\",\"@id\":\"https:\\\/\\\/dicomag.com.br\\\/?product=aparelho-portatil-para-magnetizar-agua-infravermelho#breadcrumb\",\"itemListElement\":[{\"@type\":\"ListItem\",\"position\":1,\"name\":\"In\u00edcio\",\"item\":\"https:\\\/\\\/dicomag.com.br\\\/\"},{\"@type\":\"ListItem\",\"position\":2,\"name\":\"Shop\",\"item\":\"https:\\\/\\\/dicomag.com.br\\\/\"},{\"@type\":\"ListItem\",\"position\":3,\"name\":\"Aparelho Port\u00e1til Para Magnetizar \u00c1gua Com Infravermelho\"}]},{\"@type\":\"WebSite\",\"@id\":\"https:\\\/\\\/dicomag.com.br\\\/#website\",\"url\":\"https:\\\/\\\/dicomag.com.br\\\/\",\"name\":\"Dicomag\",\"description\":\"Imas\",\"publisher\":{\"@id\":\"https:\\\/\\\/dicomag.com.br\\\/#organization\"},\"potentialAction\":[{\"@type\":\"SearchAction\",\"target\":{\"@type\":\"EntryPoint\",\"urlTemplate\":\"https:\\\/\\\/dicomag.com.br\\\/?s={search_term_string}\"},\"query-input\":{\"@type\":\"PropertyValueSpecification\",\"valueRequired\":true,\"valueName\":\"search_term_string\"}}],\"inLanguage\":\"pt-BR\"},{\"@type\":\"Organization\",\"@id\":\"https:\\\/\\\/dicomag.com.br\\\/#organization\",\"name\":\"Dicomag\",\"url\":\"https:\\\/\\\/dicomag.com.br\\\/\",\"logo\":{\"@type\":\"ImageObject\",\"inLanguage\":\"pt-BR\",\"@id\":\"https:\\\/\\\/dicomag.com.br\\\/#\\\/schema\\\/logo\\\/image\\\/\",\"url\":\"https:\\\/\\\/dicomag.com.br\\\/wp-content\\\/uploads\\\/2019\\\/04\\\/Logo-Dicomag-Comemorativo-jpeg2.png\",\"contentUrl\":\"https:\\\/\\\/dicomag.com.br\\\/wp-content\\\/uploads\\\/2019\\\/04\\\/Logo-Dicomag-Comemorativo-jpeg2.png\",\"width\":457,\"height\":174,\"caption\":\"Dicomag\"},\"image\":{\"@id\":\"https:\\\/\\\/dicomag.com.br\\\/#\\\/schema\\\/logo\\\/image\\\/\"},\"sameAs\":[\"https:\\\/\\\/www.facebook.com\\\/dicomagpoa\\\/\"]}]}<\/script>\n<!-- \/ Yoast SEO plugin. -->","yoast_head_json":{"title":"Aparelho Port\u00e1til Para Magnetizar \u00c1gua Com Infravermelho - Dicomag","description":"Aparelho Port\u00e1til Para Magnetizar \u00c1gua Com Infravermelho atua como um antioxidante, pode neutralizar e bloquear os danos dos radicais livres no corpo.","robots":{"index":"index","follow":"follow","max-snippet":"max-snippet:-1","max-image-preview":"max-image-preview:large","max-video-preview":"max-video-preview:-1"},"canonical":"https:\/\/dicomag.com.br\/?product=aparelho-portatil-para-magnetizar-agua-infravermelho","og_locale":"pt_BR","og_type":"article","og_title":"Aparelho Port\u00e1til Para Magnetizar \u00c1gua Com Infravermelho - Dicomag","og_description":"Aparelho Port\u00e1til Para Magnetizar \u00c1gua Com Infravermelho atua como um antioxidante, pode neutralizar e bloquear os danos dos radicais livres no corpo.","og_url":"https:\/\/dicomag.com.br\/?product=aparelho-portatil-para-magnetizar-agua-infravermelho","og_site_name":"Dicomag","article_publisher":"https:\/\/www.facebook.com\/dicomagpoa\/","article_modified_time":"2024-04-29T14:51:32+00:00","og_image":[{"width":490,"height":480,"url":"http:\/\/dicomag.com.br\/wp-content\/uploads\/2019\/02\/Magnetizador-para-agua-2.jpg","type":"image\/jpeg"}],"twitter_card":"summary_large_image","twitter_misc":{"Est. tempo de leitura":"2 minutos"},"schema":{"@context":"https:\/\/schema.org","@graph":[{"@type":"WebPage","@id":"https:\/\/dicomag.com.br\/?product=aparelho-portatil-para-magnetizar-agua-infravermelho","url":"https:\/\/dicomag.com.br\/?product=aparelho-portatil-para-magnetizar-agua-infravermelho","name":"Aparelho Port\u00e1til Para Magnetizar \u00c1gua Com Infravermelho - Dicomag","isPartOf":{"@id":"https:\/\/dicomag.com.br\/#website"},"primaryImageOfPage":{"@id":"https:\/\/dicomag.com.br\/?product=aparelho-portatil-para-magnetizar-agua-infravermelho#primaryimage"},"image":{"@id":"https:\/\/dicomag.com.br\/?product=aparelho-portatil-para-magnetizar-agua-infravermelho#primaryimage"},"thumbnailUrl":"https:\/\/dicomag.com.br\/wp-content\/uploads\/2019\/02\/Magnetizador-para-agua-2.jpg","datePublished":"2019-02-10T11:50:14+00:00","dateModified":"2024-04-29T14:51:32+00:00","description":"Aparelho Port\u00e1til Para Magnetizar \u00c1gua Com Infravermelho atua como um antioxidante, pode neutralizar e bloquear os danos dos radicais livres no corpo.","breadcrumb":{"@id":"https:\/\/dicomag.com.br\/?product=aparelho-portatil-para-magnetizar-agua-infravermelho#breadcrumb"},"inLanguage":"pt-BR","potentialAction":[{"@type":"ReadAction","target":["https:\/\/dicomag.com.br\/?product=aparelho-portatil-para-magnetizar-agua-infravermelho"]}]},{"@type":"ImageObject","inLanguage":"pt-BR","@id":"https:\/\/dicomag.com.br\/?product=aparelho-portatil-para-magnetizar-agua-infravermelho#primaryimage","url":"https:\/\/dicomag.com.br\/wp-content\/uploads\/2019\/02\/Magnetizador-para-agua-2.jpg","contentUrl":"https:\/\/dicomag.com.br\/wp-content\/uploads\/2019\/02\/Magnetizador-para-agua-2.jpg","width":490,"height":480,"caption":"Aparelho Port\u00e1til Para Magnetizar \u00c1gua Com Infravermelho"},{"@type":"BreadcrumbList","@id":"https:\/\/dicomag.com.br\/?product=aparelho-portatil-para-magnetizar-agua-infravermelho#breadcrumb","itemListElement":[{"@type":"ListItem","position":1,"name":"In\u00edcio","item":"https:\/\/dicomag.com.br\/"},{"@type":"ListItem","position":2,"name":"Shop","item":"https:\/\/dicomag.com.br\/"},{"@type":"ListItem","position":3,"name":"Aparelho Port\u00e1til Para Magnetizar \u00c1gua Com Infravermelho"}]},{"@type":"WebSite","@id":"https:\/\/dicomag.com.br\/#website","url":"https:\/\/dicomag.com.br\/","name":"Dicomag","description":"Imas","publisher":{"@id":"https:\/\/dicomag.com.br\/#organization"},"potentialAction":[{"@type":"SearchAction","target":{"@type":"EntryPoint","urlTemplate":"https:\/\/dicomag.com.br\/?s={search_term_string}"},"query-input":{"@type":"PropertyValueSpecification","valueRequired":true,"valueName":"search_term_string"}}],"inLanguage":"pt-BR"},{"@type":"Organization","@id":"https:\/\/dicomag.com.br\/#organization","name":"Dicomag","url":"https:\/\/dicomag.com.br\/","logo":{"@type":"ImageObject","inLanguage":"pt-BR","@id":"https:\/\/dicomag.com.br\/#\/schema\/logo\/image\/","url":"https:\/\/dicomag.com.br\/wp-content\/uploads\/2019\/04\/Logo-Dicomag-Comemorativo-jpeg2.png","contentUrl":"https:\/\/dicomag.com.br\/wp-content\/uploads\/2019\/04\/Logo-Dicomag-Comemorativo-jpeg2.png","width":457,"height":174,"caption":"Dicomag"},"image":{"@id":"https:\/\/dicomag.com.br\/#\/schema\/logo\/image\/"},"sameAs":["https:\/\/www.facebook.com\/dicomagpoa\/"]}]}},"_links":{"self":[{"href":"https:\/\/dicomag.com.br\/index.php?rest_route=\/wp\/v2\/product\/2061","targetHints":{"allow":["GET"]}}],"collection":[{"href":"https:\/\/dicomag.com.br\/index.php?rest_route=\/wp\/v2\/product"}],"about":[{"href":"https:\/\/dicomag.com.br\/index.php?rest_route=\/wp\/v2\/types\/product"}],"replies":[{"embeddable":true,"href":"https:\/\/dicomag.com.br\/index.php?rest_route=%2Fwp%2Fv2%2Fcomments&post=2061"}],"wp:featuredmedia":[{"embeddable":true,"href":"https:\/\/dicomag.com.br\/index.php?rest_route=\/wp\/v2\/media\/4380"}],"wp:attachment":[{"href":"https:\/\/dicomag.com.br\/index.php?rest_route=%2Fwp%2Fv2%2Fmedia&parent=2061"}],"wp:term":[{"taxonomy":"product_brand","embeddable":true,"href":"https:\/\/dicomag.com.br\/index.php?rest_route=%2Fwp%2Fv2%2Fproduct_brand&post=2061"},{"taxonomy":"product_cat","embeddable":true,"href":"https:\/\/dicomag.com.br\/index.php?rest_route=%2Fwp%2Fv2%2Fproduct_cat&post=2061"},{"taxonomy":"product_tag","embeddable":true,"href":"https:\/\/dicomag.com.br\/index.php?rest_route=%2Fwp%2Fv2%2Fproduct_tag&post=2061"}],"curies":[{"name":"wp","href":"https:\/\/api.w.org\/{rel}","templated":true}]}}