{"id":2066,"date":"2019-02-10T11:59:44","date_gmt":"2019-02-10T11:59:44","guid":{"rendered":"http:\/\/dicomag.com.br\/?post_type=product&#038;p=2066"},"modified":"2022-10-26T19:33:32","modified_gmt":"2022-10-26T19:33:32","slug":"base-suporte-imantador-de-liquidos","status":"publish","type":"product","link":"https:\/\/dicomag.com.br\/?product=base-suporte-imantador-de-liquidos","title":{"rendered":"Base Suporte Imantador de L\u00edquidos"},"content":{"rendered":"<h2>Base Suporte Imantador de L\u00edquidos<\/h2>\n<p>Base Suporte Imantador de L\u00edquidos , vem com a fun\u00e7\u00e3o de hidratar o corpo com \u00e1gua magnetizada.<\/p>\n<p>Assim sendo \u00e9 fundamental para manter ou recuperar o n\u00edvel \u00f3timo de bem-estar.<\/p>\n<p>Consequentemente a \u00e1gua magnetizada transforma a \u00e1gua em micro clusters que s\u00e3o mais facilmente absorvidos a n\u00edvel celular.<\/p>\n<p>Ou Seja, com isso ela chega a hidratar at\u00e9 6 vezes mais que a \u00e1gua comum.<\/p>\n<p>Certamente a \u00e1gua magnetizada atua como um antioxidante, pode efetivamente neutralizar e bloquear os danos dos radicais livres no corpo.<\/p>\n<p>Sendo assim uso do magnetizador de \u00e1gua reduz os radicais livres do nosso organismo e possibilita um alto grau de alcaliniza\u00e7\u00e3o no organismo.<\/p>\n<p>Tendo como efeito principal o restabelecimento natural do organismo por n\u00e3o estar mais sob a agress\u00e3o dos radicais livres e da acidez, prevenindo assim as doen\u00e7as degenerativas.<\/p>\n<p>Sendo composto por 4 magnetos.<\/p>\n<p>Base Suporte Imantador de L\u00edquidos \u00e9 produto terap\u00eautico facilita a absor\u00e7\u00e3o dos nutrientes presentes nos l\u00edquidos.<\/p>\n<p>Entre os benef\u00edcios garantidos, est\u00e3o melhoras significativas no sistema digestivo, renal, circulat\u00f3rio e muscular.<\/p>\n<p>Seu uso \u00e9 apropriado para jarras, copos, squeze de pequeno porte.<\/p>\n<p>Entretanto, n\u00e3o \u00e9 medicamento.<\/p>\n<p>Por outro lado, n\u00e3o tem fun\u00e7\u00e3o terap\u00eautica ou de cura.<\/p>\n<p>Mais impostante tem a\u00e7\u00e3o natural.<\/p>\n<p>Acima de tudo n\u00e3o h\u00e1 efeitos colaterais.<\/p>\n<p>Indicamos sempre tomar 2 litros de \u00e1gua por dia.<\/p>\n","protected":false},"excerpt":{"rendered":"<h2>Base Suporte Imantador de L\u00edquidos<\/h2>\n<p>Base Suporte Imantador de L\u00edquidos , vem com a fun\u00e7\u00e3o de hidratar o corpo com \u00e1gua magnetizada.<\/p>\n<p>Assim sendo \u00e9 fundamental para manter ou recuperar o n\u00edvel \u00f3timo de bem-estar.<\/p>\n<p>Consequentemente a \u00e1gua magnetizada transforma a \u00e1gua em micro clusters que s\u00e3o mais facilmente absorvidos a n\u00edvel celular.<\/p>\n<p>Ou Seja, com isso ela chega a hidratar at\u00e9 6 vezes mais que a \u00e1gua comum.<\/p>\n","protected":false},"featured_media":2067,"comment_status":"open","ping_status":"closed","template":"","meta":[],"product_brand":[],"product_cat":[673,144],"product_tag":[182,674,184,183,188,189,160,186,159,187],"class_list":{"0":"post-2066","1":"product","2":"type-product","3":"status-publish","4":"has-post-thumbnail","6":"product_cat-imantadores-mineralizador","7":"product_cat-linha-bem-estar-bem","8":"product_tag-ativacao-metabolica","9":"product_tag-base-suporte-imantador-de-liquidos","10":"product_tag-biomagnoterapia","11":"product_tag-circulacao-sanguinea","12":"product_tag-contusoes","13":"product_tag-entorses","14":"product_tag-magnetoterapia","15":"product_tag-ortopedia","16":"product_tag-reflexologia","17":"product_tag-tratamento-de-lesoes","18":"pa_tamanho-exg","19":"pa_tamanho-g","20":"pa_tamanho-gg","21":"pa_tamanho-m","22":"pa_tamanho-p","24":"first","25":"instock","26":"sale","27":"taxable","28":"shipping-taxable","29":"purchasable","30":"product-type-simple"},"yoast_head":"<!-- This site is optimized with the Yoast SEO plugin v27.4 - https:\/\/yoast.com\/product\/yoast-seo-wordpress\/ -->\n<title>Base Suporte Imantador de L\u00edquidos - Dicomag<\/title>\n<meta name=\"description\" content=\"Base Suporte Imantador de L\u00edquidos pode efetivamente neutralizar e bloquear os danos dos radicais livres no corpo, atua como um antioxidante.\" \/>\n<meta name=\"robots\" content=\"index, follow, max-snippet:-1, max-image-preview:large, max-video-preview:-1\" \/>\n<link rel=\"canonical\" href=\"https:\/\/dicomag.com.br\/?product=base-suporte-imantador-de-liquidos\" \/>\n<meta property=\"og:locale\" content=\"pt_BR\" \/>\n<meta property=\"og:type\" content=\"article\" \/>\n<meta property=\"og:title\" content=\"Base Suporte Imantador de L\u00edquidos - Dicomag\" \/>\n<meta property=\"og:description\" content=\"Base Suporte Imantador de L\u00edquidos pode efetivamente neutralizar e bloquear os danos dos radicais livres no corpo, atua como um antioxidante.\" \/>\n<meta property=\"og:url\" content=\"https:\/\/dicomag.com.br\/?product=base-suporte-imantador-de-liquidos\" \/>\n<meta property=\"og:site_name\" content=\"Dicomag\" \/>\n<meta property=\"article:publisher\" content=\"https:\/\/www.facebook.com\/dicomagpoa\/\" \/>\n<meta property=\"article:modified_time\" content=\"2022-10-26T19:33:32+00:00\" \/>\n<meta property=\"og:image\" content=\"http:\/\/dicomag.com.br\/wp-content\/uploads\/2019\/02\/Imantador-de-L\u00edquidos-II.png\" \/>\n\t<meta property=\"og:image:width\" content=\"550\" \/>\n\t<meta property=\"og:image:height\" content=\"400\" \/>\n\t<meta property=\"og:image:type\" content=\"image\/png\" \/>\n<meta name=\"twitter:card\" content=\"summary_large_image\" \/>\n<meta name=\"twitter:label1\" content=\"Est. tempo de leitura\" \/>\n\t<meta name=\"twitter:data1\" content=\"1 minuto\" \/>\n<script type=\"application\/ld+json\" class=\"yoast-schema-graph\">{\"@context\":\"https:\\\/\\\/schema.org\",\"@graph\":[{\"@type\":\"WebPage\",\"@id\":\"https:\\\/\\\/dicomag.com.br\\\/?product=base-suporte-imantador-de-liquidos\",\"url\":\"https:\\\/\\\/dicomag.com.br\\\/?product=base-suporte-imantador-de-liquidos\",\"name\":\"Base Suporte Imantador de L\u00edquidos - Dicomag\",\"isPartOf\":{\"@id\":\"https:\\\/\\\/dicomag.com.br\\\/#website\"},\"primaryImageOfPage\":{\"@id\":\"https:\\\/\\\/dicomag.com.br\\\/?product=base-suporte-imantador-de-liquidos#primaryimage\"},\"image\":{\"@id\":\"https:\\\/\\\/dicomag.com.br\\\/?product=base-suporte-imantador-de-liquidos#primaryimage\"},\"thumbnailUrl\":\"https:\\\/\\\/dicomag.com.br\\\/wp-content\\\/uploads\\\/2019\\\/02\\\/Imantador-de-L\u00edquidos-II.png\",\"datePublished\":\"2019-02-10T11:59:44+00:00\",\"dateModified\":\"2022-10-26T19:33:32+00:00\",\"description\":\"Base Suporte Imantador de L\u00edquidos pode efetivamente neutralizar e bloquear os danos dos radicais livres no corpo, atua como um antioxidante.\",\"breadcrumb\":{\"@id\":\"https:\\\/\\\/dicomag.com.br\\\/?product=base-suporte-imantador-de-liquidos#breadcrumb\"},\"inLanguage\":\"pt-BR\",\"potentialAction\":[{\"@type\":\"ReadAction\",\"target\":[\"https:\\\/\\\/dicomag.com.br\\\/?product=base-suporte-imantador-de-liquidos\"]}]},{\"@type\":\"ImageObject\",\"inLanguage\":\"pt-BR\",\"@id\":\"https:\\\/\\\/dicomag.com.br\\\/?product=base-suporte-imantador-de-liquidos#primaryimage\",\"url\":\"https:\\\/\\\/dicomag.com.br\\\/wp-content\\\/uploads\\\/2019\\\/02\\\/Imantador-de-L\u00edquidos-II.png\",\"contentUrl\":\"https:\\\/\\\/dicomag.com.br\\\/wp-content\\\/uploads\\\/2019\\\/02\\\/Imantador-de-L\u00edquidos-II.png\",\"width\":550,\"height\":400,\"caption\":\"Base Suporte Imantador de L\u00edquidos\"},{\"@type\":\"BreadcrumbList\",\"@id\":\"https:\\\/\\\/dicomag.com.br\\\/?product=base-suporte-imantador-de-liquidos#breadcrumb\",\"itemListElement\":[{\"@type\":\"ListItem\",\"position\":1,\"name\":\"In\u00edcio\",\"item\":\"https:\\\/\\\/dicomag.com.br\\\/\"},{\"@type\":\"ListItem\",\"position\":2,\"name\":\"Shop\",\"item\":\"https:\\\/\\\/dicomag.com.br\\\/\"},{\"@type\":\"ListItem\",\"position\":3,\"name\":\"Base Suporte Imantador de L\u00edquidos\"}]},{\"@type\":\"WebSite\",\"@id\":\"https:\\\/\\\/dicomag.com.br\\\/#website\",\"url\":\"https:\\\/\\\/dicomag.com.br\\\/\",\"name\":\"Dicomag\",\"description\":\"Imas\",\"publisher\":{\"@id\":\"https:\\\/\\\/dicomag.com.br\\\/#organization\"},\"potentialAction\":[{\"@type\":\"SearchAction\",\"target\":{\"@type\":\"EntryPoint\",\"urlTemplate\":\"https:\\\/\\\/dicomag.com.br\\\/?s={search_term_string}\"},\"query-input\":{\"@type\":\"PropertyValueSpecification\",\"valueRequired\":true,\"valueName\":\"search_term_string\"}}],\"inLanguage\":\"pt-BR\"},{\"@type\":\"Organization\",\"@id\":\"https:\\\/\\\/dicomag.com.br\\\/#organization\",\"name\":\"Dicomag\",\"url\":\"https:\\\/\\\/dicomag.com.br\\\/\",\"logo\":{\"@type\":\"ImageObject\",\"inLanguage\":\"pt-BR\",\"@id\":\"https:\\\/\\\/dicomag.com.br\\\/#\\\/schema\\\/logo\\\/image\\\/\",\"url\":\"https:\\\/\\\/dicomag.com.br\\\/wp-content\\\/uploads\\\/2019\\\/04\\\/Logo-Dicomag-Comemorativo-jpeg2.png\",\"contentUrl\":\"https:\\\/\\\/dicomag.com.br\\\/wp-content\\\/uploads\\\/2019\\\/04\\\/Logo-Dicomag-Comemorativo-jpeg2.png\",\"width\":457,\"height\":174,\"caption\":\"Dicomag\"},\"image\":{\"@id\":\"https:\\\/\\\/dicomag.com.br\\\/#\\\/schema\\\/logo\\\/image\\\/\"},\"sameAs\":[\"https:\\\/\\\/www.facebook.com\\\/dicomagpoa\\\/\"]}]}<\/script>\n<!-- \/ Yoast SEO plugin. -->","yoast_head_json":{"title":"Base Suporte Imantador de L\u00edquidos - Dicomag","description":"Base Suporte Imantador de L\u00edquidos pode efetivamente neutralizar e bloquear os danos dos radicais livres no corpo, atua como um antioxidante.","robots":{"index":"index","follow":"follow","max-snippet":"max-snippet:-1","max-image-preview":"max-image-preview:large","max-video-preview":"max-video-preview:-1"},"canonical":"https:\/\/dicomag.com.br\/?product=base-suporte-imantador-de-liquidos","og_locale":"pt_BR","og_type":"article","og_title":"Base Suporte Imantador de L\u00edquidos - Dicomag","og_description":"Base Suporte Imantador de L\u00edquidos pode efetivamente neutralizar e bloquear os danos dos radicais livres no corpo, atua como um antioxidante.","og_url":"https:\/\/dicomag.com.br\/?product=base-suporte-imantador-de-liquidos","og_site_name":"Dicomag","article_publisher":"https:\/\/www.facebook.com\/dicomagpoa\/","article_modified_time":"2022-10-26T19:33:32+00:00","og_image":[{"width":550,"height":400,"url":"http:\/\/dicomag.com.br\/wp-content\/uploads\/2019\/02\/Imantador-de-L\u00edquidos-II.png","type":"image\/png"}],"twitter_card":"summary_large_image","twitter_misc":{"Est. tempo de leitura":"1 minuto"},"schema":{"@context":"https:\/\/schema.org","@graph":[{"@type":"WebPage","@id":"https:\/\/dicomag.com.br\/?product=base-suporte-imantador-de-liquidos","url":"https:\/\/dicomag.com.br\/?product=base-suporte-imantador-de-liquidos","name":"Base Suporte Imantador de L\u00edquidos - Dicomag","isPartOf":{"@id":"https:\/\/dicomag.com.br\/#website"},"primaryImageOfPage":{"@id":"https:\/\/dicomag.com.br\/?product=base-suporte-imantador-de-liquidos#primaryimage"},"image":{"@id":"https:\/\/dicomag.com.br\/?product=base-suporte-imantador-de-liquidos#primaryimage"},"thumbnailUrl":"https:\/\/dicomag.com.br\/wp-content\/uploads\/2019\/02\/Imantador-de-L\u00edquidos-II.png","datePublished":"2019-02-10T11:59:44+00:00","dateModified":"2022-10-26T19:33:32+00:00","description":"Base Suporte Imantador de L\u00edquidos pode efetivamente neutralizar e bloquear os danos dos radicais livres no corpo, atua como um antioxidante.","breadcrumb":{"@id":"https:\/\/dicomag.com.br\/?product=base-suporte-imantador-de-liquidos#breadcrumb"},"inLanguage":"pt-BR","potentialAction":[{"@type":"ReadAction","target":["https:\/\/dicomag.com.br\/?product=base-suporte-imantador-de-liquidos"]}]},{"@type":"ImageObject","inLanguage":"pt-BR","@id":"https:\/\/dicomag.com.br\/?product=base-suporte-imantador-de-liquidos#primaryimage","url":"https:\/\/dicomag.com.br\/wp-content\/uploads\/2019\/02\/Imantador-de-L\u00edquidos-II.png","contentUrl":"https:\/\/dicomag.com.br\/wp-content\/uploads\/2019\/02\/Imantador-de-L\u00edquidos-II.png","width":550,"height":400,"caption":"Base Suporte Imantador de L\u00edquidos"},{"@type":"BreadcrumbList","@id":"https:\/\/dicomag.com.br\/?product=base-suporte-imantador-de-liquidos#breadcrumb","itemListElement":[{"@type":"ListItem","position":1,"name":"In\u00edcio","item":"https:\/\/dicomag.com.br\/"},{"@type":"ListItem","position":2,"name":"Shop","item":"https:\/\/dicomag.com.br\/"},{"@type":"ListItem","position":3,"name":"Base Suporte Imantador de L\u00edquidos"}]},{"@type":"WebSite","@id":"https:\/\/dicomag.com.br\/#website","url":"https:\/\/dicomag.com.br\/","name":"Dicomag","description":"Imas","publisher":{"@id":"https:\/\/dicomag.com.br\/#organization"},"potentialAction":[{"@type":"SearchAction","target":{"@type":"EntryPoint","urlTemplate":"https:\/\/dicomag.com.br\/?s={search_term_string}"},"query-input":{"@type":"PropertyValueSpecification","valueRequired":true,"valueName":"search_term_string"}}],"inLanguage":"pt-BR"},{"@type":"Organization","@id":"https:\/\/dicomag.com.br\/#organization","name":"Dicomag","url":"https:\/\/dicomag.com.br\/","logo":{"@type":"ImageObject","inLanguage":"pt-BR","@id":"https:\/\/dicomag.com.br\/#\/schema\/logo\/image\/","url":"https:\/\/dicomag.com.br\/wp-content\/uploads\/2019\/04\/Logo-Dicomag-Comemorativo-jpeg2.png","contentUrl":"https:\/\/dicomag.com.br\/wp-content\/uploads\/2019\/04\/Logo-Dicomag-Comemorativo-jpeg2.png","width":457,"height":174,"caption":"Dicomag"},"image":{"@id":"https:\/\/dicomag.com.br\/#\/schema\/logo\/image\/"},"sameAs":["https:\/\/www.facebook.com\/dicomagpoa\/"]}]}},"_links":{"self":[{"href":"https:\/\/dicomag.com.br\/index.php?rest_route=\/wp\/v2\/product\/2066","targetHints":{"allow":["GET"]}}],"collection":[{"href":"https:\/\/dicomag.com.br\/index.php?rest_route=\/wp\/v2\/product"}],"about":[{"href":"https:\/\/dicomag.com.br\/index.php?rest_route=\/wp\/v2\/types\/product"}],"replies":[{"embeddable":true,"href":"https:\/\/dicomag.com.br\/index.php?rest_route=%2Fwp%2Fv2%2Fcomments&post=2066"}],"wp:featuredmedia":[{"embeddable":true,"href":"https:\/\/dicomag.com.br\/index.php?rest_route=\/wp\/v2\/media\/2067"}],"wp:attachment":[{"href":"https:\/\/dicomag.com.br\/index.php?rest_route=%2Fwp%2Fv2%2Fmedia&parent=2066"}],"wp:term":[{"taxonomy":"product_brand","embeddable":true,"href":"https:\/\/dicomag.com.br\/index.php?rest_route=%2Fwp%2Fv2%2Fproduct_brand&post=2066"},{"taxonomy":"product_cat","embeddable":true,"href":"https:\/\/dicomag.com.br\/index.php?rest_route=%2Fwp%2Fv2%2Fproduct_cat&post=2066"},{"taxonomy":"product_tag","embeddable":true,"href":"https:\/\/dicomag.com.br\/index.php?rest_route=%2Fwp%2Fv2%2Fproduct_tag&post=2066"}],"curies":[{"name":"wp","href":"https:\/\/api.w.org\/{rel}","templated":true}]}}