{"id":2069,"date":"2019-02-10T12:07:54","date_gmt":"2019-02-10T12:07:54","guid":{"rendered":"http:\/\/dicomag.com.br\/?post_type=product&#038;p=2069"},"modified":"2023-08-19T19:46:31","modified_gmt":"2023-08-19T19:46:31","slug":"assento-e-encosto-anatomico-magnetizado","status":"publish","type":"product","link":"https:\/\/dicomag.com.br\/?product=assento-e-encosto-anatomico-magnetizado","title":{"rendered":"Conjunto de Assento e Encosto Anat\u00f4mico Magn\u00e9tico"},"content":{"rendered":"<h1>Conjunto de Assento e Encosto Anat\u00f4mico Magn\u00e9tico<\/h1>\n<p>O Conjunto de Assento e Encosto Anat\u00f4mico Magn\u00e9tico \u00e9 indicada para pessoas com lombalgia.<\/p>\n<p>Acima de tudo diminui a tens\u00e3o biomec\u00e2nica na coluna lombar.<\/p>\n<p>Da mesma forma Assento Ergon\u00f4mico \u00e9 ideal para longas viagens.<\/p>\n<p>Em sua composi\u00e7\u00e3o apresenta tecnologia do infravermelho longo e da magnetoterapia.<\/p>\n<p>Mais impostante vem com uma espuma especial capaz de melhorar a percep\u00e7\u00e3o muscular e promover melhora da circula\u00e7\u00e3o sangu\u00ednea da musculatura da coluna dorsal.<\/p>\n<p>Assim como as pastilhas de infravermelho e o power biocer\u00e2mico s\u00e3o capazes de emitir ondas de infravermelho.<\/p>\n<p>Com isto atuam no metabolismo e na cicatriza\u00e7\u00e3o celular, promovendo a libera\u00e7\u00e3o de subst\u00e2ncias qu\u00edmicas end\u00f3genas, que causam efeitos ben\u00e9ficos ao organismo.<\/p>\n<p>Em suma a Emuls\u00e3o met\u00e1lica que atrav\u00e9s do calor de 36\u00b0 do corpo emite uma onda eletromagn\u00e9tica de 0,4 a 14 m\u00edcrons.<\/p>\n<h2>Quais as vantagens da terapia magn\u00e9tica?<\/h2>\n<p>As t\u00e9cnicas que utilizam a magnetoterapia possuem diversos benef\u00edcios, que incluem:<\/p>\n<p>Em primeiro lugar s\u00e3o seguras e n\u00e3o invasivas;<\/p>\n<p>Em Segundo lugar n\u00e3o provocam dor;<\/p>\n<p>Al\u00e9m disto podem ser aplicadas sem contraindica\u00e7\u00f5es na maior parte das patologias;<\/p>\n<p>Assim como tamb\u00e9m induzem bons resultados de forma n\u00e3o medicamentosa.<\/p>\n<p>Al\u00e9m dessas vantagens em rela\u00e7\u00e3o a outras terapias, as t\u00e9cnicas que envolvem a magnetoterapia s\u00e3o bastante eficazes para o tratamento de diversas patologias, como:<\/p>\n<p>Por exemplo em doen\u00e7as inflamat\u00f3rias, reum\u00e1ticas e musculares (como artroses, epicondilite, tendinites, lombalgias e distens\u00f5es musculares);<\/p>\n<p>Assim como traumas recentes, problemas articulares, tor\u00e7\u00f5es musculares e de tend\u00e3o;<\/p>\n<p>Tamb\u00e9m em \u00falceras traum\u00e1ticas, de queimaduras, venosas e de dec\u00fabito;<\/p>\n<p>Como em doen\u00e7as que demandam maior microvasculariza\u00e7\u00e3o para regenera\u00e7\u00e3o de tecidos, como em transplantes, diabetes e na consolida\u00e7\u00e3o de calos \u00f3sseos;<\/p>\n<p>Al\u00e9m de casos de osteoporose.<\/p>\n<p>Conjunto de Assento e Encosto Anat\u00f4mico Magn\u00e9tico:<\/p>\n<p>Qualquer um pode us\u00e1-los na privacidade da sua pr\u00f3pria casa, carro, escrit\u00f3rio.<\/p>\n<p>Vem nas cores preto ou cinza.<\/p>\n<p>Neste contexto, a utiliza\u00e7\u00e3o do bio-\u00edm\u00e3 \u00e9 vantajosa, pois:<\/p>\n<p>Em primeiro lugar, aliviam a causa da dor, n\u00e3o apenas os sintomas.<\/p>\n<p>Em segundo lugar, eles s\u00e3o seguros.<\/p>\n<p>Contudo n\u00e3o t\u00eam efeitos colaterais conhecidos em nossos corpos, pois j\u00e1 vivem no campo magn\u00e9tico natural da Terra.<\/p>\n<p>Em terceiro lugar, simplicidade.<\/p>\n","protected":false},"excerpt":{"rendered":"<h1>Conjunto de Assento e Encosto Anat\u00f4mico Magn\u00e9tico<\/h1>\n<p>O Conjunto de Assento e Encosto Anat\u00f4mico Magn\u00e9tico \u00e9 indicada para pessoas com lombalgia.<\/p>\n<p>Acima de tudo diminui a tens\u00e3o biomec\u00e2nica na coluna lombar.<\/p>\n<p>Da mesma forma Assento Ergon\u00f4mico \u00e9 ideal para longas viagens.<\/p>\n<p>Em sua composi\u00e7\u00e3o apresenta tecnologia do infravermelho longo e da magnetoterapia.<\/p>\n<p>Mais impostante vem com uma espuma especial capaz de melhorar a percep\u00e7\u00e3o muscular e promover melhora da circula\u00e7\u00e3o sangu\u00ednea da musculatura da coluna dorsal.<\/p>\n","protected":false},"featured_media":2071,"comment_status":"open","ping_status":"closed","template":"","meta":[],"product_brand":[],"product_cat":[144,185],"product_tag":[182,184,183,188,189,160,186,159,187],"class_list":{"0":"post-2069","1":"product","2":"type-product","3":"status-publish","4":"has-post-thumbnail","6":"product_cat-linha-bem-estar-bem","7":"product_cat-orteses-ortopedicas-magneticas-punho-joelho-ombro-tornozelo-cintura-lombar-pe-assento-e-encosto-polegar-sistema-circulatorio","8":"product_tag-ativacao-metabolica","9":"product_tag-biomagnoterapia","10":"product_tag-circulacao-sanguinea","11":"product_tag-contusoes","12":"product_tag-entorses","13":"product_tag-magnetoterapia","14":"product_tag-ortopedia","15":"product_tag-reflexologia","16":"product_tag-tratamento-de-lesoes","17":"pa_tamanho-exg","18":"pa_tamanho-g","19":"pa_tamanho-gg","20":"pa_tamanho-m","21":"pa_tamanho-p","23":"first","24":"instock","25":"sale","26":"taxable","27":"shipping-taxable","28":"purchasable","29":"product-type-simple"},"yoast_head":"<!-- This site is optimized with the Yoast SEO plugin v27.4 - https:\/\/yoast.com\/product\/yoast-seo-wordpress\/ -->\n<title>Conjunto de Assento e Encosto Anat\u00f4mico Magn\u00e9tico - Dicomag<\/title>\n<meta name=\"description\" content=\"Conjunto de Assento e Encosto Anat\u00f4mico Magn\u00e9tico \u00e9 indicada para pessoas com lombalgia, diminui a tens\u00e3o biomec\u00e2nica na coluna lombar.\" \/>\n<meta name=\"robots\" content=\"index, follow, max-snippet:-1, max-image-preview:large, max-video-preview:-1\" \/>\n<link rel=\"canonical\" href=\"https:\/\/dicomag.com.br\/?product=assento-e-encosto-anatomico-magnetizado\" \/>\n<meta property=\"og:locale\" content=\"pt_BR\" \/>\n<meta property=\"og:type\" content=\"article\" \/>\n<meta property=\"og:title\" content=\"Conjunto de Assento e Encosto Anat\u00f4mico Magn\u00e9tico - Dicomag\" \/>\n<meta property=\"og:description\" content=\"Conjunto de Assento e Encosto Anat\u00f4mico Magn\u00e9tico \u00e9 indicada para pessoas com lombalgia, diminui a tens\u00e3o biomec\u00e2nica na coluna lombar.\" \/>\n<meta property=\"og:url\" content=\"https:\/\/dicomag.com.br\/?product=assento-e-encosto-anatomico-magnetizado\" \/>\n<meta property=\"og:site_name\" content=\"Dicomag\" \/>\n<meta property=\"article:publisher\" content=\"https:\/\/www.facebook.com\/dicomagpoa\/\" \/>\n<meta property=\"article:modified_time\" content=\"2023-08-19T19:46:31+00:00\" \/>\n<meta property=\"og:image\" content=\"https:\/\/dicomag.com.br\/wp-content\/uploads\/2019\/02\/Assento-e-enconsto-magnetico.jpg\" \/>\n\t<meta property=\"og:image:width\" content=\"700\" \/>\n\t<meta property=\"og:image:height\" content=\"933\" \/>\n\t<meta property=\"og:image:type\" content=\"image\/jpeg\" \/>\n<meta name=\"twitter:card\" content=\"summary_large_image\" \/>\n<meta name=\"twitter:label1\" content=\"Est. tempo de leitura\" \/>\n\t<meta name=\"twitter:data1\" content=\"2 minutos\" \/>\n<script type=\"application\/ld+json\" class=\"yoast-schema-graph\">{\"@context\":\"https:\\\/\\\/schema.org\",\"@graph\":[{\"@type\":\"WebPage\",\"@id\":\"https:\\\/\\\/dicomag.com.br\\\/?product=assento-e-encosto-anatomico-magnetizado\",\"url\":\"https:\\\/\\\/dicomag.com.br\\\/?product=assento-e-encosto-anatomico-magnetizado\",\"name\":\"Conjunto de Assento e Encosto Anat\u00f4mico Magn\u00e9tico - Dicomag\",\"isPartOf\":{\"@id\":\"https:\\\/\\\/dicomag.com.br\\\/#website\"},\"primaryImageOfPage\":{\"@id\":\"https:\\\/\\\/dicomag.com.br\\\/?product=assento-e-encosto-anatomico-magnetizado#primaryimage\"},\"image\":{\"@id\":\"https:\\\/\\\/dicomag.com.br\\\/?product=assento-e-encosto-anatomico-magnetizado#primaryimage\"},\"thumbnailUrl\":\"https:\\\/\\\/dicomag.com.br\\\/wp-content\\\/uploads\\\/2019\\\/02\\\/Assento-e-enconsto-magnetico.jpg\",\"datePublished\":\"2019-02-10T12:07:54+00:00\",\"dateModified\":\"2023-08-19T19:46:31+00:00\",\"description\":\"Conjunto de Assento e Encosto Anat\u00f4mico Magn\u00e9tico \u00e9 indicada para pessoas com lombalgia, diminui a tens\u00e3o biomec\u00e2nica na coluna lombar.\",\"breadcrumb\":{\"@id\":\"https:\\\/\\\/dicomag.com.br\\\/?product=assento-e-encosto-anatomico-magnetizado#breadcrumb\"},\"inLanguage\":\"pt-BR\",\"potentialAction\":[{\"@type\":\"ReadAction\",\"target\":[\"https:\\\/\\\/dicomag.com.br\\\/?product=assento-e-encosto-anatomico-magnetizado\"]}]},{\"@type\":\"ImageObject\",\"inLanguage\":\"pt-BR\",\"@id\":\"https:\\\/\\\/dicomag.com.br\\\/?product=assento-e-encosto-anatomico-magnetizado#primaryimage\",\"url\":\"https:\\\/\\\/dicomag.com.br\\\/wp-content\\\/uploads\\\/2019\\\/02\\\/Assento-e-enconsto-magnetico.jpg\",\"contentUrl\":\"https:\\\/\\\/dicomag.com.br\\\/wp-content\\\/uploads\\\/2019\\\/02\\\/Assento-e-enconsto-magnetico.jpg\",\"width\":700,\"height\":933,\"caption\":\"Conjunto de Assento e Encosto Anat\u00f4mico Magn\u00e9tico\"},{\"@type\":\"BreadcrumbList\",\"@id\":\"https:\\\/\\\/dicomag.com.br\\\/?product=assento-e-encosto-anatomico-magnetizado#breadcrumb\",\"itemListElement\":[{\"@type\":\"ListItem\",\"position\":1,\"name\":\"In\u00edcio\",\"item\":\"https:\\\/\\\/dicomag.com.br\\\/\"},{\"@type\":\"ListItem\",\"position\":2,\"name\":\"Shop\",\"item\":\"https:\\\/\\\/dicomag.com.br\\\/\"},{\"@type\":\"ListItem\",\"position\":3,\"name\":\"Conjunto de Assento e Encosto Anat\u00f4mico Magn\u00e9tico\"}]},{\"@type\":\"WebSite\",\"@id\":\"https:\\\/\\\/dicomag.com.br\\\/#website\",\"url\":\"https:\\\/\\\/dicomag.com.br\\\/\",\"name\":\"Dicomag\",\"description\":\"Imas\",\"publisher\":{\"@id\":\"https:\\\/\\\/dicomag.com.br\\\/#organization\"},\"potentialAction\":[{\"@type\":\"SearchAction\",\"target\":{\"@type\":\"EntryPoint\",\"urlTemplate\":\"https:\\\/\\\/dicomag.com.br\\\/?s={search_term_string}\"},\"query-input\":{\"@type\":\"PropertyValueSpecification\",\"valueRequired\":true,\"valueName\":\"search_term_string\"}}],\"inLanguage\":\"pt-BR\"},{\"@type\":\"Organization\",\"@id\":\"https:\\\/\\\/dicomag.com.br\\\/#organization\",\"name\":\"Dicomag\",\"url\":\"https:\\\/\\\/dicomag.com.br\\\/\",\"logo\":{\"@type\":\"ImageObject\",\"inLanguage\":\"pt-BR\",\"@id\":\"https:\\\/\\\/dicomag.com.br\\\/#\\\/schema\\\/logo\\\/image\\\/\",\"url\":\"https:\\\/\\\/dicomag.com.br\\\/wp-content\\\/uploads\\\/2019\\\/04\\\/Logo-Dicomag-Comemorativo-jpeg2.png\",\"contentUrl\":\"https:\\\/\\\/dicomag.com.br\\\/wp-content\\\/uploads\\\/2019\\\/04\\\/Logo-Dicomag-Comemorativo-jpeg2.png\",\"width\":457,\"height\":174,\"caption\":\"Dicomag\"},\"image\":{\"@id\":\"https:\\\/\\\/dicomag.com.br\\\/#\\\/schema\\\/logo\\\/image\\\/\"},\"sameAs\":[\"https:\\\/\\\/www.facebook.com\\\/dicomagpoa\\\/\"]}]}<\/script>\n<!-- \/ Yoast SEO plugin. -->","yoast_head_json":{"title":"Conjunto de Assento e Encosto Anat\u00f4mico Magn\u00e9tico - Dicomag","description":"Conjunto de Assento e Encosto Anat\u00f4mico Magn\u00e9tico \u00e9 indicada para pessoas com lombalgia, diminui a tens\u00e3o biomec\u00e2nica na coluna lombar.","robots":{"index":"index","follow":"follow","max-snippet":"max-snippet:-1","max-image-preview":"max-image-preview:large","max-video-preview":"max-video-preview:-1"},"canonical":"https:\/\/dicomag.com.br\/?product=assento-e-encosto-anatomico-magnetizado","og_locale":"pt_BR","og_type":"article","og_title":"Conjunto de Assento e Encosto Anat\u00f4mico Magn\u00e9tico - Dicomag","og_description":"Conjunto de Assento e Encosto Anat\u00f4mico Magn\u00e9tico \u00e9 indicada para pessoas com lombalgia, diminui a tens\u00e3o biomec\u00e2nica na coluna lombar.","og_url":"https:\/\/dicomag.com.br\/?product=assento-e-encosto-anatomico-magnetizado","og_site_name":"Dicomag","article_publisher":"https:\/\/www.facebook.com\/dicomagpoa\/","article_modified_time":"2023-08-19T19:46:31+00:00","og_image":[{"width":700,"height":933,"url":"https:\/\/dicomag.com.br\/wp-content\/uploads\/2019\/02\/Assento-e-enconsto-magnetico.jpg","type":"image\/jpeg"}],"twitter_card":"summary_large_image","twitter_misc":{"Est. tempo de leitura":"2 minutos"},"schema":{"@context":"https:\/\/schema.org","@graph":[{"@type":"WebPage","@id":"https:\/\/dicomag.com.br\/?product=assento-e-encosto-anatomico-magnetizado","url":"https:\/\/dicomag.com.br\/?product=assento-e-encosto-anatomico-magnetizado","name":"Conjunto de Assento e Encosto Anat\u00f4mico Magn\u00e9tico - Dicomag","isPartOf":{"@id":"https:\/\/dicomag.com.br\/#website"},"primaryImageOfPage":{"@id":"https:\/\/dicomag.com.br\/?product=assento-e-encosto-anatomico-magnetizado#primaryimage"},"image":{"@id":"https:\/\/dicomag.com.br\/?product=assento-e-encosto-anatomico-magnetizado#primaryimage"},"thumbnailUrl":"https:\/\/dicomag.com.br\/wp-content\/uploads\/2019\/02\/Assento-e-enconsto-magnetico.jpg","datePublished":"2019-02-10T12:07:54+00:00","dateModified":"2023-08-19T19:46:31+00:00","description":"Conjunto de Assento e Encosto Anat\u00f4mico Magn\u00e9tico \u00e9 indicada para pessoas com lombalgia, diminui a tens\u00e3o biomec\u00e2nica na coluna lombar.","breadcrumb":{"@id":"https:\/\/dicomag.com.br\/?product=assento-e-encosto-anatomico-magnetizado#breadcrumb"},"inLanguage":"pt-BR","potentialAction":[{"@type":"ReadAction","target":["https:\/\/dicomag.com.br\/?product=assento-e-encosto-anatomico-magnetizado"]}]},{"@type":"ImageObject","inLanguage":"pt-BR","@id":"https:\/\/dicomag.com.br\/?product=assento-e-encosto-anatomico-magnetizado#primaryimage","url":"https:\/\/dicomag.com.br\/wp-content\/uploads\/2019\/02\/Assento-e-enconsto-magnetico.jpg","contentUrl":"https:\/\/dicomag.com.br\/wp-content\/uploads\/2019\/02\/Assento-e-enconsto-magnetico.jpg","width":700,"height":933,"caption":"Conjunto de Assento e Encosto Anat\u00f4mico Magn\u00e9tico"},{"@type":"BreadcrumbList","@id":"https:\/\/dicomag.com.br\/?product=assento-e-encosto-anatomico-magnetizado#breadcrumb","itemListElement":[{"@type":"ListItem","position":1,"name":"In\u00edcio","item":"https:\/\/dicomag.com.br\/"},{"@type":"ListItem","position":2,"name":"Shop","item":"https:\/\/dicomag.com.br\/"},{"@type":"ListItem","position":3,"name":"Conjunto de Assento e Encosto Anat\u00f4mico Magn\u00e9tico"}]},{"@type":"WebSite","@id":"https:\/\/dicomag.com.br\/#website","url":"https:\/\/dicomag.com.br\/","name":"Dicomag","description":"Imas","publisher":{"@id":"https:\/\/dicomag.com.br\/#organization"},"potentialAction":[{"@type":"SearchAction","target":{"@type":"EntryPoint","urlTemplate":"https:\/\/dicomag.com.br\/?s={search_term_string}"},"query-input":{"@type":"PropertyValueSpecification","valueRequired":true,"valueName":"search_term_string"}}],"inLanguage":"pt-BR"},{"@type":"Organization","@id":"https:\/\/dicomag.com.br\/#organization","name":"Dicomag","url":"https:\/\/dicomag.com.br\/","logo":{"@type":"ImageObject","inLanguage":"pt-BR","@id":"https:\/\/dicomag.com.br\/#\/schema\/logo\/image\/","url":"https:\/\/dicomag.com.br\/wp-content\/uploads\/2019\/04\/Logo-Dicomag-Comemorativo-jpeg2.png","contentUrl":"https:\/\/dicomag.com.br\/wp-content\/uploads\/2019\/04\/Logo-Dicomag-Comemorativo-jpeg2.png","width":457,"height":174,"caption":"Dicomag"},"image":{"@id":"https:\/\/dicomag.com.br\/#\/schema\/logo\/image\/"},"sameAs":["https:\/\/www.facebook.com\/dicomagpoa\/"]}]}},"_links":{"self":[{"href":"https:\/\/dicomag.com.br\/index.php?rest_route=\/wp\/v2\/product\/2069","targetHints":{"allow":["GET"]}}],"collection":[{"href":"https:\/\/dicomag.com.br\/index.php?rest_route=\/wp\/v2\/product"}],"about":[{"href":"https:\/\/dicomag.com.br\/index.php?rest_route=\/wp\/v2\/types\/product"}],"replies":[{"embeddable":true,"href":"https:\/\/dicomag.com.br\/index.php?rest_route=%2Fwp%2Fv2%2Fcomments&post=2069"}],"wp:featuredmedia":[{"embeddable":true,"href":"https:\/\/dicomag.com.br\/index.php?rest_route=\/wp\/v2\/media\/2071"}],"wp:attachment":[{"href":"https:\/\/dicomag.com.br\/index.php?rest_route=%2Fwp%2Fv2%2Fmedia&parent=2069"}],"wp:term":[{"taxonomy":"product_brand","embeddable":true,"href":"https:\/\/dicomag.com.br\/index.php?rest_route=%2Fwp%2Fv2%2Fproduct_brand&post=2069"},{"taxonomy":"product_cat","embeddable":true,"href":"https:\/\/dicomag.com.br\/index.php?rest_route=%2Fwp%2Fv2%2Fproduct_cat&post=2069"},{"taxonomy":"product_tag","embeddable":true,"href":"https:\/\/dicomag.com.br\/index.php?rest_route=%2Fwp%2Fv2%2Fproduct_tag&post=2069"}],"curies":[{"name":"wp","href":"https:\/\/api.w.org\/{rel}","templated":true}]}}