{"id":2187,"date":"2019-02-14T19:16:18","date_gmt":"2019-02-14T19:16:18","guid":{"rendered":"http:\/\/dicomag.com.br\/?post_type=product&#038;p=2187"},"modified":"2019-02-14T19:26:25","modified_gmt":"2019-02-14T19:26:25","slug":"pulseira-magnetica-completa","status":"publish","type":"product","link":"https:\/\/dicomag.com.br\/?product=pulseira-magnetica-completa","title":{"rendered":"Pulseira Magn\u00e9tica Completa"},"content":{"rendered":"<p>Pulseiras Magn\u00e9ticas:<br \/>\nCaracter\u00edsticas:<br \/>\nDispositivos magn\u00e9ticos para manuseio de chapas finas, sempre dificultado pelo uso de luvas e presen\u00e7a de \u00f3leo.<br \/>\nEvita o contato das m\u00e3os do operador com a borda cortante das chapas.<br \/>\nLarga aplica\u00e7\u00e3o em estamparias.<br \/>\nNovo Modelo Em Pol\u00edmero Especial:<br \/>\n\u2022 Carca\u00e7a mais leve, mais robusta e mais resistente a choques e tor\u00e7\u00f5es.<br \/>\n\u2022 Constru\u00e7\u00e3o extremamente robusta e de alta durabilidade Protege as m\u00e3os do operador contra as bordas cortantes das chapas<br \/>\n\u2022 Dispositivo de seguran\u00e7a indispens\u00e1vel no manuseio e separa\u00e7\u00e3o de chapas de a\u00e7o<br \/>\n\u2022 Vendida com ou sem cadar\u00e7o, al\u00e9m de cadar\u00e7os avulsos<\/p>\n","protected":false},"excerpt":{"rendered":"<p>Pulseira Magn\u00e9tica completa com cadar\u00e7o<\/p>\n","protected":false},"featured_media":2190,"comment_status":"open","ping_status":"closed","template":"","meta":[],"product_brand":[],"product_cat":[107,278,142],"product_tag":[],"class_list":{"0":"post-2187","1":"product","2":"type-product","3":"status-publish","4":"has-post-thumbnail","6":"product_cat-equipamentos","7":"product_cat-pulseira-magnetica-completa","8":"product_cat-pulseiras","10":"first","11":"instock","12":"taxable","13":"shipping-taxable","14":"purchasable","15":"product-type-simple"},"yoast_head":"<!-- This site is optimized with the Yoast SEO plugin v27.4 - https:\/\/yoast.com\/product\/yoast-seo-wordpress\/ -->\n<title>Pulseira Magn\u00e9tica Completa - Dicomag<\/title>\n<meta name=\"robots\" content=\"index, follow, max-snippet:-1, max-image-preview:large, max-video-preview:-1\" \/>\n<link rel=\"canonical\" href=\"https:\/\/dicomag.com.br\/?product=pulseira-magnetica-completa\" \/>\n<meta property=\"og:locale\" content=\"pt_BR\" \/>\n<meta property=\"og:type\" content=\"article\" \/>\n<meta property=\"og:title\" content=\"Pulseira Magn\u00e9tica Completa - Dicomag\" \/>\n<meta property=\"og:description\" content=\"Pulseira Magn\u00e9tica completa com cadar\u00e7o\" \/>\n<meta property=\"og:url\" content=\"https:\/\/dicomag.com.br\/?product=pulseira-magnetica-completa\" \/>\n<meta property=\"og:site_name\" content=\"Dicomag\" \/>\n<meta property=\"article:publisher\" content=\"https:\/\/www.facebook.com\/dicomagpoa\/\" \/>\n<meta property=\"article:modified_time\" content=\"2019-02-14T19:26:25+00:00\" \/>\n<meta property=\"og:image\" content=\"https:\/\/dicomag.com.br\/wp-content\/uploads\/2019\/02\/pulseira-magnetica-industrial.jpg\" \/>\n\t<meta property=\"og:image:width\" content=\"800\" \/>\n\t<meta property=\"og:image:height\" content=\"494\" \/>\n\t<meta property=\"og:image:type\" content=\"image\/jpeg\" \/>\n<meta name=\"twitter:card\" content=\"summary_large_image\" \/>\n<meta name=\"twitter:label1\" content=\"Est. tempo de leitura\" \/>\n\t<meta name=\"twitter:data1\" content=\"1 minuto\" \/>\n<script type=\"application\/ld+json\" class=\"yoast-schema-graph\">{\"@context\":\"https:\\\/\\\/schema.org\",\"@graph\":[{\"@type\":\"WebPage\",\"@id\":\"https:\\\/\\\/dicomag.com.br\\\/?product=pulseira-magnetica-completa\",\"url\":\"https:\\\/\\\/dicomag.com.br\\\/?product=pulseira-magnetica-completa\",\"name\":\"Pulseira Magn\u00e9tica Completa - Dicomag\",\"isPartOf\":{\"@id\":\"https:\\\/\\\/dicomag.com.br\\\/#website\"},\"primaryImageOfPage\":{\"@id\":\"https:\\\/\\\/dicomag.com.br\\\/?product=pulseira-magnetica-completa#primaryimage\"},\"image\":{\"@id\":\"https:\\\/\\\/dicomag.com.br\\\/?product=pulseira-magnetica-completa#primaryimage\"},\"thumbnailUrl\":\"https:\\\/\\\/dicomag.com.br\\\/wp-content\\\/uploads\\\/2019\\\/02\\\/pulseira-magnetica-industrial.jpg\",\"datePublished\":\"2019-02-14T19:16:18+00:00\",\"dateModified\":\"2019-02-14T19:26:25+00:00\",\"breadcrumb\":{\"@id\":\"https:\\\/\\\/dicomag.com.br\\\/?product=pulseira-magnetica-completa#breadcrumb\"},\"inLanguage\":\"pt-BR\",\"potentialAction\":[{\"@type\":\"ReadAction\",\"target\":[\"https:\\\/\\\/dicomag.com.br\\\/?product=pulseira-magnetica-completa\"]}]},{\"@type\":\"ImageObject\",\"inLanguage\":\"pt-BR\",\"@id\":\"https:\\\/\\\/dicomag.com.br\\\/?product=pulseira-magnetica-completa#primaryimage\",\"url\":\"https:\\\/\\\/dicomag.com.br\\\/wp-content\\\/uploads\\\/2019\\\/02\\\/pulseira-magnetica-industrial.jpg\",\"contentUrl\":\"https:\\\/\\\/dicomag.com.br\\\/wp-content\\\/uploads\\\/2019\\\/02\\\/pulseira-magnetica-industrial.jpg\",\"width\":800,\"height\":494},{\"@type\":\"BreadcrumbList\",\"@id\":\"https:\\\/\\\/dicomag.com.br\\\/?product=pulseira-magnetica-completa#breadcrumb\",\"itemListElement\":[{\"@type\":\"ListItem\",\"position\":1,\"name\":\"In\u00edcio\",\"item\":\"https:\\\/\\\/dicomag.com.br\\\/\"},{\"@type\":\"ListItem\",\"position\":2,\"name\":\"Shop\",\"item\":\"https:\\\/\\\/dicomag.com.br\\\/\"},{\"@type\":\"ListItem\",\"position\":3,\"name\":\"Pulseira Magn\u00e9tica Completa\"}]},{\"@type\":\"WebSite\",\"@id\":\"https:\\\/\\\/dicomag.com.br\\\/#website\",\"url\":\"https:\\\/\\\/dicomag.com.br\\\/\",\"name\":\"Dicomag\",\"description\":\"Imas\",\"publisher\":{\"@id\":\"https:\\\/\\\/dicomag.com.br\\\/#organization\"},\"potentialAction\":[{\"@type\":\"SearchAction\",\"target\":{\"@type\":\"EntryPoint\",\"urlTemplate\":\"https:\\\/\\\/dicomag.com.br\\\/?s={search_term_string}\"},\"query-input\":{\"@type\":\"PropertyValueSpecification\",\"valueRequired\":true,\"valueName\":\"search_term_string\"}}],\"inLanguage\":\"pt-BR\"},{\"@type\":\"Organization\",\"@id\":\"https:\\\/\\\/dicomag.com.br\\\/#organization\",\"name\":\"Dicomag\",\"url\":\"https:\\\/\\\/dicomag.com.br\\\/\",\"logo\":{\"@type\":\"ImageObject\",\"inLanguage\":\"pt-BR\",\"@id\":\"https:\\\/\\\/dicomag.com.br\\\/#\\\/schema\\\/logo\\\/image\\\/\",\"url\":\"https:\\\/\\\/dicomag.com.br\\\/wp-content\\\/uploads\\\/2019\\\/04\\\/Logo-Dicomag-Comemorativo-jpeg2.png\",\"contentUrl\":\"https:\\\/\\\/dicomag.com.br\\\/wp-content\\\/uploads\\\/2019\\\/04\\\/Logo-Dicomag-Comemorativo-jpeg2.png\",\"width\":457,\"height\":174,\"caption\":\"Dicomag\"},\"image\":{\"@id\":\"https:\\\/\\\/dicomag.com.br\\\/#\\\/schema\\\/logo\\\/image\\\/\"},\"sameAs\":[\"https:\\\/\\\/www.facebook.com\\\/dicomagpoa\\\/\"]}]}<\/script>\n<!-- \/ Yoast SEO plugin. -->","yoast_head_json":{"title":"Pulseira Magn\u00e9tica Completa - Dicomag","robots":{"index":"index","follow":"follow","max-snippet":"max-snippet:-1","max-image-preview":"max-image-preview:large","max-video-preview":"max-video-preview:-1"},"canonical":"https:\/\/dicomag.com.br\/?product=pulseira-magnetica-completa","og_locale":"pt_BR","og_type":"article","og_title":"Pulseira Magn\u00e9tica Completa - Dicomag","og_description":"Pulseira Magn\u00e9tica completa com cadar\u00e7o","og_url":"https:\/\/dicomag.com.br\/?product=pulseira-magnetica-completa","og_site_name":"Dicomag","article_publisher":"https:\/\/www.facebook.com\/dicomagpoa\/","article_modified_time":"2019-02-14T19:26:25+00:00","og_image":[{"width":800,"height":494,"url":"https:\/\/dicomag.com.br\/wp-content\/uploads\/2019\/02\/pulseira-magnetica-industrial.jpg","type":"image\/jpeg"}],"twitter_card":"summary_large_image","twitter_misc":{"Est. tempo de leitura":"1 minuto"},"schema":{"@context":"https:\/\/schema.org","@graph":[{"@type":"WebPage","@id":"https:\/\/dicomag.com.br\/?product=pulseira-magnetica-completa","url":"https:\/\/dicomag.com.br\/?product=pulseira-magnetica-completa","name":"Pulseira Magn\u00e9tica Completa - Dicomag","isPartOf":{"@id":"https:\/\/dicomag.com.br\/#website"},"primaryImageOfPage":{"@id":"https:\/\/dicomag.com.br\/?product=pulseira-magnetica-completa#primaryimage"},"image":{"@id":"https:\/\/dicomag.com.br\/?product=pulseira-magnetica-completa#primaryimage"},"thumbnailUrl":"https:\/\/dicomag.com.br\/wp-content\/uploads\/2019\/02\/pulseira-magnetica-industrial.jpg","datePublished":"2019-02-14T19:16:18+00:00","dateModified":"2019-02-14T19:26:25+00:00","breadcrumb":{"@id":"https:\/\/dicomag.com.br\/?product=pulseira-magnetica-completa#breadcrumb"},"inLanguage":"pt-BR","potentialAction":[{"@type":"ReadAction","target":["https:\/\/dicomag.com.br\/?product=pulseira-magnetica-completa"]}]},{"@type":"ImageObject","inLanguage":"pt-BR","@id":"https:\/\/dicomag.com.br\/?product=pulseira-magnetica-completa#primaryimage","url":"https:\/\/dicomag.com.br\/wp-content\/uploads\/2019\/02\/pulseira-magnetica-industrial.jpg","contentUrl":"https:\/\/dicomag.com.br\/wp-content\/uploads\/2019\/02\/pulseira-magnetica-industrial.jpg","width":800,"height":494},{"@type":"BreadcrumbList","@id":"https:\/\/dicomag.com.br\/?product=pulseira-magnetica-completa#breadcrumb","itemListElement":[{"@type":"ListItem","position":1,"name":"In\u00edcio","item":"https:\/\/dicomag.com.br\/"},{"@type":"ListItem","position":2,"name":"Shop","item":"https:\/\/dicomag.com.br\/"},{"@type":"ListItem","position":3,"name":"Pulseira Magn\u00e9tica Completa"}]},{"@type":"WebSite","@id":"https:\/\/dicomag.com.br\/#website","url":"https:\/\/dicomag.com.br\/","name":"Dicomag","description":"Imas","publisher":{"@id":"https:\/\/dicomag.com.br\/#organization"},"potentialAction":[{"@type":"SearchAction","target":{"@type":"EntryPoint","urlTemplate":"https:\/\/dicomag.com.br\/?s={search_term_string}"},"query-input":{"@type":"PropertyValueSpecification","valueRequired":true,"valueName":"search_term_string"}}],"inLanguage":"pt-BR"},{"@type":"Organization","@id":"https:\/\/dicomag.com.br\/#organization","name":"Dicomag","url":"https:\/\/dicomag.com.br\/","logo":{"@type":"ImageObject","inLanguage":"pt-BR","@id":"https:\/\/dicomag.com.br\/#\/schema\/logo\/image\/","url":"https:\/\/dicomag.com.br\/wp-content\/uploads\/2019\/04\/Logo-Dicomag-Comemorativo-jpeg2.png","contentUrl":"https:\/\/dicomag.com.br\/wp-content\/uploads\/2019\/04\/Logo-Dicomag-Comemorativo-jpeg2.png","width":457,"height":174,"caption":"Dicomag"},"image":{"@id":"https:\/\/dicomag.com.br\/#\/schema\/logo\/image\/"},"sameAs":["https:\/\/www.facebook.com\/dicomagpoa\/"]}]}},"_links":{"self":[{"href":"https:\/\/dicomag.com.br\/index.php?rest_route=\/wp\/v2\/product\/2187","targetHints":{"allow":["GET"]}}],"collection":[{"href":"https:\/\/dicomag.com.br\/index.php?rest_route=\/wp\/v2\/product"}],"about":[{"href":"https:\/\/dicomag.com.br\/index.php?rest_route=\/wp\/v2\/types\/product"}],"replies":[{"embeddable":true,"href":"https:\/\/dicomag.com.br\/index.php?rest_route=%2Fwp%2Fv2%2Fcomments&post=2187"}],"wp:featuredmedia":[{"embeddable":true,"href":"https:\/\/dicomag.com.br\/index.php?rest_route=\/wp\/v2\/media\/2190"}],"wp:attachment":[{"href":"https:\/\/dicomag.com.br\/index.php?rest_route=%2Fwp%2Fv2%2Fmedia&parent=2187"}],"wp:term":[{"taxonomy":"product_brand","embeddable":true,"href":"https:\/\/dicomag.com.br\/index.php?rest_route=%2Fwp%2Fv2%2Fproduct_brand&post=2187"},{"taxonomy":"product_cat","embeddable":true,"href":"https:\/\/dicomag.com.br\/index.php?rest_route=%2Fwp%2Fv2%2Fproduct_cat&post=2187"},{"taxonomy":"product_tag","embeddable":true,"href":"https:\/\/dicomag.com.br\/index.php?rest_route=%2Fwp%2Fv2%2Fproduct_tag&post=2187"}],"curies":[{"name":"wp","href":"https:\/\/api.w.org\/{rel}","templated":true}]}}