{"id":2446,"date":"2019-03-15T17:41:46","date_gmt":"2019-03-15T17:41:46","guid":{"rendered":"http:\/\/dicomag.com.br\/?post_type=product&#038;p=2446"},"modified":"2024-11-07T14:22:04","modified_gmt":"2024-11-07T14:22:04","slug":"vassoura-magnetica","status":"publish","type":"product","link":"https:\/\/dicomag.com.br\/?product=vassoura-magnetica","title":{"rendered":"Vassoura Magn\u00e9tica"},"content":{"rendered":"<p>A Vassoura Magn\u00e9tica \u00e9 um equipamento de f\u00e1cil manuseio e de extrema utilidade.<br \/>\nSeu objetivo \u00e9 auxiliar na limpeza de part\u00edculas met\u00e1licas do ch\u00e3o que possam causar acidentes, furar pneus ou danificar equipamentos,<br \/>\nSeu objetivo \u00e9 facilitar a limpeza e conserva\u00e7\u00e3o do local, evitar acidentes e economizar tempo e dinheiro.<br \/>\nSua eci\u00eancia \u00e9 comprovada, j\u00e1 que a sua capta\u00e7\u00e3o \u00e9 de grandes quantidades de materiais, como pregos, parafusos, peda\u00e7os de metal, cavacos,<br \/>\nlimalhas, cravos, lixo de amoladura e etc.<br \/>\nBasta pass\u00e1-la por cima da sujeira ferrosa e imediatamente a base magn\u00e9tica atrair\u00e1 o material ferroso.<br \/>\nA limpeza ou descarte dos ferrosos atra\u00eddos, \u00e9 muito simples, basta posicion\u00e1-la diante do recipiente de descarte e anular o campo magn\u00e9tico<br \/>\npuxando a alavanca para cima ou a al\u00e7a presente na base.<br \/>\nImediatamente a sujeira ir\u00e1 desprender-se e a vassoura estar\u00e1 pronta para uso novamente.<br \/>\nConstru\u00edda em alum\u00ednio de qualidade, nossas vassouras n\u00e3o utilizam energia el\u00e9trica, seu campo magn\u00e9tico \u00e9 gerado por \u00edm\u00e3s de Ferrite de alta<br \/>\nintensidade instalados internamente em sua base de capta\u00e7\u00e3o ferrosa, capaz de atrair o material ferroso a uma dist\u00e2ncia de at\u00e9 50 mm.<br \/>\nDisponibilizamos dois modelos de vassouras uma com alavanca superior e outra com al\u00e7a inferior.<br \/>\nDe f\u00e1cil utiliza\u00e7\u00e3o e principalmente facilidade de limpeza do equipamento.<br \/>\nVantagens:<br \/>\n\u2022 Recupera\u00e7\u00e3o de pequenas pe\u00e7as ferrosas, tais como, rebites, porcas, parafusos, an\u00e9is, pinos travas cupilhas, etc, reduzindo dessa forma a perda<br \/>\nde material<br \/>\n\u2022 Seguran\u00e7a e ergonomia oferecida, em vez de aumentar o desgaste de cerdas e fios de vassouras comuns, voc\u00ea pode beneficiar-se da rapidez e<br \/>\npraticidade para limpeza<br \/>\n\u2022 F\u00e1cil limpeza, manuseio e armazenagem (manivela separ\u00e1vel)<br \/>\n\u2022 Possibilidade de utiliz\u00e1-la em v\u00e1rios tipos de superf\u00edcies<br \/>\n\u2022 Altura regul\u00e1vel do cabo<br \/>\nAplica\u00e7\u00e3o:<br \/>\nIdeal para diversos tipos de solo.<br \/>\nConfira alguns segmentos que utilizam este equipamento:<br \/>\n\u2022 Ind\u00fastria aliment\u00edcia<br \/>\n\u2022 Ind\u00fastria farmac\u00eautica<br \/>\n\u2022 Ind\u00fastria Automotiva<br \/>\n\u2022 Usinas<br \/>\n\u2022 Ind\u00fastria pl\u00e1stica<br \/>\n\u2022 Ind\u00fastria cer\u00e2mica<br \/>\n\u2022 Constru\u00e7\u00e3o Civil<br \/>\n\u2022 Metal\u00fargicas<br \/>\n\u2022 Oficinas Mec\u00e2nicas<br \/>\nEspecifica\u00e7\u00f5es T\u00e9cnicas:<br \/>\n\u2022 Modelo: 24\u201d(609mm)<br \/>\n\u2022 Rodas: \u00d86&#8243; (152mm)<br \/>\n\u2022 Estrutura: Alum\u00ednio e Pl\u00e1stico<br \/>\n\u2022 Sistema de limpeza: Manual atrav\u00e9s de acionamento de alavanca<br \/>\n\u2022 Dist\u00e2ncia m\u00e1xima de opera\u00e7\u00e3o: 50 mm<br \/>\n\u2022 Tipo de \u00edm\u00e3: Ferrite<br \/>\n\u2022 For\u00e7a Magn\u00e9tica: De 2.500 Gauss<br \/>\n\u2022 Temperatura de Trabalho: at\u00e9 80 \u00b0C<br \/>\n\u2022 Acabamento: Emborrachado, Jateado e Pintura Ep\u00f3xi<\/p>\n","protected":false},"excerpt":{"rendered":"<p>Pulseira Magn\u00e9tica completa com cadar\u00e7o<\/p>\n","protected":false},"featured_media":2442,"comment_status":"open","ping_status":"closed","template":"","meta":[],"product_brand":[],"product_cat":[107,337],"product_tag":[],"class_list":{"0":"post-2446","1":"product","2":"type-product","3":"status-publish","4":"has-post-thumbnail","6":"product_cat-equipamentos","7":"product_cat-vassouramagnetica","9":"first","10":"onbackorder","11":"taxable","12":"shipping-taxable","13":"purchasable","14":"product-type-simple"},"yoast_head":"<!-- This site is optimized with the Yoast SEO plugin v27.4 - https:\/\/yoast.com\/product\/yoast-seo-wordpress\/ -->\n<title>Vassoura Magn\u00e9tica - Dicomag<\/title>\n<meta name=\"robots\" content=\"index, follow, max-snippet:-1, max-image-preview:large, max-video-preview:-1\" \/>\n<link rel=\"canonical\" href=\"https:\/\/dicomag.com.br\/?product=vassoura-magnetica\" \/>\n<meta property=\"og:locale\" content=\"pt_BR\" \/>\n<meta property=\"og:type\" content=\"article\" \/>\n<meta property=\"og:title\" content=\"Vassoura Magn\u00e9tica - Dicomag\" \/>\n<meta property=\"og:description\" content=\"Pulseira Magn\u00e9tica completa com cadar\u00e7o\" \/>\n<meta property=\"og:url\" content=\"https:\/\/dicomag.com.br\/?product=vassoura-magnetica\" \/>\n<meta property=\"og:site_name\" content=\"Dicomag\" \/>\n<meta property=\"article:publisher\" content=\"https:\/\/www.facebook.com\/dicomagpoa\/\" \/>\n<meta property=\"article:modified_time\" content=\"2024-11-07T14:22:04+00:00\" \/>\n<meta property=\"og:image\" content=\"http:\/\/dicomag.com.br\/wp-content\/uploads\/2019\/03\/vassoura-magnetica.jpg\" \/>\n\t<meta property=\"og:image:width\" content=\"450\" \/>\n\t<meta property=\"og:image:height\" content=\"333\" \/>\n\t<meta property=\"og:image:type\" content=\"image\/jpeg\" \/>\n<meta name=\"twitter:card\" content=\"summary_large_image\" \/>\n<meta name=\"twitter:label1\" content=\"Est. tempo de leitura\" \/>\n\t<meta name=\"twitter:data1\" content=\"3 minutos\" \/>\n<script type=\"application\/ld+json\" class=\"yoast-schema-graph\">{\"@context\":\"https:\\\/\\\/schema.org\",\"@graph\":[{\"@type\":\"WebPage\",\"@id\":\"https:\\\/\\\/dicomag.com.br\\\/?product=vassoura-magnetica\",\"url\":\"https:\\\/\\\/dicomag.com.br\\\/?product=vassoura-magnetica\",\"name\":\"Vassoura Magn\u00e9tica - Dicomag\",\"isPartOf\":{\"@id\":\"https:\\\/\\\/dicomag.com.br\\\/#website\"},\"primaryImageOfPage\":{\"@id\":\"https:\\\/\\\/dicomag.com.br\\\/?product=vassoura-magnetica#primaryimage\"},\"image\":{\"@id\":\"https:\\\/\\\/dicomag.com.br\\\/?product=vassoura-magnetica#primaryimage\"},\"thumbnailUrl\":\"https:\\\/\\\/dicomag.com.br\\\/wp-content\\\/uploads\\\/2019\\\/03\\\/vassoura-magnetica.jpg\",\"datePublished\":\"2019-03-15T17:41:46+00:00\",\"dateModified\":\"2024-11-07T14:22:04+00:00\",\"breadcrumb\":{\"@id\":\"https:\\\/\\\/dicomag.com.br\\\/?product=vassoura-magnetica#breadcrumb\"},\"inLanguage\":\"pt-BR\",\"potentialAction\":[{\"@type\":\"ReadAction\",\"target\":[\"https:\\\/\\\/dicomag.com.br\\\/?product=vassoura-magnetica\"]}]},{\"@type\":\"ImageObject\",\"inLanguage\":\"pt-BR\",\"@id\":\"https:\\\/\\\/dicomag.com.br\\\/?product=vassoura-magnetica#primaryimage\",\"url\":\"https:\\\/\\\/dicomag.com.br\\\/wp-content\\\/uploads\\\/2019\\\/03\\\/vassoura-magnetica.jpg\",\"contentUrl\":\"https:\\\/\\\/dicomag.com.br\\\/wp-content\\\/uploads\\\/2019\\\/03\\\/vassoura-magnetica.jpg\",\"width\":450,\"height\":333},{\"@type\":\"BreadcrumbList\",\"@id\":\"https:\\\/\\\/dicomag.com.br\\\/?product=vassoura-magnetica#breadcrumb\",\"itemListElement\":[{\"@type\":\"ListItem\",\"position\":1,\"name\":\"In\u00edcio\",\"item\":\"https:\\\/\\\/dicomag.com.br\\\/\"},{\"@type\":\"ListItem\",\"position\":2,\"name\":\"Shop\",\"item\":\"https:\\\/\\\/dicomag.com.br\\\/\"},{\"@type\":\"ListItem\",\"position\":3,\"name\":\"Vassoura Magn\u00e9tica\"}]},{\"@type\":\"WebSite\",\"@id\":\"https:\\\/\\\/dicomag.com.br\\\/#website\",\"url\":\"https:\\\/\\\/dicomag.com.br\\\/\",\"name\":\"Dicomag\",\"description\":\"Imas\",\"publisher\":{\"@id\":\"https:\\\/\\\/dicomag.com.br\\\/#organization\"},\"potentialAction\":[{\"@type\":\"SearchAction\",\"target\":{\"@type\":\"EntryPoint\",\"urlTemplate\":\"https:\\\/\\\/dicomag.com.br\\\/?s={search_term_string}\"},\"query-input\":{\"@type\":\"PropertyValueSpecification\",\"valueRequired\":true,\"valueName\":\"search_term_string\"}}],\"inLanguage\":\"pt-BR\"},{\"@type\":\"Organization\",\"@id\":\"https:\\\/\\\/dicomag.com.br\\\/#organization\",\"name\":\"Dicomag\",\"url\":\"https:\\\/\\\/dicomag.com.br\\\/\",\"logo\":{\"@type\":\"ImageObject\",\"inLanguage\":\"pt-BR\",\"@id\":\"https:\\\/\\\/dicomag.com.br\\\/#\\\/schema\\\/logo\\\/image\\\/\",\"url\":\"https:\\\/\\\/dicomag.com.br\\\/wp-content\\\/uploads\\\/2019\\\/04\\\/Logo-Dicomag-Comemorativo-jpeg2.png\",\"contentUrl\":\"https:\\\/\\\/dicomag.com.br\\\/wp-content\\\/uploads\\\/2019\\\/04\\\/Logo-Dicomag-Comemorativo-jpeg2.png\",\"width\":457,\"height\":174,\"caption\":\"Dicomag\"},\"image\":{\"@id\":\"https:\\\/\\\/dicomag.com.br\\\/#\\\/schema\\\/logo\\\/image\\\/\"},\"sameAs\":[\"https:\\\/\\\/www.facebook.com\\\/dicomagpoa\\\/\"]}]}<\/script>\n<!-- \/ Yoast SEO plugin. -->","yoast_head_json":{"title":"Vassoura Magn\u00e9tica - Dicomag","robots":{"index":"index","follow":"follow","max-snippet":"max-snippet:-1","max-image-preview":"max-image-preview:large","max-video-preview":"max-video-preview:-1"},"canonical":"https:\/\/dicomag.com.br\/?product=vassoura-magnetica","og_locale":"pt_BR","og_type":"article","og_title":"Vassoura Magn\u00e9tica - Dicomag","og_description":"Pulseira Magn\u00e9tica completa com cadar\u00e7o","og_url":"https:\/\/dicomag.com.br\/?product=vassoura-magnetica","og_site_name":"Dicomag","article_publisher":"https:\/\/www.facebook.com\/dicomagpoa\/","article_modified_time":"2024-11-07T14:22:04+00:00","og_image":[{"width":450,"height":333,"url":"http:\/\/dicomag.com.br\/wp-content\/uploads\/2019\/03\/vassoura-magnetica.jpg","type":"image\/jpeg"}],"twitter_card":"summary_large_image","twitter_misc":{"Est. tempo de leitura":"3 minutos"},"schema":{"@context":"https:\/\/schema.org","@graph":[{"@type":"WebPage","@id":"https:\/\/dicomag.com.br\/?product=vassoura-magnetica","url":"https:\/\/dicomag.com.br\/?product=vassoura-magnetica","name":"Vassoura Magn\u00e9tica - Dicomag","isPartOf":{"@id":"https:\/\/dicomag.com.br\/#website"},"primaryImageOfPage":{"@id":"https:\/\/dicomag.com.br\/?product=vassoura-magnetica#primaryimage"},"image":{"@id":"https:\/\/dicomag.com.br\/?product=vassoura-magnetica#primaryimage"},"thumbnailUrl":"https:\/\/dicomag.com.br\/wp-content\/uploads\/2019\/03\/vassoura-magnetica.jpg","datePublished":"2019-03-15T17:41:46+00:00","dateModified":"2024-11-07T14:22:04+00:00","breadcrumb":{"@id":"https:\/\/dicomag.com.br\/?product=vassoura-magnetica#breadcrumb"},"inLanguage":"pt-BR","potentialAction":[{"@type":"ReadAction","target":["https:\/\/dicomag.com.br\/?product=vassoura-magnetica"]}]},{"@type":"ImageObject","inLanguage":"pt-BR","@id":"https:\/\/dicomag.com.br\/?product=vassoura-magnetica#primaryimage","url":"https:\/\/dicomag.com.br\/wp-content\/uploads\/2019\/03\/vassoura-magnetica.jpg","contentUrl":"https:\/\/dicomag.com.br\/wp-content\/uploads\/2019\/03\/vassoura-magnetica.jpg","width":450,"height":333},{"@type":"BreadcrumbList","@id":"https:\/\/dicomag.com.br\/?product=vassoura-magnetica#breadcrumb","itemListElement":[{"@type":"ListItem","position":1,"name":"In\u00edcio","item":"https:\/\/dicomag.com.br\/"},{"@type":"ListItem","position":2,"name":"Shop","item":"https:\/\/dicomag.com.br\/"},{"@type":"ListItem","position":3,"name":"Vassoura Magn\u00e9tica"}]},{"@type":"WebSite","@id":"https:\/\/dicomag.com.br\/#website","url":"https:\/\/dicomag.com.br\/","name":"Dicomag","description":"Imas","publisher":{"@id":"https:\/\/dicomag.com.br\/#organization"},"potentialAction":[{"@type":"SearchAction","target":{"@type":"EntryPoint","urlTemplate":"https:\/\/dicomag.com.br\/?s={search_term_string}"},"query-input":{"@type":"PropertyValueSpecification","valueRequired":true,"valueName":"search_term_string"}}],"inLanguage":"pt-BR"},{"@type":"Organization","@id":"https:\/\/dicomag.com.br\/#organization","name":"Dicomag","url":"https:\/\/dicomag.com.br\/","logo":{"@type":"ImageObject","inLanguage":"pt-BR","@id":"https:\/\/dicomag.com.br\/#\/schema\/logo\/image\/","url":"https:\/\/dicomag.com.br\/wp-content\/uploads\/2019\/04\/Logo-Dicomag-Comemorativo-jpeg2.png","contentUrl":"https:\/\/dicomag.com.br\/wp-content\/uploads\/2019\/04\/Logo-Dicomag-Comemorativo-jpeg2.png","width":457,"height":174,"caption":"Dicomag"},"image":{"@id":"https:\/\/dicomag.com.br\/#\/schema\/logo\/image\/"},"sameAs":["https:\/\/www.facebook.com\/dicomagpoa\/"]}]}},"_links":{"self":[{"href":"https:\/\/dicomag.com.br\/index.php?rest_route=\/wp\/v2\/product\/2446","targetHints":{"allow":["GET"]}}],"collection":[{"href":"https:\/\/dicomag.com.br\/index.php?rest_route=\/wp\/v2\/product"}],"about":[{"href":"https:\/\/dicomag.com.br\/index.php?rest_route=\/wp\/v2\/types\/product"}],"replies":[{"embeddable":true,"href":"https:\/\/dicomag.com.br\/index.php?rest_route=%2Fwp%2Fv2%2Fcomments&post=2446"}],"wp:featuredmedia":[{"embeddable":true,"href":"https:\/\/dicomag.com.br\/index.php?rest_route=\/wp\/v2\/media\/2442"}],"wp:attachment":[{"href":"https:\/\/dicomag.com.br\/index.php?rest_route=%2Fwp%2Fv2%2Fmedia&parent=2446"}],"wp:term":[{"taxonomy":"product_brand","embeddable":true,"href":"https:\/\/dicomag.com.br\/index.php?rest_route=%2Fwp%2Fv2%2Fproduct_brand&post=2446"},{"taxonomy":"product_cat","embeddable":true,"href":"https:\/\/dicomag.com.br\/index.php?rest_route=%2Fwp%2Fv2%2Fproduct_cat&post=2446"},{"taxonomy":"product_tag","embeddable":true,"href":"https:\/\/dicomag.com.br\/index.php?rest_route=%2Fwp%2Fv2%2Fproduct_tag&post=2446"}],"curies":[{"name":"wp","href":"https:\/\/api.w.org\/{rel}","templated":true}]}}