{"id":2486,"date":"2019-03-18T15:03:15","date_gmt":"2019-03-18T15:03:15","guid":{"rendered":"http:\/\/dicomag.com.br\/?post_type=product&#038;p=2486"},"modified":"2019-03-18T15:25:07","modified_gmt":"2019-03-18T15:25:07","slug":"placa-magnetica-aco-carbono-com-ima-de-ferrite-modelo-150mm","status":"publish","type":"product","link":"https:\/\/dicomag.com.br\/?product=placa-magnetica-aco-carbono-com-ima-de-ferrite-modelo-150mm","title":{"rendered":"Placa Magn\u00e9tica A\u00e7o carbono com Im\u00e3 de Ferrite &#8211; Modelo 150mm"},"content":{"rendered":"<p>As Placas Magn\u00e9ticas de Separa\u00e7\u00e3o s\u00e3o constru\u00eddas em robusta carca\u00e7a de a\u00e7o inoxid\u00e1vel AISI 304, em exclusivo sistema que<br>impossibilita desmontagem acidental, mesmo que submetidas a elevadas vibra\u00e7\u00f5es.<br>Seu circuito magn\u00e9tico \u00e9 formado por \u00cdm\u00e3s Permanentes de Ferrite de Estr\u00f4ncio Anisotr\u00f3picos (orientados), de Alta Energia ou,<br>opcionalmente, AlNiCo (para altas temperaturas) e Neod\u00edmio-ferro-boro (Terras Raras) de alt\u00edssima energia, montados e magnetizados<br>segundo a exclusiva Tecnologia Metalmag Hi-Flux!\u00ae.<br>S\u00e3o produzidas em quatro modelos (larguras): 100, 150, 200 e 270 mm, sendo que, quanto maior esta largura, maior ser\u00e1 o poder de<br>atra\u00e7\u00e3o da placa.<br>Apresentam-se em tr\u00eas vers\u00f5es:<br>Face Normal: Possuem face magn\u00e9tica com p\u00f3los aparentes em a\u00e7o carbono, que concentram o fluxo magn\u00e9tico no momento que alguma<br>impureza ferrosa \u00e9 capturada.<br>Face em In\u00f3x: Com face magn\u00e9tica totalmente em a\u00e7o inoxid\u00e1vel AISI 304, s\u00e3o ideais para instala\u00e7\u00f5es onde a presen\u00e7a do a\u00e7o carbono<br>n\u00e3o \u00e9 permitida, tais como alimentos, produtos corrosivos etc.<br>Tipo Suspensa: Foram concebidas para trabalhar suspensas sobre o produto pois possuem circuito magn\u00e9tico de longo<br>alcance. Neste caso, \u00e9 conveniente que a por\u00e7\u00e3o da calha que ficar\u00e1 sob a placa seja de material n\u00e3o ferromagn\u00e9tico.<br>Tamb\u00e9m possuem face magn\u00e9tica totalmente em a\u00e7o in\u00f3x AISI 304.<br>Aplica\u00e7\u00f5es:<br>Pela sua versatilidade e facilidade de instala\u00e7\u00e3o, aliadas ao baixo custo, podem ser utilizadas praticamente em qualquer tipo de ind\u00fastria<br>onde haja a necessidade da retirada de impurezas ferrosas (porcas, parafusos, pregos etc.) de produtos dos mais diversos, quando<br>transportados em calhas, dutos etc.<br>Como exemplo, temos:<br>Ind\u00fastria Aliment\u00edcia Beneficiamento de cereais Cer\u00e2micas Ra\u00e7\u00f5es Ind\u00fastria Qu\u00edmica Fia\u00e7\u00f5es Ind\u00fastria Pl\u00e1stica S\u00e3o ideais na prote\u00e7\u00e3o de<br>equipamentos tais como:<br>Moinhos Britadores Picadores Esmagadores A dobradi\u00e7a opcional aumenta ainda mais esta versatilidade, facilitando a limpeza peri\u00f3dica.<br>A instala\u00e7\u00e3o de Placas Magn\u00e9ticas protege as instala\u00e7\u00f5es e equipamentos al\u00e9m de purificar o produto, valorizando este \u00faltimo<\/p>\n\n\n<p><a href=\"http:\/\/dicomag.com.br\/wp-admin\/update-core.php\">161 Atualiza\u00e7\u00e3o do WordPress, 14 atualiza\u00e7\u00f5es de plugin, 1 atualiza\u00e7\u00e3o de temas<\/a><\/p>\n","protected":false},"excerpt":{"rendered":"<p>Pulseira Magn\u00e9tica completa com cadar\u00e7o<\/p>\n","protected":false},"featured_media":2475,"comment_status":"open","ping_status":"closed","template":"","meta":[],"product_brand":[],"product_cat":[107,350,141],"product_tag":[],"class_list":{"0":"post-2486","1":"product","2":"type-product","3":"status-publish","4":"has-post-thumbnail","6":"product_cat-equipamentos","7":"product_cat-modelo-150mm-de-largura","8":"product_cat-placa","9":"pa_tamanho-100mm","10":"pa_tamanho-150mm","11":"pa_tamanho-200mm","12":"pa_tamanho-250mm","13":"pa_tamanho-300mm","14":"pa_tamanho-350mm","15":"pa_tamanho-400mm","16":"pa_tamanho-450mm","17":"pa_tamanho-500mm","19":"first","20":"instock","21":"taxable","22":"shipping-taxable","23":"purchasable","24":"product-type-variable"},"yoast_head":"<!-- This site is optimized with the Yoast SEO plugin v27.4 - https:\/\/yoast.com\/product\/yoast-seo-wordpress\/ -->\n<title>Placa Magn\u00e9tica A\u00e7o carbono com Im\u00e3 de Ferrite - Modelo 150mm - Dicomag<\/title>\n<meta name=\"robots\" content=\"index, follow, max-snippet:-1, max-image-preview:large, max-video-preview:-1\" \/>\n<link rel=\"canonical\" href=\"https:\/\/dicomag.com.br\/?product=placa-magnetica-aco-carbono-com-ima-de-ferrite-modelo-150mm\" \/>\n<meta property=\"og:locale\" content=\"pt_BR\" \/>\n<meta property=\"og:type\" content=\"article\" \/>\n<meta property=\"og:title\" content=\"Placa Magn\u00e9tica A\u00e7o carbono com Im\u00e3 de Ferrite - Modelo 150mm - Dicomag\" \/>\n<meta property=\"og:description\" content=\"Pulseira Magn\u00e9tica completa com cadar\u00e7o\" \/>\n<meta property=\"og:url\" content=\"https:\/\/dicomag.com.br\/?product=placa-magnetica-aco-carbono-com-ima-de-ferrite-modelo-150mm\" \/>\n<meta property=\"og:site_name\" content=\"Dicomag\" \/>\n<meta property=\"article:publisher\" content=\"https:\/\/www.facebook.com\/dicomagpoa\/\" \/>\n<meta property=\"article:modified_time\" content=\"2019-03-18T15:25:07+00:00\" \/>\n<meta property=\"og:image\" content=\"https:\/\/dicomag.com.br\/wp-content\/uploads\/2019\/03\/placa-magnetica.jpg\" \/>\n\t<meta property=\"og:image:width\" content=\"651\" \/>\n\t<meta property=\"og:image:height\" content=\"438\" \/>\n\t<meta property=\"og:image:type\" content=\"image\/jpeg\" \/>\n<meta name=\"twitter:card\" content=\"summary_large_image\" \/>\n<meta name=\"twitter:label1\" content=\"Est. tempo de leitura\" \/>\n\t<meta name=\"twitter:data1\" content=\"2 minutos\" \/>\n<script type=\"application\/ld+json\" class=\"yoast-schema-graph\">{\"@context\":\"https:\\\/\\\/schema.org\",\"@graph\":[{\"@type\":\"WebPage\",\"@id\":\"https:\\\/\\\/dicomag.com.br\\\/?product=placa-magnetica-aco-carbono-com-ima-de-ferrite-modelo-150mm\",\"url\":\"https:\\\/\\\/dicomag.com.br\\\/?product=placa-magnetica-aco-carbono-com-ima-de-ferrite-modelo-150mm\",\"name\":\"Placa Magn\u00e9tica A\u00e7o carbono com Im\u00e3 de Ferrite - Modelo 150mm - Dicomag\",\"isPartOf\":{\"@id\":\"https:\\\/\\\/dicomag.com.br\\\/#website\"},\"primaryImageOfPage\":{\"@id\":\"https:\\\/\\\/dicomag.com.br\\\/?product=placa-magnetica-aco-carbono-com-ima-de-ferrite-modelo-150mm#primaryimage\"},\"image\":{\"@id\":\"https:\\\/\\\/dicomag.com.br\\\/?product=placa-magnetica-aco-carbono-com-ima-de-ferrite-modelo-150mm#primaryimage\"},\"thumbnailUrl\":\"https:\\\/\\\/dicomag.com.br\\\/wp-content\\\/uploads\\\/2019\\\/03\\\/placa-magnetica.jpg\",\"datePublished\":\"2019-03-18T15:03:15+00:00\",\"dateModified\":\"2019-03-18T15:25:07+00:00\",\"breadcrumb\":{\"@id\":\"https:\\\/\\\/dicomag.com.br\\\/?product=placa-magnetica-aco-carbono-com-ima-de-ferrite-modelo-150mm#breadcrumb\"},\"inLanguage\":\"pt-BR\",\"potentialAction\":[{\"@type\":\"ReadAction\",\"target\":[\"https:\\\/\\\/dicomag.com.br\\\/?product=placa-magnetica-aco-carbono-com-ima-de-ferrite-modelo-150mm\"]}]},{\"@type\":\"ImageObject\",\"inLanguage\":\"pt-BR\",\"@id\":\"https:\\\/\\\/dicomag.com.br\\\/?product=placa-magnetica-aco-carbono-com-ima-de-ferrite-modelo-150mm#primaryimage\",\"url\":\"https:\\\/\\\/dicomag.com.br\\\/wp-content\\\/uploads\\\/2019\\\/03\\\/placa-magnetica.jpg\",\"contentUrl\":\"https:\\\/\\\/dicomag.com.br\\\/wp-content\\\/uploads\\\/2019\\\/03\\\/placa-magnetica.jpg\",\"width\":651,\"height\":438},{\"@type\":\"BreadcrumbList\",\"@id\":\"https:\\\/\\\/dicomag.com.br\\\/?product=placa-magnetica-aco-carbono-com-ima-de-ferrite-modelo-150mm#breadcrumb\",\"itemListElement\":[{\"@type\":\"ListItem\",\"position\":1,\"name\":\"In\u00edcio\",\"item\":\"https:\\\/\\\/dicomag.com.br\\\/\"},{\"@type\":\"ListItem\",\"position\":2,\"name\":\"Shop\",\"item\":\"https:\\\/\\\/dicomag.com.br\\\/\"},{\"@type\":\"ListItem\",\"position\":3,\"name\":\"Placa Magn\u00e9tica A\u00e7o carbono com Im\u00e3 de Ferrite &#8211; Modelo 150mm\"}]},{\"@type\":\"WebSite\",\"@id\":\"https:\\\/\\\/dicomag.com.br\\\/#website\",\"url\":\"https:\\\/\\\/dicomag.com.br\\\/\",\"name\":\"Dicomag\",\"description\":\"Imas\",\"publisher\":{\"@id\":\"https:\\\/\\\/dicomag.com.br\\\/#organization\"},\"potentialAction\":[{\"@type\":\"SearchAction\",\"target\":{\"@type\":\"EntryPoint\",\"urlTemplate\":\"https:\\\/\\\/dicomag.com.br\\\/?s={search_term_string}\"},\"query-input\":{\"@type\":\"PropertyValueSpecification\",\"valueRequired\":true,\"valueName\":\"search_term_string\"}}],\"inLanguage\":\"pt-BR\"},{\"@type\":\"Organization\",\"@id\":\"https:\\\/\\\/dicomag.com.br\\\/#organization\",\"name\":\"Dicomag\",\"url\":\"https:\\\/\\\/dicomag.com.br\\\/\",\"logo\":{\"@type\":\"ImageObject\",\"inLanguage\":\"pt-BR\",\"@id\":\"https:\\\/\\\/dicomag.com.br\\\/#\\\/schema\\\/logo\\\/image\\\/\",\"url\":\"https:\\\/\\\/dicomag.com.br\\\/wp-content\\\/uploads\\\/2019\\\/04\\\/Logo-Dicomag-Comemorativo-jpeg2.png\",\"contentUrl\":\"https:\\\/\\\/dicomag.com.br\\\/wp-content\\\/uploads\\\/2019\\\/04\\\/Logo-Dicomag-Comemorativo-jpeg2.png\",\"width\":457,\"height\":174,\"caption\":\"Dicomag\"},\"image\":{\"@id\":\"https:\\\/\\\/dicomag.com.br\\\/#\\\/schema\\\/logo\\\/image\\\/\"},\"sameAs\":[\"https:\\\/\\\/www.facebook.com\\\/dicomagpoa\\\/\"]}]}<\/script>\n<!-- \/ Yoast SEO plugin. -->","yoast_head_json":{"title":"Placa Magn\u00e9tica A\u00e7o carbono com Im\u00e3 de Ferrite - Modelo 150mm - Dicomag","robots":{"index":"index","follow":"follow","max-snippet":"max-snippet:-1","max-image-preview":"max-image-preview:large","max-video-preview":"max-video-preview:-1"},"canonical":"https:\/\/dicomag.com.br\/?product=placa-magnetica-aco-carbono-com-ima-de-ferrite-modelo-150mm","og_locale":"pt_BR","og_type":"article","og_title":"Placa Magn\u00e9tica A\u00e7o carbono com Im\u00e3 de Ferrite - Modelo 150mm - Dicomag","og_description":"Pulseira Magn\u00e9tica completa com cadar\u00e7o","og_url":"https:\/\/dicomag.com.br\/?product=placa-magnetica-aco-carbono-com-ima-de-ferrite-modelo-150mm","og_site_name":"Dicomag","article_publisher":"https:\/\/www.facebook.com\/dicomagpoa\/","article_modified_time":"2019-03-18T15:25:07+00:00","og_image":[{"width":651,"height":438,"url":"https:\/\/dicomag.com.br\/wp-content\/uploads\/2019\/03\/placa-magnetica.jpg","type":"image\/jpeg"}],"twitter_card":"summary_large_image","twitter_misc":{"Est. tempo de leitura":"2 minutos"},"schema":{"@context":"https:\/\/schema.org","@graph":[{"@type":"WebPage","@id":"https:\/\/dicomag.com.br\/?product=placa-magnetica-aco-carbono-com-ima-de-ferrite-modelo-150mm","url":"https:\/\/dicomag.com.br\/?product=placa-magnetica-aco-carbono-com-ima-de-ferrite-modelo-150mm","name":"Placa Magn\u00e9tica A\u00e7o carbono com Im\u00e3 de Ferrite - Modelo 150mm - Dicomag","isPartOf":{"@id":"https:\/\/dicomag.com.br\/#website"},"primaryImageOfPage":{"@id":"https:\/\/dicomag.com.br\/?product=placa-magnetica-aco-carbono-com-ima-de-ferrite-modelo-150mm#primaryimage"},"image":{"@id":"https:\/\/dicomag.com.br\/?product=placa-magnetica-aco-carbono-com-ima-de-ferrite-modelo-150mm#primaryimage"},"thumbnailUrl":"https:\/\/dicomag.com.br\/wp-content\/uploads\/2019\/03\/placa-magnetica.jpg","datePublished":"2019-03-18T15:03:15+00:00","dateModified":"2019-03-18T15:25:07+00:00","breadcrumb":{"@id":"https:\/\/dicomag.com.br\/?product=placa-magnetica-aco-carbono-com-ima-de-ferrite-modelo-150mm#breadcrumb"},"inLanguage":"pt-BR","potentialAction":[{"@type":"ReadAction","target":["https:\/\/dicomag.com.br\/?product=placa-magnetica-aco-carbono-com-ima-de-ferrite-modelo-150mm"]}]},{"@type":"ImageObject","inLanguage":"pt-BR","@id":"https:\/\/dicomag.com.br\/?product=placa-magnetica-aco-carbono-com-ima-de-ferrite-modelo-150mm#primaryimage","url":"https:\/\/dicomag.com.br\/wp-content\/uploads\/2019\/03\/placa-magnetica.jpg","contentUrl":"https:\/\/dicomag.com.br\/wp-content\/uploads\/2019\/03\/placa-magnetica.jpg","width":651,"height":438},{"@type":"BreadcrumbList","@id":"https:\/\/dicomag.com.br\/?product=placa-magnetica-aco-carbono-com-ima-de-ferrite-modelo-150mm#breadcrumb","itemListElement":[{"@type":"ListItem","position":1,"name":"In\u00edcio","item":"https:\/\/dicomag.com.br\/"},{"@type":"ListItem","position":2,"name":"Shop","item":"https:\/\/dicomag.com.br\/"},{"@type":"ListItem","position":3,"name":"Placa Magn\u00e9tica A\u00e7o carbono com Im\u00e3 de Ferrite &#8211; Modelo 150mm"}]},{"@type":"WebSite","@id":"https:\/\/dicomag.com.br\/#website","url":"https:\/\/dicomag.com.br\/","name":"Dicomag","description":"Imas","publisher":{"@id":"https:\/\/dicomag.com.br\/#organization"},"potentialAction":[{"@type":"SearchAction","target":{"@type":"EntryPoint","urlTemplate":"https:\/\/dicomag.com.br\/?s={search_term_string}"},"query-input":{"@type":"PropertyValueSpecification","valueRequired":true,"valueName":"search_term_string"}}],"inLanguage":"pt-BR"},{"@type":"Organization","@id":"https:\/\/dicomag.com.br\/#organization","name":"Dicomag","url":"https:\/\/dicomag.com.br\/","logo":{"@type":"ImageObject","inLanguage":"pt-BR","@id":"https:\/\/dicomag.com.br\/#\/schema\/logo\/image\/","url":"https:\/\/dicomag.com.br\/wp-content\/uploads\/2019\/04\/Logo-Dicomag-Comemorativo-jpeg2.png","contentUrl":"https:\/\/dicomag.com.br\/wp-content\/uploads\/2019\/04\/Logo-Dicomag-Comemorativo-jpeg2.png","width":457,"height":174,"caption":"Dicomag"},"image":{"@id":"https:\/\/dicomag.com.br\/#\/schema\/logo\/image\/"},"sameAs":["https:\/\/www.facebook.com\/dicomagpoa\/"]}]}},"_links":{"self":[{"href":"https:\/\/dicomag.com.br\/index.php?rest_route=\/wp\/v2\/product\/2486","targetHints":{"allow":["GET"]}}],"collection":[{"href":"https:\/\/dicomag.com.br\/index.php?rest_route=\/wp\/v2\/product"}],"about":[{"href":"https:\/\/dicomag.com.br\/index.php?rest_route=\/wp\/v2\/types\/product"}],"replies":[{"embeddable":true,"href":"https:\/\/dicomag.com.br\/index.php?rest_route=%2Fwp%2Fv2%2Fcomments&post=2486"}],"wp:featuredmedia":[{"embeddable":true,"href":"https:\/\/dicomag.com.br\/index.php?rest_route=\/wp\/v2\/media\/2475"}],"wp:attachment":[{"href":"https:\/\/dicomag.com.br\/index.php?rest_route=%2Fwp%2Fv2%2Fmedia&parent=2486"}],"wp:term":[{"taxonomy":"product_brand","embeddable":true,"href":"https:\/\/dicomag.com.br\/index.php?rest_route=%2Fwp%2Fv2%2Fproduct_brand&post=2486"},{"taxonomy":"product_cat","embeddable":true,"href":"https:\/\/dicomag.com.br\/index.php?rest_route=%2Fwp%2Fv2%2Fproduct_cat&post=2486"},{"taxonomy":"product_tag","embeddable":true,"href":"https:\/\/dicomag.com.br\/index.php?rest_route=%2Fwp%2Fv2%2Fproduct_tag&post=2486"}],"curies":[{"name":"wp","href":"https:\/\/api.w.org\/{rel}","templated":true}]}}