{"id":2520,"date":"2019-03-18T19:47:25","date_gmt":"2019-03-18T19:47:25","guid":{"rendered":"http:\/\/dicomag.com.br\/?post_type=product&#038;p=2520"},"modified":"2025-04-09T17:52:14","modified_gmt":"2025-04-09T17:52:14","slug":"motovibrador-vimot-modelo-g-15","status":"publish","type":"product","link":"https:\/\/dicomag.com.br\/?product=motovibrador-vimot-modelo-g-15","title":{"rendered":"Motovibrador Vimot\u00ae Modelo G-15"},"content":{"rendered":"<p>Motovibradores Vimot\u00ae s\u00e3o basicamente constitu\u00eddos por um motor trif\u00e1sico ass\u00edncrono e por massas inerciais (contrapesos) regul\u00e1veis em sua excentricidade, atrav\u00e9s do posicionamento relativo entre si. O motor trif\u00e1sico com rotor\u00a0curto circuitado, ass\u00edncrono, possui uma bobina especial \u00e0\u00a0prova de impactos vibrat\u00f3rios.<br \/>\nO conjunto do motovibrador \u00e9 totalmente fechado, o que permite resist\u00eancia a vapores e materiais em suspens\u00e3o na atmosfera, assim como jatos de \u00e1gua de todas as dire\u00e7\u00f5es.<br \/>\nPode operar submerso, se necess\u00e1rio. As massas inerciais s\u00e3o montadas nas duas extremidades do rotor, podendo ser posicionadas de tal forma que possibilitam o ajuste do impacto vibrat\u00f3rio entre 0 e 100%.<br \/>\nPara permitir grande durabilidade, os suportes dos mancais de rolamento s\u00e3o de ferro fundido nodular, permitindo grande dissipa\u00e7\u00e3o de impactos vibrat\u00f3rios, sem fraturas.<br \/>\nCuidados especiais s\u00e3o tomados quanto ao dimensionamento dos rolamentos especiais de rolos cil\u00edndricos paralelos nos motores com pot\u00eancia acima de 0,7 kW e de esferas duplas em pot\u00eancias menores.<br \/>\nOs motovibradores Vimot\u00ae s\u00e3o lubrificados para um m\u00ednimo de 60.000 horas de trabalho cont\u00ednuo, sem necessidade de relubrifica\u00e7\u00e3o, com graxa especial de alt\u00edssima press\u00e3o e resist\u00eancia. Os rolamentos s\u00e3o blindados em seus suportes, com lamelas de a\u00e7o ou retentores especiais de borracha de<br \/>\nalta resist\u00eancia.<br \/>\nO bobinamento \u00e9 especial com menores pot\u00eancias, em vista dos motovibradores n\u00e3o serem dotados de ventila\u00e7\u00e3o externa.<\/p>\n<p>Para altas frequ\u00eancias (acima de 3.000 rpm) os motovibradores Vimot\u00ae t\u00eam um exclusivo (patente requerida) sistema de prote\u00e7\u00e3o antivibra\u00e7\u00e3o que evita o atrito entre os fios das bobinas dos estatores, sem risco de queima.<br \/>\nTodos motovibradores podem ser regulados por inversores de\u00a0frequ\u00eancia at\u00e9 sua rota\u00e7\u00e3o nominal, ou dobrada para 7.000 rpm nos motovibradores que trabalham com rolamentos de esfera.<br \/>\nPodem ser ligados em corrente trif\u00e1sica de 220\/380\/440 V (60\/50 Hz) ou em tens\u00f5es especiais a pedido.<br \/>\nTodos motovibradores Vimot\u00ae s\u00e3o tropicalizados para opera\u00e7\u00e3o em ambientes \u00famidos ou salinos.<\/p>\n","protected":false},"excerpt":{"rendered":"<p>Tipo: G-15-2<br \/>\nAltura mm: 205<br \/>\nComprimento mm: 395<br \/>\nLargura mm: 200<br \/>\nPadr\u00e3o mm: 135 X 175<br \/>\nFuro mm: 14<br \/>\nTorque: 20 kgf.cm\/ 196 N.m<br \/>\nImpacto: 1332 daN (kgf)<br \/>\nVelociadede de rota\u00e7\u00e3o: 60 Hz rpm 3500<br \/>\n50 Hz rpm 2900<br \/>\nCorrente m\u00e1xima: 220V &#8211; A &#8211; 1,5<br \/>\n380V &#8211; A &#8211; 0,9<br \/>\n440V &#8211; A &#8211; 0,8<br \/>\nPot\u00eancia: 0,50kW\/ 0,70 HP<br \/>\nRolamento: 6305-ZZ<\/p>\n<p>Tipo: G-15-4<br \/>\nAltura mm: 205<br \/>\nComprimento mm: 395<br \/>\nLargura mm: 200<br \/>\nPadr\u00e3o mm: 135 X 175<br \/>\nFuro mm: 14<br \/>\nTorque: 50 kgf.cm\/ 490 N.m<br \/>\nImpacto: 859 daN (kgf)<br \/>\nVelociadede de rota\u00e7\u00e3o: 60 Hz rpm 1750<br \/>\n50 Hz rpm 1450<br \/>\nCorrente m\u00e1xima: 220V &#8211; A &#8211; 2,0<br \/>\n380V &#8211; A &#8211; 1,2<br \/>\n440V &#8211; A &#8211; 1,0<br \/>\nPot\u00eancia: 0,25kW\/ 0,34 HP<br \/>\nRolamento: 6305-ZZ<\/p>\n<p>Tipo: G-15-6<br \/>\nAltura mm: 205<br \/>\nComprimento mm: 395<br \/>\nLargura mm: 200<br \/>\nPadr\u00e3o mm: 135 X 175<br \/>\nFuro mm: 14<br \/>\nTorque: 50 kgf.cm\/ 490 N.m<br \/>\nImpacto: 371 daN (kgf)<br \/>\nVelociadede de rota\u00e7\u00e3o: 60 Hz rpm 1150<br \/>\n50 Hz rpm 950<br \/>\nCorrente m\u00e1xima: 220V &#8211; A &#8211; 2,0<br \/>\n380V &#8211; A &#8211; 1,2<br \/>\n440V &#8211; A &#8211; 1,0<br \/>\nPot\u00eancia: 0,25kW\/ 0,34 HP<br \/>\nRolamento: 6305-ZZ<\/p>\n","protected":false},"featured_media":2506,"comment_status":"open","ping_status":"closed","template":"","meta":[],"product_brand":[],"product_cat":[357,360,108],"product_tag":[377,378,381],"class_list":{"0":"post-2520","1":"product","2":"type-product","3":"status-publish","4":"has-post-thumbnail","6":"product_cat-motovibrador-eletro-mecanico","7":"product_cat-motovibrador-vimot-modelo-g15","8":"product_cat-motovibradores-e-vibradores","9":"product_tag-2-polos","10":"product_tag-4-polos","11":"product_tag-motovibrador-vimot-modelo-g-15","12":"pa_polos-2-polos","13":"pa_polos-4-polos","14":"pa_polos-6-polos","16":"first","17":"onbackorder","18":"sale","19":"taxable","20":"shipping-taxable","21":"purchasable","22":"product-type-variable","23":"has-default-attributes"},"yoast_head":"<!-- This site is optimized with the Yoast SEO plugin v27.4 - https:\/\/yoast.com\/product\/yoast-seo-wordpress\/ -->\n<title>Motovibrador Vimot\u00ae Modelo G-15 - Dicomag<\/title>\n<meta name=\"robots\" content=\"index, follow, max-snippet:-1, max-image-preview:large, max-video-preview:-1\" \/>\n<link rel=\"canonical\" href=\"https:\/\/dicomag.com.br\/?product=motovibrador-vimot-modelo-g-15\" \/>\n<meta property=\"og:locale\" content=\"pt_BR\" \/>\n<meta property=\"og:type\" content=\"article\" \/>\n<meta property=\"og:title\" content=\"Motovibrador Vimot\u00ae Modelo G-15 - Dicomag\" \/>\n<meta property=\"og:description\" content=\"Tipo: G-15-2 Altura mm: 205 Comprimento mm: 395 Largura mm: 200 Padr\u00e3o mm: 135 X 175 Furo mm: 14 Torque: 20 kgf.cm\/ 196 N.m Impacto: 1332 daN (kgf) Velociadede de rota\u00e7\u00e3o: 60 Hz rpm 3500 50 Hz rpm 2900 Corrente m\u00e1xima: 220V - A - 1,5 380V - A - 0,9 440V - A - 0,8 Pot\u00eancia: 0,50kW\/ 0,70 HP Rolamento: 6305-ZZ  Tipo: G-15-4 Altura mm: 205 Comprimento mm: 395 Largura mm: 200 Padr\u00e3o mm: 135 X 175 Furo mm: 14 Torque: 50 kgf.cm\/ 490 N.m Impacto: 859 daN (kgf) Velociadede de rota\u00e7\u00e3o: 60 Hz rpm 1750 50 Hz rpm 1450 Corrente m\u00e1xima: 220V - A - 2,0 380V - A - 1,2 440V - A - 1,0 Pot\u00eancia: 0,25kW\/ 0,34 HP Rolamento: 6305-ZZ  Tipo: G-15-6 Altura mm: 205 Comprimento mm: 395 Largura mm: 200 Padr\u00e3o mm: 135 X 175 Furo mm: 14 Torque: 50 kgf.cm\/ 490 N.m Impacto: 371 daN (kgf) Velociadede de rota\u00e7\u00e3o: 60 Hz rpm 1150 50 Hz rpm 950 Corrente m\u00e1xima: 220V - A - 2,0 380V - A - 1,2 440V - A - 1,0 Pot\u00eancia: 0,25kW\/ 0,34 HP Rolamento: 6305-ZZ\" \/>\n<meta property=\"og:url\" content=\"https:\/\/dicomag.com.br\/?product=motovibrador-vimot-modelo-g-15\" \/>\n<meta property=\"og:site_name\" content=\"Dicomag\" \/>\n<meta property=\"article:publisher\" content=\"https:\/\/www.facebook.com\/dicomagpoa\/\" \/>\n<meta property=\"article:modified_time\" content=\"2025-04-09T17:52:14+00:00\" \/>\n<meta property=\"og:image\" content=\"https:\/\/dicomag.com.br\/wp-content\/uploads\/2019\/03\/Motovibrador-Vimot.png\" \/>\n\t<meta property=\"og:image:width\" content=\"500\" \/>\n\t<meta property=\"og:image:height\" content=\"500\" \/>\n\t<meta property=\"og:image:type\" content=\"image\/png\" \/>\n<meta name=\"twitter:card\" content=\"summary_large_image\" \/>\n<meta name=\"twitter:label1\" content=\"Est. tempo de leitura\" \/>\n\t<meta name=\"twitter:data1\" content=\"2 minutos\" \/>\n<script type=\"application\/ld+json\" class=\"yoast-schema-graph\">{\"@context\":\"https:\\\/\\\/schema.org\",\"@graph\":[{\"@type\":\"WebPage\",\"@id\":\"https:\\\/\\\/dicomag.com.br\\\/?product=motovibrador-vimot-modelo-g-15\",\"url\":\"https:\\\/\\\/dicomag.com.br\\\/?product=motovibrador-vimot-modelo-g-15\",\"name\":\"Motovibrador Vimot\u00ae Modelo G-15 - Dicomag\",\"isPartOf\":{\"@id\":\"https:\\\/\\\/dicomag.com.br\\\/#website\"},\"primaryImageOfPage\":{\"@id\":\"https:\\\/\\\/dicomag.com.br\\\/?product=motovibrador-vimot-modelo-g-15#primaryimage\"},\"image\":{\"@id\":\"https:\\\/\\\/dicomag.com.br\\\/?product=motovibrador-vimot-modelo-g-15#primaryimage\"},\"thumbnailUrl\":\"https:\\\/\\\/dicomag.com.br\\\/wp-content\\\/uploads\\\/2019\\\/03\\\/Motovibrador-Vimot.png\",\"datePublished\":\"2019-03-18T19:47:25+00:00\",\"dateModified\":\"2025-04-09T17:52:14+00:00\",\"breadcrumb\":{\"@id\":\"https:\\\/\\\/dicomag.com.br\\\/?product=motovibrador-vimot-modelo-g-15#breadcrumb\"},\"inLanguage\":\"pt-BR\",\"potentialAction\":[{\"@type\":\"ReadAction\",\"target\":[\"https:\\\/\\\/dicomag.com.br\\\/?product=motovibrador-vimot-modelo-g-15\"]}]},{\"@type\":\"ImageObject\",\"inLanguage\":\"pt-BR\",\"@id\":\"https:\\\/\\\/dicomag.com.br\\\/?product=motovibrador-vimot-modelo-g-15#primaryimage\",\"url\":\"https:\\\/\\\/dicomag.com.br\\\/wp-content\\\/uploads\\\/2019\\\/03\\\/Motovibrador-Vimot.png\",\"contentUrl\":\"https:\\\/\\\/dicomag.com.br\\\/wp-content\\\/uploads\\\/2019\\\/03\\\/Motovibrador-Vimot.png\",\"width\":500,\"height\":500},{\"@type\":\"BreadcrumbList\",\"@id\":\"https:\\\/\\\/dicomag.com.br\\\/?product=motovibrador-vimot-modelo-g-15#breadcrumb\",\"itemListElement\":[{\"@type\":\"ListItem\",\"position\":1,\"name\":\"In\u00edcio\",\"item\":\"https:\\\/\\\/dicomag.com.br\\\/\"},{\"@type\":\"ListItem\",\"position\":2,\"name\":\"Shop\",\"item\":\"https:\\\/\\\/dicomag.com.br\\\/\"},{\"@type\":\"ListItem\",\"position\":3,\"name\":\"Motovibrador Vimot\u00ae Modelo G-15\"}]},{\"@type\":\"WebSite\",\"@id\":\"https:\\\/\\\/dicomag.com.br\\\/#website\",\"url\":\"https:\\\/\\\/dicomag.com.br\\\/\",\"name\":\"Dicomag\",\"description\":\"Imas\",\"publisher\":{\"@id\":\"https:\\\/\\\/dicomag.com.br\\\/#organization\"},\"potentialAction\":[{\"@type\":\"SearchAction\",\"target\":{\"@type\":\"EntryPoint\",\"urlTemplate\":\"https:\\\/\\\/dicomag.com.br\\\/?s={search_term_string}\"},\"query-input\":{\"@type\":\"PropertyValueSpecification\",\"valueRequired\":true,\"valueName\":\"search_term_string\"}}],\"inLanguage\":\"pt-BR\"},{\"@type\":\"Organization\",\"@id\":\"https:\\\/\\\/dicomag.com.br\\\/#organization\",\"name\":\"Dicomag\",\"url\":\"https:\\\/\\\/dicomag.com.br\\\/\",\"logo\":{\"@type\":\"ImageObject\",\"inLanguage\":\"pt-BR\",\"@id\":\"https:\\\/\\\/dicomag.com.br\\\/#\\\/schema\\\/logo\\\/image\\\/\",\"url\":\"https:\\\/\\\/dicomag.com.br\\\/wp-content\\\/uploads\\\/2019\\\/04\\\/Logo-Dicomag-Comemorativo-jpeg2.png\",\"contentUrl\":\"https:\\\/\\\/dicomag.com.br\\\/wp-content\\\/uploads\\\/2019\\\/04\\\/Logo-Dicomag-Comemorativo-jpeg2.png\",\"width\":457,\"height\":174,\"caption\":\"Dicomag\"},\"image\":{\"@id\":\"https:\\\/\\\/dicomag.com.br\\\/#\\\/schema\\\/logo\\\/image\\\/\"},\"sameAs\":[\"https:\\\/\\\/www.facebook.com\\\/dicomagpoa\\\/\"]}]}<\/script>\n<!-- \/ Yoast SEO plugin. -->","yoast_head_json":{"title":"Motovibrador Vimot\u00ae Modelo G-15 - Dicomag","robots":{"index":"index","follow":"follow","max-snippet":"max-snippet:-1","max-image-preview":"max-image-preview:large","max-video-preview":"max-video-preview:-1"},"canonical":"https:\/\/dicomag.com.br\/?product=motovibrador-vimot-modelo-g-15","og_locale":"pt_BR","og_type":"article","og_title":"Motovibrador Vimot\u00ae Modelo G-15 - Dicomag","og_description":"Tipo: G-15-2 Altura mm: 205 Comprimento mm: 395 Largura mm: 200 Padr\u00e3o mm: 135 X 175 Furo mm: 14 Torque: 20 kgf.cm\/ 196 N.m Impacto: 1332 daN (kgf) Velociadede de rota\u00e7\u00e3o: 60 Hz rpm 3500 50 Hz rpm 2900 Corrente m\u00e1xima: 220V - A - 1,5 380V - A - 0,9 440V - A - 0,8 Pot\u00eancia: 0,50kW\/ 0,70 HP Rolamento: 6305-ZZ  Tipo: G-15-4 Altura mm: 205 Comprimento mm: 395 Largura mm: 200 Padr\u00e3o mm: 135 X 175 Furo mm: 14 Torque: 50 kgf.cm\/ 490 N.m Impacto: 859 daN (kgf) Velociadede de rota\u00e7\u00e3o: 60 Hz rpm 1750 50 Hz rpm 1450 Corrente m\u00e1xima: 220V - A - 2,0 380V - A - 1,2 440V - A - 1,0 Pot\u00eancia: 0,25kW\/ 0,34 HP Rolamento: 6305-ZZ  Tipo: G-15-6 Altura mm: 205 Comprimento mm: 395 Largura mm: 200 Padr\u00e3o mm: 135 X 175 Furo mm: 14 Torque: 50 kgf.cm\/ 490 N.m Impacto: 371 daN (kgf) Velociadede de rota\u00e7\u00e3o: 60 Hz rpm 1150 50 Hz rpm 950 Corrente m\u00e1xima: 220V - A - 2,0 380V - A - 1,2 440V - A - 1,0 Pot\u00eancia: 0,25kW\/ 0,34 HP Rolamento: 6305-ZZ","og_url":"https:\/\/dicomag.com.br\/?product=motovibrador-vimot-modelo-g-15","og_site_name":"Dicomag","article_publisher":"https:\/\/www.facebook.com\/dicomagpoa\/","article_modified_time":"2025-04-09T17:52:14+00:00","og_image":[{"width":500,"height":500,"url":"https:\/\/dicomag.com.br\/wp-content\/uploads\/2019\/03\/Motovibrador-Vimot.png","type":"image\/png"}],"twitter_card":"summary_large_image","twitter_misc":{"Est. tempo de leitura":"2 minutos"},"schema":{"@context":"https:\/\/schema.org","@graph":[{"@type":"WebPage","@id":"https:\/\/dicomag.com.br\/?product=motovibrador-vimot-modelo-g-15","url":"https:\/\/dicomag.com.br\/?product=motovibrador-vimot-modelo-g-15","name":"Motovibrador Vimot\u00ae Modelo G-15 - Dicomag","isPartOf":{"@id":"https:\/\/dicomag.com.br\/#website"},"primaryImageOfPage":{"@id":"https:\/\/dicomag.com.br\/?product=motovibrador-vimot-modelo-g-15#primaryimage"},"image":{"@id":"https:\/\/dicomag.com.br\/?product=motovibrador-vimot-modelo-g-15#primaryimage"},"thumbnailUrl":"https:\/\/dicomag.com.br\/wp-content\/uploads\/2019\/03\/Motovibrador-Vimot.png","datePublished":"2019-03-18T19:47:25+00:00","dateModified":"2025-04-09T17:52:14+00:00","breadcrumb":{"@id":"https:\/\/dicomag.com.br\/?product=motovibrador-vimot-modelo-g-15#breadcrumb"},"inLanguage":"pt-BR","potentialAction":[{"@type":"ReadAction","target":["https:\/\/dicomag.com.br\/?product=motovibrador-vimot-modelo-g-15"]}]},{"@type":"ImageObject","inLanguage":"pt-BR","@id":"https:\/\/dicomag.com.br\/?product=motovibrador-vimot-modelo-g-15#primaryimage","url":"https:\/\/dicomag.com.br\/wp-content\/uploads\/2019\/03\/Motovibrador-Vimot.png","contentUrl":"https:\/\/dicomag.com.br\/wp-content\/uploads\/2019\/03\/Motovibrador-Vimot.png","width":500,"height":500},{"@type":"BreadcrumbList","@id":"https:\/\/dicomag.com.br\/?product=motovibrador-vimot-modelo-g-15#breadcrumb","itemListElement":[{"@type":"ListItem","position":1,"name":"In\u00edcio","item":"https:\/\/dicomag.com.br\/"},{"@type":"ListItem","position":2,"name":"Shop","item":"https:\/\/dicomag.com.br\/"},{"@type":"ListItem","position":3,"name":"Motovibrador Vimot\u00ae Modelo G-15"}]},{"@type":"WebSite","@id":"https:\/\/dicomag.com.br\/#website","url":"https:\/\/dicomag.com.br\/","name":"Dicomag","description":"Imas","publisher":{"@id":"https:\/\/dicomag.com.br\/#organization"},"potentialAction":[{"@type":"SearchAction","target":{"@type":"EntryPoint","urlTemplate":"https:\/\/dicomag.com.br\/?s={search_term_string}"},"query-input":{"@type":"PropertyValueSpecification","valueRequired":true,"valueName":"search_term_string"}}],"inLanguage":"pt-BR"},{"@type":"Organization","@id":"https:\/\/dicomag.com.br\/#organization","name":"Dicomag","url":"https:\/\/dicomag.com.br\/","logo":{"@type":"ImageObject","inLanguage":"pt-BR","@id":"https:\/\/dicomag.com.br\/#\/schema\/logo\/image\/","url":"https:\/\/dicomag.com.br\/wp-content\/uploads\/2019\/04\/Logo-Dicomag-Comemorativo-jpeg2.png","contentUrl":"https:\/\/dicomag.com.br\/wp-content\/uploads\/2019\/04\/Logo-Dicomag-Comemorativo-jpeg2.png","width":457,"height":174,"caption":"Dicomag"},"image":{"@id":"https:\/\/dicomag.com.br\/#\/schema\/logo\/image\/"},"sameAs":["https:\/\/www.facebook.com\/dicomagpoa\/"]}]}},"_links":{"self":[{"href":"https:\/\/dicomag.com.br\/index.php?rest_route=\/wp\/v2\/product\/2520","targetHints":{"allow":["GET"]}}],"collection":[{"href":"https:\/\/dicomag.com.br\/index.php?rest_route=\/wp\/v2\/product"}],"about":[{"href":"https:\/\/dicomag.com.br\/index.php?rest_route=\/wp\/v2\/types\/product"}],"replies":[{"embeddable":true,"href":"https:\/\/dicomag.com.br\/index.php?rest_route=%2Fwp%2Fv2%2Fcomments&post=2520"}],"wp:featuredmedia":[{"embeddable":true,"href":"https:\/\/dicomag.com.br\/index.php?rest_route=\/wp\/v2\/media\/2506"}],"wp:attachment":[{"href":"https:\/\/dicomag.com.br\/index.php?rest_route=%2Fwp%2Fv2%2Fmedia&parent=2520"}],"wp:term":[{"taxonomy":"product_brand","embeddable":true,"href":"https:\/\/dicomag.com.br\/index.php?rest_route=%2Fwp%2Fv2%2Fproduct_brand&post=2520"},{"taxonomy":"product_cat","embeddable":true,"href":"https:\/\/dicomag.com.br\/index.php?rest_route=%2Fwp%2Fv2%2Fproduct_cat&post=2520"},{"taxonomy":"product_tag","embeddable":true,"href":"https:\/\/dicomag.com.br\/index.php?rest_route=%2Fwp%2Fv2%2Fproduct_tag&post=2520"}],"curies":[{"name":"wp","href":"https:\/\/api.w.org\/{rel}","templated":true}]}}