{"id":2530,"date":"2019-03-18T21:26:11","date_gmt":"2019-03-18T21:26:11","guid":{"rendered":"http:\/\/dicomag.com.br\/?post_type=product&#038;p=2530"},"modified":"2025-04-09T17:44:36","modified_gmt":"2025-04-09T17:44:36","slug":"vibrador-pneumatico-luftmax-turbo-modelo-t-80","status":"publish","type":"product","link":"https:\/\/dicomag.com.br\/?product=vibrador-pneumatico-luftmax-turbo-modelo-t-80","title":{"rendered":"Vibrador Pneumatico Luftmax Turbo\u00ae Modelo T-80"},"content":{"rendered":"<p>Vibrador Pneumatico Luftmax Turbo\u00ae Modelo T-80<\/p>\n<p>Quando \u00e9 necess\u00e1rio aplicar-se vibra\u00e7\u00f5es de alt\u00edssima freq\u00fc\u00eancia em silos, dutos e dep\u00f3sitos, de forma a obter-se boa ajuda ao escoamento de materiais a granel, e ainda\u00a0necessitar-se de equipamento com dimens\u00f5es reduzid\u00edssimas, pode-se optar por vibradores pneum\u00e1ticos LuftMax Turbo\u00ae.<\/p>\n<p>S\u00e3o de funcionamento simples, requerem um m\u00ednimo de manuten\u00e7\u00e3o e gra\u00e7as ao novo conceito utilizado pela Mavi M\u00e1quinas Vibrat\u00f3rias para sua<br \/>\nconstru\u00e7\u00e3o, s\u00e3o de extra longa durabilidade.<\/p>\n<p>Ao lado temos alguns exemplos de suas aplica\u00e7\u00f5es e posi\u00e7\u00f5es de trabalho, e forma a obterse sua melhor utiliza\u00e7\u00e3o.<\/p>\n<p>Trabalham em ambientes de elevada temperatura, (at\u00e9 100\u00b0C) se necess\u00e1rio.<\/p>\n<p>Vibradores LuftMax Turbo\u00ae podem tamb\u00e9m ser utilizados\u00a0como acionamento de\u00a0pequenos transportadores ou dosadores, ou at\u00e9 peneiras<br \/>\nvibrat\u00f3rias para a classifica\u00e7\u00e3o de materiais ou filtragem de l\u00edquidos.<\/p>\n<p>A reduzida amplitude desenvolvida diminui eventuais solicita\u00e7\u00f5es \u00e0 fadiga nos materiais de silos e dutos.<\/p>\n<p>A alta feq\u00fc\u00eancia dos vibradores LuftMax Turbo\u00ae (at\u00e9 33.000 rpm) cria acelera\u00e7\u00f5es poderosas, que podem ajudar o escoamento de uma ampla gama de materiais a granel.<br \/>\nS\u00e3o bastante econ\u00f4micos no consumo de ar e j\u00e1 iniciam seu trabalho vibrat\u00f3rio a partir de press\u00f5es de 1 bar (15 psi).<\/p>\n","protected":false},"excerpt":{"rendered":"<p>Tabela de Dados:<\/p>\n<p>Rota\u00e7\u00e3o:<\/p>\n<p>2 bar\u00a0 \u00a0 \u00a0 4 bar\u00a0 \u00a0 \u00a0 6 bar<\/p>\n<p>17.000\u00a0 20.000\u00a0 23.000<\/p>\n<p>For\u00e7a centr\u00edfuga (daN=kgf)<\/p>\n<p>2 bar\u00a0 \u00a0 \u00a0 4 bar\u00a0 \u00a0 \u00a0 6 bar<\/p>\n<p>230\u00a0 \u00a0 \u00a0 \u00a0 318\u00a0 \u00a0 \u00a0 \u00a0 \u00a0420<\/p>\n<p>Vaz\u00e3o Max. (6 bar)<\/p>\n<p>400 l\/min<\/p>\n","protected":false},"featured_media":2507,"comment_status":"open","ping_status":"closed","template":"","meta":[],"product_brand":[],"product_cat":[108,362,367,374],"product_tag":[388,386,389,385],"class_list":{"0":"post-2530","1":"product","2":"type-product","3":"status-publish","4":"has-post-thumbnail","6":"product_cat-motovibradores-e-vibradores","7":"product_cat-vibrador-pneumatico","8":"product_cat-vibrador-pneumatico-luftmax-turbo","9":"product_cat-vibrador-pneumatico-luftmax-turbo-modelo-t-80","10":"product_tag-mavi-turbo-luftmax","11":"product_tag-pneumatico","12":"product_tag-t80","13":"product_tag-vibrador","15":"first","16":"instock","17":"sale","18":"taxable","19":"shipping-taxable","20":"purchasable","21":"product-type-simple"},"yoast_head":"<!-- This site is optimized with the Yoast SEO plugin v27.4 - https:\/\/yoast.com\/product\/yoast-seo-wordpress\/ -->\n<title>Vibrador Pneumatico Luftmax Turbo\u00ae Modelo T-80 - Dicomag<\/title>\n<meta name=\"description\" content=\"Vibrador Pneumatico Luftmax Turbo\u00ae Modelo T-80 s\u00e3o de funcionamento simples, requerem um m\u00ednimo de manuten\u00e7\u00e3o e s\u00e3o de extra longa durabilidade.\" \/>\n<meta name=\"robots\" content=\"index, follow, max-snippet:-1, max-image-preview:large, max-video-preview:-1\" \/>\n<link rel=\"canonical\" href=\"https:\/\/dicomag.com.br\/?product=vibrador-pneumatico-luftmax-turbo-modelo-t-80\" \/>\n<meta property=\"og:locale\" content=\"pt_BR\" \/>\n<meta property=\"og:type\" content=\"article\" \/>\n<meta property=\"og:title\" content=\"Vibrador Pneumatico Luftmax Turbo\u00ae Modelo T-80 - Dicomag\" \/>\n<meta property=\"og:description\" content=\"Vibrador Pneumatico Luftmax Turbo\u00ae Modelo T-80 s\u00e3o de funcionamento simples, requerem um m\u00ednimo de manuten\u00e7\u00e3o e s\u00e3o de extra longa durabilidade.\" \/>\n<meta property=\"og:url\" content=\"https:\/\/dicomag.com.br\/?product=vibrador-pneumatico-luftmax-turbo-modelo-t-80\" \/>\n<meta property=\"og:site_name\" content=\"Dicomag\" \/>\n<meta property=\"article:publisher\" content=\"https:\/\/www.facebook.com\/dicomagpoa\/\" \/>\n<meta property=\"article:modified_time\" content=\"2025-04-09T17:44:36+00:00\" \/>\n<meta property=\"og:image\" content=\"http:\/\/dicomag.com.br\/wp-content\/uploads\/2019\/03\/vibrador-pneumatico-luftmax-turbo.jpg\" \/>\n\t<meta property=\"og:image:width\" content=\"324\" \/>\n\t<meta property=\"og:image:height\" content=\"305\" \/>\n\t<meta property=\"og:image:type\" content=\"image\/jpeg\" \/>\n<meta name=\"twitter:card\" content=\"summary_large_image\" \/>\n<meta name=\"twitter:label1\" content=\"Est. tempo de leitura\" \/>\n\t<meta name=\"twitter:data1\" content=\"2 minutos\" \/>\n<script type=\"application\/ld+json\" class=\"yoast-schema-graph\">{\"@context\":\"https:\\\/\\\/schema.org\",\"@graph\":[{\"@type\":\"WebPage\",\"@id\":\"https:\\\/\\\/dicomag.com.br\\\/?product=vibrador-pneumatico-luftmax-turbo-modelo-t-80\",\"url\":\"https:\\\/\\\/dicomag.com.br\\\/?product=vibrador-pneumatico-luftmax-turbo-modelo-t-80\",\"name\":\"Vibrador Pneumatico Luftmax Turbo\u00ae Modelo T-80 - Dicomag\",\"isPartOf\":{\"@id\":\"https:\\\/\\\/dicomag.com.br\\\/#website\"},\"primaryImageOfPage\":{\"@id\":\"https:\\\/\\\/dicomag.com.br\\\/?product=vibrador-pneumatico-luftmax-turbo-modelo-t-80#primaryimage\"},\"image\":{\"@id\":\"https:\\\/\\\/dicomag.com.br\\\/?product=vibrador-pneumatico-luftmax-turbo-modelo-t-80#primaryimage\"},\"thumbnailUrl\":\"https:\\\/\\\/dicomag.com.br\\\/wp-content\\\/uploads\\\/2019\\\/03\\\/vibrador-pneumatico-luftmax-turbo.jpg\",\"datePublished\":\"2019-03-18T21:26:11+00:00\",\"dateModified\":\"2025-04-09T17:44:36+00:00\",\"description\":\"Vibrador Pneumatico Luftmax Turbo\u00ae Modelo T-80 s\u00e3o de funcionamento simples, requerem um m\u00ednimo de manuten\u00e7\u00e3o e s\u00e3o de extra longa durabilidade.\",\"breadcrumb\":{\"@id\":\"https:\\\/\\\/dicomag.com.br\\\/?product=vibrador-pneumatico-luftmax-turbo-modelo-t-80#breadcrumb\"},\"inLanguage\":\"pt-BR\",\"potentialAction\":[{\"@type\":\"ReadAction\",\"target\":[\"https:\\\/\\\/dicomag.com.br\\\/?product=vibrador-pneumatico-luftmax-turbo-modelo-t-80\"]}]},{\"@type\":\"ImageObject\",\"inLanguage\":\"pt-BR\",\"@id\":\"https:\\\/\\\/dicomag.com.br\\\/?product=vibrador-pneumatico-luftmax-turbo-modelo-t-80#primaryimage\",\"url\":\"https:\\\/\\\/dicomag.com.br\\\/wp-content\\\/uploads\\\/2019\\\/03\\\/vibrador-pneumatico-luftmax-turbo.jpg\",\"contentUrl\":\"https:\\\/\\\/dicomag.com.br\\\/wp-content\\\/uploads\\\/2019\\\/03\\\/vibrador-pneumatico-luftmax-turbo.jpg\",\"width\":324,\"height\":305},{\"@type\":\"BreadcrumbList\",\"@id\":\"https:\\\/\\\/dicomag.com.br\\\/?product=vibrador-pneumatico-luftmax-turbo-modelo-t-80#breadcrumb\",\"itemListElement\":[{\"@type\":\"ListItem\",\"position\":1,\"name\":\"In\u00edcio\",\"item\":\"https:\\\/\\\/dicomag.com.br\\\/\"},{\"@type\":\"ListItem\",\"position\":2,\"name\":\"Shop\",\"item\":\"https:\\\/\\\/dicomag.com.br\\\/\"},{\"@type\":\"ListItem\",\"position\":3,\"name\":\"Vibrador Pneumatico Luftmax Turbo\u00ae Modelo T-80\"}]},{\"@type\":\"WebSite\",\"@id\":\"https:\\\/\\\/dicomag.com.br\\\/#website\",\"url\":\"https:\\\/\\\/dicomag.com.br\\\/\",\"name\":\"Dicomag\",\"description\":\"Imas\",\"publisher\":{\"@id\":\"https:\\\/\\\/dicomag.com.br\\\/#organization\"},\"potentialAction\":[{\"@type\":\"SearchAction\",\"target\":{\"@type\":\"EntryPoint\",\"urlTemplate\":\"https:\\\/\\\/dicomag.com.br\\\/?s={search_term_string}\"},\"query-input\":{\"@type\":\"PropertyValueSpecification\",\"valueRequired\":true,\"valueName\":\"search_term_string\"}}],\"inLanguage\":\"pt-BR\"},{\"@type\":\"Organization\",\"@id\":\"https:\\\/\\\/dicomag.com.br\\\/#organization\",\"name\":\"Dicomag\",\"url\":\"https:\\\/\\\/dicomag.com.br\\\/\",\"logo\":{\"@type\":\"ImageObject\",\"inLanguage\":\"pt-BR\",\"@id\":\"https:\\\/\\\/dicomag.com.br\\\/#\\\/schema\\\/logo\\\/image\\\/\",\"url\":\"https:\\\/\\\/dicomag.com.br\\\/wp-content\\\/uploads\\\/2019\\\/04\\\/Logo-Dicomag-Comemorativo-jpeg2.png\",\"contentUrl\":\"https:\\\/\\\/dicomag.com.br\\\/wp-content\\\/uploads\\\/2019\\\/04\\\/Logo-Dicomag-Comemorativo-jpeg2.png\",\"width\":457,\"height\":174,\"caption\":\"Dicomag\"},\"image\":{\"@id\":\"https:\\\/\\\/dicomag.com.br\\\/#\\\/schema\\\/logo\\\/image\\\/\"},\"sameAs\":[\"https:\\\/\\\/www.facebook.com\\\/dicomagpoa\\\/\"]}]}<\/script>\n<!-- \/ Yoast SEO plugin. -->","yoast_head_json":{"title":"Vibrador Pneumatico Luftmax Turbo\u00ae Modelo T-80 - Dicomag","description":"Vibrador Pneumatico Luftmax Turbo\u00ae Modelo T-80 s\u00e3o de funcionamento simples, requerem um m\u00ednimo de manuten\u00e7\u00e3o e s\u00e3o de extra longa durabilidade.","robots":{"index":"index","follow":"follow","max-snippet":"max-snippet:-1","max-image-preview":"max-image-preview:large","max-video-preview":"max-video-preview:-1"},"canonical":"https:\/\/dicomag.com.br\/?product=vibrador-pneumatico-luftmax-turbo-modelo-t-80","og_locale":"pt_BR","og_type":"article","og_title":"Vibrador Pneumatico Luftmax Turbo\u00ae Modelo T-80 - Dicomag","og_description":"Vibrador Pneumatico Luftmax Turbo\u00ae Modelo T-80 s\u00e3o de funcionamento simples, requerem um m\u00ednimo de manuten\u00e7\u00e3o e s\u00e3o de extra longa durabilidade.","og_url":"https:\/\/dicomag.com.br\/?product=vibrador-pneumatico-luftmax-turbo-modelo-t-80","og_site_name":"Dicomag","article_publisher":"https:\/\/www.facebook.com\/dicomagpoa\/","article_modified_time":"2025-04-09T17:44:36+00:00","og_image":[{"width":324,"height":305,"url":"http:\/\/dicomag.com.br\/wp-content\/uploads\/2019\/03\/vibrador-pneumatico-luftmax-turbo.jpg","type":"image\/jpeg"}],"twitter_card":"summary_large_image","twitter_misc":{"Est. tempo de leitura":"2 minutos"},"schema":{"@context":"https:\/\/schema.org","@graph":[{"@type":"WebPage","@id":"https:\/\/dicomag.com.br\/?product=vibrador-pneumatico-luftmax-turbo-modelo-t-80","url":"https:\/\/dicomag.com.br\/?product=vibrador-pneumatico-luftmax-turbo-modelo-t-80","name":"Vibrador Pneumatico Luftmax Turbo\u00ae Modelo T-80 - Dicomag","isPartOf":{"@id":"https:\/\/dicomag.com.br\/#website"},"primaryImageOfPage":{"@id":"https:\/\/dicomag.com.br\/?product=vibrador-pneumatico-luftmax-turbo-modelo-t-80#primaryimage"},"image":{"@id":"https:\/\/dicomag.com.br\/?product=vibrador-pneumatico-luftmax-turbo-modelo-t-80#primaryimage"},"thumbnailUrl":"https:\/\/dicomag.com.br\/wp-content\/uploads\/2019\/03\/vibrador-pneumatico-luftmax-turbo.jpg","datePublished":"2019-03-18T21:26:11+00:00","dateModified":"2025-04-09T17:44:36+00:00","description":"Vibrador Pneumatico Luftmax Turbo\u00ae Modelo T-80 s\u00e3o de funcionamento simples, requerem um m\u00ednimo de manuten\u00e7\u00e3o e s\u00e3o de extra longa durabilidade.","breadcrumb":{"@id":"https:\/\/dicomag.com.br\/?product=vibrador-pneumatico-luftmax-turbo-modelo-t-80#breadcrumb"},"inLanguage":"pt-BR","potentialAction":[{"@type":"ReadAction","target":["https:\/\/dicomag.com.br\/?product=vibrador-pneumatico-luftmax-turbo-modelo-t-80"]}]},{"@type":"ImageObject","inLanguage":"pt-BR","@id":"https:\/\/dicomag.com.br\/?product=vibrador-pneumatico-luftmax-turbo-modelo-t-80#primaryimage","url":"https:\/\/dicomag.com.br\/wp-content\/uploads\/2019\/03\/vibrador-pneumatico-luftmax-turbo.jpg","contentUrl":"https:\/\/dicomag.com.br\/wp-content\/uploads\/2019\/03\/vibrador-pneumatico-luftmax-turbo.jpg","width":324,"height":305},{"@type":"BreadcrumbList","@id":"https:\/\/dicomag.com.br\/?product=vibrador-pneumatico-luftmax-turbo-modelo-t-80#breadcrumb","itemListElement":[{"@type":"ListItem","position":1,"name":"In\u00edcio","item":"https:\/\/dicomag.com.br\/"},{"@type":"ListItem","position":2,"name":"Shop","item":"https:\/\/dicomag.com.br\/"},{"@type":"ListItem","position":3,"name":"Vibrador Pneumatico Luftmax Turbo\u00ae Modelo T-80"}]},{"@type":"WebSite","@id":"https:\/\/dicomag.com.br\/#website","url":"https:\/\/dicomag.com.br\/","name":"Dicomag","description":"Imas","publisher":{"@id":"https:\/\/dicomag.com.br\/#organization"},"potentialAction":[{"@type":"SearchAction","target":{"@type":"EntryPoint","urlTemplate":"https:\/\/dicomag.com.br\/?s={search_term_string}"},"query-input":{"@type":"PropertyValueSpecification","valueRequired":true,"valueName":"search_term_string"}}],"inLanguage":"pt-BR"},{"@type":"Organization","@id":"https:\/\/dicomag.com.br\/#organization","name":"Dicomag","url":"https:\/\/dicomag.com.br\/","logo":{"@type":"ImageObject","inLanguage":"pt-BR","@id":"https:\/\/dicomag.com.br\/#\/schema\/logo\/image\/","url":"https:\/\/dicomag.com.br\/wp-content\/uploads\/2019\/04\/Logo-Dicomag-Comemorativo-jpeg2.png","contentUrl":"https:\/\/dicomag.com.br\/wp-content\/uploads\/2019\/04\/Logo-Dicomag-Comemorativo-jpeg2.png","width":457,"height":174,"caption":"Dicomag"},"image":{"@id":"https:\/\/dicomag.com.br\/#\/schema\/logo\/image\/"},"sameAs":["https:\/\/www.facebook.com\/dicomagpoa\/"]}]}},"_links":{"self":[{"href":"https:\/\/dicomag.com.br\/index.php?rest_route=\/wp\/v2\/product\/2530","targetHints":{"allow":["GET"]}}],"collection":[{"href":"https:\/\/dicomag.com.br\/index.php?rest_route=\/wp\/v2\/product"}],"about":[{"href":"https:\/\/dicomag.com.br\/index.php?rest_route=\/wp\/v2\/types\/product"}],"replies":[{"embeddable":true,"href":"https:\/\/dicomag.com.br\/index.php?rest_route=%2Fwp%2Fv2%2Fcomments&post=2530"}],"wp:featuredmedia":[{"embeddable":true,"href":"https:\/\/dicomag.com.br\/index.php?rest_route=\/wp\/v2\/media\/2507"}],"wp:attachment":[{"href":"https:\/\/dicomag.com.br\/index.php?rest_route=%2Fwp%2Fv2%2Fmedia&parent=2530"}],"wp:term":[{"taxonomy":"product_brand","embeddable":true,"href":"https:\/\/dicomag.com.br\/index.php?rest_route=%2Fwp%2Fv2%2Fproduct_brand&post=2530"},{"taxonomy":"product_cat","embeddable":true,"href":"https:\/\/dicomag.com.br\/index.php?rest_route=%2Fwp%2Fv2%2Fproduct_cat&post=2530"},{"taxonomy":"product_tag","embeddable":true,"href":"https:\/\/dicomag.com.br\/index.php?rest_route=%2Fwp%2Fv2%2Fproduct_tag&post=2530"}],"curies":[{"name":"wp","href":"https:\/\/api.w.org\/{rel}","templated":true}]}}