{"id":2535,"date":"2019-03-18T22:31:11","date_gmt":"2019-03-18T22:31:11","guid":{"rendered":"http:\/\/dicomag.com.br\/?post_type=product&#038;p=2535"},"modified":"2025-04-09T17:01:35","modified_gmt":"2025-04-09T17:01:35","slug":"vibrador-pneumatico-luftmax-modelo-e-50","status":"publish","type":"product","link":"https:\/\/dicomag.com.br\/?product=vibrador-pneumatico-luftmax-modelo-e-50","title":{"rendered":"Vibrador Pneumatico Luftmax\u00ae Modelo E-50"},"content":{"rendered":"<p>Quando \u00e9 necess\u00e1rio aplicar-se vibra\u00e7\u00f5es de alt\u00edssima frequ\u00eancia em silos, dutos e dep\u00f3sitos, de forma a obter-se boa ajuda ao escoamento de materiais a granel, e ainda necessitar-se de equipamento com dimens\u00f5es reduzid\u00edssimas, pode-se optar por vibradores pneum\u00e1ticos LuftMax\u00ae.<\/p>\n<p>S\u00e3o de funcionamento simples, requerem um m\u00ednimo de manuten\u00e7\u00e3o e gra\u00e7as ao novo conceito utilizado pela Mavi M\u00e1quinas Vibrat\u00f3rias para sua constru\u00e7\u00e3o, s\u00e3o de extra longa durabilidade.<\/p>\n<p>Ao lado temos alguns exemplos de suas aplica\u00e7\u00f5es e posi\u00e7\u00f5es de trabalho, de forma a obter-se sua melhor utiliza\u00e7\u00e3o. Trabalham em ambientes de elevada temperatura, (at\u00e9 100\u00b0C) se necess\u00e1rio, com capas protetoras especiais.<\/p>\n<p>Vibradores LuftMax\u00ae podem tamb\u00e9m ser utilizados como acionamento de pequenos transportadores ou dosadores, ou at\u00e9 peneiras vibrat\u00f3rias para a classifica\u00e7\u00e3o de materiais ou filtragem de l\u00edquidos.<\/p>\n<p>A reduzida amplitude desenvolvida diminui eventuais solicita\u00e7\u00f5es \u00e0 fadiga nos materiais de silos e dutos.<\/p>\n<p>A alta fequ\u00eancia dos vibradores LuftMax\u00ae (at\u00e9 30.000 rpm) cria acelera\u00e7\u00f5es poderosas, que podem ajudar o escoamento de uma ampla gama de materiais a granel.<\/p>\n<p>S\u00e3o bastante econ\u00f4micos no consumo de ar e j\u00e1 iniciam seu trabalho vibrat\u00f3rio a partir de press\u00f5es de 2 bar (29 psi).<\/p>\n<p>Para vibrar-se silos, dep\u00f3sitos e dutos podemos partir da considera\u00e7\u00e3o b\u00e1sica de usar-se vibradores de esferas (tipos E-50 e E-80) por suas excelentes caracter\u00edsticas de partida a press\u00f5es relativamente baixas. A escolha, no caso de silos, determina-se pelo volume da parte c\u00f4nica desses, lembrando-se por\u00e9m de fixar-se os vibradores LuftMax\u00ae sempre a 1\/3 da altura do cone, partindo do di\u00e2metro menor (ver ilustra\u00e7\u00e3o ao lado).<\/p>\n<p>No caso de aplica\u00e7\u00f5es em silos, dep\u00f3sitos e dutos que requerem vibra\u00e7\u00e3o mais intensa, as op\u00e7\u00f5es dos vibradores de rolos s\u00e3o recomend\u00e1veis (modelos L-50, L-80 e L-120 assim como R-50 e R-80). Requerem por\u00e9m maiores press\u00f5es de ar para partida. Os gr\u00e1ficos nas p\u00e1ginas seguintes permitem uma escolha aproximada do tipo de vibrador recomendado.<\/p>\n<p>A quantidade b\u00e1sica de vibradores LuftMax\u00ae \u00e9 determinada pelo volume do cone de descarga dos silos e dep\u00f3sitos, assim como a espessura das chapas.<\/p>\n<p>O volume do cone \u00e9 calculado (para se\u00e7\u00f5es redondas, as mais comuns) com a seguinte f\u00f3rmula:<\/p>\n<p><span class=\"formula\">V=270.h.(D1\u00b2+D1D2+D2\u00b2)<\/span><\/p>\n<p>(V em litros e h, D1 e D2 em metros)<\/p>\n<p>Com os valores obtidos para V = volume em litros e a ajuda dos gr\u00e1ficos ao lado, determina-se o tamanho e a quantidade de vibradores LuftMax\u00ae.<\/p>\n<p>Para materiais \u00famidos ou pegajosos, multiplicar as quantidades por 1,5 arredondando o valor obtido ao inteiro superior pr\u00f3ximo.<\/p>\n","protected":false},"excerpt":{"rendered":"<p>Tabela de Dados:<\/p>\n<p>Rota\u00e7\u00e3o:<\/p>\n<p>2 bar\u00a0 \u00a0 \u00a0 4 bar\u00a0 \u00a0 \u00a0 6 bar<\/p>\n<p>20000\u00a0 \u00a026000\u00a0 \u00a0 29000<\/p>\n<p>For\u00e7a centr\u00edfuga (daN=kgf)<\/p>\n<p>2 bar\u00a0 \u00a0 \u00a0 4 bar\u00a0 \u00a0 \u00a0 6 bar<\/p>\n<p>\u00a0 54\u00a0 \u00a0 \u00a0 \u00a0 \u00a0 \u00a092\u00a0 \u00a0 \u00a0 \u00a0 \u00a0 110<\/p>\n<p>Vaz\u00e3o Max. (6 bar)<\/p>\n<p>200 l\/min<\/p>\n<p>Rotor: Rolo<\/p>\n<p>1\/8&#8243; BSP 1\/4&#8243;<\/p>\n<p>&nbsp;<\/p>\n","protected":false},"featured_media":2508,"comment_status":"open","ping_status":"closed","template":"","meta":[],"product_brand":[],"product_cat":[108,362,366,368],"product_tag":[394,390,386,385],"class_list":{"0":"post-2535","1":"product","2":"type-product","3":"status-publish","4":"has-post-thumbnail","6":"product_cat-motovibradores-e-vibradores","7":"product_cat-vibrador-pneumatico","8":"product_cat-vibrador-pneumatico-luftmax","9":"product_cat-vibrador-pneumatico-luftmax-modelo-e-50","10":"product_tag-e50","11":"product_tag-mavi-luftmax","12":"product_tag-pneumatico","13":"product_tag-vibrador","15":"first","16":"instock","17":"sale","18":"taxable","19":"shipping-taxable","20":"purchasable","21":"product-type-simple"},"yoast_head":"<!-- This site is optimized with the Yoast SEO plugin v27.4 - https:\/\/yoast.com\/product\/yoast-seo-wordpress\/ -->\n<title>Vibrador Pneumatico Luftmax\u00ae Modelo E-50 - Dicomag<\/title>\n<meta name=\"robots\" content=\"index, follow, max-snippet:-1, max-image-preview:large, max-video-preview:-1\" \/>\n<link rel=\"canonical\" href=\"https:\/\/dicomag.com.br\/?product=vibrador-pneumatico-luftmax-modelo-e-50\" \/>\n<meta property=\"og:locale\" content=\"pt_BR\" \/>\n<meta property=\"og:type\" content=\"article\" \/>\n<meta property=\"og:title\" content=\"Vibrador Pneumatico Luftmax\u00ae Modelo E-50 - Dicomag\" \/>\n<meta property=\"og:description\" content=\"Tabela de Dados:Rota\u00e7\u00e3o:2 bar\u00a0 \u00a0 \u00a0 4 bar\u00a0 \u00a0 \u00a0 6 bar20000\u00a0 \u00a026000\u00a0 \u00a0 29000For\u00e7a centr\u00edfuga (daN=kgf)2 bar\u00a0 \u00a0 \u00a0 4 bar\u00a0 \u00a0 \u00a0 6 bar\u00a0 54\u00a0 \u00a0 \u00a0 \u00a0 \u00a0 \u00a092\u00a0 \u00a0 \u00a0 \u00a0 \u00a0 110Vaz\u00e3o Max. (6 bar)200 l\/minRotor: Rolo1\/8&quot; BSP 1\/4&quot;&nbsp;\" \/>\n<meta property=\"og:url\" content=\"https:\/\/dicomag.com.br\/?product=vibrador-pneumatico-luftmax-modelo-e-50\" \/>\n<meta property=\"og:site_name\" content=\"Dicomag\" \/>\n<meta property=\"article:publisher\" content=\"https:\/\/www.facebook.com\/dicomagpoa\/\" \/>\n<meta property=\"article:modified_time\" content=\"2025-04-09T17:01:35+00:00\" \/>\n<meta property=\"og:image\" content=\"http:\/\/dicomag.com.br\/wp-content\/uploads\/2019\/03\/vibrador-pneumatico-luftmax.jpg\" \/>\n\t<meta property=\"og:image:width\" content=\"450\" \/>\n\t<meta property=\"og:image:height\" content=\"225\" \/>\n\t<meta property=\"og:image:type\" content=\"image\/jpeg\" \/>\n<meta name=\"twitter:card\" content=\"summary_large_image\" \/>\n<meta name=\"twitter:label1\" content=\"Est. tempo de leitura\" \/>\n\t<meta name=\"twitter:data1\" content=\"2 minutos\" \/>\n<script type=\"application\/ld+json\" class=\"yoast-schema-graph\">{\"@context\":\"https:\\\/\\\/schema.org\",\"@graph\":[{\"@type\":\"WebPage\",\"@id\":\"https:\\\/\\\/dicomag.com.br\\\/?product=vibrador-pneumatico-luftmax-modelo-e-50\",\"url\":\"https:\\\/\\\/dicomag.com.br\\\/?product=vibrador-pneumatico-luftmax-modelo-e-50\",\"name\":\"Vibrador Pneumatico Luftmax\u00ae Modelo E-50 - Dicomag\",\"isPartOf\":{\"@id\":\"https:\\\/\\\/dicomag.com.br\\\/#website\"},\"primaryImageOfPage\":{\"@id\":\"https:\\\/\\\/dicomag.com.br\\\/?product=vibrador-pneumatico-luftmax-modelo-e-50#primaryimage\"},\"image\":{\"@id\":\"https:\\\/\\\/dicomag.com.br\\\/?product=vibrador-pneumatico-luftmax-modelo-e-50#primaryimage\"},\"thumbnailUrl\":\"https:\\\/\\\/dicomag.com.br\\\/wp-content\\\/uploads\\\/2019\\\/03\\\/vibrador-pneumatico-luftmax.jpg\",\"datePublished\":\"2019-03-18T22:31:11+00:00\",\"dateModified\":\"2025-04-09T17:01:35+00:00\",\"breadcrumb\":{\"@id\":\"https:\\\/\\\/dicomag.com.br\\\/?product=vibrador-pneumatico-luftmax-modelo-e-50#breadcrumb\"},\"inLanguage\":\"pt-BR\",\"potentialAction\":[{\"@type\":\"ReadAction\",\"target\":[\"https:\\\/\\\/dicomag.com.br\\\/?product=vibrador-pneumatico-luftmax-modelo-e-50\"]}]},{\"@type\":\"ImageObject\",\"inLanguage\":\"pt-BR\",\"@id\":\"https:\\\/\\\/dicomag.com.br\\\/?product=vibrador-pneumatico-luftmax-modelo-e-50#primaryimage\",\"url\":\"https:\\\/\\\/dicomag.com.br\\\/wp-content\\\/uploads\\\/2019\\\/03\\\/vibrador-pneumatico-luftmax.jpg\",\"contentUrl\":\"https:\\\/\\\/dicomag.com.br\\\/wp-content\\\/uploads\\\/2019\\\/03\\\/vibrador-pneumatico-luftmax.jpg\",\"width\":450,\"height\":225},{\"@type\":\"BreadcrumbList\",\"@id\":\"https:\\\/\\\/dicomag.com.br\\\/?product=vibrador-pneumatico-luftmax-modelo-e-50#breadcrumb\",\"itemListElement\":[{\"@type\":\"ListItem\",\"position\":1,\"name\":\"In\u00edcio\",\"item\":\"https:\\\/\\\/dicomag.com.br\\\/\"},{\"@type\":\"ListItem\",\"position\":2,\"name\":\"Shop\",\"item\":\"https:\\\/\\\/dicomag.com.br\\\/\"},{\"@type\":\"ListItem\",\"position\":3,\"name\":\"Vibrador Pneumatico Luftmax\u00ae Modelo E-50\"}]},{\"@type\":\"WebSite\",\"@id\":\"https:\\\/\\\/dicomag.com.br\\\/#website\",\"url\":\"https:\\\/\\\/dicomag.com.br\\\/\",\"name\":\"Dicomag\",\"description\":\"Imas\",\"publisher\":{\"@id\":\"https:\\\/\\\/dicomag.com.br\\\/#organization\"},\"potentialAction\":[{\"@type\":\"SearchAction\",\"target\":{\"@type\":\"EntryPoint\",\"urlTemplate\":\"https:\\\/\\\/dicomag.com.br\\\/?s={search_term_string}\"},\"query-input\":{\"@type\":\"PropertyValueSpecification\",\"valueRequired\":true,\"valueName\":\"search_term_string\"}}],\"inLanguage\":\"pt-BR\"},{\"@type\":\"Organization\",\"@id\":\"https:\\\/\\\/dicomag.com.br\\\/#organization\",\"name\":\"Dicomag\",\"url\":\"https:\\\/\\\/dicomag.com.br\\\/\",\"logo\":{\"@type\":\"ImageObject\",\"inLanguage\":\"pt-BR\",\"@id\":\"https:\\\/\\\/dicomag.com.br\\\/#\\\/schema\\\/logo\\\/image\\\/\",\"url\":\"https:\\\/\\\/dicomag.com.br\\\/wp-content\\\/uploads\\\/2019\\\/04\\\/Logo-Dicomag-Comemorativo-jpeg2.png\",\"contentUrl\":\"https:\\\/\\\/dicomag.com.br\\\/wp-content\\\/uploads\\\/2019\\\/04\\\/Logo-Dicomag-Comemorativo-jpeg2.png\",\"width\":457,\"height\":174,\"caption\":\"Dicomag\"},\"image\":{\"@id\":\"https:\\\/\\\/dicomag.com.br\\\/#\\\/schema\\\/logo\\\/image\\\/\"},\"sameAs\":[\"https:\\\/\\\/www.facebook.com\\\/dicomagpoa\\\/\"]}]}<\/script>\n<!-- \/ Yoast SEO plugin. -->","yoast_head_json":{"title":"Vibrador Pneumatico Luftmax\u00ae Modelo E-50 - Dicomag","robots":{"index":"index","follow":"follow","max-snippet":"max-snippet:-1","max-image-preview":"max-image-preview:large","max-video-preview":"max-video-preview:-1"},"canonical":"https:\/\/dicomag.com.br\/?product=vibrador-pneumatico-luftmax-modelo-e-50","og_locale":"pt_BR","og_type":"article","og_title":"Vibrador Pneumatico Luftmax\u00ae Modelo E-50 - Dicomag","og_description":"Tabela de Dados:Rota\u00e7\u00e3o:2 bar\u00a0 \u00a0 \u00a0 4 bar\u00a0 \u00a0 \u00a0 6 bar20000\u00a0 \u00a026000\u00a0 \u00a0 29000For\u00e7a centr\u00edfuga (daN=kgf)2 bar\u00a0 \u00a0 \u00a0 4 bar\u00a0 \u00a0 \u00a0 6 bar\u00a0 54\u00a0 \u00a0 \u00a0 \u00a0 \u00a0 \u00a092\u00a0 \u00a0 \u00a0 \u00a0 \u00a0 110Vaz\u00e3o Max. (6 bar)200 l\/minRotor: Rolo1\/8\" BSP 1\/4\"&nbsp;","og_url":"https:\/\/dicomag.com.br\/?product=vibrador-pneumatico-luftmax-modelo-e-50","og_site_name":"Dicomag","article_publisher":"https:\/\/www.facebook.com\/dicomagpoa\/","article_modified_time":"2025-04-09T17:01:35+00:00","og_image":[{"width":450,"height":225,"url":"http:\/\/dicomag.com.br\/wp-content\/uploads\/2019\/03\/vibrador-pneumatico-luftmax.jpg","type":"image\/jpeg"}],"twitter_card":"summary_large_image","twitter_misc":{"Est. tempo de leitura":"2 minutos"},"schema":{"@context":"https:\/\/schema.org","@graph":[{"@type":"WebPage","@id":"https:\/\/dicomag.com.br\/?product=vibrador-pneumatico-luftmax-modelo-e-50","url":"https:\/\/dicomag.com.br\/?product=vibrador-pneumatico-luftmax-modelo-e-50","name":"Vibrador Pneumatico Luftmax\u00ae Modelo E-50 - Dicomag","isPartOf":{"@id":"https:\/\/dicomag.com.br\/#website"},"primaryImageOfPage":{"@id":"https:\/\/dicomag.com.br\/?product=vibrador-pneumatico-luftmax-modelo-e-50#primaryimage"},"image":{"@id":"https:\/\/dicomag.com.br\/?product=vibrador-pneumatico-luftmax-modelo-e-50#primaryimage"},"thumbnailUrl":"https:\/\/dicomag.com.br\/wp-content\/uploads\/2019\/03\/vibrador-pneumatico-luftmax.jpg","datePublished":"2019-03-18T22:31:11+00:00","dateModified":"2025-04-09T17:01:35+00:00","breadcrumb":{"@id":"https:\/\/dicomag.com.br\/?product=vibrador-pneumatico-luftmax-modelo-e-50#breadcrumb"},"inLanguage":"pt-BR","potentialAction":[{"@type":"ReadAction","target":["https:\/\/dicomag.com.br\/?product=vibrador-pneumatico-luftmax-modelo-e-50"]}]},{"@type":"ImageObject","inLanguage":"pt-BR","@id":"https:\/\/dicomag.com.br\/?product=vibrador-pneumatico-luftmax-modelo-e-50#primaryimage","url":"https:\/\/dicomag.com.br\/wp-content\/uploads\/2019\/03\/vibrador-pneumatico-luftmax.jpg","contentUrl":"https:\/\/dicomag.com.br\/wp-content\/uploads\/2019\/03\/vibrador-pneumatico-luftmax.jpg","width":450,"height":225},{"@type":"BreadcrumbList","@id":"https:\/\/dicomag.com.br\/?product=vibrador-pneumatico-luftmax-modelo-e-50#breadcrumb","itemListElement":[{"@type":"ListItem","position":1,"name":"In\u00edcio","item":"https:\/\/dicomag.com.br\/"},{"@type":"ListItem","position":2,"name":"Shop","item":"https:\/\/dicomag.com.br\/"},{"@type":"ListItem","position":3,"name":"Vibrador Pneumatico Luftmax\u00ae Modelo E-50"}]},{"@type":"WebSite","@id":"https:\/\/dicomag.com.br\/#website","url":"https:\/\/dicomag.com.br\/","name":"Dicomag","description":"Imas","publisher":{"@id":"https:\/\/dicomag.com.br\/#organization"},"potentialAction":[{"@type":"SearchAction","target":{"@type":"EntryPoint","urlTemplate":"https:\/\/dicomag.com.br\/?s={search_term_string}"},"query-input":{"@type":"PropertyValueSpecification","valueRequired":true,"valueName":"search_term_string"}}],"inLanguage":"pt-BR"},{"@type":"Organization","@id":"https:\/\/dicomag.com.br\/#organization","name":"Dicomag","url":"https:\/\/dicomag.com.br\/","logo":{"@type":"ImageObject","inLanguage":"pt-BR","@id":"https:\/\/dicomag.com.br\/#\/schema\/logo\/image\/","url":"https:\/\/dicomag.com.br\/wp-content\/uploads\/2019\/04\/Logo-Dicomag-Comemorativo-jpeg2.png","contentUrl":"https:\/\/dicomag.com.br\/wp-content\/uploads\/2019\/04\/Logo-Dicomag-Comemorativo-jpeg2.png","width":457,"height":174,"caption":"Dicomag"},"image":{"@id":"https:\/\/dicomag.com.br\/#\/schema\/logo\/image\/"},"sameAs":["https:\/\/www.facebook.com\/dicomagpoa\/"]}]}},"_links":{"self":[{"href":"https:\/\/dicomag.com.br\/index.php?rest_route=\/wp\/v2\/product\/2535","targetHints":{"allow":["GET"]}}],"collection":[{"href":"https:\/\/dicomag.com.br\/index.php?rest_route=\/wp\/v2\/product"}],"about":[{"href":"https:\/\/dicomag.com.br\/index.php?rest_route=\/wp\/v2\/types\/product"}],"replies":[{"embeddable":true,"href":"https:\/\/dicomag.com.br\/index.php?rest_route=%2Fwp%2Fv2%2Fcomments&post=2535"}],"wp:featuredmedia":[{"embeddable":true,"href":"https:\/\/dicomag.com.br\/index.php?rest_route=\/wp\/v2\/media\/2508"}],"wp:attachment":[{"href":"https:\/\/dicomag.com.br\/index.php?rest_route=%2Fwp%2Fv2%2Fmedia&parent=2535"}],"wp:term":[{"taxonomy":"product_brand","embeddable":true,"href":"https:\/\/dicomag.com.br\/index.php?rest_route=%2Fwp%2Fv2%2Fproduct_brand&post=2535"},{"taxonomy":"product_cat","embeddable":true,"href":"https:\/\/dicomag.com.br\/index.php?rest_route=%2Fwp%2Fv2%2Fproduct_cat&post=2535"},{"taxonomy":"product_tag","embeddable":true,"href":"https:\/\/dicomag.com.br\/index.php?rest_route=%2Fwp%2Fv2%2Fproduct_tag&post=2535"}],"curies":[{"name":"wp","href":"https:\/\/api.w.org\/{rel}","templated":true}]}}