{"id":2552,"date":"2019-03-19T14:59:20","date_gmt":"2019-03-19T14:59:20","guid":{"rendered":"http:\/\/dicomag.com.br\/?post_type=product&#038;p=2552"},"modified":"2023-04-25T19:37:26","modified_gmt":"2023-04-25T19:37:26","slug":"fixador-magnetico-com-furo-escareado","status":"publish","type":"product","link":"https:\/\/dicomag.com.br\/?product=fixador-magnetico-com-furo-escareado","title":{"rendered":"Fixador Magn\u00e9tico Com Pino e Olhal"},"content":{"rendered":"\r\n<h1 class=\"western\"><span style=\"font-family: Liberation Serif, serif;\"><span style=\"font-size: xx-large;\"><b>Fixador Magn\u00e9tico Com Pino e Olhal<\/b><\/span><\/span><\/h1>\r\n<p>&nbsp;<\/p>\r\n<p>O <span style=\"font-family: Liberation Serif, serif;\"><span style=\"font-size: medium;\">Fixador Magn\u00e9tico Com Pino e Olhal<\/span><\/span><span style=\"font-size: medium;\"> \u00e9 composto de um material magn\u00e9tico moderno.<\/span><\/p>\r\n<p><span style=\"font-size: medium;\">Sendo formado por um im\u00e3 da liga de Neod\u00edmio, Ferro e Boro.<\/span><\/p>\r\n<p><span style=\"font-size: medium;\">Tendo uma excelente concentra\u00e7\u00e3o de energia em dimens\u00f5es compactas.<\/span><\/p>\r\n<p>Portanto s\u00e3o extremamente poderosos j\u00e1 que seu magnetismo est\u00e1 concentrado em uma de suas faces.<\/p>\r\n<p>Consequentemente as aplica\u00e7\u00f5es s\u00e3o infinitas e limitadas apenas pela sua imagina\u00e7\u00e3o.<\/p>\r\n<p>Desta forma s\u00e3o conhecidos tamb\u00e9m como embuchados.<\/p>\r\n<p>Al\u00e9m disto s\u00e3o utilizados em todos os setores da ind\u00fastria, com\u00e9rcio, minera\u00e7\u00e3o, artes, artesanato, resid\u00eancias, escolas.<\/p>\r\n<p>Assim como na agricultura, sa\u00fade e medicina, prototipagem, motores el\u00e9tricos.<\/p>\r\n<p>Ao mesmo tempo em discos r\u00edgidos de computador at\u00e9 fones de ouvido e aparelhos eletr\u00f4nicos e muitos outros.<\/p>\r\n<h3 class=\"western\">Informa\u00e7\u00f5es importantes sobre Fixador Magn<span style=\"font-family: Liberation Serif, serif;\"><span style=\"font-size: large;\"><b>\u00e9tico<\/b><\/span><\/span>:<\/h3>\r\n<p>Fixador Mag<span style=\"font-size: medium;\">n<\/span><span style=\"font-family: Liberation Serif, serif;\"><span style=\"font-size: medium;\">\u00e9tico<\/span><\/span>, pode contribuir realizando importantes a\u00e7\u00f5es como:<\/p>\r\n<p>Primeiramente, Acionar, Fechar, Fixar, Proteger, Flutuar, Posicionar, Pendurar, Expor, Decorar, Separar, Coletar<\/p>\r\n<p>Consequentemente, ter muito mais funcionalidades.<\/p>\r\n<p>Al\u00e9m disto, possuem uma gradua\u00e7\u00e3o de acordo com o produto de energia m\u00e1xima.<\/p>\r\n<p>Portanto a massa do \u00edm\u00e3 \u00e9 que vai no fixador \u00e9 diferentemente proporcional a sua for\u00e7a magn\u00e9tica.<\/p>\r\n<p>Da mesma forma, basicamente os n\u00fameros maiores representam \u00edm\u00e3s mais fortes.<\/p>\r\n<p>Portanto atualmente temos disponibilidade de grades que, variam do N35 a N52.<\/p>\r\n<p>Al\u00e9m disto sua temperatura de Trabalho tamb\u00e9m varia de 80\u00ba C at\u00e9 150\u00ba C.<\/p>\r\n<p>Onde por exemplo \u00e9 indicada pela letra que antecede ao n\u00famero da grade, o grade N35, tem uma temperatura de Trabalho de at\u00e9 80\u00ba C.<\/p>\r\n<p>Importante \u00e9 n\u00e3o utilizar \u00edm\u00e3s de Neod\u00edmio em temperaturas acima de 80\u00b0C ou consulte sobre grades especiais para at\u00e9 150\u00b0C.<\/p>\r\n<p>Em primeiro lugar vale refor\u00e7ar que em geral quanto maior a massa maior a for\u00e7a.<\/p>\r\n<p>Para isto, lembramos que os \u00edm\u00e3s possuem Polo Norte e Polo Sul, mas no fixador a for\u00e7a est\u00e1 concentrada em apenas 1 face.<\/p>\r\n<p>Consequentemente alinha polos oposto para obter atra\u00e7\u00e3o (Norte \u2013 Sul, Sul \u2013 Norte).<\/p>\r\n<p>Portanto quando se alinha polos iguais h\u00e1 repuls\u00e3o (Sul \u2013 Sul, Norte \u2013 Norte).<\/p>\r\n<p>Da mesma forma muitos projetos utilizam \u00edm\u00e3 com Ferro para obter a ATRA\u00c7\u00c3O.<\/p>\r\n<p>Para esclarecer \u00cdm\u00e3s n\u00e3o s\u00e3o brinquedos ent\u00e3o MANTENHA FORA DO ALCANCE DAS CRIAN\u00c7AS.<\/p>\r\n<p>Em contrapartida todos os nossos \u00edm\u00e3s s\u00e3o apresentados em mil\u00edmetros.<\/p>\r\n<h3 class=\"western\">Em suma se faz necess\u00e1rio conferir o tamanho antes da compra.<\/h3>\r\n<p>10 mm = 1 cm<br \/>100 mm = 10 cm<br \/>1000 mm = 100 cm = 1 metro<\/p>\r\n<p>Da mesma forma como um indicativo de for\u00e7a ade atra\u00e7\u00e3o real depende dos seguintes fatores:<\/p>\r\n<p>\u2013 Dist\u00e2ncia do \u00edm\u00e3 para o objeto;<\/p>\r\n<p>\u2013 Material do objeto;<\/p>\r\n<p>\u2013 Espessura do objeto;<\/p>\r\n<p>\u2013 \u00c1rea de superf\u00edcie;<\/p>\r\n<p>\u2013 Dire\u00e7\u00e3o da for\u00e7a.<\/p>\r\n<p>Como resultado ao planejar de uma aplica\u00e7\u00e3o voc\u00ea n\u00e3o deve usar como \u00fanica fonte de dados.<\/p>\r\n<p>Portanto, nossas especifica\u00e7\u00f5es de for\u00e7a de ader\u00eancia.<\/p>\r\n<p>Mas sim fazer uma experi\u00eancia fiel ao seu projeto para compreender a rela\u00e7\u00e3o de for\u00e7a.<\/p>\r\n<p>Vale a pena conferir um pouco do funcionamento da liga de Neod\u00edmio no v\u00eddeo a seguir:<\/p>\r\n","protected":false},"excerpt":{"rendered":"<h1>Fixador Magn\u00e9tico Com Pino e Olhal<\/h1>\n<p><span style=\"font-size: large;\">Fixador Magn\u00e9tico Com Pino e Olhal, \u00e9 extremamente vers\u00e1til e oferece o m\u00e1ximo de for\u00e7a para fixa\u00e7\u00e3o. <\/span><\/p>\n<p><span style=\"font-size: large;\">Sendo fabricado em conjunto com um \u201ccorpo\u201d de a\u00e7o resultando em um produto magn\u00e9tico resistente.<\/span><\/p>\n<p><span style=\"font-size: large;\">Consecutivamente torna-se ideal para suportar contatos cont\u00ednuos sem o risco do \u00edm\u00e3 lascar ou quebrar.<\/span><\/p>\n","protected":false},"featured_media":5376,"comment_status":"open","ping_status":"closed","template":"","meta":[],"product_brand":[],"product_cat":[347,107,808,399],"product_tag":[700,697,701,702,698,699],"class_list":{"0":"post-2552","1":"product","2":"type-product","3":"status-publish","4":"has-post-thumbnail","6":"product_cat-acessorios","7":"product_cat-equipamentos","8":"product_cat-fixador-magnetico-com-pino-e-olhal","9":"product_cat-fixadores-magneticos","10":"product_tag-escareado","11":"product_tag-fixador","12":"product_tag-furo","13":"product_tag-ima","14":"product_tag-magnetico","15":"product_tag-neodimio","16":"pa_diametro-36mm","17":"pa_diametro-55m","18":"pa_diametro-70mm","20":"first","21":"instock","22":"taxable","23":"shipping-taxable","24":"purchasable","25":"product-type-variable"},"yoast_head":"<!-- This site is optimized with the Yoast SEO plugin v27.4 - https:\/\/yoast.com\/product\/yoast-seo-wordpress\/ -->\n<title>Fixador Magn\u00e9tico Com Pino e Olhal - Dicomag<\/title>\n<meta name=\"description\" content=\"Fixador Magn\u00e9tico Com Pino e Olhal, \u00e9 extremamente vers\u00e1til e oferece o m\u00e1ximo de for\u00e7a para fixa\u00e7\u00e3o e for\u00e7a do \u00edm\u00e3 \u00e9 potencializada.\" \/>\n<meta name=\"robots\" content=\"index, follow, max-snippet:-1, max-image-preview:large, max-video-preview:-1\" \/>\n<link rel=\"canonical\" href=\"https:\/\/dicomag.com.br\/?product=fixador-magnetico-com-furo-escareado\" \/>\n<meta property=\"og:locale\" content=\"pt_BR\" \/>\n<meta property=\"og:type\" content=\"article\" \/>\n<meta property=\"og:title\" content=\"Fixador Magn\u00e9tico Com Pino e Olhal - Dicomag\" \/>\n<meta property=\"og:description\" content=\"Fixador Magn\u00e9tico Com Pino e Olhal, \u00e9 extremamente vers\u00e1til e oferece o m\u00e1ximo de for\u00e7a para fixa\u00e7\u00e3o e for\u00e7a do \u00edm\u00e3 \u00e9 potencializada.\" \/>\n<meta property=\"og:url\" content=\"https:\/\/dicomag.com.br\/?product=fixador-magnetico-com-furo-escareado\" \/>\n<meta property=\"og:site_name\" content=\"Dicomag\" \/>\n<meta property=\"article:publisher\" content=\"https:\/\/www.facebook.com\/dicomagpoa\/\" \/>\n<meta property=\"article:modified_time\" content=\"2023-04-25T19:37:26+00:00\" \/>\n<meta property=\"og:image\" content=\"http:\/\/dicomag.com.br\/wp-content\/uploads\/2023\/04\/Foto-de-Capa-Fixadores-com-pino-e-olhal.png\" \/>\n\t<meta property=\"og:image:width\" content=\"1920\" \/>\n\t<meta property=\"og:image:height\" content=\"1080\" \/>\n\t<meta property=\"og:image:type\" content=\"image\/png\" \/>\n<meta name=\"twitter:card\" content=\"summary_large_image\" \/>\n<meta name=\"twitter:label1\" content=\"Est. tempo de leitura\" \/>\n\t<meta name=\"twitter:data1\" content=\"3 minutos\" \/>\n<script type=\"application\/ld+json\" class=\"yoast-schema-graph\">{\"@context\":\"https:\\\/\\\/schema.org\",\"@graph\":[{\"@type\":\"WebPage\",\"@id\":\"https:\\\/\\\/dicomag.com.br\\\/?product=fixador-magnetico-com-furo-escareado\",\"url\":\"https:\\\/\\\/dicomag.com.br\\\/?product=fixador-magnetico-com-furo-escareado\",\"name\":\"Fixador Magn\u00e9tico Com Pino e Olhal - Dicomag\",\"isPartOf\":{\"@id\":\"https:\\\/\\\/dicomag.com.br\\\/#website\"},\"primaryImageOfPage\":{\"@id\":\"https:\\\/\\\/dicomag.com.br\\\/?product=fixador-magnetico-com-furo-escareado#primaryimage\"},\"image\":{\"@id\":\"https:\\\/\\\/dicomag.com.br\\\/?product=fixador-magnetico-com-furo-escareado#primaryimage\"},\"thumbnailUrl\":\"https:\\\/\\\/dicomag.com.br\\\/wp-content\\\/uploads\\\/2023\\\/04\\\/Foto-de-Capa-Fixadores-com-pino-e-olhal.png\",\"datePublished\":\"2019-03-19T14:59:20+00:00\",\"dateModified\":\"2023-04-25T19:37:26+00:00\",\"description\":\"Fixador Magn\u00e9tico Com Pino e Olhal, \u00e9 extremamente vers\u00e1til e oferece o m\u00e1ximo de for\u00e7a para fixa\u00e7\u00e3o e for\u00e7a do \u00edm\u00e3 \u00e9 potencializada.\",\"breadcrumb\":{\"@id\":\"https:\\\/\\\/dicomag.com.br\\\/?product=fixador-magnetico-com-furo-escareado#breadcrumb\"},\"inLanguage\":\"pt-BR\",\"potentialAction\":[{\"@type\":\"ReadAction\",\"target\":[\"https:\\\/\\\/dicomag.com.br\\\/?product=fixador-magnetico-com-furo-escareado\"]}]},{\"@type\":\"ImageObject\",\"inLanguage\":\"pt-BR\",\"@id\":\"https:\\\/\\\/dicomag.com.br\\\/?product=fixador-magnetico-com-furo-escareado#primaryimage\",\"url\":\"https:\\\/\\\/dicomag.com.br\\\/wp-content\\\/uploads\\\/2023\\\/04\\\/Foto-de-Capa-Fixadores-com-pino-e-olhal.png\",\"contentUrl\":\"https:\\\/\\\/dicomag.com.br\\\/wp-content\\\/uploads\\\/2023\\\/04\\\/Foto-de-Capa-Fixadores-com-pino-e-olhal.png\",\"width\":1920,\"height\":1080,\"caption\":\"Fixador Magn\u00e9tico Com Pino e Olhal\"},{\"@type\":\"BreadcrumbList\",\"@id\":\"https:\\\/\\\/dicomag.com.br\\\/?product=fixador-magnetico-com-furo-escareado#breadcrumb\",\"itemListElement\":[{\"@type\":\"ListItem\",\"position\":1,\"name\":\"In\u00edcio\",\"item\":\"https:\\\/\\\/dicomag.com.br\\\/\"},{\"@type\":\"ListItem\",\"position\":2,\"name\":\"Shop\",\"item\":\"https:\\\/\\\/dicomag.com.br\\\/\"},{\"@type\":\"ListItem\",\"position\":3,\"name\":\"Fixador Magn\u00e9tico Com Pino e Olhal\"}]},{\"@type\":\"WebSite\",\"@id\":\"https:\\\/\\\/dicomag.com.br\\\/#website\",\"url\":\"https:\\\/\\\/dicomag.com.br\\\/\",\"name\":\"Dicomag\",\"description\":\"Imas\",\"publisher\":{\"@id\":\"https:\\\/\\\/dicomag.com.br\\\/#organization\"},\"potentialAction\":[{\"@type\":\"SearchAction\",\"target\":{\"@type\":\"EntryPoint\",\"urlTemplate\":\"https:\\\/\\\/dicomag.com.br\\\/?s={search_term_string}\"},\"query-input\":{\"@type\":\"PropertyValueSpecification\",\"valueRequired\":true,\"valueName\":\"search_term_string\"}}],\"inLanguage\":\"pt-BR\"},{\"@type\":\"Organization\",\"@id\":\"https:\\\/\\\/dicomag.com.br\\\/#organization\",\"name\":\"Dicomag\",\"url\":\"https:\\\/\\\/dicomag.com.br\\\/\",\"logo\":{\"@type\":\"ImageObject\",\"inLanguage\":\"pt-BR\",\"@id\":\"https:\\\/\\\/dicomag.com.br\\\/#\\\/schema\\\/logo\\\/image\\\/\",\"url\":\"https:\\\/\\\/dicomag.com.br\\\/wp-content\\\/uploads\\\/2019\\\/04\\\/Logo-Dicomag-Comemorativo-jpeg2.png\",\"contentUrl\":\"https:\\\/\\\/dicomag.com.br\\\/wp-content\\\/uploads\\\/2019\\\/04\\\/Logo-Dicomag-Comemorativo-jpeg2.png\",\"width\":457,\"height\":174,\"caption\":\"Dicomag\"},\"image\":{\"@id\":\"https:\\\/\\\/dicomag.com.br\\\/#\\\/schema\\\/logo\\\/image\\\/\"},\"sameAs\":[\"https:\\\/\\\/www.facebook.com\\\/dicomagpoa\\\/\"]}]}<\/script>\n<!-- \/ Yoast SEO plugin. -->","yoast_head_json":{"title":"Fixador Magn\u00e9tico Com Pino e Olhal - Dicomag","description":"Fixador Magn\u00e9tico Com Pino e Olhal, \u00e9 extremamente vers\u00e1til e oferece o m\u00e1ximo de for\u00e7a para fixa\u00e7\u00e3o e for\u00e7a do \u00edm\u00e3 \u00e9 potencializada.","robots":{"index":"index","follow":"follow","max-snippet":"max-snippet:-1","max-image-preview":"max-image-preview:large","max-video-preview":"max-video-preview:-1"},"canonical":"https:\/\/dicomag.com.br\/?product=fixador-magnetico-com-furo-escareado","og_locale":"pt_BR","og_type":"article","og_title":"Fixador Magn\u00e9tico Com Pino e Olhal - Dicomag","og_description":"Fixador Magn\u00e9tico Com Pino e Olhal, \u00e9 extremamente vers\u00e1til e oferece o m\u00e1ximo de for\u00e7a para fixa\u00e7\u00e3o e for\u00e7a do \u00edm\u00e3 \u00e9 potencializada.","og_url":"https:\/\/dicomag.com.br\/?product=fixador-magnetico-com-furo-escareado","og_site_name":"Dicomag","article_publisher":"https:\/\/www.facebook.com\/dicomagpoa\/","article_modified_time":"2023-04-25T19:37:26+00:00","og_image":[{"width":1920,"height":1080,"url":"http:\/\/dicomag.com.br\/wp-content\/uploads\/2023\/04\/Foto-de-Capa-Fixadores-com-pino-e-olhal.png","type":"image\/png"}],"twitter_card":"summary_large_image","twitter_misc":{"Est. tempo de leitura":"3 minutos"},"schema":{"@context":"https:\/\/schema.org","@graph":[{"@type":"WebPage","@id":"https:\/\/dicomag.com.br\/?product=fixador-magnetico-com-furo-escareado","url":"https:\/\/dicomag.com.br\/?product=fixador-magnetico-com-furo-escareado","name":"Fixador Magn\u00e9tico Com Pino e Olhal - Dicomag","isPartOf":{"@id":"https:\/\/dicomag.com.br\/#website"},"primaryImageOfPage":{"@id":"https:\/\/dicomag.com.br\/?product=fixador-magnetico-com-furo-escareado#primaryimage"},"image":{"@id":"https:\/\/dicomag.com.br\/?product=fixador-magnetico-com-furo-escareado#primaryimage"},"thumbnailUrl":"https:\/\/dicomag.com.br\/wp-content\/uploads\/2023\/04\/Foto-de-Capa-Fixadores-com-pino-e-olhal.png","datePublished":"2019-03-19T14:59:20+00:00","dateModified":"2023-04-25T19:37:26+00:00","description":"Fixador Magn\u00e9tico Com Pino e Olhal, \u00e9 extremamente vers\u00e1til e oferece o m\u00e1ximo de for\u00e7a para fixa\u00e7\u00e3o e for\u00e7a do \u00edm\u00e3 \u00e9 potencializada.","breadcrumb":{"@id":"https:\/\/dicomag.com.br\/?product=fixador-magnetico-com-furo-escareado#breadcrumb"},"inLanguage":"pt-BR","potentialAction":[{"@type":"ReadAction","target":["https:\/\/dicomag.com.br\/?product=fixador-magnetico-com-furo-escareado"]}]},{"@type":"ImageObject","inLanguage":"pt-BR","@id":"https:\/\/dicomag.com.br\/?product=fixador-magnetico-com-furo-escareado#primaryimage","url":"https:\/\/dicomag.com.br\/wp-content\/uploads\/2023\/04\/Foto-de-Capa-Fixadores-com-pino-e-olhal.png","contentUrl":"https:\/\/dicomag.com.br\/wp-content\/uploads\/2023\/04\/Foto-de-Capa-Fixadores-com-pino-e-olhal.png","width":1920,"height":1080,"caption":"Fixador Magn\u00e9tico Com Pino e Olhal"},{"@type":"BreadcrumbList","@id":"https:\/\/dicomag.com.br\/?product=fixador-magnetico-com-furo-escareado#breadcrumb","itemListElement":[{"@type":"ListItem","position":1,"name":"In\u00edcio","item":"https:\/\/dicomag.com.br\/"},{"@type":"ListItem","position":2,"name":"Shop","item":"https:\/\/dicomag.com.br\/"},{"@type":"ListItem","position":3,"name":"Fixador Magn\u00e9tico Com Pino e Olhal"}]},{"@type":"WebSite","@id":"https:\/\/dicomag.com.br\/#website","url":"https:\/\/dicomag.com.br\/","name":"Dicomag","description":"Imas","publisher":{"@id":"https:\/\/dicomag.com.br\/#organization"},"potentialAction":[{"@type":"SearchAction","target":{"@type":"EntryPoint","urlTemplate":"https:\/\/dicomag.com.br\/?s={search_term_string}"},"query-input":{"@type":"PropertyValueSpecification","valueRequired":true,"valueName":"search_term_string"}}],"inLanguage":"pt-BR"},{"@type":"Organization","@id":"https:\/\/dicomag.com.br\/#organization","name":"Dicomag","url":"https:\/\/dicomag.com.br\/","logo":{"@type":"ImageObject","inLanguage":"pt-BR","@id":"https:\/\/dicomag.com.br\/#\/schema\/logo\/image\/","url":"https:\/\/dicomag.com.br\/wp-content\/uploads\/2019\/04\/Logo-Dicomag-Comemorativo-jpeg2.png","contentUrl":"https:\/\/dicomag.com.br\/wp-content\/uploads\/2019\/04\/Logo-Dicomag-Comemorativo-jpeg2.png","width":457,"height":174,"caption":"Dicomag"},"image":{"@id":"https:\/\/dicomag.com.br\/#\/schema\/logo\/image\/"},"sameAs":["https:\/\/www.facebook.com\/dicomagpoa\/"]}]}},"_links":{"self":[{"href":"https:\/\/dicomag.com.br\/index.php?rest_route=\/wp\/v2\/product\/2552","targetHints":{"allow":["GET"]}}],"collection":[{"href":"https:\/\/dicomag.com.br\/index.php?rest_route=\/wp\/v2\/product"}],"about":[{"href":"https:\/\/dicomag.com.br\/index.php?rest_route=\/wp\/v2\/types\/product"}],"replies":[{"embeddable":true,"href":"https:\/\/dicomag.com.br\/index.php?rest_route=%2Fwp%2Fv2%2Fcomments&post=2552"}],"wp:featuredmedia":[{"embeddable":true,"href":"https:\/\/dicomag.com.br\/index.php?rest_route=\/wp\/v2\/media\/5376"}],"wp:attachment":[{"href":"https:\/\/dicomag.com.br\/index.php?rest_route=%2Fwp%2Fv2%2Fmedia&parent=2552"}],"wp:term":[{"taxonomy":"product_brand","embeddable":true,"href":"https:\/\/dicomag.com.br\/index.php?rest_route=%2Fwp%2Fv2%2Fproduct_brand&post=2552"},{"taxonomy":"product_cat","embeddable":true,"href":"https:\/\/dicomag.com.br\/index.php?rest_route=%2Fwp%2Fv2%2Fproduct_cat&post=2552"},{"taxonomy":"product_tag","embeddable":true,"href":"https:\/\/dicomag.com.br\/index.php?rest_route=%2Fwp%2Fv2%2Fproduct_tag&post=2552"}],"curies":[{"name":"wp","href":"https:\/\/api.w.org\/{rel}","templated":true}]}}