{"id":2902,"date":"2019-03-27T14:18:14","date_gmt":"2019-03-27T14:18:14","guid":{"rendered":"http:\/\/dicomag.com.br\/?post_type=product&#038;p=2902"},"modified":"2023-03-24T14:10:12","modified_gmt":"2023-03-24T14:10:12","slug":"neodimio-super-ima-forte-atracao-magnetico-polo-fixarprender-puxar-repelir-atrair","status":"publish","type":"product","link":"https:\/\/dicomag.com.br\/?product=neodimio-super-ima-forte-atracao-magnetico-polo-fixarprender-puxar-repelir-atrair","title":{"rendered":"Im\u00e3 de Neod\u00edmio Disco 13mmx5mm Super Im\u00e3"},"content":{"rendered":"\r\n<p><\/p>\r\n<h1>Im\u00e3 de Neod\u00edmio Disco 13mmx5mm Super Im\u00e3<\/h1>\r\n<p>O Im\u00e3 de Neod\u00edmio Disco 13mmx5mm Super Im\u00e3 \u00e9 composto de um material magn\u00e9tico moderno.<\/p>\r\n<p>Sendo formado por uma liga de Neod\u00edmio, Ferro e Boro.<\/p>\r\n<p>Tendo uma excelente concentra\u00e7\u00e3o de energia em dimens\u00f5es compactas.<\/p>\r\n<p>Portanto \u00e9 a liga magn\u00e9tica mais utilizada mundialmente.<\/p>\r\n<p>Consequentemente as aplica\u00e7\u00f5es s\u00e3o infinitas e limitadas apenas pela sua imagina\u00e7\u00e3o.<\/p>\r\n<p>Desta forma s\u00e3o conhecidos tamb\u00e9m como Terras Raras ou Super \u00cdm\u00e3s.<\/p>\r\n<p>Al\u00e9m disto s\u00e3o utilizados em todos os setores da ind\u00fastria, com\u00e9rcio, minera\u00e7\u00e3o, artes, artesanato, resid\u00eancias, escolas.<\/p>\r\n<p>Assim como na\u00a0 agricultura, sa\u00fade e medicina, prototipagem, motores el\u00e9tricos.<\/p>\r\n<p>Ao mesmo tempo em discos r\u00edgidos de computador at\u00e9 fones de ouvido e aparelhos eletr\u00f4nicos e muitos outros.<\/p>\r\n<h3>Informa\u00e7\u00f5es importantes sobre Im\u00e3 de Neod\u00edmio Disco:<\/h3>\r\n<p>Im\u00e3 de Neod\u00edmio , pode contribuir realizando importantes a\u00e7\u00f5es como:<\/p>\r\n<p>Primeiramente, Acionar, Fechar, Fixar, Proteger, Flutuar, Posicionar, Pendurar,\u00a0Expor,\u00a0Decorar,\u00a0Separar, Coletar<\/p>\r\n<p>Conseguentemente muito mais funcionalidades.<\/p>\r\n<p>Al\u00e9m disto, possuem uma gradua\u00e7\u00e3o de acordo com o produto de energia m\u00e1xima.<\/p>\r\n<p>Portanto a massa do im\u00e3 \u00e9 diferatamente proporcional a dua for\u00e7a magn\u00e9tica.<\/p>\r\n<p>Da mesma forma, basicamente os n\u00fameros maiores representam \u00edm\u00e3s mais fortes.<\/p>\r\n<p>Portanto atualmente temos disponibilidade de grades que, variam do N35 a N52.<\/p>\r\n<p>Al\u00e9m disto sua temperatura de Trabalho tamb\u00e9m varia de 80\u00ba C at\u00e9 150\u00ba C.<\/p>\r\n<p>Onde por exemplo \u00e9 indicada pela letra que antecede ao n\u00famero da grade, o grade N35, tem uma temperatura de Trabalho de at\u00e9 80\u00ba C.<\/p>\r\n<p>Importante \u00e9 n\u00e3o utilizar \u00edm\u00e3s de Neod\u00edmio em temperaturas acima de 80\u00b0C ou consulte sobre grades especiais para at\u00e9 150\u00b0C.<\/p>\r\n<p>Em primeiro lugar vale refor\u00e7ar que em geral quanto maior a massa maior a for\u00e7a.<\/p>\r\n<p>Para isto, lembramos que os im\u00e3s possuem Polo Norte e Polo Sul.<\/p>\r\n<p>Consequentemente alinha polos oposto para obter atra\u00e7\u00e3o (Norte &#8211; Sul, Sul &#8211; Norte).<\/p>\r\n<p>Portanto quando se alinha polos iguais h\u00e1 repuls\u00e3o (Sul &#8211; Sul, Norte &#8211; Norte).<\/p>\r\n<p>Acima de tudo \u00cdm\u00e3s de Neod\u00edmio s\u00e3o fr\u00e1geis, sens\u00edveis a impactos e oxidam facilmente.<\/p>\r\n<p>Por Isto evite IMPACTO e TOME MUITO CUIDADO AO MANUSEAR.<\/p>\r\n<p>Da mesma forma muitos projetos utilizam \u00edm\u00e3 com Ferro para obter a ATRA\u00c7\u00c3O.<\/p>\r\n<p>Para esclarecer \u00a0\u00cdm\u00e3s n\u00e3o s\u00e3o brinquedos ent\u00e3o MANTENHA FORA DO ALCANCE DAS CRIAN\u00c7AS.<\/p>\r\n<p>Em contrapartida todos os nossos \u00edm\u00e3s s\u00e3o apresentados em mil\u00edmetros.<\/p>\r\n<h3>Em suma se faz necess\u00e1rio confirir o tamanho antes da compra.<\/h3>\r\n<p>10 mm = 1 cm<br \/>100 mm = 10 cm<br \/>1000 mm = 100 cm = 1 metro<\/p>\r\n<p>Da mesma forma como um indicativo de for\u00e7a ade atra\u00e7\u00e3o real depende dos seguintes fatores:<\/p>\r\n<p>&#8211; Dist\u00e2ncia do \u00edm\u00e3 para o objeto;<\/p>\r\n<p>&#8211; Material do objeto;<\/p>\r\n<p>&#8211; Espessura do objeto;<\/p>\r\n<p>&#8211; \u00c1rea de superf\u00edcie;<\/p>\r\n<p>&#8211; Dire\u00e7\u00e3o da for\u00e7a.<\/p>\r\n<p>Como resultado ao planejar de uma aplica\u00e7\u00e3o voc\u00ea n\u00e3o deve usar como \u00fanica fonte de dados.<\/p>\r\n<p>Portanto, nossas especifica\u00e7\u00f5es de for\u00e7a de ader\u00eancia.<\/p>\r\n<p>Mas sim fazer uma experi\u00eancia fiel ao seu projeto para compreender a rela\u00e7\u00e3o de for\u00e7a.<\/p>\r\n<p>Vale a pena conferir um pouco do fucnionamento da liga de Neodimio no video a seguir:<\/p>\r\n<p><iframe loading=\"lazy\" title=\"OS \u00cdM\u00c3S MAIS INSANOS. VOC\u00ca PRECISA VER ISTO!\" width=\"900\" height=\"506\" src=\"https:\/\/www.youtube.com\/embed\/KSPrZn96vwM?feature=oembed\" frameborder=\"0\" allow=\"accelerometer; autoplay; clipboard-write; encrypted-media; gyroscope; picture-in-picture; web-share\" allowfullscreen><\/iframe><\/p>\r\n<p>&nbsp;<\/p>\r\n<p>&nbsp;<\/p>\r\n<p><\/p>\r\n","protected":false},"excerpt":{"rendered":"<p>O \u00cdm\u00e3 de Neod\u00edmio \u00e9 um material magn\u00e9tico moderno com excelente concentra\u00e7\u00e3o de energia e dimens\u00f5es compactas.<br \/>As aplica\u00e7\u00f5es s\u00e3o infinitas e limitadas apenas pela sua imagina\u00e7\u00e3o.<br \/>\u00cdm\u00e3s de Neod\u00edmio s\u00e3o conhecidos tamb\u00e9m como Terras Raras ou Super \u00cdm\u00e3s e s\u00e3o utilizados em todos os setores da ind\u00fastria, com\u00e9rcio,<br \/>minera\u00e7\u00e3o, artes, artesanato, casa, escolas, agricultura, sa\u00fade e medicina, prototipagem e muitos outros.<br \/>Os Neod\u00edmios podem contribuir realizando importantes a\u00e7\u00f5es como: Acionar, Fechar, Fixar, Proteger, Flutuar, Posicionar, Pendurar, Expor,Decorar, Separar, Coletar e muito mais.<\/p>\n","protected":false},"featured_media":5232,"comment_status":"open","ping_status":"closed","template":"","meta":[],"product_brand":[],"product_cat":[449,281,103],"product_tag":[292,752,741,293,294,296,751,698,699,298,73,297,753,295,754,755,746],"class_list":{"0":"post-2902","1":"product","2":"type-product","3":"status-publish","4":"has-post-thumbnail","6":"product_cat-13mmx5mm","7":"product_cat-disco","8":"product_cat-imas-de-neodimio","9":"product_tag-acionar","10":"product_tag-atracao","11":"product_tag-atrair","12":"product_tag-fechar","13":"product_tag-fixar","14":"product_tag-flutuar","15":"product_tag-forte","16":"product_tag-magnetico","17":"product_tag-neodimio","18":"product_tag-pendurar","19":"product_tag-polo","20":"product_tag-posicionar","21":"product_tag-prender","22":"product_tag-proteger","23":"product_tag-puxar","24":"product_tag-repelir","25":"product_tag-super-ima","26":"pa_pacote-quantidade-1-unidade","27":"pa_pacote-quantidade-10-unidades","28":"pa_pacote-quantidade-100-unidades","29":"pa_pacote-quantidade-1000-unidades","30":"pa_pacote-quantidade-200-unidades","31":"pa_pacote-quantidade-30-unidades","32":"pa_pacote-quantidade-50-unidades","33":"pa_pacote-quantidade-500-unidades","35":"first","36":"instock","37":"taxable","38":"shipping-taxable","39":"purchasable","40":"product-type-simple"},"yoast_head":"<!-- This site is optimized with the Yoast SEO plugin v27.2 - https:\/\/yoast.com\/product\/yoast-seo-wordpress\/ -->\n<title>Im\u00e3 de Neod\u00edmio Disco 13mmx5mm Super Im\u00e3 - Dicomag<\/title>\n<meta name=\"description\" content=\"Im\u00e3 de Neod\u00edmio Disco 13mmx5mm composto de um material magn\u00e9tico, concentra energia compactada, \u00e9 a liga magn\u00e9tica mais utilizada no mundo.\" \/>\n<meta name=\"robots\" content=\"index, follow, max-snippet:-1, max-image-preview:large, max-video-preview:-1\" \/>\n<link rel=\"canonical\" href=\"https:\/\/dicomag.com.br\/?product=neodimio-super-ima-forte-atracao-magnetico-polo-fixarprender-puxar-repelir-atrair\" \/>\n<meta property=\"og:locale\" content=\"pt_BR\" \/>\n<meta property=\"og:type\" content=\"article\" \/>\n<meta property=\"og:title\" content=\"Im\u00e3 de Neod\u00edmio Disco 13mmx5mm Super Im\u00e3 - Dicomag\" \/>\n<meta property=\"og:description\" content=\"Im\u00e3 de Neod\u00edmio Disco 13mmx5mm composto de um material magn\u00e9tico, concentra energia compactada, \u00e9 a liga magn\u00e9tica mais utilizada no mundo.\" \/>\n<meta property=\"og:url\" content=\"https:\/\/dicomag.com.br\/?product=neodimio-super-ima-forte-atracao-magnetico-polo-fixarprender-puxar-repelir-atrair\" \/>\n<meta property=\"og:site_name\" content=\"Dicomag\" \/>\n<meta property=\"article:publisher\" content=\"https:\/\/www.facebook.com\/dicomagpoa\/\" \/>\n<meta property=\"article:modified_time\" content=\"2023-03-24T14:10:12+00:00\" \/>\n<meta property=\"og:image\" content=\"http:\/\/dicomag.com.br\/wp-content\/uploads\/2019\/03\/Ima-de-Neodimio-Disco-13x5mm.png\" \/>\n\t<meta property=\"og:image:width\" content=\"1080\" \/>\n\t<meta property=\"og:image:height\" content=\"1080\" \/>\n\t<meta property=\"og:image:type\" content=\"image\/png\" \/>\n<meta name=\"twitter:card\" content=\"summary_large_image\" \/>\n<meta name=\"twitter:label1\" content=\"Est. tempo de leitura\" \/>\n\t<meta name=\"twitter:data1\" content=\"3 minutos\" \/>\n<script type=\"application\/ld+json\" class=\"yoast-schema-graph\">{\"@context\":\"https:\/\/schema.org\",\"@graph\":[{\"@type\":\"WebPage\",\"@id\":\"https:\/\/dicomag.com.br\/?product=neodimio-super-ima-forte-atracao-magnetico-polo-fixarprender-puxar-repelir-atrair\",\"url\":\"https:\/\/dicomag.com.br\/?product=neodimio-super-ima-forte-atracao-magnetico-polo-fixarprender-puxar-repelir-atrair\",\"name\":\"Im\u00e3 de Neod\u00edmio Disco 13mmx5mm Super Im\u00e3 - Dicomag\",\"isPartOf\":{\"@id\":\"https:\/\/dicomag.com.br\/#website\"},\"primaryImageOfPage\":{\"@id\":\"https:\/\/dicomag.com.br\/?product=neodimio-super-ima-forte-atracao-magnetico-polo-fixarprender-puxar-repelir-atrair#primaryimage\"},\"image\":{\"@id\":\"https:\/\/dicomag.com.br\/?product=neodimio-super-ima-forte-atracao-magnetico-polo-fixarprender-puxar-repelir-atrair#primaryimage\"},\"thumbnailUrl\":\"https:\/\/dicomag.com.br\/wp-content\/uploads\/2019\/03\/Ima-de-Neodimio-Disco-13x5mm.png\",\"datePublished\":\"2019-03-27T14:18:14+00:00\",\"dateModified\":\"2023-03-24T14:10:12+00:00\",\"description\":\"Im\u00e3 de Neod\u00edmio Disco 13mmx5mm composto de um material magn\u00e9tico, concentra energia compactada, \u00e9 a liga magn\u00e9tica mais utilizada no mundo.\",\"breadcrumb\":{\"@id\":\"https:\/\/dicomag.com.br\/?product=neodimio-super-ima-forte-atracao-magnetico-polo-fixarprender-puxar-repelir-atrair#breadcrumb\"},\"inLanguage\":\"pt-BR\",\"potentialAction\":[{\"@type\":\"ReadAction\",\"target\":[\"https:\/\/dicomag.com.br\/?product=neodimio-super-ima-forte-atracao-magnetico-polo-fixarprender-puxar-repelir-atrair\"]}]},{\"@type\":\"ImageObject\",\"inLanguage\":\"pt-BR\",\"@id\":\"https:\/\/dicomag.com.br\/?product=neodimio-super-ima-forte-atracao-magnetico-polo-fixarprender-puxar-repelir-atrair#primaryimage\",\"url\":\"https:\/\/dicomag.com.br\/wp-content\/uploads\/2019\/03\/Ima-de-Neodimio-Disco-13x5mm.png\",\"contentUrl\":\"https:\/\/dicomag.com.br\/wp-content\/uploads\/2019\/03\/Ima-de-Neodimio-Disco-13x5mm.png\",\"width\":1080,\"height\":1080,\"caption\":\"Im\u00e3 de Neod\u00edmio Disco 13mmx5mm Super Im\u00e3\"},{\"@type\":\"BreadcrumbList\",\"@id\":\"https:\/\/dicomag.com.br\/?product=neodimio-super-ima-forte-atracao-magnetico-polo-fixarprender-puxar-repelir-atrair#breadcrumb\",\"itemListElement\":[{\"@type\":\"ListItem\",\"position\":1,\"name\":\"In\u00edcio\",\"item\":\"https:\/\/dicomag.com.br\/\"},{\"@type\":\"ListItem\",\"position\":2,\"name\":\"Shop\",\"item\":\"https:\/\/dicomag.com.br\/\"},{\"@type\":\"ListItem\",\"position\":3,\"name\":\"Im\u00e3 de Neod\u00edmio Disco 13mmx5mm Super Im\u00e3\"}]},{\"@type\":\"WebSite\",\"@id\":\"https:\/\/dicomag.com.br\/#website\",\"url\":\"https:\/\/dicomag.com.br\/\",\"name\":\"Dicomag\",\"description\":\"Imas\",\"publisher\":{\"@id\":\"https:\/\/dicomag.com.br\/#organization\"},\"potentialAction\":[{\"@type\":\"SearchAction\",\"target\":{\"@type\":\"EntryPoint\",\"urlTemplate\":\"https:\/\/dicomag.com.br\/?s={search_term_string}\"},\"query-input\":{\"@type\":\"PropertyValueSpecification\",\"valueRequired\":true,\"valueName\":\"search_term_string\"}}],\"inLanguage\":\"pt-BR\"},{\"@type\":\"Organization\",\"@id\":\"https:\/\/dicomag.com.br\/#organization\",\"name\":\"Dicomag\",\"url\":\"https:\/\/dicomag.com.br\/\",\"logo\":{\"@type\":\"ImageObject\",\"inLanguage\":\"pt-BR\",\"@id\":\"https:\/\/dicomag.com.br\/#\/schema\/logo\/image\/\",\"url\":\"https:\/\/dicomag.com.br\/wp-content\/uploads\/2019\/04\/Logo-Dicomag-Comemorativo-jpeg2.png\",\"contentUrl\":\"https:\/\/dicomag.com.br\/wp-content\/uploads\/2019\/04\/Logo-Dicomag-Comemorativo-jpeg2.png\",\"width\":457,\"height\":174,\"caption\":\"Dicomag\"},\"image\":{\"@id\":\"https:\/\/dicomag.com.br\/#\/schema\/logo\/image\/\"},\"sameAs\":[\"https:\/\/www.facebook.com\/dicomagpoa\/\"]}]}<\/script>\n<!-- \/ Yoast SEO plugin. -->","yoast_head_json":{"title":"Im\u00e3 de Neod\u00edmio Disco 13mmx5mm Super Im\u00e3 - Dicomag","description":"Im\u00e3 de Neod\u00edmio Disco 13mmx5mm composto de um material magn\u00e9tico, concentra energia compactada, \u00e9 a liga magn\u00e9tica mais utilizada no mundo.","robots":{"index":"index","follow":"follow","max-snippet":"max-snippet:-1","max-image-preview":"max-image-preview:large","max-video-preview":"max-video-preview:-1"},"canonical":"https:\/\/dicomag.com.br\/?product=neodimio-super-ima-forte-atracao-magnetico-polo-fixarprender-puxar-repelir-atrair","og_locale":"pt_BR","og_type":"article","og_title":"Im\u00e3 de Neod\u00edmio Disco 13mmx5mm Super Im\u00e3 - Dicomag","og_description":"Im\u00e3 de Neod\u00edmio Disco 13mmx5mm composto de um material magn\u00e9tico, concentra energia compactada, \u00e9 a liga magn\u00e9tica mais utilizada no mundo.","og_url":"https:\/\/dicomag.com.br\/?product=neodimio-super-ima-forte-atracao-magnetico-polo-fixarprender-puxar-repelir-atrair","og_site_name":"Dicomag","article_publisher":"https:\/\/www.facebook.com\/dicomagpoa\/","article_modified_time":"2023-03-24T14:10:12+00:00","og_image":[{"width":1080,"height":1080,"url":"http:\/\/dicomag.com.br\/wp-content\/uploads\/2019\/03\/Ima-de-Neodimio-Disco-13x5mm.png","type":"image\/png"}],"twitter_card":"summary_large_image","twitter_misc":{"Est. tempo de leitura":"3 minutos"},"schema":{"@context":"https:\/\/schema.org","@graph":[{"@type":"WebPage","@id":"https:\/\/dicomag.com.br\/?product=neodimio-super-ima-forte-atracao-magnetico-polo-fixarprender-puxar-repelir-atrair","url":"https:\/\/dicomag.com.br\/?product=neodimio-super-ima-forte-atracao-magnetico-polo-fixarprender-puxar-repelir-atrair","name":"Im\u00e3 de Neod\u00edmio Disco 13mmx5mm Super Im\u00e3 - Dicomag","isPartOf":{"@id":"https:\/\/dicomag.com.br\/#website"},"primaryImageOfPage":{"@id":"https:\/\/dicomag.com.br\/?product=neodimio-super-ima-forte-atracao-magnetico-polo-fixarprender-puxar-repelir-atrair#primaryimage"},"image":{"@id":"https:\/\/dicomag.com.br\/?product=neodimio-super-ima-forte-atracao-magnetico-polo-fixarprender-puxar-repelir-atrair#primaryimage"},"thumbnailUrl":"https:\/\/dicomag.com.br\/wp-content\/uploads\/2019\/03\/Ima-de-Neodimio-Disco-13x5mm.png","datePublished":"2019-03-27T14:18:14+00:00","dateModified":"2023-03-24T14:10:12+00:00","description":"Im\u00e3 de Neod\u00edmio Disco 13mmx5mm composto de um material magn\u00e9tico, concentra energia compactada, \u00e9 a liga magn\u00e9tica mais utilizada no mundo.","breadcrumb":{"@id":"https:\/\/dicomag.com.br\/?product=neodimio-super-ima-forte-atracao-magnetico-polo-fixarprender-puxar-repelir-atrair#breadcrumb"},"inLanguage":"pt-BR","potentialAction":[{"@type":"ReadAction","target":["https:\/\/dicomag.com.br\/?product=neodimio-super-ima-forte-atracao-magnetico-polo-fixarprender-puxar-repelir-atrair"]}]},{"@type":"ImageObject","inLanguage":"pt-BR","@id":"https:\/\/dicomag.com.br\/?product=neodimio-super-ima-forte-atracao-magnetico-polo-fixarprender-puxar-repelir-atrair#primaryimage","url":"https:\/\/dicomag.com.br\/wp-content\/uploads\/2019\/03\/Ima-de-Neodimio-Disco-13x5mm.png","contentUrl":"https:\/\/dicomag.com.br\/wp-content\/uploads\/2019\/03\/Ima-de-Neodimio-Disco-13x5mm.png","width":1080,"height":1080,"caption":"Im\u00e3 de Neod\u00edmio Disco 13mmx5mm Super Im\u00e3"},{"@type":"BreadcrumbList","@id":"https:\/\/dicomag.com.br\/?product=neodimio-super-ima-forte-atracao-magnetico-polo-fixarprender-puxar-repelir-atrair#breadcrumb","itemListElement":[{"@type":"ListItem","position":1,"name":"In\u00edcio","item":"https:\/\/dicomag.com.br\/"},{"@type":"ListItem","position":2,"name":"Shop","item":"https:\/\/dicomag.com.br\/"},{"@type":"ListItem","position":3,"name":"Im\u00e3 de Neod\u00edmio Disco 13mmx5mm Super Im\u00e3"}]},{"@type":"WebSite","@id":"https:\/\/dicomag.com.br\/#website","url":"https:\/\/dicomag.com.br\/","name":"Dicomag","description":"Imas","publisher":{"@id":"https:\/\/dicomag.com.br\/#organization"},"potentialAction":[{"@type":"SearchAction","target":{"@type":"EntryPoint","urlTemplate":"https:\/\/dicomag.com.br\/?s={search_term_string}"},"query-input":{"@type":"PropertyValueSpecification","valueRequired":true,"valueName":"search_term_string"}}],"inLanguage":"pt-BR"},{"@type":"Organization","@id":"https:\/\/dicomag.com.br\/#organization","name":"Dicomag","url":"https:\/\/dicomag.com.br\/","logo":{"@type":"ImageObject","inLanguage":"pt-BR","@id":"https:\/\/dicomag.com.br\/#\/schema\/logo\/image\/","url":"https:\/\/dicomag.com.br\/wp-content\/uploads\/2019\/04\/Logo-Dicomag-Comemorativo-jpeg2.png","contentUrl":"https:\/\/dicomag.com.br\/wp-content\/uploads\/2019\/04\/Logo-Dicomag-Comemorativo-jpeg2.png","width":457,"height":174,"caption":"Dicomag"},"image":{"@id":"https:\/\/dicomag.com.br\/#\/schema\/logo\/image\/"},"sameAs":["https:\/\/www.facebook.com\/dicomagpoa\/"]}]}},"_links":{"self":[{"href":"https:\/\/dicomag.com.br\/index.php?rest_route=\/wp\/v2\/product\/2902","targetHints":{"allow":["GET"]}}],"collection":[{"href":"https:\/\/dicomag.com.br\/index.php?rest_route=\/wp\/v2\/product"}],"about":[{"href":"https:\/\/dicomag.com.br\/index.php?rest_route=\/wp\/v2\/types\/product"}],"replies":[{"embeddable":true,"href":"https:\/\/dicomag.com.br\/index.php?rest_route=%2Fwp%2Fv2%2Fcomments&post=2902"}],"wp:featuredmedia":[{"embeddable":true,"href":"https:\/\/dicomag.com.br\/index.php?rest_route=\/wp\/v2\/media\/5232"}],"wp:attachment":[{"href":"https:\/\/dicomag.com.br\/index.php?rest_route=%2Fwp%2Fv2%2Fmedia&parent=2902"}],"wp:term":[{"taxonomy":"product_brand","embeddable":true,"href":"https:\/\/dicomag.com.br\/index.php?rest_route=%2Fwp%2Fv2%2Fproduct_brand&post=2902"},{"taxonomy":"product_cat","embeddable":true,"href":"https:\/\/dicomag.com.br\/index.php?rest_route=%2Fwp%2Fv2%2Fproduct_cat&post=2902"},{"taxonomy":"product_tag","embeddable":true,"href":"https:\/\/dicomag.com.br\/index.php?rest_route=%2Fwp%2Fv2%2Fproduct_tag&post=2902"}],"curies":[{"name":"wp","href":"https:\/\/api.w.org\/{rel}","templated":true}]}}