{"id":3379,"date":"2019-04-01T00:19:28","date_gmt":"2019-04-01T00:19:28","guid":{"rendered":"http:\/\/dicomag.com.br\/?post_type=product&#038;p=3379"},"modified":"2019-04-01T00:30:31","modified_gmt":"2019-04-01T00:30:31","slug":"ima-de-neodimio-esfera-o-3mm-super-ima","status":"publish","type":"product","link":"https:\/\/dicomag.com.br\/?product=ima-de-neodimio-esfera-o-3mm-super-ima","title":{"rendered":"Im\u00e3 de Neod\u00edmio Esfera \u00d8 3mm Super Im\u00e3"},"content":{"rendered":"\n<p>\n\nO \u00cdm\u00e3 de Neod\u00edmio \u00e9 um material magn\u00e9tico moderno (formado por uma liga de Neod\u00edmio, Ferro e Boro), com excelente concentra\u00e7\u00e3o de energia e dimens\u00f5es compactas.<br>\u00c9 a liga magn\u00e9tica mais utilizada mundialmente.&nbsp;<br>As aplica\u00e7\u00f5es s\u00e3o infinitas e limitadas apenas pela sua imagina\u00e7\u00e3o.<br>\u00cdm\u00e3s de Neod\u00edmio s\u00e3o conhecidos tamb\u00e9m como Terras Raras ou Super \u00cdm\u00e3s e s\u00e3o utilizados em todos os setores da ind\u00fastria, com\u00e9rcio, minera\u00e7\u00e3o, artes, artesanato, resid\u00eancias, escolas, agricultura, sa\u00fade e medicina, prototipagem, motores el\u00e9tricos, discos r\u00edgidos de computador at\u00e9 fones de ouvido e aparelhos eletr\u00f4nicos e muitos outros.&nbsp;<br>Desenvolvido em 1982 pela General Motors e Sumitomo Metais Especiais, o \u00edm\u00e3 de neod\u00edmio \u00e9 a liga magn\u00e9tica mais forte dispon\u00edvel comercialmente atualmente. Os Neod\u00edmios podem contribuir realizando importantes a\u00e7\u00f5es como:&nbsp;<br>Acionar, Fechar, Fixar, Proteger, Flutuar, Posicionar, Pendurar, Expor, Decorar, Separar, Coletar e muito mais.&nbsp;<br>Os \u00edm\u00e3s de neod\u00edmio possuem uma gradua\u00e7\u00e3o de acordo com o produto de energia m\u00e1xima, que \u00e9 relacionado ao fluxo magn\u00e9tico por unidade de volume. Basicamente, n\u00fameros maiores representam \u00edm\u00e3s mais fortes.&nbsp;<br>As grades atualmente dispon\u00edveis, variam de N35 a N52. A temperatura de Trabalho tamb\u00e9m varia de 80 graus Celsius at\u00e9 220 graus Celsius, e \u00e9 indicada pela letra que antecede ao n\u00famero da grade, portanto a grade N35, tem uma temperatura de Trabalho de at\u00e9 80 graus Celsius.&nbsp;<br>Algumas dicas sobre a utiliza\u00e7\u00e3o de \u00edm\u00e3s de neod\u00edmio:&nbsp;<br>Em geral quanto maior a massa maior a for\u00e7a.&nbsp;<br>\u00cdm\u00e3s de Neod\u00edmio s\u00e3o fr\u00e1geis, sens\u00edveis a impactos e oxidam facilmente.&nbsp;<br>Evite Impacto, Tome muito cuidado ao manusear.&nbsp;<br>N\u00e3o utilize \u00edm\u00e3s de Neod\u00edmio em temperaturas acima de 80 graus Celsius ou consulte sobre grades especiais para at\u00e9 150 graus Celsius<br>Todos os \u00edm\u00e3s possuem polo Norte e polo Sul.&nbsp;<br>Entre dois \u00cdm\u00e3s alinhe Norte com Sul para obter Atra\u00e7\u00e3o.&nbsp;<br>Entre dois \u00edm\u00e3s alinhe Norte com Norte ou Sul com Sul para obter a repuls\u00e3o.&nbsp;<br>Muitos projetos utilizam \u00edm\u00e3 com Ferro para obter a Atra\u00e7\u00e3o.&nbsp;<br>\u00cdm\u00e3s n\u00e3o s\u00e3o brinquedos. Mantenha fora do alcance das crian\u00e7as.&nbsp;<br>Aten\u00e7\u00e3o com as medidas: Todos os nossos \u00edm\u00e3s s\u00e3o apresentados em mil\u00edmetros.&nbsp;<br>Veja todas as fotos do produto e confira o tamanho antes da compra.&nbsp;<br>10 mm = 1 cm&nbsp;<br>100 mm = 10 cm&nbsp;<br>1000 mm = 100 cm = 1 metro&nbsp;<br>qual a for\u00e7a de um im\u00e3: Como um indicativo n\u00f3s adicionamos na descri\u00e7\u00e3o dos \u00edm\u00e3s a for\u00e7a de atra\u00e7\u00e3o em gramas ou quilogramas. No entanto, este \u00e9 apenas um valor m\u00e1ximo te\u00f3rico o qual s\u00f3 pode ser obtido em condi\u00e7\u00f5es ideais.&nbsp;<br>A for\u00e7a de atra\u00e7\u00e3o real depende dos seguintes fatores:&nbsp;<br>Dist\u00e2ncia do \u00edm\u00e3 para o objeto;&nbsp;<br>Material do objeto;<br>Espessura do objeto;<br>\u00c1rea de superf\u00edcie;<br>Dire\u00e7\u00e3o da for\u00e7a.&nbsp;<br>Importante: Ao planejar uma aplica\u00e7\u00e3o voc\u00ea n\u00e3o deve usar como \u00fanica fonte de dados nossas especifica\u00e7\u00f5es de for\u00e7a de ader\u00eancia, mas sim fazer uma experi\u00eancia fiel ao seu projeto para compreender a rela\u00e7\u00e3o de for\u00e7a.\n\n<\/p>\n","protected":false},"excerpt":{"rendered":"<p>O \u00cdm\u00e3 de Neod\u00edmio \u00e9 um material magn\u00e9tico moderno com excelente concentra\u00e7\u00e3o de energia e dimens\u00f5es compactas.<br \/>As aplica\u00e7\u00f5es s\u00e3o infinitas e limitadas apenas pela sua imagina\u00e7\u00e3o.<br \/>\u00cdm\u00e3s de Neod\u00edmio s\u00e3o conhecidos tamb\u00e9m como Terras Raras ou Super \u00cdm\u00e3s e s\u00e3o utilizados em todos os setores da ind\u00fastria, com\u00e9rcio,<br \/>minera\u00e7\u00e3o, artes, artesanato, casa, escolas, agricultura, sa\u00fade e medicina, prototipagem e muitos outros.<br \/>Os Neod\u00edmios podem contribuir realizando importantes a\u00e7\u00f5es como: Acionar, Fechar, Fixar, Proteger, Flutuar, Posicionar, Pendurar, Expor,Decorar, Separar, Coletar e muito mais.<\/p>\n","protected":false},"featured_media":1597,"comment_status":"open","ping_status":"closed","template":"","meta":[],"product_brand":[],"product_cat":[512,103,514],"product_tag":[292,293,294,296,298,297,295],"class_list":{"0":"post-3379","1":"product","2":"type-product","3":"status-publish","4":"has-post-thumbnail","6":"product_cat-esfera","7":"product_cat-imas-de-neodimio","8":"product_cat-o-3mm","9":"product_tag-acionar","10":"product_tag-fechar","11":"product_tag-fixar","12":"product_tag-flutuar","13":"product_tag-pendurar","14":"product_tag-posicionar","15":"product_tag-proteger","16":"pa_pacote-quantidade-1-unidade","17":"pa_pacote-quantidade-10-unidades","18":"pa_pacote-quantidade-100-unidades","19":"pa_pacote-quantidade-1000-unidades","20":"pa_pacote-quantidade-200-unidades","21":"pa_pacote-quantidade-30-unidades","22":"pa_pacote-quantidade-50-unidades","23":"pa_pacote-quantidade-500-unidades","25":"first","26":"instock","27":"taxable","28":"shipping-taxable","29":"purchasable","30":"product-type-variable","31":"has-default-attributes"},"yoast_head":"<!-- This site is optimized with the Yoast SEO plugin v27.4 - https:\/\/yoast.com\/product\/yoast-seo-wordpress\/ -->\n<title>Im\u00e3 de Neod\u00edmio Esfera \u00d8 3mm Super Im\u00e3 - Dicomag<\/title>\n<meta name=\"robots\" content=\"index, follow, max-snippet:-1, max-image-preview:large, max-video-preview:-1\" \/>\n<link rel=\"canonical\" href=\"https:\/\/dicomag.com.br\/?product=ima-de-neodimio-esfera-o-3mm-super-ima\" \/>\n<meta property=\"og:locale\" content=\"pt_BR\" \/>\n<meta property=\"og:type\" content=\"article\" \/>\n<meta property=\"og:title\" content=\"Im\u00e3 de Neod\u00edmio Esfera \u00d8 3mm Super Im\u00e3 - Dicomag\" \/>\n<meta property=\"og:description\" content=\"O \u00cdm\u00e3 de Neod\u00edmio \u00e9 um material magn\u00e9tico moderno com excelente concentra\u00e7\u00e3o de energia e dimens\u00f5es compactas.As aplica\u00e7\u00f5es s\u00e3o infinitas e limitadas apenas pela sua imagina\u00e7\u00e3o.\u00cdm\u00e3s de Neod\u00edmio s\u00e3o conhecidos tamb\u00e9m como Terras Raras ou Super \u00cdm\u00e3s e s\u00e3o utilizados em todos os setores da ind\u00fastria, com\u00e9rcio,minera\u00e7\u00e3o, artes, artesanato, casa, escolas, agricultura, sa\u00fade e medicina, prototipagem e muitos outros.Os Neod\u00edmios podem contribuir realizando importantes a\u00e7\u00f5es como: Acionar, Fechar, Fixar, Proteger, Flutuar, Posicionar, Pendurar, Expor,Decorar, Separar, Coletar e muito mais.\" \/>\n<meta property=\"og:url\" content=\"https:\/\/dicomag.com.br\/?product=ima-de-neodimio-esfera-o-3mm-super-ima\" \/>\n<meta property=\"og:site_name\" content=\"Dicomag\" \/>\n<meta property=\"article:publisher\" content=\"https:\/\/www.facebook.com\/dicomagpoa\/\" \/>\n<meta property=\"article:modified_time\" content=\"2019-04-01T00:30:31+00:00\" \/>\n<meta property=\"og:image\" content=\"https:\/\/dicomag.com.br\/wp-content\/uploads\/2018\/06\/neomidio.jpg\" \/>\n\t<meta property=\"og:image:width\" content=\"800\" \/>\n\t<meta property=\"og:image:height\" content=\"800\" \/>\n\t<meta property=\"og:image:type\" content=\"image\/jpeg\" \/>\n<meta name=\"twitter:card\" content=\"summary_large_image\" \/>\n<meta name=\"twitter:label1\" content=\"Est. tempo de leitura\" \/>\n\t<meta name=\"twitter:data1\" content=\"3 minutos\" \/>\n<script type=\"application\/ld+json\" class=\"yoast-schema-graph\">{\"@context\":\"https:\\\/\\\/schema.org\",\"@graph\":[{\"@type\":\"WebPage\",\"@id\":\"https:\\\/\\\/dicomag.com.br\\\/?product=ima-de-neodimio-esfera-o-3mm-super-ima\",\"url\":\"https:\\\/\\\/dicomag.com.br\\\/?product=ima-de-neodimio-esfera-o-3mm-super-ima\",\"name\":\"Im\u00e3 de Neod\u00edmio Esfera \u00d8 3mm Super Im\u00e3 - Dicomag\",\"isPartOf\":{\"@id\":\"https:\\\/\\\/dicomag.com.br\\\/#website\"},\"primaryImageOfPage\":{\"@id\":\"https:\\\/\\\/dicomag.com.br\\\/?product=ima-de-neodimio-esfera-o-3mm-super-ima#primaryimage\"},\"image\":{\"@id\":\"https:\\\/\\\/dicomag.com.br\\\/?product=ima-de-neodimio-esfera-o-3mm-super-ima#primaryimage\"},\"thumbnailUrl\":\"https:\\\/\\\/dicomag.com.br\\\/wp-content\\\/uploads\\\/2018\\\/06\\\/neomidio.jpg\",\"datePublished\":\"2019-04-01T00:19:28+00:00\",\"dateModified\":\"2019-04-01T00:30:31+00:00\",\"breadcrumb\":{\"@id\":\"https:\\\/\\\/dicomag.com.br\\\/?product=ima-de-neodimio-esfera-o-3mm-super-ima#breadcrumb\"},\"inLanguage\":\"pt-BR\",\"potentialAction\":[{\"@type\":\"ReadAction\",\"target\":[\"https:\\\/\\\/dicomag.com.br\\\/?product=ima-de-neodimio-esfera-o-3mm-super-ima\"]}]},{\"@type\":\"ImageObject\",\"inLanguage\":\"pt-BR\",\"@id\":\"https:\\\/\\\/dicomag.com.br\\\/?product=ima-de-neodimio-esfera-o-3mm-super-ima#primaryimage\",\"url\":\"https:\\\/\\\/dicomag.com.br\\\/wp-content\\\/uploads\\\/2018\\\/06\\\/neomidio.jpg\",\"contentUrl\":\"https:\\\/\\\/dicomag.com.br\\\/wp-content\\\/uploads\\\/2018\\\/06\\\/neomidio.jpg\",\"width\":800,\"height\":800},{\"@type\":\"BreadcrumbList\",\"@id\":\"https:\\\/\\\/dicomag.com.br\\\/?product=ima-de-neodimio-esfera-o-3mm-super-ima#breadcrumb\",\"itemListElement\":[{\"@type\":\"ListItem\",\"position\":1,\"name\":\"In\u00edcio\",\"item\":\"https:\\\/\\\/dicomag.com.br\\\/\"},{\"@type\":\"ListItem\",\"position\":2,\"name\":\"Shop\",\"item\":\"https:\\\/\\\/dicomag.com.br\\\/\"},{\"@type\":\"ListItem\",\"position\":3,\"name\":\"Im\u00e3 de Neod\u00edmio Esfera \u00d8 3mm Super Im\u00e3\"}]},{\"@type\":\"WebSite\",\"@id\":\"https:\\\/\\\/dicomag.com.br\\\/#website\",\"url\":\"https:\\\/\\\/dicomag.com.br\\\/\",\"name\":\"Dicomag\",\"description\":\"Imas\",\"publisher\":{\"@id\":\"https:\\\/\\\/dicomag.com.br\\\/#organization\"},\"potentialAction\":[{\"@type\":\"SearchAction\",\"target\":{\"@type\":\"EntryPoint\",\"urlTemplate\":\"https:\\\/\\\/dicomag.com.br\\\/?s={search_term_string}\"},\"query-input\":{\"@type\":\"PropertyValueSpecification\",\"valueRequired\":true,\"valueName\":\"search_term_string\"}}],\"inLanguage\":\"pt-BR\"},{\"@type\":\"Organization\",\"@id\":\"https:\\\/\\\/dicomag.com.br\\\/#organization\",\"name\":\"Dicomag\",\"url\":\"https:\\\/\\\/dicomag.com.br\\\/\",\"logo\":{\"@type\":\"ImageObject\",\"inLanguage\":\"pt-BR\",\"@id\":\"https:\\\/\\\/dicomag.com.br\\\/#\\\/schema\\\/logo\\\/image\\\/\",\"url\":\"https:\\\/\\\/dicomag.com.br\\\/wp-content\\\/uploads\\\/2019\\\/04\\\/Logo-Dicomag-Comemorativo-jpeg2.png\",\"contentUrl\":\"https:\\\/\\\/dicomag.com.br\\\/wp-content\\\/uploads\\\/2019\\\/04\\\/Logo-Dicomag-Comemorativo-jpeg2.png\",\"width\":457,\"height\":174,\"caption\":\"Dicomag\"},\"image\":{\"@id\":\"https:\\\/\\\/dicomag.com.br\\\/#\\\/schema\\\/logo\\\/image\\\/\"},\"sameAs\":[\"https:\\\/\\\/www.facebook.com\\\/dicomagpoa\\\/\"]}]}<\/script>\n<!-- \/ Yoast SEO plugin. -->","yoast_head_json":{"title":"Im\u00e3 de Neod\u00edmio Esfera \u00d8 3mm Super Im\u00e3 - Dicomag","robots":{"index":"index","follow":"follow","max-snippet":"max-snippet:-1","max-image-preview":"max-image-preview:large","max-video-preview":"max-video-preview:-1"},"canonical":"https:\/\/dicomag.com.br\/?product=ima-de-neodimio-esfera-o-3mm-super-ima","og_locale":"pt_BR","og_type":"article","og_title":"Im\u00e3 de Neod\u00edmio Esfera \u00d8 3mm Super Im\u00e3 - Dicomag","og_description":"O \u00cdm\u00e3 de Neod\u00edmio \u00e9 um material magn\u00e9tico moderno com excelente concentra\u00e7\u00e3o de energia e dimens\u00f5es compactas.As aplica\u00e7\u00f5es s\u00e3o infinitas e limitadas apenas pela sua imagina\u00e7\u00e3o.\u00cdm\u00e3s de Neod\u00edmio s\u00e3o conhecidos tamb\u00e9m como Terras Raras ou Super \u00cdm\u00e3s e s\u00e3o utilizados em todos os setores da ind\u00fastria, com\u00e9rcio,minera\u00e7\u00e3o, artes, artesanato, casa, escolas, agricultura, sa\u00fade e medicina, prototipagem e muitos outros.Os Neod\u00edmios podem contribuir realizando importantes a\u00e7\u00f5es como: Acionar, Fechar, Fixar, Proteger, Flutuar, Posicionar, Pendurar, Expor,Decorar, Separar, Coletar e muito mais.","og_url":"https:\/\/dicomag.com.br\/?product=ima-de-neodimio-esfera-o-3mm-super-ima","og_site_name":"Dicomag","article_publisher":"https:\/\/www.facebook.com\/dicomagpoa\/","article_modified_time":"2019-04-01T00:30:31+00:00","og_image":[{"width":800,"height":800,"url":"https:\/\/dicomag.com.br\/wp-content\/uploads\/2018\/06\/neomidio.jpg","type":"image\/jpeg"}],"twitter_card":"summary_large_image","twitter_misc":{"Est. tempo de leitura":"3 minutos"},"schema":{"@context":"https:\/\/schema.org","@graph":[{"@type":"WebPage","@id":"https:\/\/dicomag.com.br\/?product=ima-de-neodimio-esfera-o-3mm-super-ima","url":"https:\/\/dicomag.com.br\/?product=ima-de-neodimio-esfera-o-3mm-super-ima","name":"Im\u00e3 de Neod\u00edmio Esfera \u00d8 3mm Super Im\u00e3 - Dicomag","isPartOf":{"@id":"https:\/\/dicomag.com.br\/#website"},"primaryImageOfPage":{"@id":"https:\/\/dicomag.com.br\/?product=ima-de-neodimio-esfera-o-3mm-super-ima#primaryimage"},"image":{"@id":"https:\/\/dicomag.com.br\/?product=ima-de-neodimio-esfera-o-3mm-super-ima#primaryimage"},"thumbnailUrl":"https:\/\/dicomag.com.br\/wp-content\/uploads\/2018\/06\/neomidio.jpg","datePublished":"2019-04-01T00:19:28+00:00","dateModified":"2019-04-01T00:30:31+00:00","breadcrumb":{"@id":"https:\/\/dicomag.com.br\/?product=ima-de-neodimio-esfera-o-3mm-super-ima#breadcrumb"},"inLanguage":"pt-BR","potentialAction":[{"@type":"ReadAction","target":["https:\/\/dicomag.com.br\/?product=ima-de-neodimio-esfera-o-3mm-super-ima"]}]},{"@type":"ImageObject","inLanguage":"pt-BR","@id":"https:\/\/dicomag.com.br\/?product=ima-de-neodimio-esfera-o-3mm-super-ima#primaryimage","url":"https:\/\/dicomag.com.br\/wp-content\/uploads\/2018\/06\/neomidio.jpg","contentUrl":"https:\/\/dicomag.com.br\/wp-content\/uploads\/2018\/06\/neomidio.jpg","width":800,"height":800},{"@type":"BreadcrumbList","@id":"https:\/\/dicomag.com.br\/?product=ima-de-neodimio-esfera-o-3mm-super-ima#breadcrumb","itemListElement":[{"@type":"ListItem","position":1,"name":"In\u00edcio","item":"https:\/\/dicomag.com.br\/"},{"@type":"ListItem","position":2,"name":"Shop","item":"https:\/\/dicomag.com.br\/"},{"@type":"ListItem","position":3,"name":"Im\u00e3 de Neod\u00edmio Esfera \u00d8 3mm Super Im\u00e3"}]},{"@type":"WebSite","@id":"https:\/\/dicomag.com.br\/#website","url":"https:\/\/dicomag.com.br\/","name":"Dicomag","description":"Imas","publisher":{"@id":"https:\/\/dicomag.com.br\/#organization"},"potentialAction":[{"@type":"SearchAction","target":{"@type":"EntryPoint","urlTemplate":"https:\/\/dicomag.com.br\/?s={search_term_string}"},"query-input":{"@type":"PropertyValueSpecification","valueRequired":true,"valueName":"search_term_string"}}],"inLanguage":"pt-BR"},{"@type":"Organization","@id":"https:\/\/dicomag.com.br\/#organization","name":"Dicomag","url":"https:\/\/dicomag.com.br\/","logo":{"@type":"ImageObject","inLanguage":"pt-BR","@id":"https:\/\/dicomag.com.br\/#\/schema\/logo\/image\/","url":"https:\/\/dicomag.com.br\/wp-content\/uploads\/2019\/04\/Logo-Dicomag-Comemorativo-jpeg2.png","contentUrl":"https:\/\/dicomag.com.br\/wp-content\/uploads\/2019\/04\/Logo-Dicomag-Comemorativo-jpeg2.png","width":457,"height":174,"caption":"Dicomag"},"image":{"@id":"https:\/\/dicomag.com.br\/#\/schema\/logo\/image\/"},"sameAs":["https:\/\/www.facebook.com\/dicomagpoa\/"]}]}},"_links":{"self":[{"href":"https:\/\/dicomag.com.br\/index.php?rest_route=\/wp\/v2\/product\/3379","targetHints":{"allow":["GET"]}}],"collection":[{"href":"https:\/\/dicomag.com.br\/index.php?rest_route=\/wp\/v2\/product"}],"about":[{"href":"https:\/\/dicomag.com.br\/index.php?rest_route=\/wp\/v2\/types\/product"}],"replies":[{"embeddable":true,"href":"https:\/\/dicomag.com.br\/index.php?rest_route=%2Fwp%2Fv2%2Fcomments&post=3379"}],"wp:featuredmedia":[{"embeddable":true,"href":"https:\/\/dicomag.com.br\/index.php?rest_route=\/wp\/v2\/media\/1597"}],"wp:attachment":[{"href":"https:\/\/dicomag.com.br\/index.php?rest_route=%2Fwp%2Fv2%2Fmedia&parent=3379"}],"wp:term":[{"taxonomy":"product_brand","embeddable":true,"href":"https:\/\/dicomag.com.br\/index.php?rest_route=%2Fwp%2Fv2%2Fproduct_brand&post=3379"},{"taxonomy":"product_cat","embeddable":true,"href":"https:\/\/dicomag.com.br\/index.php?rest_route=%2Fwp%2Fv2%2Fproduct_cat&post=3379"},{"taxonomy":"product_tag","embeddable":true,"href":"https:\/\/dicomag.com.br\/index.php?rest_route=%2Fwp%2Fv2%2Fproduct_tag&post=3379"}],"curies":[{"name":"wp","href":"https:\/\/api.w.org\/{rel}","templated":true}]}}