{"id":3458,"date":"2019-04-01T01:44:33","date_gmt":"2019-04-01T01:44:33","guid":{"rendered":"http:\/\/dicomag.com.br\/?post_type=product&#038;p=3458"},"modified":"2023-12-01T18:40:40","modified_gmt":"2023-12-01T18:40:40","slug":"ima-de-neodimio-anel-20mmx5mm-c-furo-10mm-n42-super-ima","status":"publish","type":"product","link":"https:\/\/dicomag.com.br\/?product=ima-de-neodimio-anel-20mmx5mm-c-furo-10mm-n42-super-ima","title":{"rendered":"Im\u00e3 Neod\u00edmio Anel 20mmx5mm Furo 10mm N42"},"content":{"rendered":"<h1 class=\"western\">Im\u00e3 Neod\u00edmio Anel 20mmx5mm Furo 10mm N42<\/h1>\n<p>&nbsp;<\/p>\n<p>O Im\u00e3 Neod\u00edmio Anel 20mmx5mm Furo 10mm N42 \u00e9 composto de um material magn\u00e9tico moderno.<\/p>\n<p>Sendo formado por uma liga de Neod\u00edmio, Ferro e Boro.<\/p>\n<p>Tendo uma excelente concentra\u00e7\u00e3o de energia em dimens\u00f5es compactas.<\/p>\n<p>Portanto \u00e9 a liga magn\u00e9tica mais utilizada mundialmente.<\/p>\n<p>Consequentemente as aplica\u00e7\u00f5es s\u00e3o infinitas e limitadas apenas pela sua imagina\u00e7\u00e3o.<\/p>\n<p>Desta forma s\u00e3o conhecidos tamb\u00e9m como Terras Raras ou Super \u00cdm\u00e3s.<\/p>\n<p>Al\u00e9m disto s\u00e3o utilizados em todos os setores da ind\u00fastria, com\u00e9rcio, minera\u00e7\u00e3o, artes, artesanato, resid\u00eancias, escolas.<\/p>\n<p>Assim como na agricultura, sa\u00fade e medicina, prototipagem, motores el\u00e9tricos.<\/p>\n<p>Ao mesmo tempo em discos r\u00edgidos de computador at\u00e9 fones de ouvido e aparelhos eletr\u00f4nicos e muitos outros.<\/p>\n<h3 class=\"western\">Informa\u00e7\u00f5es importantes sobre Im\u00e3 de Neod\u00edmio Disco:<\/h3>\n<p>Im\u00e3 de Neod\u00edmio, pode contribuir realizando importantes a\u00e7\u00f5es como:<\/p>\n<p>Primeiramente, Acionar, Fechar, Fixar, Proteger, Flutuar, Posicionar, Pendurar, Expor, Decorar, Separar, Coletar<\/p>\n<p>Conseguente mente muito mais funcionalidades.<\/p>\n<p>Al\u00e9m disto, possuem uma gradua\u00e7\u00e3o de acordo com o produto de energia m\u00e1xima.<\/p>\n<p>Portanto a massa do \u00edm\u00e3 \u00e9 diferentemente proporcional a dua for\u00e7a magn\u00e9tica.<\/p>\n<p>Da mesma forma, basicamente os n\u00fameros maiores representam \u00edm\u00e3s mais fortes.<\/p>\n<p>Portanto atualmente temos disponibilidade de grades que, variam do N35 a N52.<\/p>\n<p>Al\u00e9m disto sua temperatura de Trabalho tamb\u00e9m varia de 80\u00ba C at\u00e9 150\u00ba C.<\/p>\n<p>Onde por exemplo \u00e9 indicada pela letra que antecede ao n\u00famero da grade, o grade N35, tem uma temperatura de Trabalho de at\u00e9 80\u00ba C.<\/p>\n<p>Importante \u00e9 n\u00e3o utilizar \u00edm\u00e3s de Neod\u00edmio em temperaturas acima de 80\u00b0C ou consulte sobre grades especiais para at\u00e9 150\u00b0C.<\/p>\n<p>Em primeiro lugar vale refor\u00e7ar que em geral quanto maior a massa maior a for\u00e7a.<\/p>\n<p>Para isto, lembramos que os \u00edm\u00e3s possuem Polo Norte e Polo Sul.<\/p>\n<p>Consequentemente alinha polos oposto para obter atra\u00e7\u00e3o (Norte \u2013 Sul, Sul \u2013 Norte).<\/p>\n<p>Portanto quando se alinha polos iguais h\u00e1 repuls\u00e3o (Sul \u2013 Sul, Norte \u2013 Norte).<\/p>\n<p>Acima de tudo \u00cdm\u00e3s de Neod\u00edmio s\u00e3o fr\u00e1geis, sens\u00edveis a impactos e oxidam facilmente.<\/p>\n<p>Por Isto evite IMPACTO e TOME MUITO CUIDADO AO MANUSEAR.<\/p>\n<p>Da mesma forma muitos projetos utilizam \u00edm\u00e3 com Ferro para obter a ATRA\u00c7\u00c3O.<\/p>\n<p>Para esclarecer \u00cdm\u00e3s n\u00e3o s\u00e3o brinquedos ent\u00e3o MANTENHA FORA DO ALCANCE DAS CRIAN\u00c7AS.<\/p>\n<p>Em contrapartida todos os nossos \u00edm\u00e3s s\u00e3o apresentados em mil\u00edmetros.<\/p>\n<h3 class=\"western\">Em suma se faz necess\u00e1rio conferir o tamanho antes da compra.<\/h3>\n<p>10 mm = 1 cm<br \/>\n100 mm = 10 cm<br \/>\n1000 mm = 100 cm = 1 metro<\/p>\n<p>Da mesma forma como um indicativo de for\u00e7a ade atra\u00e7\u00e3o real depende dos seguintes fatores:<\/p>\n<p>\u2013 Dist\u00e2ncia do \u00edm\u00e3 para o objeto;<\/p>\n<p>\u2013 Material do objeto;<\/p>\n<p>\u2013 Espessura do objeto;<\/p>\n<p>\u2013 \u00c1rea de superf\u00edcie;<\/p>\n<p>\u2013 Dire\u00e7\u00e3o da for\u00e7a.<\/p>\n<p>Como resultado ao planejar de uma aplica\u00e7\u00e3o voc\u00ea n\u00e3o deve usar como \u00fanica fonte de dados.<\/p>\n<p>Portanto, nossas especifica\u00e7\u00f5es de for\u00e7a de ader\u00eancia.<\/p>\n<p>Mas sim fazer uma experi\u00eancia fiel ao seu projeto para compreender a rela\u00e7\u00e3o de for\u00e7a.<\/p>\n<p>Vale a pena conferir um pouco do funcionamento da liga de Neod\u00edmio no v\u00eddeo a seguir:<\/p>\n","protected":false},"excerpt":{"rendered":"<h1 class=\"western\"><span style=\"font-family: Liberation Serif, serif;\"><span style=\"font-size: xx-large;\"><b>Im\u00e3 Neod\u00edmio Anel <\/b><\/span><\/span><span style=\"font-family: Liberation Serif, serif;\"><span style=\"font-size: xx-large;\"><b>20<\/b><\/span><\/span><span style=\"font-family: Liberation Serif, serif;\"><span style=\"font-size: xx-large;\"><b>mmx<\/b><\/span><\/span><span style=\"font-family: Liberation Serif, serif;\"><span style=\"font-size: xx-large;\"><b>5<\/b><\/span><\/span><span style=\"font-family: Liberation Serif, serif;\"><span style=\"font-size: xx-large;\"><b>mm Furo <\/b><\/span><\/span><span style=\"font-family: Liberation Serif, serif;\"><span style=\"font-size: xx-large;\"><b>10<\/b><\/span><\/span><span style=\"font-family: Liberation Serif, serif;\"><span style=\"font-size: xx-large;\"><b>mm N42<\/b><\/span><\/span><\/h1>\n<p>O \u00cdm\u00e3 de Neod\u00edmio \u00e9 um material magn\u00e9tico moderno com excelente concentra\u00e7\u00e3o de energia e dimens\u00f5es compactas.<br \/>\nAs aplica\u00e7\u00f5es s\u00e3o infinitas e limitadas apenas pela sua imagina\u00e7\u00e3o.<br \/>\nTamb\u00e9m conhecidos como Terras Raras ou Super \u00cdm\u00e3s e s\u00e3o utilizados em todos os setores da ind\u00fastria, com\u00e9rcio, minera\u00e7\u00e3o, artes, artesanato, casa, escolas, agricultura, sa\u00fade e medicina, prototipagem e muitos outros.<br \/>\nOs Neod\u00edmios podem contribuir realizando importantes a\u00e7\u00f5es como: Acionar, Fechar, Fixar, Proteger, Flutuar, Posicionar, Pendurar, Expor, Decorar, Separar, Coletar e muito mais.<\/p>\n","protected":false},"featured_media":5353,"comment_status":"open","ping_status":"closed","template":"","meta":[],"product_brand":[],"product_cat":[525,111,103],"product_tag":[292,293,294,296,298,297,295],"class_list":{"0":"post-3458","1":"product","2":"type-product","3":"status-publish","4":"has-post-thumbnail","6":"product_cat-20mmx5mm-c-furo-10mm-n42","7":"product_cat-anel","8":"product_cat-imas-de-neodimio","9":"product_tag-acionar","10":"product_tag-fechar","11":"product_tag-fixar","12":"product_tag-flutuar","13":"product_tag-pendurar","14":"product_tag-posicionar","15":"product_tag-proteger","16":"pa_pacote-quantidade-1-unidade","17":"pa_pacote-quantidade-100-unidades","18":"pa_pacote-quantidade-25-unidades","19":"pa_pacote-quantidade-250-unidades","20":"pa_pacote-quantidade-50-unidades","21":"pa_pacote-quantidade-500-unidades","23":"first","24":"instock","25":"taxable","26":"shipping-taxable","27":"purchasable","28":"product-type-simple"},"yoast_head":"<!-- This site is optimized with the Yoast SEO plugin v27.2 - https:\/\/yoast.com\/product\/yoast-seo-wordpress\/ -->\n<title>Im\u00e3 Neod\u00edmio Anel 20mmx5mm Furo 10mm N42 - Dicomag<\/title>\n<meta name=\"description\" content=\"Im\u00e3 Neod\u00edmio Anel 20mmx5mm Furo 10mm N42 \u00e9 composto de um material magn\u00e9tico moderno. Sendo formado por uma liga de Neod\u00edmio, Ferro e Boro.\" \/>\n<meta name=\"robots\" content=\"index, follow, max-snippet:-1, max-image-preview:large, max-video-preview:-1\" \/>\n<link rel=\"canonical\" href=\"https:\/\/dicomag.com.br\/?product=ima-de-neodimio-anel-20mmx5mm-c-furo-10mm-n42-super-ima\" \/>\n<meta property=\"og:locale\" content=\"pt_BR\" \/>\n<meta property=\"og:type\" content=\"article\" \/>\n<meta property=\"og:title\" content=\"Im\u00e3 Neod\u00edmio Anel 20mmx5mm Furo 10mm N42 - Dicomag\" \/>\n<meta property=\"og:description\" content=\"Im\u00e3 Neod\u00edmio Anel 20mmx5mm Furo 10mm N42 \u00e9 composto de um material magn\u00e9tico moderno. Sendo formado por uma liga de Neod\u00edmio, Ferro e Boro.\" \/>\n<meta property=\"og:url\" content=\"https:\/\/dicomag.com.br\/?product=ima-de-neodimio-anel-20mmx5mm-c-furo-10mm-n42-super-ima\" \/>\n<meta property=\"og:site_name\" content=\"Dicomag\" \/>\n<meta property=\"article:publisher\" content=\"https:\/\/www.facebook.com\/dicomagpoa\/\" \/>\n<meta property=\"article:modified_time\" content=\"2023-12-01T18:40:40+00:00\" \/>\n<meta property=\"og:image\" content=\"http:\/\/dicomag.com.br\/wp-content\/uploads\/2019\/04\/Ima-de-Neodimio-Anel-20x5-furo-10mm-N42.png\" \/>\n\t<meta property=\"og:image:width\" content=\"1920\" \/>\n\t<meta property=\"og:image:height\" content=\"1080\" \/>\n\t<meta property=\"og:image:type\" content=\"image\/png\" \/>\n<meta name=\"twitter:card\" content=\"summary_large_image\" \/>\n<meta name=\"twitter:label1\" content=\"Est. tempo de leitura\" \/>\n\t<meta name=\"twitter:data1\" content=\"3 minutos\" \/>\n<script type=\"application\/ld+json\" class=\"yoast-schema-graph\">{\"@context\":\"https:\/\/schema.org\",\"@graph\":[{\"@type\":\"WebPage\",\"@id\":\"https:\/\/dicomag.com.br\/?product=ima-de-neodimio-anel-20mmx5mm-c-furo-10mm-n42-super-ima\",\"url\":\"https:\/\/dicomag.com.br\/?product=ima-de-neodimio-anel-20mmx5mm-c-furo-10mm-n42-super-ima\",\"name\":\"Im\u00e3 Neod\u00edmio Anel 20mmx5mm Furo 10mm N42 - Dicomag\",\"isPartOf\":{\"@id\":\"https:\/\/dicomag.com.br\/#website\"},\"primaryImageOfPage\":{\"@id\":\"https:\/\/dicomag.com.br\/?product=ima-de-neodimio-anel-20mmx5mm-c-furo-10mm-n42-super-ima#primaryimage\"},\"image\":{\"@id\":\"https:\/\/dicomag.com.br\/?product=ima-de-neodimio-anel-20mmx5mm-c-furo-10mm-n42-super-ima#primaryimage\"},\"thumbnailUrl\":\"https:\/\/dicomag.com.br\/wp-content\/uploads\/2019\/04\/Ima-de-Neodimio-Anel-20x5-furo-10mm-N42.png\",\"datePublished\":\"2019-04-01T01:44:33+00:00\",\"dateModified\":\"2023-12-01T18:40:40+00:00\",\"description\":\"Im\u00e3 Neod\u00edmio Anel 20mmx5mm Furo 10mm N42 \u00e9 composto de um material magn\u00e9tico moderno. Sendo formado por uma liga de Neod\u00edmio, Ferro e Boro.\",\"breadcrumb\":{\"@id\":\"https:\/\/dicomag.com.br\/?product=ima-de-neodimio-anel-20mmx5mm-c-furo-10mm-n42-super-ima#breadcrumb\"},\"inLanguage\":\"pt-BR\",\"potentialAction\":[{\"@type\":\"ReadAction\",\"target\":[\"https:\/\/dicomag.com.br\/?product=ima-de-neodimio-anel-20mmx5mm-c-furo-10mm-n42-super-ima\"]}]},{\"@type\":\"ImageObject\",\"inLanguage\":\"pt-BR\",\"@id\":\"https:\/\/dicomag.com.br\/?product=ima-de-neodimio-anel-20mmx5mm-c-furo-10mm-n42-super-ima#primaryimage\",\"url\":\"https:\/\/dicomag.com.br\/wp-content\/uploads\/2019\/04\/Ima-de-Neodimio-Anel-20x5-furo-10mm-N42.png\",\"contentUrl\":\"https:\/\/dicomag.com.br\/wp-content\/uploads\/2019\/04\/Ima-de-Neodimio-Anel-20x5-furo-10mm-N42.png\",\"width\":1920,\"height\":1080,\"caption\":\"Im\u00e3 Neod\u00edmio Anel 20mmx5mm Furo 10mm N42\"},{\"@type\":\"BreadcrumbList\",\"@id\":\"https:\/\/dicomag.com.br\/?product=ima-de-neodimio-anel-20mmx5mm-c-furo-10mm-n42-super-ima#breadcrumb\",\"itemListElement\":[{\"@type\":\"ListItem\",\"position\":1,\"name\":\"In\u00edcio\",\"item\":\"https:\/\/dicomag.com.br\/\"},{\"@type\":\"ListItem\",\"position\":2,\"name\":\"Shop\",\"item\":\"https:\/\/dicomag.com.br\/\"},{\"@type\":\"ListItem\",\"position\":3,\"name\":\"Im\u00e3 Neod\u00edmio Anel 20mmx5mm Furo 10mm N42\"}]},{\"@type\":\"WebSite\",\"@id\":\"https:\/\/dicomag.com.br\/#website\",\"url\":\"https:\/\/dicomag.com.br\/\",\"name\":\"Dicomag\",\"description\":\"Imas\",\"publisher\":{\"@id\":\"https:\/\/dicomag.com.br\/#organization\"},\"potentialAction\":[{\"@type\":\"SearchAction\",\"target\":{\"@type\":\"EntryPoint\",\"urlTemplate\":\"https:\/\/dicomag.com.br\/?s={search_term_string}\"},\"query-input\":{\"@type\":\"PropertyValueSpecification\",\"valueRequired\":true,\"valueName\":\"search_term_string\"}}],\"inLanguage\":\"pt-BR\"},{\"@type\":\"Organization\",\"@id\":\"https:\/\/dicomag.com.br\/#organization\",\"name\":\"Dicomag\",\"url\":\"https:\/\/dicomag.com.br\/\",\"logo\":{\"@type\":\"ImageObject\",\"inLanguage\":\"pt-BR\",\"@id\":\"https:\/\/dicomag.com.br\/#\/schema\/logo\/image\/\",\"url\":\"https:\/\/dicomag.com.br\/wp-content\/uploads\/2019\/04\/Logo-Dicomag-Comemorativo-jpeg2.png\",\"contentUrl\":\"https:\/\/dicomag.com.br\/wp-content\/uploads\/2019\/04\/Logo-Dicomag-Comemorativo-jpeg2.png\",\"width\":457,\"height\":174,\"caption\":\"Dicomag\"},\"image\":{\"@id\":\"https:\/\/dicomag.com.br\/#\/schema\/logo\/image\/\"},\"sameAs\":[\"https:\/\/www.facebook.com\/dicomagpoa\/\"]}]}<\/script>\n<!-- \/ Yoast SEO plugin. -->","yoast_head_json":{"title":"Im\u00e3 Neod\u00edmio Anel 20mmx5mm Furo 10mm N42 - Dicomag","description":"Im\u00e3 Neod\u00edmio Anel 20mmx5mm Furo 10mm N42 \u00e9 composto de um material magn\u00e9tico moderno. Sendo formado por uma liga de Neod\u00edmio, Ferro e Boro.","robots":{"index":"index","follow":"follow","max-snippet":"max-snippet:-1","max-image-preview":"max-image-preview:large","max-video-preview":"max-video-preview:-1"},"canonical":"https:\/\/dicomag.com.br\/?product=ima-de-neodimio-anel-20mmx5mm-c-furo-10mm-n42-super-ima","og_locale":"pt_BR","og_type":"article","og_title":"Im\u00e3 Neod\u00edmio Anel 20mmx5mm Furo 10mm N42 - Dicomag","og_description":"Im\u00e3 Neod\u00edmio Anel 20mmx5mm Furo 10mm N42 \u00e9 composto de um material magn\u00e9tico moderno. Sendo formado por uma liga de Neod\u00edmio, Ferro e Boro.","og_url":"https:\/\/dicomag.com.br\/?product=ima-de-neodimio-anel-20mmx5mm-c-furo-10mm-n42-super-ima","og_site_name":"Dicomag","article_publisher":"https:\/\/www.facebook.com\/dicomagpoa\/","article_modified_time":"2023-12-01T18:40:40+00:00","og_image":[{"width":1920,"height":1080,"url":"http:\/\/dicomag.com.br\/wp-content\/uploads\/2019\/04\/Ima-de-Neodimio-Anel-20x5-furo-10mm-N42.png","type":"image\/png"}],"twitter_card":"summary_large_image","twitter_misc":{"Est. tempo de leitura":"3 minutos"},"schema":{"@context":"https:\/\/schema.org","@graph":[{"@type":"WebPage","@id":"https:\/\/dicomag.com.br\/?product=ima-de-neodimio-anel-20mmx5mm-c-furo-10mm-n42-super-ima","url":"https:\/\/dicomag.com.br\/?product=ima-de-neodimio-anel-20mmx5mm-c-furo-10mm-n42-super-ima","name":"Im\u00e3 Neod\u00edmio Anel 20mmx5mm Furo 10mm N42 - Dicomag","isPartOf":{"@id":"https:\/\/dicomag.com.br\/#website"},"primaryImageOfPage":{"@id":"https:\/\/dicomag.com.br\/?product=ima-de-neodimio-anel-20mmx5mm-c-furo-10mm-n42-super-ima#primaryimage"},"image":{"@id":"https:\/\/dicomag.com.br\/?product=ima-de-neodimio-anel-20mmx5mm-c-furo-10mm-n42-super-ima#primaryimage"},"thumbnailUrl":"https:\/\/dicomag.com.br\/wp-content\/uploads\/2019\/04\/Ima-de-Neodimio-Anel-20x5-furo-10mm-N42.png","datePublished":"2019-04-01T01:44:33+00:00","dateModified":"2023-12-01T18:40:40+00:00","description":"Im\u00e3 Neod\u00edmio Anel 20mmx5mm Furo 10mm N42 \u00e9 composto de um material magn\u00e9tico moderno. Sendo formado por uma liga de Neod\u00edmio, Ferro e Boro.","breadcrumb":{"@id":"https:\/\/dicomag.com.br\/?product=ima-de-neodimio-anel-20mmx5mm-c-furo-10mm-n42-super-ima#breadcrumb"},"inLanguage":"pt-BR","potentialAction":[{"@type":"ReadAction","target":["https:\/\/dicomag.com.br\/?product=ima-de-neodimio-anel-20mmx5mm-c-furo-10mm-n42-super-ima"]}]},{"@type":"ImageObject","inLanguage":"pt-BR","@id":"https:\/\/dicomag.com.br\/?product=ima-de-neodimio-anel-20mmx5mm-c-furo-10mm-n42-super-ima#primaryimage","url":"https:\/\/dicomag.com.br\/wp-content\/uploads\/2019\/04\/Ima-de-Neodimio-Anel-20x5-furo-10mm-N42.png","contentUrl":"https:\/\/dicomag.com.br\/wp-content\/uploads\/2019\/04\/Ima-de-Neodimio-Anel-20x5-furo-10mm-N42.png","width":1920,"height":1080,"caption":"Im\u00e3 Neod\u00edmio Anel 20mmx5mm Furo 10mm N42"},{"@type":"BreadcrumbList","@id":"https:\/\/dicomag.com.br\/?product=ima-de-neodimio-anel-20mmx5mm-c-furo-10mm-n42-super-ima#breadcrumb","itemListElement":[{"@type":"ListItem","position":1,"name":"In\u00edcio","item":"https:\/\/dicomag.com.br\/"},{"@type":"ListItem","position":2,"name":"Shop","item":"https:\/\/dicomag.com.br\/"},{"@type":"ListItem","position":3,"name":"Im\u00e3 Neod\u00edmio Anel 20mmx5mm Furo 10mm N42"}]},{"@type":"WebSite","@id":"https:\/\/dicomag.com.br\/#website","url":"https:\/\/dicomag.com.br\/","name":"Dicomag","description":"Imas","publisher":{"@id":"https:\/\/dicomag.com.br\/#organization"},"potentialAction":[{"@type":"SearchAction","target":{"@type":"EntryPoint","urlTemplate":"https:\/\/dicomag.com.br\/?s={search_term_string}"},"query-input":{"@type":"PropertyValueSpecification","valueRequired":true,"valueName":"search_term_string"}}],"inLanguage":"pt-BR"},{"@type":"Organization","@id":"https:\/\/dicomag.com.br\/#organization","name":"Dicomag","url":"https:\/\/dicomag.com.br\/","logo":{"@type":"ImageObject","inLanguage":"pt-BR","@id":"https:\/\/dicomag.com.br\/#\/schema\/logo\/image\/","url":"https:\/\/dicomag.com.br\/wp-content\/uploads\/2019\/04\/Logo-Dicomag-Comemorativo-jpeg2.png","contentUrl":"https:\/\/dicomag.com.br\/wp-content\/uploads\/2019\/04\/Logo-Dicomag-Comemorativo-jpeg2.png","width":457,"height":174,"caption":"Dicomag"},"image":{"@id":"https:\/\/dicomag.com.br\/#\/schema\/logo\/image\/"},"sameAs":["https:\/\/www.facebook.com\/dicomagpoa\/"]}]}},"_links":{"self":[{"href":"https:\/\/dicomag.com.br\/index.php?rest_route=\/wp\/v2\/product\/3458","targetHints":{"allow":["GET"]}}],"collection":[{"href":"https:\/\/dicomag.com.br\/index.php?rest_route=\/wp\/v2\/product"}],"about":[{"href":"https:\/\/dicomag.com.br\/index.php?rest_route=\/wp\/v2\/types\/product"}],"replies":[{"embeddable":true,"href":"https:\/\/dicomag.com.br\/index.php?rest_route=%2Fwp%2Fv2%2Fcomments&post=3458"}],"wp:featuredmedia":[{"embeddable":true,"href":"https:\/\/dicomag.com.br\/index.php?rest_route=\/wp\/v2\/media\/5353"}],"wp:attachment":[{"href":"https:\/\/dicomag.com.br\/index.php?rest_route=%2Fwp%2Fv2%2Fmedia&parent=3458"}],"wp:term":[{"taxonomy":"product_brand","embeddable":true,"href":"https:\/\/dicomag.com.br\/index.php?rest_route=%2Fwp%2Fv2%2Fproduct_brand&post=3458"},{"taxonomy":"product_cat","embeddable":true,"href":"https:\/\/dicomag.com.br\/index.php?rest_route=%2Fwp%2Fv2%2Fproduct_cat&post=3458"},{"taxonomy":"product_tag","embeddable":true,"href":"https:\/\/dicomag.com.br\/index.php?rest_route=%2Fwp%2Fv2%2Fproduct_tag&post=3458"}],"curies":[{"name":"wp","href":"https:\/\/api.w.org\/{rel}","templated":true}]}}