{"id":3566,"date":"2019-04-01T17:21:27","date_gmt":"2019-04-01T17:21:27","guid":{"rendered":"http:\/\/dicomag.com.br\/?post_type=product&#038;p=3566"},"modified":"2019-07-19T14:46:39","modified_gmt":"2019-07-19T14:46:39","slug":"infravermelho-longo-infrarelax-placa-de-ceramica-para-travesseiros-76cm","status":"publish","type":"product","link":"https:\/\/dicomag.com.br\/?product=infravermelho-longo-infrarelax-placa-de-ceramica-para-travesseiros-76cm","title":{"rendered":"Placa de Cer\u00e2mica Para Travesseiros Infravermelho Longo Infrarelax"},"content":{"rendered":"\r\n<h2>Placa de Cer\u00e2mica Para Travesseiros Infravermelho Longo Infrarelax<\/h2>\r\n<p>Placa de Cer\u00e2mica Para Travesseiros Infravermelho Longo Infrarelax \u00e9 um produto em cer\u00e2mica especial, n\u00e3o absorve calor.<\/p>\r\n<p>Mesmo em dias quentes se mant\u00e9m frio, ajudando a alcan\u00e7ar o equil\u00edbrio t\u00e9rmico ideal para o corpo. Proporciona um sono tranquilo e reparador.<\/p>\r\n\r\n\r\n\r\n<p>Assim ocorre a estimula\u00e7\u00e3o bio el\u00e9trica, equilibra o fluxo sangu\u00edneo para que o corpo tenha sua temperatura equilibrada.<\/p>\r\n<p>Ainda mais excelentes para o desenvolvimento das c\u00e9lulas assim como para a qualidade da \u00e1gua do organismo,\u00a0 beneficiando todo o sistema circulat\u00f3rio e linf\u00e1tico.<\/p>\r\n<p>Assim com a a\u00e7\u00e3o\u00a0 do infravermelho longo, esse se desfaz em grupos m\u00ednimos, eliminando de forma natural as toxinas e os agrot\u00f3xicos que ingerimos com os alimentos e \u00e1gua.<\/p>\r\n<p>Com isto permite uma melhor nutri\u00e7\u00e3o das c\u00e9lulas atrav\u00e9s da absor\u00e7\u00e3o dos nutrientes necess\u00e1rios.<\/p>\r\n\r\n\r\n\r\n<p>Placa de Cer\u00e2mica Para Travesseiros Infravermelho Longo Infrarelax, tem o Infravermelho Longo mais forte do mercado segundo Laudo T\u00e9cnico.<\/p>\r\n\r\n\r\n\r\n<p>\u00a0Tem efeito antibacteriano e n\u00e3o \u00e9 t\u00f3xica.<\/p>\r\n<h3>Situa\u00e7\u00f5es de atua\u00e7\u00e3o Pastilha de Infravermelho Longo :<\/h3>\r\n<p>Ajuda na\u00a0 renova\u00e7\u00e3o celular , previne doen\u00e7as de origem sangu\u00ednea.<\/p>\r\n<p>Assim como reduz o \u00e1cido latico e auxilia no combate ao envelhecimento precoce, auxilia no alivio das dores dos \u00f3rg\u00e3os internos.<\/p>\r\n<p>Assim tamb\u00e9m atua na regi\u00e3o lombar, torcicolos, problemas de coluna, casos de varizes, c\u00e3ibras.<\/p>\r\n<p>Tamb\u00e9m atua nos incha\u00e7os e dores de cabe\u00e7a cont\u00ednuas, auxilia na redu\u00e7\u00e3o de stress, depress\u00e3o, ins\u00f4nia.<\/p>\r\n<p>Outra forma atuante \u00e9 no cansa\u00e7o f\u00edsico e mental, fazendo\u00a0 com que o organismo mantenha suas fun\u00e7\u00f5es equilibradas com a quantidade de \u00edons necess\u00e1rios.<\/p>\r\n<p>Al\u00e9m disto ajuda no controle da\u00a0 press\u00e3o arterial e a prevenir tamb\u00e9m problemas card\u00edacos, infarto e derrame cerebral.<\/p>\r\n","protected":false},"excerpt":{"rendered":"<p>Placa de Cer\u00e2mica Para Travesseiros Infravermelho Longo Infrarelax \u00e9 um produto em cer\u00e2mica especial, n\u00e3o absorve calor.<\/p>\n<p>Mesmo em dias quentes se mant\u00e9m frio.<\/p>\n","protected":false},"featured_media":3535,"comment_status":"open","ping_status":"closed","template":"","meta":[],"product_brand":[],"product_cat":[535,536,144,544],"product_tag":[],"class_list":{"0":"post-3566","1":"product","2":"type-product","3":"status-publish","4":"has-post-thumbnail","6":"product_cat-pastilha-de-infravermelho-longo-proximo-antibacteria-antimofo-derrete-gelo-fisioterapico-ortopedico","7":"product_cat-infravermelho-longo","8":"product_cat-linha-bem-estar-bem","9":"product_cat-placa-de-ceramica-infrarelax","10":"pa_pacote-quantidade-1-unidade","11":"pa_pacote-quantidade-10-und","12":"pa_pacote-quantidade-10-unidades","13":"pa_pacote-quantidade-100-unidades","14":"pa_pacote-quantidade-1000-unidades","15":"pa_pacote-quantidade-2-unidades","16":"pa_pacote-quantidade-200-unidades","17":"pa_pacote-quantidade-25-unidades","18":"pa_pacote-quantidade-250-unidades","19":"pa_pacote-quantidade-2500-unidades","20":"pa_pacote-quantidade-30-und","21":"pa_pacote-quantidade-30-unidades","22":"pa_pacote-quantidade-300-unidades","23":"pa_pacote-quantidade-3000-unidades","24":"pa_pacote-quantidade-5-unidades","25":"pa_pacote-quantidade-50-und","26":"pa_pacote-quantidade-50-unidades","27":"pa_pacote-quantidade-500-unidades","28":"pa_pacote-quantidade-5000-unidades","30":"first","31":"instock","32":"taxable","33":"shipping-taxable","34":"purchasable","35":"product-type-variable"},"yoast_head":"<!-- This site is optimized with the Yoast SEO plugin v27.4 - https:\/\/yoast.com\/product\/yoast-seo-wordpress\/ -->\n<title>Placa de Cer\u00e2mica Para Travesseiros Infravermelho Longo Infrarelax - Dicomag<\/title>\n<meta name=\"description\" content=\"Placa de Cer\u00e2mica Para Travesseiros Infravermelho Longo Infrarelax \u00e9 um produto em cer\u00e2mica especial, n\u00e3o absorve calor mesmo em dias quentes se mant\u00e9m frio\" \/>\n<meta name=\"robots\" content=\"index, follow, max-snippet:-1, max-image-preview:large, max-video-preview:-1\" \/>\n<link rel=\"canonical\" href=\"https:\/\/dicomag.com.br\/?product=infravermelho-longo-infrarelax-placa-de-ceramica-para-travesseiros-76cm\" \/>\n<meta property=\"og:locale\" content=\"pt_BR\" \/>\n<meta property=\"og:type\" content=\"article\" \/>\n<meta property=\"og:title\" content=\"Placa de Cer\u00e2mica Para Travesseiros Infravermelho Longo Infrarelax - Dicomag\" \/>\n<meta property=\"og:description\" content=\"Placa de Cer\u00e2mica Para Travesseiros Infravermelho Longo Infrarelax \u00e9 um produto em cer\u00e2mica especial, n\u00e3o absorve calor mesmo em dias quentes se mant\u00e9m frio\" \/>\n<meta property=\"og:url\" content=\"https:\/\/dicomag.com.br\/?product=infravermelho-longo-infrarelax-placa-de-ceramica-para-travesseiros-76cm\" \/>\n<meta property=\"og:site_name\" content=\"Dicomag\" \/>\n<meta property=\"article:publisher\" content=\"https:\/\/www.facebook.com\/dicomagpoa\/\" \/>\n<meta property=\"article:modified_time\" content=\"2019-07-19T14:46:39+00:00\" \/>\n<meta property=\"og:image\" content=\"https:\/\/dicomag.com.br\/wp-content\/uploads\/2019\/04\/ceramica-para-travesseiro-infrarelax-17.jpg\" \/>\n\t<meta property=\"og:image:width\" content=\"530\" \/>\n\t<meta property=\"og:image:height\" content=\"535\" \/>\n\t<meta property=\"og:image:type\" content=\"image\/jpeg\" \/>\n<meta name=\"twitter:card\" content=\"summary_large_image\" \/>\n<meta name=\"twitter:label1\" content=\"Est. tempo de leitura\" \/>\n\t<meta name=\"twitter:data1\" content=\"2 minutos\" \/>\n<script type=\"application\/ld+json\" class=\"yoast-schema-graph\">{\"@context\":\"https:\\\/\\\/schema.org\",\"@graph\":[{\"@type\":\"WebPage\",\"@id\":\"https:\\\/\\\/dicomag.com.br\\\/?product=infravermelho-longo-infrarelax-placa-de-ceramica-para-travesseiros-76cm\",\"url\":\"https:\\\/\\\/dicomag.com.br\\\/?product=infravermelho-longo-infrarelax-placa-de-ceramica-para-travesseiros-76cm\",\"name\":\"Placa de Cer\u00e2mica Para Travesseiros Infravermelho Longo Infrarelax - Dicomag\",\"isPartOf\":{\"@id\":\"https:\\\/\\\/dicomag.com.br\\\/#website\"},\"primaryImageOfPage\":{\"@id\":\"https:\\\/\\\/dicomag.com.br\\\/?product=infravermelho-longo-infrarelax-placa-de-ceramica-para-travesseiros-76cm#primaryimage\"},\"image\":{\"@id\":\"https:\\\/\\\/dicomag.com.br\\\/?product=infravermelho-longo-infrarelax-placa-de-ceramica-para-travesseiros-76cm#primaryimage\"},\"thumbnailUrl\":\"https:\\\/\\\/dicomag.com.br\\\/wp-content\\\/uploads\\\/2019\\\/04\\\/ceramica-para-travesseiro-infrarelax-17.jpg\",\"datePublished\":\"2019-04-01T17:21:27+00:00\",\"dateModified\":\"2019-07-19T14:46:39+00:00\",\"description\":\"Placa de Cer\u00e2mica Para Travesseiros Infravermelho Longo Infrarelax \u00e9 um produto em cer\u00e2mica especial, n\u00e3o absorve calor mesmo em dias quentes se mant\u00e9m frio\",\"breadcrumb\":{\"@id\":\"https:\\\/\\\/dicomag.com.br\\\/?product=infravermelho-longo-infrarelax-placa-de-ceramica-para-travesseiros-76cm#breadcrumb\"},\"inLanguage\":\"pt-BR\",\"potentialAction\":[{\"@type\":\"ReadAction\",\"target\":[\"https:\\\/\\\/dicomag.com.br\\\/?product=infravermelho-longo-infrarelax-placa-de-ceramica-para-travesseiros-76cm\"]}]},{\"@type\":\"ImageObject\",\"inLanguage\":\"pt-BR\",\"@id\":\"https:\\\/\\\/dicomag.com.br\\\/?product=infravermelho-longo-infrarelax-placa-de-ceramica-para-travesseiros-76cm#primaryimage\",\"url\":\"https:\\\/\\\/dicomag.com.br\\\/wp-content\\\/uploads\\\/2019\\\/04\\\/ceramica-para-travesseiro-infrarelax-17.jpg\",\"contentUrl\":\"https:\\\/\\\/dicomag.com.br\\\/wp-content\\\/uploads\\\/2019\\\/04\\\/ceramica-para-travesseiro-infrarelax-17.jpg\",\"width\":530,\"height\":535,\"caption\":\"Placa de Cer\u00e2mica Para Travesseiros Infravermelho Longo Infrarelax\"},{\"@type\":\"BreadcrumbList\",\"@id\":\"https:\\\/\\\/dicomag.com.br\\\/?product=infravermelho-longo-infrarelax-placa-de-ceramica-para-travesseiros-76cm#breadcrumb\",\"itemListElement\":[{\"@type\":\"ListItem\",\"position\":1,\"name\":\"In\u00edcio\",\"item\":\"https:\\\/\\\/dicomag.com.br\\\/\"},{\"@type\":\"ListItem\",\"position\":2,\"name\":\"Shop\",\"item\":\"https:\\\/\\\/dicomag.com.br\\\/\"},{\"@type\":\"ListItem\",\"position\":3,\"name\":\"Placa de Cer\u00e2mica Para Travesseiros Infravermelho Longo Infrarelax\"}]},{\"@type\":\"WebSite\",\"@id\":\"https:\\\/\\\/dicomag.com.br\\\/#website\",\"url\":\"https:\\\/\\\/dicomag.com.br\\\/\",\"name\":\"Dicomag\",\"description\":\"Imas\",\"publisher\":{\"@id\":\"https:\\\/\\\/dicomag.com.br\\\/#organization\"},\"potentialAction\":[{\"@type\":\"SearchAction\",\"target\":{\"@type\":\"EntryPoint\",\"urlTemplate\":\"https:\\\/\\\/dicomag.com.br\\\/?s={search_term_string}\"},\"query-input\":{\"@type\":\"PropertyValueSpecification\",\"valueRequired\":true,\"valueName\":\"search_term_string\"}}],\"inLanguage\":\"pt-BR\"},{\"@type\":\"Organization\",\"@id\":\"https:\\\/\\\/dicomag.com.br\\\/#organization\",\"name\":\"Dicomag\",\"url\":\"https:\\\/\\\/dicomag.com.br\\\/\",\"logo\":{\"@type\":\"ImageObject\",\"inLanguage\":\"pt-BR\",\"@id\":\"https:\\\/\\\/dicomag.com.br\\\/#\\\/schema\\\/logo\\\/image\\\/\",\"url\":\"https:\\\/\\\/dicomag.com.br\\\/wp-content\\\/uploads\\\/2019\\\/04\\\/Logo-Dicomag-Comemorativo-jpeg2.png\",\"contentUrl\":\"https:\\\/\\\/dicomag.com.br\\\/wp-content\\\/uploads\\\/2019\\\/04\\\/Logo-Dicomag-Comemorativo-jpeg2.png\",\"width\":457,\"height\":174,\"caption\":\"Dicomag\"},\"image\":{\"@id\":\"https:\\\/\\\/dicomag.com.br\\\/#\\\/schema\\\/logo\\\/image\\\/\"},\"sameAs\":[\"https:\\\/\\\/www.facebook.com\\\/dicomagpoa\\\/\"]}]}<\/script>\n<!-- \/ Yoast SEO plugin. -->","yoast_head_json":{"title":"Placa de Cer\u00e2mica Para Travesseiros Infravermelho Longo Infrarelax - Dicomag","description":"Placa de Cer\u00e2mica Para Travesseiros Infravermelho Longo Infrarelax \u00e9 um produto em cer\u00e2mica especial, n\u00e3o absorve calor mesmo em dias quentes se mant\u00e9m frio","robots":{"index":"index","follow":"follow","max-snippet":"max-snippet:-1","max-image-preview":"max-image-preview:large","max-video-preview":"max-video-preview:-1"},"canonical":"https:\/\/dicomag.com.br\/?product=infravermelho-longo-infrarelax-placa-de-ceramica-para-travesseiros-76cm","og_locale":"pt_BR","og_type":"article","og_title":"Placa de Cer\u00e2mica Para Travesseiros Infravermelho Longo Infrarelax - Dicomag","og_description":"Placa de Cer\u00e2mica Para Travesseiros Infravermelho Longo Infrarelax \u00e9 um produto em cer\u00e2mica especial, n\u00e3o absorve calor mesmo em dias quentes se mant\u00e9m frio","og_url":"https:\/\/dicomag.com.br\/?product=infravermelho-longo-infrarelax-placa-de-ceramica-para-travesseiros-76cm","og_site_name":"Dicomag","article_publisher":"https:\/\/www.facebook.com\/dicomagpoa\/","article_modified_time":"2019-07-19T14:46:39+00:00","og_image":[{"width":530,"height":535,"url":"https:\/\/dicomag.com.br\/wp-content\/uploads\/2019\/04\/ceramica-para-travesseiro-infrarelax-17.jpg","type":"image\/jpeg"}],"twitter_card":"summary_large_image","twitter_misc":{"Est. tempo de leitura":"2 minutos"},"schema":{"@context":"https:\/\/schema.org","@graph":[{"@type":"WebPage","@id":"https:\/\/dicomag.com.br\/?product=infravermelho-longo-infrarelax-placa-de-ceramica-para-travesseiros-76cm","url":"https:\/\/dicomag.com.br\/?product=infravermelho-longo-infrarelax-placa-de-ceramica-para-travesseiros-76cm","name":"Placa de Cer\u00e2mica Para Travesseiros Infravermelho Longo Infrarelax - Dicomag","isPartOf":{"@id":"https:\/\/dicomag.com.br\/#website"},"primaryImageOfPage":{"@id":"https:\/\/dicomag.com.br\/?product=infravermelho-longo-infrarelax-placa-de-ceramica-para-travesseiros-76cm#primaryimage"},"image":{"@id":"https:\/\/dicomag.com.br\/?product=infravermelho-longo-infrarelax-placa-de-ceramica-para-travesseiros-76cm#primaryimage"},"thumbnailUrl":"https:\/\/dicomag.com.br\/wp-content\/uploads\/2019\/04\/ceramica-para-travesseiro-infrarelax-17.jpg","datePublished":"2019-04-01T17:21:27+00:00","dateModified":"2019-07-19T14:46:39+00:00","description":"Placa de Cer\u00e2mica Para Travesseiros Infravermelho Longo Infrarelax \u00e9 um produto em cer\u00e2mica especial, n\u00e3o absorve calor mesmo em dias quentes se mant\u00e9m frio","breadcrumb":{"@id":"https:\/\/dicomag.com.br\/?product=infravermelho-longo-infrarelax-placa-de-ceramica-para-travesseiros-76cm#breadcrumb"},"inLanguage":"pt-BR","potentialAction":[{"@type":"ReadAction","target":["https:\/\/dicomag.com.br\/?product=infravermelho-longo-infrarelax-placa-de-ceramica-para-travesseiros-76cm"]}]},{"@type":"ImageObject","inLanguage":"pt-BR","@id":"https:\/\/dicomag.com.br\/?product=infravermelho-longo-infrarelax-placa-de-ceramica-para-travesseiros-76cm#primaryimage","url":"https:\/\/dicomag.com.br\/wp-content\/uploads\/2019\/04\/ceramica-para-travesseiro-infrarelax-17.jpg","contentUrl":"https:\/\/dicomag.com.br\/wp-content\/uploads\/2019\/04\/ceramica-para-travesseiro-infrarelax-17.jpg","width":530,"height":535,"caption":"Placa de Cer\u00e2mica Para Travesseiros Infravermelho Longo Infrarelax"},{"@type":"BreadcrumbList","@id":"https:\/\/dicomag.com.br\/?product=infravermelho-longo-infrarelax-placa-de-ceramica-para-travesseiros-76cm#breadcrumb","itemListElement":[{"@type":"ListItem","position":1,"name":"In\u00edcio","item":"https:\/\/dicomag.com.br\/"},{"@type":"ListItem","position":2,"name":"Shop","item":"https:\/\/dicomag.com.br\/"},{"@type":"ListItem","position":3,"name":"Placa de Cer\u00e2mica Para Travesseiros Infravermelho Longo Infrarelax"}]},{"@type":"WebSite","@id":"https:\/\/dicomag.com.br\/#website","url":"https:\/\/dicomag.com.br\/","name":"Dicomag","description":"Imas","publisher":{"@id":"https:\/\/dicomag.com.br\/#organization"},"potentialAction":[{"@type":"SearchAction","target":{"@type":"EntryPoint","urlTemplate":"https:\/\/dicomag.com.br\/?s={search_term_string}"},"query-input":{"@type":"PropertyValueSpecification","valueRequired":true,"valueName":"search_term_string"}}],"inLanguage":"pt-BR"},{"@type":"Organization","@id":"https:\/\/dicomag.com.br\/#organization","name":"Dicomag","url":"https:\/\/dicomag.com.br\/","logo":{"@type":"ImageObject","inLanguage":"pt-BR","@id":"https:\/\/dicomag.com.br\/#\/schema\/logo\/image\/","url":"https:\/\/dicomag.com.br\/wp-content\/uploads\/2019\/04\/Logo-Dicomag-Comemorativo-jpeg2.png","contentUrl":"https:\/\/dicomag.com.br\/wp-content\/uploads\/2019\/04\/Logo-Dicomag-Comemorativo-jpeg2.png","width":457,"height":174,"caption":"Dicomag"},"image":{"@id":"https:\/\/dicomag.com.br\/#\/schema\/logo\/image\/"},"sameAs":["https:\/\/www.facebook.com\/dicomagpoa\/"]}]}},"_links":{"self":[{"href":"https:\/\/dicomag.com.br\/index.php?rest_route=\/wp\/v2\/product\/3566","targetHints":{"allow":["GET"]}}],"collection":[{"href":"https:\/\/dicomag.com.br\/index.php?rest_route=\/wp\/v2\/product"}],"about":[{"href":"https:\/\/dicomag.com.br\/index.php?rest_route=\/wp\/v2\/types\/product"}],"replies":[{"embeddable":true,"href":"https:\/\/dicomag.com.br\/index.php?rest_route=%2Fwp%2Fv2%2Fcomments&post=3566"}],"wp:featuredmedia":[{"embeddable":true,"href":"https:\/\/dicomag.com.br\/index.php?rest_route=\/wp\/v2\/media\/3535"}],"wp:attachment":[{"href":"https:\/\/dicomag.com.br\/index.php?rest_route=%2Fwp%2Fv2%2Fmedia&parent=3566"}],"wp:term":[{"taxonomy":"product_brand","embeddable":true,"href":"https:\/\/dicomag.com.br\/index.php?rest_route=%2Fwp%2Fv2%2Fproduct_brand&post=3566"},{"taxonomy":"product_cat","embeddable":true,"href":"https:\/\/dicomag.com.br\/index.php?rest_route=%2Fwp%2Fv2%2Fproduct_cat&post=3566"},{"taxonomy":"product_tag","embeddable":true,"href":"https:\/\/dicomag.com.br\/index.php?rest_route=%2Fwp%2Fv2%2Fproduct_tag&post=3566"}],"curies":[{"name":"wp","href":"https:\/\/api.w.org\/{rel}","templated":true}]}}