{"id":3577,"date":"2019-04-01T18:11:49","date_gmt":"2019-04-01T18:11:49","guid":{"rendered":"http:\/\/dicomag.com.br\/?post_type=product&#038;p=3577"},"modified":"2019-11-27T13:10:59","modified_gmt":"2019-11-27T13:10:59","slug":"ima-de-ferrite-para-magnetoterapia-8mmx27mm-acessorios","status":"publish","type":"product","link":"https:\/\/dicomag.com.br\/?product=ima-de-ferrite-para-magnetoterapia-8mmx27mm-acessorios","title":{"rendered":"Im\u00e3 Magnetoterapia 8mmx2,7mm \u2013 Acess\u00f3rios"},"content":{"rendered":"\r\n<h1>Im\u00e3 Magnetoterapia 8mmx2,7mm \u2013 Acess\u00f3rios<\/h1>\r\n<p>Im\u00e3 Magnetoterapia 8mmx2,7mm \u2013 Acess\u00f3rios, tem sua recomenda\u00e7\u00e3o de uso em chinelos, pulseiras e todos os tipos de acess\u00f3rios.<\/p>\r\n\r\n\r\n\r\n<p>S\u00e3o compostos por im\u00e3s de ferrite com raio para Magnoterapia produzidos no Brasil.<\/p>\r\n<p>Sendo de \u00f3tima qualidade e garantia de intensidade magn\u00e9tica.<\/p>\r\n\r\n\r\n\r\n<p>S\u00e3o produzidos nos mais altos padr\u00f5es de fabrica\u00e7\u00e3o e contam com laudo t\u00e9cnico que atesta suas caracter\u00edsticas magn\u00e9ticas.<\/p>\r\n<p>Sendo que seus campos magn\u00e9ticos para aumentar o movimento de algumas c\u00e9lulas e subst\u00e2ncias corporais.<\/p>\r\n<p>Por exemplo como a \u00e1gua, de forma a obter efeitos como diminui\u00e7\u00e3o da dor, aumento da regenera\u00e7\u00e3o celular ou redu\u00e7\u00e3o da inflama\u00e7\u00e3o.<\/p>\r\n<p>Certamente para fazer esta t\u00e9cnica, os \u00edmanes podem ser inseridos em faixas de tecido, pulseiras, sapatos e outros objetos.<\/p>\r\n<p>Consequentemente devem\u00a0 ser mantidos perto do local a tratar.<\/p>\r\n<p>Da mesma forma o campo magn\u00e9tico pode ser produzido por um pequeno aparelho que \u00e9 colocado junto da pele, no local a tratar.<\/p>\r\n<p>Com isto a intensidade do campo magn\u00e9tico, assim como o tamanho dos \u00edmanes devem ser adaptados ao tipo de problema a tratar.<\/p>\r\n\r\n\r\n\r\n<p>Tendo a emiss\u00e3o de aproximadamente 800 Gauss comprovado com laudo t\u00e9cnico.<\/p>\r\n<p>Assim como campo magn\u00e9tico permanente e cont\u00ednuo.<\/p>\r\n<h3>Contra indica\u00e7\u00f5es Im\u00e3 Magnetoterapia 8mmx2,7mm \u2013 Acess\u00f3rios:<\/h3>\r\n<p>Embora possua v\u00e1rios benef\u00edcios, a magnetoterapia n\u00e3o pode ser utilizada em todos os casos.<\/p>\r\n<p>Especialmente devido a todos as altera\u00e7\u00f5es que provoca no organismo.<\/p>\r\n<p>Dessa forma, est\u00e1 contraindicada nos casos de:<\/p>\r\n<p>C\u00e2ncer em qualquer parte do corpo;<\/p>\r\n<p>Hipertireoidismo ou funcionamento exagerado das gl\u00e2ndulas suprarrenais;<\/p>\r\n<p>Miastenia grave;<\/p>\r\n<p>Hemorragias ativas;<\/p>\r\n<p>Infec\u00e7\u00f5es f\u00fangicas ou virais.<\/p>\r\n<p>Al\u00e9m disso, esta t\u00e9cnica deve ser usada com cuidado em pacientes com convuls\u00f5es frequentes, arteriosclerose grave.<\/p>\r\n<p>Assim como press\u00e3o baixa, a fazer tratamento com anticoagulantes ou com transtornos psiqui\u00e1tricos graves.<\/p>\r\n<div class=\"artigo-body\">\r\n<p>J\u00e1 pacientes com marcapasso, s\u00f3 devem utilizar a magnetoterapia ap\u00f3s aprova\u00e7\u00e3o do cardiologista.<\/p>\r\n<p>Uma vez que o campo magn\u00e9tico pode alterar o ajuste do ritmo el\u00e9trico de alguns aparelhos de marcapasso.<\/p>\r\n<\/div>\r\n","protected":false},"excerpt":{"rendered":"<p>Im\u00e3 Magnetoterapia 8mmx2,7mm \u2013 Acess\u00f3rios Im\u00e3 Magnetoterapia 8mmx2,7mm \u2013 Acess\u00f3rios, tem sua recomenda\u00e7\u00e3o de uso em chinelos, pulseiras e todos os tipos de acess\u00f3rios. S\u00e3o compostos por im\u00e3s de ferrite com raio para Magnoterapia produzidos no Brasil. Sendo de \u00f3tima qualidade e garantia de intensidade magn\u00e9tica. S\u00e3o produzidos nos mais altos padr\u00f5es de fabrica\u00e7\u00e3o e [&hellip;]<\/p>\n","protected":false},"featured_media":3576,"comment_status":"open","ping_status":"closed","template":"","meta":[],"product_brand":[],"product_cat":[549,144,546],"product_tag":[681,551,552,680,553,555,554],"class_list":{"0":"post-3577","1":"product","2":"type-product","3":"status-publish","4":"has-post-thumbnail","6":"product_cat-8mmx27mm-acessorios","7":"product_cat-linha-bem-estar-bem","8":"product_cat-magnetoterapia","9":"product_tag-7mm-acessorios","10":"product_tag-alivio-de-cores-na-lombar","11":"product_tag-alivio-na-tensao-lombar","12":"product_tag-ima-magnetoterapia-8mmx2","13":"product_tag-prevenao-de-varizes","14":"product_tag-prevenao-e-controle-da-pressao-arterial","15":"product_tag-tensoes-e-dores-musculares-e-circulatorio","16":"pa_pacote-quantidade-1-unidade","17":"pa_pacote-quantidade-10-und","18":"pa_pacote-quantidade-10-unidades","19":"pa_pacote-quantidade-100-unidades","20":"pa_pacote-quantidade-1000-unidades","21":"pa_pacote-quantidade-2-unidades","22":"pa_pacote-quantidade-200-unidades","23":"pa_pacote-quantidade-25-unidades","24":"pa_pacote-quantidade-250-unidades","25":"pa_pacote-quantidade-2500-unidades","26":"pa_pacote-quantidade-30-und","27":"pa_pacote-quantidade-30-unidades","28":"pa_pacote-quantidade-300-unidades","29":"pa_pacote-quantidade-3000-unidades","30":"pa_pacote-quantidade-5-unidades","31":"pa_pacote-quantidade-50-und","32":"pa_pacote-quantidade-50-unidades","33":"pa_pacote-quantidade-500-unidades","34":"pa_pacote-quantidade-5000-unidades","36":"first","37":"instock","38":"taxable","39":"shipping-taxable","40":"purchasable","41":"product-type-variable","42":"has-default-attributes"},"yoast_head":"<!-- This site is optimized with the Yoast SEO plugin v27.4 - https:\/\/yoast.com\/product\/yoast-seo-wordpress\/ -->\n<title>Im\u00e3 Magnetoterapia 8mmx2,7mm \u2013 Acess\u00f3rios - Dicomag<\/title>\n<meta name=\"description\" content=\"Im\u00e3 Magnetoterapia 8mmx2,7mm \u2013 Acess\u00f3rios, tem sua recomenda\u00e7\u00e3o de uso em chinelos, pulseiras e todos os tipos de acess\u00f3rios.\" \/>\n<meta name=\"robots\" content=\"index, follow, max-snippet:-1, max-image-preview:large, max-video-preview:-1\" \/>\n<link rel=\"canonical\" href=\"https:\/\/dicomag.com.br\/?product=ima-de-ferrite-para-magnetoterapia-8mmx27mm-acessorios\" \/>\n<meta property=\"og:locale\" content=\"pt_BR\" \/>\n<meta property=\"og:type\" content=\"article\" \/>\n<meta property=\"og:title\" content=\"Im\u00e3 Magnetoterapia 8mmx2,7mm \u2013 Acess\u00f3rios - Dicomag\" \/>\n<meta property=\"og:description\" content=\"Im\u00e3 Magnetoterapia 8mmx2,7mm \u2013 Acess\u00f3rios, tem sua recomenda\u00e7\u00e3o de uso em chinelos, pulseiras e todos os tipos de acess\u00f3rios.\" \/>\n<meta property=\"og:url\" content=\"https:\/\/dicomag.com.br\/?product=ima-de-ferrite-para-magnetoterapia-8mmx27mm-acessorios\" \/>\n<meta property=\"og:site_name\" content=\"Dicomag\" \/>\n<meta property=\"article:publisher\" content=\"https:\/\/www.facebook.com\/dicomagpoa\/\" \/>\n<meta property=\"article:modified_time\" content=\"2019-11-27T13:10:59+00:00\" \/>\n<meta property=\"og:image\" content=\"https:\/\/dicomag.com.br\/wp-content\/uploads\/2019\/04\/ima-para-travesseiro-2.jpg\" \/>\n\t<meta property=\"og:image:width\" content=\"564\" \/>\n\t<meta property=\"og:image:height\" content=\"317\" \/>\n\t<meta property=\"og:image:type\" content=\"image\/jpeg\" \/>\n<meta name=\"twitter:card\" content=\"summary_large_image\" \/>\n<meta name=\"twitter:label1\" content=\"Est. tempo de leitura\" \/>\n\t<meta name=\"twitter:data1\" content=\"2 minutos\" \/>\n<script type=\"application\/ld+json\" class=\"yoast-schema-graph\">{\"@context\":\"https:\\\/\\\/schema.org\",\"@graph\":[{\"@type\":\"WebPage\",\"@id\":\"https:\\\/\\\/dicomag.com.br\\\/?product=ima-de-ferrite-para-magnetoterapia-8mmx27mm-acessorios\",\"url\":\"https:\\\/\\\/dicomag.com.br\\\/?product=ima-de-ferrite-para-magnetoterapia-8mmx27mm-acessorios\",\"name\":\"Im\u00e3 Magnetoterapia 8mmx2,7mm \u2013 Acess\u00f3rios - Dicomag\",\"isPartOf\":{\"@id\":\"https:\\\/\\\/dicomag.com.br\\\/#website\"},\"primaryImageOfPage\":{\"@id\":\"https:\\\/\\\/dicomag.com.br\\\/?product=ima-de-ferrite-para-magnetoterapia-8mmx27mm-acessorios#primaryimage\"},\"image\":{\"@id\":\"https:\\\/\\\/dicomag.com.br\\\/?product=ima-de-ferrite-para-magnetoterapia-8mmx27mm-acessorios#primaryimage\"},\"thumbnailUrl\":\"https:\\\/\\\/dicomag.com.br\\\/wp-content\\\/uploads\\\/2019\\\/04\\\/ima-para-travesseiro-2.jpg\",\"datePublished\":\"2019-04-01T18:11:49+00:00\",\"dateModified\":\"2019-11-27T13:10:59+00:00\",\"description\":\"Im\u00e3 Magnetoterapia 8mmx2,7mm \u2013 Acess\u00f3rios, tem sua recomenda\u00e7\u00e3o de uso em chinelos, pulseiras e todos os tipos de acess\u00f3rios.\",\"breadcrumb\":{\"@id\":\"https:\\\/\\\/dicomag.com.br\\\/?product=ima-de-ferrite-para-magnetoterapia-8mmx27mm-acessorios#breadcrumb\"},\"inLanguage\":\"pt-BR\",\"potentialAction\":[{\"@type\":\"ReadAction\",\"target\":[\"https:\\\/\\\/dicomag.com.br\\\/?product=ima-de-ferrite-para-magnetoterapia-8mmx27mm-acessorios\"]}]},{\"@type\":\"ImageObject\",\"inLanguage\":\"pt-BR\",\"@id\":\"https:\\\/\\\/dicomag.com.br\\\/?product=ima-de-ferrite-para-magnetoterapia-8mmx27mm-acessorios#primaryimage\",\"url\":\"https:\\\/\\\/dicomag.com.br\\\/wp-content\\\/uploads\\\/2019\\\/04\\\/ima-para-travesseiro-2.jpg\",\"contentUrl\":\"https:\\\/\\\/dicomag.com.br\\\/wp-content\\\/uploads\\\/2019\\\/04\\\/ima-para-travesseiro-2.jpg\",\"width\":564,\"height\":317},{\"@type\":\"BreadcrumbList\",\"@id\":\"https:\\\/\\\/dicomag.com.br\\\/?product=ima-de-ferrite-para-magnetoterapia-8mmx27mm-acessorios#breadcrumb\",\"itemListElement\":[{\"@type\":\"ListItem\",\"position\":1,\"name\":\"In\u00edcio\",\"item\":\"https:\\\/\\\/dicomag.com.br\\\/\"},{\"@type\":\"ListItem\",\"position\":2,\"name\":\"Shop\",\"item\":\"https:\\\/\\\/dicomag.com.br\\\/\"},{\"@type\":\"ListItem\",\"position\":3,\"name\":\"Im\u00e3 Magnetoterapia 8mmx2,7mm \u2013 Acess\u00f3rios\"}]},{\"@type\":\"WebSite\",\"@id\":\"https:\\\/\\\/dicomag.com.br\\\/#website\",\"url\":\"https:\\\/\\\/dicomag.com.br\\\/\",\"name\":\"Dicomag\",\"description\":\"Imas\",\"publisher\":{\"@id\":\"https:\\\/\\\/dicomag.com.br\\\/#organization\"},\"potentialAction\":[{\"@type\":\"SearchAction\",\"target\":{\"@type\":\"EntryPoint\",\"urlTemplate\":\"https:\\\/\\\/dicomag.com.br\\\/?s={search_term_string}\"},\"query-input\":{\"@type\":\"PropertyValueSpecification\",\"valueRequired\":true,\"valueName\":\"search_term_string\"}}],\"inLanguage\":\"pt-BR\"},{\"@type\":\"Organization\",\"@id\":\"https:\\\/\\\/dicomag.com.br\\\/#organization\",\"name\":\"Dicomag\",\"url\":\"https:\\\/\\\/dicomag.com.br\\\/\",\"logo\":{\"@type\":\"ImageObject\",\"inLanguage\":\"pt-BR\",\"@id\":\"https:\\\/\\\/dicomag.com.br\\\/#\\\/schema\\\/logo\\\/image\\\/\",\"url\":\"https:\\\/\\\/dicomag.com.br\\\/wp-content\\\/uploads\\\/2019\\\/04\\\/Logo-Dicomag-Comemorativo-jpeg2.png\",\"contentUrl\":\"https:\\\/\\\/dicomag.com.br\\\/wp-content\\\/uploads\\\/2019\\\/04\\\/Logo-Dicomag-Comemorativo-jpeg2.png\",\"width\":457,\"height\":174,\"caption\":\"Dicomag\"},\"image\":{\"@id\":\"https:\\\/\\\/dicomag.com.br\\\/#\\\/schema\\\/logo\\\/image\\\/\"},\"sameAs\":[\"https:\\\/\\\/www.facebook.com\\\/dicomagpoa\\\/\"]}]}<\/script>\n<!-- \/ Yoast SEO plugin. -->","yoast_head_json":{"title":"Im\u00e3 Magnetoterapia 8mmx2,7mm \u2013 Acess\u00f3rios - Dicomag","description":"Im\u00e3 Magnetoterapia 8mmx2,7mm \u2013 Acess\u00f3rios, tem sua recomenda\u00e7\u00e3o de uso em chinelos, pulseiras e todos os tipos de acess\u00f3rios.","robots":{"index":"index","follow":"follow","max-snippet":"max-snippet:-1","max-image-preview":"max-image-preview:large","max-video-preview":"max-video-preview:-1"},"canonical":"https:\/\/dicomag.com.br\/?product=ima-de-ferrite-para-magnetoterapia-8mmx27mm-acessorios","og_locale":"pt_BR","og_type":"article","og_title":"Im\u00e3 Magnetoterapia 8mmx2,7mm \u2013 Acess\u00f3rios - Dicomag","og_description":"Im\u00e3 Magnetoterapia 8mmx2,7mm \u2013 Acess\u00f3rios, tem sua recomenda\u00e7\u00e3o de uso em chinelos, pulseiras e todos os tipos de acess\u00f3rios.","og_url":"https:\/\/dicomag.com.br\/?product=ima-de-ferrite-para-magnetoterapia-8mmx27mm-acessorios","og_site_name":"Dicomag","article_publisher":"https:\/\/www.facebook.com\/dicomagpoa\/","article_modified_time":"2019-11-27T13:10:59+00:00","og_image":[{"width":564,"height":317,"url":"https:\/\/dicomag.com.br\/wp-content\/uploads\/2019\/04\/ima-para-travesseiro-2.jpg","type":"image\/jpeg"}],"twitter_card":"summary_large_image","twitter_misc":{"Est. tempo de leitura":"2 minutos"},"schema":{"@context":"https:\/\/schema.org","@graph":[{"@type":"WebPage","@id":"https:\/\/dicomag.com.br\/?product=ima-de-ferrite-para-magnetoterapia-8mmx27mm-acessorios","url":"https:\/\/dicomag.com.br\/?product=ima-de-ferrite-para-magnetoterapia-8mmx27mm-acessorios","name":"Im\u00e3 Magnetoterapia 8mmx2,7mm \u2013 Acess\u00f3rios - Dicomag","isPartOf":{"@id":"https:\/\/dicomag.com.br\/#website"},"primaryImageOfPage":{"@id":"https:\/\/dicomag.com.br\/?product=ima-de-ferrite-para-magnetoterapia-8mmx27mm-acessorios#primaryimage"},"image":{"@id":"https:\/\/dicomag.com.br\/?product=ima-de-ferrite-para-magnetoterapia-8mmx27mm-acessorios#primaryimage"},"thumbnailUrl":"https:\/\/dicomag.com.br\/wp-content\/uploads\/2019\/04\/ima-para-travesseiro-2.jpg","datePublished":"2019-04-01T18:11:49+00:00","dateModified":"2019-11-27T13:10:59+00:00","description":"Im\u00e3 Magnetoterapia 8mmx2,7mm \u2013 Acess\u00f3rios, tem sua recomenda\u00e7\u00e3o de uso em chinelos, pulseiras e todos os tipos de acess\u00f3rios.","breadcrumb":{"@id":"https:\/\/dicomag.com.br\/?product=ima-de-ferrite-para-magnetoterapia-8mmx27mm-acessorios#breadcrumb"},"inLanguage":"pt-BR","potentialAction":[{"@type":"ReadAction","target":["https:\/\/dicomag.com.br\/?product=ima-de-ferrite-para-magnetoterapia-8mmx27mm-acessorios"]}]},{"@type":"ImageObject","inLanguage":"pt-BR","@id":"https:\/\/dicomag.com.br\/?product=ima-de-ferrite-para-magnetoterapia-8mmx27mm-acessorios#primaryimage","url":"https:\/\/dicomag.com.br\/wp-content\/uploads\/2019\/04\/ima-para-travesseiro-2.jpg","contentUrl":"https:\/\/dicomag.com.br\/wp-content\/uploads\/2019\/04\/ima-para-travesseiro-2.jpg","width":564,"height":317},{"@type":"BreadcrumbList","@id":"https:\/\/dicomag.com.br\/?product=ima-de-ferrite-para-magnetoterapia-8mmx27mm-acessorios#breadcrumb","itemListElement":[{"@type":"ListItem","position":1,"name":"In\u00edcio","item":"https:\/\/dicomag.com.br\/"},{"@type":"ListItem","position":2,"name":"Shop","item":"https:\/\/dicomag.com.br\/"},{"@type":"ListItem","position":3,"name":"Im\u00e3 Magnetoterapia 8mmx2,7mm \u2013 Acess\u00f3rios"}]},{"@type":"WebSite","@id":"https:\/\/dicomag.com.br\/#website","url":"https:\/\/dicomag.com.br\/","name":"Dicomag","description":"Imas","publisher":{"@id":"https:\/\/dicomag.com.br\/#organization"},"potentialAction":[{"@type":"SearchAction","target":{"@type":"EntryPoint","urlTemplate":"https:\/\/dicomag.com.br\/?s={search_term_string}"},"query-input":{"@type":"PropertyValueSpecification","valueRequired":true,"valueName":"search_term_string"}}],"inLanguage":"pt-BR"},{"@type":"Organization","@id":"https:\/\/dicomag.com.br\/#organization","name":"Dicomag","url":"https:\/\/dicomag.com.br\/","logo":{"@type":"ImageObject","inLanguage":"pt-BR","@id":"https:\/\/dicomag.com.br\/#\/schema\/logo\/image\/","url":"https:\/\/dicomag.com.br\/wp-content\/uploads\/2019\/04\/Logo-Dicomag-Comemorativo-jpeg2.png","contentUrl":"https:\/\/dicomag.com.br\/wp-content\/uploads\/2019\/04\/Logo-Dicomag-Comemorativo-jpeg2.png","width":457,"height":174,"caption":"Dicomag"},"image":{"@id":"https:\/\/dicomag.com.br\/#\/schema\/logo\/image\/"},"sameAs":["https:\/\/www.facebook.com\/dicomagpoa\/"]}]}},"_links":{"self":[{"href":"https:\/\/dicomag.com.br\/index.php?rest_route=\/wp\/v2\/product\/3577","targetHints":{"allow":["GET"]}}],"collection":[{"href":"https:\/\/dicomag.com.br\/index.php?rest_route=\/wp\/v2\/product"}],"about":[{"href":"https:\/\/dicomag.com.br\/index.php?rest_route=\/wp\/v2\/types\/product"}],"replies":[{"embeddable":true,"href":"https:\/\/dicomag.com.br\/index.php?rest_route=%2Fwp%2Fv2%2Fcomments&post=3577"}],"wp:featuredmedia":[{"embeddable":true,"href":"https:\/\/dicomag.com.br\/index.php?rest_route=\/wp\/v2\/media\/3576"}],"wp:attachment":[{"href":"https:\/\/dicomag.com.br\/index.php?rest_route=%2Fwp%2Fv2%2Fmedia&parent=3577"}],"wp:term":[{"taxonomy":"product_brand","embeddable":true,"href":"https:\/\/dicomag.com.br\/index.php?rest_route=%2Fwp%2Fv2%2Fproduct_brand&post=3577"},{"taxonomy":"product_cat","embeddable":true,"href":"https:\/\/dicomag.com.br\/index.php?rest_route=%2Fwp%2Fv2%2Fproduct_cat&post=3577"},{"taxonomy":"product_tag","embeddable":true,"href":"https:\/\/dicomag.com.br\/index.php?rest_route=%2Fwp%2Fv2%2Fproduct_tag&post=3577"}],"curies":[{"name":"wp","href":"https:\/\/api.w.org\/{rel}","templated":true}]}}