{"id":4383,"date":"2019-05-09T16:45:04","date_gmt":"2019-05-09T16:45:04","guid":{"rendered":"http:\/\/dicomag.com.br\/?post_type=product&#038;p=4383"},"modified":"2025-07-01T17:41:36","modified_gmt":"2025-07-01T17:41:36","slug":"pulseira-bracelete-magnetica-linha-infinity","status":"publish","type":"product","link":"https:\/\/dicomag.com.br\/?product=pulseira-bracelete-magnetica-linha-infinity","title":{"rendered":"Pulseira Bracelete Magn\u00e9tica Linha Infinity"},"content":{"rendered":"<h2>Pulseira Bracelete Magn\u00e9tica Linha Infinity<\/h2>\n<p>A Pulseira Bracelete Magnetica Infinity age atrav\u00e9s da magnetoterapia e infravermelho longo.<\/p>\n<p>Consequentemente, com base nesses dois fatores pode-se citar os seguintes benef\u00edcios:<\/p>\n<p>Em primeiro lugar,\u00a0 Auxilia no combate a fadiga muscular;<\/p>\n<p>Resultando em um melhor rendimento das atividades f\u00edsicas;<\/p>\n<p>E certamente auxilia na circula\u00e7\u00e3o sangu\u00ednea;<\/p>\n<p>Alem disto auxilia no al\u00edvio do estresse;<\/p>\n<p>E tem como resultado o auxilio na elimina\u00e7\u00e3o das toxinas no sangue;<\/p>\n<p>Assim como o fortaledimento de energia do organismo e imunidade;<\/p>\n<p>Consequentemente atua como um potencializador da fun\u00e7\u00e3o antiinflamat\u00f3ria auxiliando no al\u00edvio de dores.<\/p>\n<h2>Quais as vantagens da terapia magn\u00e9tica?<\/h2>\n<p>Pulseira Bracelete Magnetica Infinity\u00a0 utilizam a magnetoterapia possuem diversos benef\u00edcios, que incluem:<\/p>\n<p>Em primeiro lugar s\u00e3o seguras e n\u00e3o invasivas;<\/p>\n<p>Em Segundo lugar n\u00e3o provocam dor;<\/p>\n<p>Al\u00e9m disto podem ser aplicadas sem contraindica\u00e7\u00f5es na maior parte das patologias;<\/p>\n<p>Assim como tamb\u00e9m induzem bons resultados de forma n\u00e3o medicamentosa.<\/p>\n<p>Al\u00e9m dessas vantagens em rela\u00e7\u00e3o a outras terapias, as t\u00e9cnicas que envolvem a magnetoterapia s\u00e3o bastante eficazes para o tratamento de diversas patologias, como:<\/p>\n<p>Por exemplo em doen\u00e7as inflamat\u00f3rias, reum\u00e1ticas e musculares (como artroses, epicondilite, tendinites, lombalgias e distens\u00f5es musculares);<\/p>\n<p>Assim como traumas recentes, problemas articulares, tor\u00e7\u00f5es musculares e de tend\u00e3o;<\/p>\n<p>Tamb\u00e9m em \u00falceras traum\u00e1ticas, de queimaduras, venosas e de dec\u00fabito;<\/p>\n<p>Como em doen\u00e7as que demandam maior microvasculariza\u00e7\u00e3o para regenera\u00e7\u00e3o de tecidos, como em transplantes, diabetes e na consolida\u00e7\u00e3o de calos \u00f3sseos;<\/p>\n<p>Al\u00e9m de casos de osteoporose.<\/p>\n<p>A Pulseira Bracelete Magnetica Infinity possui tamb\u00e9m pastilhas de infravermelho e o power biocer\u00e2mico capazes de emitir ondas de infravermelho, que atuam no metabolismo e na cicatriza\u00e7\u00e3o celular.<\/p>\n<p>Da mesma forma promovem libera\u00e7\u00e3o de subst\u00e2ncias qu\u00edmicas end\u00f3genas, que causam efeitos ben\u00e9ficos ao organismo.<\/p>\n<p>Sua emuls\u00e3o met\u00e1lica que atrav\u00e9s do calor de 36\u00b0 do corpo emite uma onda eletromagn\u00e9tica de 0,4 a 14 m\u00edcrons.<\/p>\n<p>Tamb\u00e9m possuem pastilhas magn\u00e9ticas que geram um campo magn\u00e9tico nos tecidos biol\u00f3gicos promovendo ativa\u00e7\u00e3o metab\u00f3lica e aumento da circula\u00e7\u00e3o sangu\u00ednea.<\/p>\n<p>Aten\u00e7\u00e3o: Este produto cont\u00e9m partes pequenas que podem ser prejudiciais se ingeridas.<\/p>\n<p>Produto Magn\u00e9tico: Proibido a portadores de marca-passo card\u00edaco.<\/p>\n<p>Produto n\u00e3o recomendado a pessoas al\u00e9rgicas a metais.<\/p>\n","protected":false},"excerpt":{"rendered":"<h1>Pulseira Bracelete Magnetica Infinity<\/h1>\n<p>A Pulseira Bracelete Magnetica Infinity age atrav\u00e9s da magnetoterapia e infravermelho longo, com base nesses dois fatores pode-se citar os seguintes benef\u00edcios:<br \/>\n&#8211; Auxilia no combate a fadiga muscular<br \/>\n&#8211; Auxilia no rendimento das atividades f\u00edsicas;<br \/>\n&#8211; Auxilia na circula\u00e7\u00e3o sangu\u00ednea;<br \/>\n&#8211; Auxilia no al\u00edvio do estresse;<br \/>\n&#8211; Auxilia na elimina\u00e7\u00e3o das toxinas no sangue;<br \/>\n&#8211; Fortalece a energia do organismo e imunidade;<br \/>\n&#8211; Possui fun\u00e7\u00e3o antiinflamat\u00f3ria auxiliando no al\u00edvio de dores<\/p>\n<p>&nbsp;<\/p>\n","protected":false},"featured_media":4384,"comment_status":"open","ping_status":"closed","template":"","meta":[],"product_brand":[],"product_cat":[144,672],"product_tag":[182,184,183,188,189,160,186,159,187],"class_list":{"0":"post-4383","1":"product","2":"type-product","3":"status-publish","4":"has-post-thumbnail","6":"product_cat-linha-bem-estar-bem","7":"product_cat-pulseira-bracelete-magnetica-linha-infinity","8":"product_tag-ativacao-metabolica","9":"product_tag-biomagnoterapia","10":"product_tag-circulacao-sanguinea","11":"product_tag-contusoes","12":"product_tag-entorses","13":"product_tag-magnetoterapia","14":"product_tag-ortopedia","15":"product_tag-reflexologia","16":"product_tag-tratamento-de-lesoes","17":"pa_tamanho-g-gg","18":"pa_tamanho-p-m","20":"first","21":"instock","22":"sale","23":"featured","24":"taxable","25":"shipping-taxable","26":"purchasable","27":"product-type-variable"},"yoast_head":"<!-- This site is optimized with the Yoast SEO plugin v27.4 - https:\/\/yoast.com\/product\/yoast-seo-wordpress\/ -->\n<title>Pulseira Bracelete Magn\u00e9tica Linha Infinity - Dicomag<\/title>\n<meta name=\"description\" content=\"Pulseira Bracelete Magn\u00e9tica Linha Infinity age atrav\u00e9s da magnetoterapia e infravermelho longo melhorando a circula\u00e7\u00e3o sangu\u00ednea.\" \/>\n<meta name=\"robots\" content=\"index, follow, max-snippet:-1, max-image-preview:large, max-video-preview:-1\" \/>\n<link rel=\"canonical\" href=\"https:\/\/dicomag.com.br\/?product=pulseira-bracelete-magnetica-linha-infinity\" \/>\n<meta property=\"og:locale\" content=\"pt_BR\" \/>\n<meta property=\"og:type\" content=\"article\" \/>\n<meta property=\"og:title\" content=\"Pulseira Bracelete Magn\u00e9tica Linha Infinity - Dicomag\" \/>\n<meta property=\"og:description\" content=\"Pulseira Bracelete Magn\u00e9tica Linha Infinity age atrav\u00e9s da magnetoterapia e infravermelho longo melhorando a circula\u00e7\u00e3o sangu\u00ednea.\" \/>\n<meta property=\"og:url\" content=\"https:\/\/dicomag.com.br\/?product=pulseira-bracelete-magnetica-linha-infinity\" \/>\n<meta property=\"og:site_name\" content=\"Dicomag\" \/>\n<meta property=\"article:publisher\" content=\"https:\/\/www.facebook.com\/dicomagpoa\/\" \/>\n<meta property=\"article:modified_time\" content=\"2025-07-01T17:41:36+00:00\" \/>\n<meta property=\"og:image\" content=\"https:\/\/dicomag.com.br\/wp-content\/uploads\/2019\/05\/IMG_7890.jpg\" \/>\n\t<meta property=\"og:image:width\" content=\"640\" \/>\n\t<meta property=\"og:image:height\" content=\"480\" \/>\n\t<meta property=\"og:image:type\" content=\"image\/jpeg\" \/>\n<meta name=\"twitter:card\" content=\"summary_large_image\" \/>\n<meta name=\"twitter:label1\" content=\"Est. tempo de leitura\" \/>\n\t<meta name=\"twitter:data1\" content=\"2 minutos\" \/>\n<script type=\"application\/ld+json\" class=\"yoast-schema-graph\">{\"@context\":\"https:\\\/\\\/schema.org\",\"@graph\":[{\"@type\":\"WebPage\",\"@id\":\"https:\\\/\\\/dicomag.com.br\\\/?product=pulseira-bracelete-magnetica-linha-infinity\",\"url\":\"https:\\\/\\\/dicomag.com.br\\\/?product=pulseira-bracelete-magnetica-linha-infinity\",\"name\":\"Pulseira Bracelete Magn\u00e9tica Linha Infinity - Dicomag\",\"isPartOf\":{\"@id\":\"https:\\\/\\\/dicomag.com.br\\\/#website\"},\"primaryImageOfPage\":{\"@id\":\"https:\\\/\\\/dicomag.com.br\\\/?product=pulseira-bracelete-magnetica-linha-infinity#primaryimage\"},\"image\":{\"@id\":\"https:\\\/\\\/dicomag.com.br\\\/?product=pulseira-bracelete-magnetica-linha-infinity#primaryimage\"},\"thumbnailUrl\":\"https:\\\/\\\/dicomag.com.br\\\/wp-content\\\/uploads\\\/2019\\\/05\\\/IMG_7890.jpg\",\"datePublished\":\"2019-05-09T16:45:04+00:00\",\"dateModified\":\"2025-07-01T17:41:36+00:00\",\"description\":\"Pulseira Bracelete Magn\u00e9tica Linha Infinity age atrav\u00e9s da magnetoterapia e infravermelho longo melhorando a circula\u00e7\u00e3o sangu\u00ednea.\",\"breadcrumb\":{\"@id\":\"https:\\\/\\\/dicomag.com.br\\\/?product=pulseira-bracelete-magnetica-linha-infinity#breadcrumb\"},\"inLanguage\":\"pt-BR\",\"potentialAction\":[{\"@type\":\"ReadAction\",\"target\":[\"https:\\\/\\\/dicomag.com.br\\\/?product=pulseira-bracelete-magnetica-linha-infinity\"]}]},{\"@type\":\"ImageObject\",\"inLanguage\":\"pt-BR\",\"@id\":\"https:\\\/\\\/dicomag.com.br\\\/?product=pulseira-bracelete-magnetica-linha-infinity#primaryimage\",\"url\":\"https:\\\/\\\/dicomag.com.br\\\/wp-content\\\/uploads\\\/2019\\\/05\\\/IMG_7890.jpg\",\"contentUrl\":\"https:\\\/\\\/dicomag.com.br\\\/wp-content\\\/uploads\\\/2019\\\/05\\\/IMG_7890.jpg\",\"width\":640,\"height\":480,\"caption\":\"Pulseira Bracelete Magn\u00e9tica Linha Infinity\"},{\"@type\":\"BreadcrumbList\",\"@id\":\"https:\\\/\\\/dicomag.com.br\\\/?product=pulseira-bracelete-magnetica-linha-infinity#breadcrumb\",\"itemListElement\":[{\"@type\":\"ListItem\",\"position\":1,\"name\":\"In\u00edcio\",\"item\":\"https:\\\/\\\/dicomag.com.br\\\/\"},{\"@type\":\"ListItem\",\"position\":2,\"name\":\"Shop\",\"item\":\"https:\\\/\\\/dicomag.com.br\\\/\"},{\"@type\":\"ListItem\",\"position\":3,\"name\":\"Pulseira Bracelete Magn\u00e9tica Linha Infinity\"}]},{\"@type\":\"WebSite\",\"@id\":\"https:\\\/\\\/dicomag.com.br\\\/#website\",\"url\":\"https:\\\/\\\/dicomag.com.br\\\/\",\"name\":\"Dicomag\",\"description\":\"Imas\",\"publisher\":{\"@id\":\"https:\\\/\\\/dicomag.com.br\\\/#organization\"},\"potentialAction\":[{\"@type\":\"SearchAction\",\"target\":{\"@type\":\"EntryPoint\",\"urlTemplate\":\"https:\\\/\\\/dicomag.com.br\\\/?s={search_term_string}\"},\"query-input\":{\"@type\":\"PropertyValueSpecification\",\"valueRequired\":true,\"valueName\":\"search_term_string\"}}],\"inLanguage\":\"pt-BR\"},{\"@type\":\"Organization\",\"@id\":\"https:\\\/\\\/dicomag.com.br\\\/#organization\",\"name\":\"Dicomag\",\"url\":\"https:\\\/\\\/dicomag.com.br\\\/\",\"logo\":{\"@type\":\"ImageObject\",\"inLanguage\":\"pt-BR\",\"@id\":\"https:\\\/\\\/dicomag.com.br\\\/#\\\/schema\\\/logo\\\/image\\\/\",\"url\":\"https:\\\/\\\/dicomag.com.br\\\/wp-content\\\/uploads\\\/2019\\\/04\\\/Logo-Dicomag-Comemorativo-jpeg2.png\",\"contentUrl\":\"https:\\\/\\\/dicomag.com.br\\\/wp-content\\\/uploads\\\/2019\\\/04\\\/Logo-Dicomag-Comemorativo-jpeg2.png\",\"width\":457,\"height\":174,\"caption\":\"Dicomag\"},\"image\":{\"@id\":\"https:\\\/\\\/dicomag.com.br\\\/#\\\/schema\\\/logo\\\/image\\\/\"},\"sameAs\":[\"https:\\\/\\\/www.facebook.com\\\/dicomagpoa\\\/\"]}]}<\/script>\n<!-- \/ Yoast SEO plugin. -->","yoast_head_json":{"title":"Pulseira Bracelete Magn\u00e9tica Linha Infinity - Dicomag","description":"Pulseira Bracelete Magn\u00e9tica Linha Infinity age atrav\u00e9s da magnetoterapia e infravermelho longo melhorando a circula\u00e7\u00e3o sangu\u00ednea.","robots":{"index":"index","follow":"follow","max-snippet":"max-snippet:-1","max-image-preview":"max-image-preview:large","max-video-preview":"max-video-preview:-1"},"canonical":"https:\/\/dicomag.com.br\/?product=pulseira-bracelete-magnetica-linha-infinity","og_locale":"pt_BR","og_type":"article","og_title":"Pulseira Bracelete Magn\u00e9tica Linha Infinity - Dicomag","og_description":"Pulseira Bracelete Magn\u00e9tica Linha Infinity age atrav\u00e9s da magnetoterapia e infravermelho longo melhorando a circula\u00e7\u00e3o sangu\u00ednea.","og_url":"https:\/\/dicomag.com.br\/?product=pulseira-bracelete-magnetica-linha-infinity","og_site_name":"Dicomag","article_publisher":"https:\/\/www.facebook.com\/dicomagpoa\/","article_modified_time":"2025-07-01T17:41:36+00:00","og_image":[{"width":640,"height":480,"url":"https:\/\/dicomag.com.br\/wp-content\/uploads\/2019\/05\/IMG_7890.jpg","type":"image\/jpeg"}],"twitter_card":"summary_large_image","twitter_misc":{"Est. tempo de leitura":"2 minutos"},"schema":{"@context":"https:\/\/schema.org","@graph":[{"@type":"WebPage","@id":"https:\/\/dicomag.com.br\/?product=pulseira-bracelete-magnetica-linha-infinity","url":"https:\/\/dicomag.com.br\/?product=pulseira-bracelete-magnetica-linha-infinity","name":"Pulseira Bracelete Magn\u00e9tica Linha Infinity - Dicomag","isPartOf":{"@id":"https:\/\/dicomag.com.br\/#website"},"primaryImageOfPage":{"@id":"https:\/\/dicomag.com.br\/?product=pulseira-bracelete-magnetica-linha-infinity#primaryimage"},"image":{"@id":"https:\/\/dicomag.com.br\/?product=pulseira-bracelete-magnetica-linha-infinity#primaryimage"},"thumbnailUrl":"https:\/\/dicomag.com.br\/wp-content\/uploads\/2019\/05\/IMG_7890.jpg","datePublished":"2019-05-09T16:45:04+00:00","dateModified":"2025-07-01T17:41:36+00:00","description":"Pulseira Bracelete Magn\u00e9tica Linha Infinity age atrav\u00e9s da magnetoterapia e infravermelho longo melhorando a circula\u00e7\u00e3o sangu\u00ednea.","breadcrumb":{"@id":"https:\/\/dicomag.com.br\/?product=pulseira-bracelete-magnetica-linha-infinity#breadcrumb"},"inLanguage":"pt-BR","potentialAction":[{"@type":"ReadAction","target":["https:\/\/dicomag.com.br\/?product=pulseira-bracelete-magnetica-linha-infinity"]}]},{"@type":"ImageObject","inLanguage":"pt-BR","@id":"https:\/\/dicomag.com.br\/?product=pulseira-bracelete-magnetica-linha-infinity#primaryimage","url":"https:\/\/dicomag.com.br\/wp-content\/uploads\/2019\/05\/IMG_7890.jpg","contentUrl":"https:\/\/dicomag.com.br\/wp-content\/uploads\/2019\/05\/IMG_7890.jpg","width":640,"height":480,"caption":"Pulseira Bracelete Magn\u00e9tica Linha Infinity"},{"@type":"BreadcrumbList","@id":"https:\/\/dicomag.com.br\/?product=pulseira-bracelete-magnetica-linha-infinity#breadcrumb","itemListElement":[{"@type":"ListItem","position":1,"name":"In\u00edcio","item":"https:\/\/dicomag.com.br\/"},{"@type":"ListItem","position":2,"name":"Shop","item":"https:\/\/dicomag.com.br\/"},{"@type":"ListItem","position":3,"name":"Pulseira Bracelete Magn\u00e9tica Linha Infinity"}]},{"@type":"WebSite","@id":"https:\/\/dicomag.com.br\/#website","url":"https:\/\/dicomag.com.br\/","name":"Dicomag","description":"Imas","publisher":{"@id":"https:\/\/dicomag.com.br\/#organization"},"potentialAction":[{"@type":"SearchAction","target":{"@type":"EntryPoint","urlTemplate":"https:\/\/dicomag.com.br\/?s={search_term_string}"},"query-input":{"@type":"PropertyValueSpecification","valueRequired":true,"valueName":"search_term_string"}}],"inLanguage":"pt-BR"},{"@type":"Organization","@id":"https:\/\/dicomag.com.br\/#organization","name":"Dicomag","url":"https:\/\/dicomag.com.br\/","logo":{"@type":"ImageObject","inLanguage":"pt-BR","@id":"https:\/\/dicomag.com.br\/#\/schema\/logo\/image\/","url":"https:\/\/dicomag.com.br\/wp-content\/uploads\/2019\/04\/Logo-Dicomag-Comemorativo-jpeg2.png","contentUrl":"https:\/\/dicomag.com.br\/wp-content\/uploads\/2019\/04\/Logo-Dicomag-Comemorativo-jpeg2.png","width":457,"height":174,"caption":"Dicomag"},"image":{"@id":"https:\/\/dicomag.com.br\/#\/schema\/logo\/image\/"},"sameAs":["https:\/\/www.facebook.com\/dicomagpoa\/"]}]}},"_links":{"self":[{"href":"https:\/\/dicomag.com.br\/index.php?rest_route=\/wp\/v2\/product\/4383","targetHints":{"allow":["GET"]}}],"collection":[{"href":"https:\/\/dicomag.com.br\/index.php?rest_route=\/wp\/v2\/product"}],"about":[{"href":"https:\/\/dicomag.com.br\/index.php?rest_route=\/wp\/v2\/types\/product"}],"replies":[{"embeddable":true,"href":"https:\/\/dicomag.com.br\/index.php?rest_route=%2Fwp%2Fv2%2Fcomments&post=4383"}],"wp:featuredmedia":[{"embeddable":true,"href":"https:\/\/dicomag.com.br\/index.php?rest_route=\/wp\/v2\/media\/4384"}],"wp:attachment":[{"href":"https:\/\/dicomag.com.br\/index.php?rest_route=%2Fwp%2Fv2%2Fmedia&parent=4383"}],"wp:term":[{"taxonomy":"product_brand","embeddable":true,"href":"https:\/\/dicomag.com.br\/index.php?rest_route=%2Fwp%2Fv2%2Fproduct_brand&post=4383"},{"taxonomy":"product_cat","embeddable":true,"href":"https:\/\/dicomag.com.br\/index.php?rest_route=%2Fwp%2Fv2%2Fproduct_cat&post=4383"},{"taxonomy":"product_tag","embeddable":true,"href":"https:\/\/dicomag.com.br\/index.php?rest_route=%2Fwp%2Fv2%2Fproduct_tag&post=4383"}],"curies":[{"name":"wp","href":"https:\/\/api.w.org\/{rel}","templated":true}]}}