{"id":4448,"date":"2019-08-23T18:13:07","date_gmt":"2019-08-23T18:13:07","guid":{"rendered":"http:\/\/dicomag.com.br\/?post_type=product&#038;p=4448"},"modified":"2019-08-27T20:39:47","modified_gmt":"2019-08-27T20:39:47","slug":"pastilha-x-ions-negativo-purificador-de-ar","status":"publish","type":"product","link":"https:\/\/dicomag.com.br\/?product=pastilha-x-ions-negativo-purificador-de-ar","title":{"rendered":"Pastilha X-IONS Negativo &#8211; Purificador de Ar"},"content":{"rendered":"\r\n<h2 class=\"wp-block-heading\">Pastilha X-IONS Negativo &#8211; Purificador de Ar<\/h2>\r\n\r\n\r\n\r\n<p>Pastilha X-IONS Negativo &#8211; Purificador de Ar, absorvem os \u00edons positivos para sua superf\u00edcie, retirando do ambiente esses \u00edons que s\u00e3o mal\u00e9ficos ao bem-estar.<\/p>\r\n<p>Ao mesmo tempo, mantem os \u00edons negativos que fazem muito bem para a sa\u00fade.<\/p>\r\n<p>Quando uma terapia de ioniza\u00e7\u00e3o \u00e9 ministrada, ocorreo o aumento deste no sangue, elevando assim o nivel alcalino no sangue e como resultado temos um processo de desintoxica\u00e7\u00e3o.<\/p>\r\n<p>Da mesma forma agem no equilibrio do ar no ambiente, trazendo bem-estar para sua fam\u00edlia lan\u00e7ada em 2019.<\/p>\r\n<p>Outra quest\u00e3o interessante sobre os \u00edons negativos \u00e9 sua\u00a0rela\u00e7\u00e3o com nossa alimenta\u00e7\u00e3o.<\/p>\r\n<p>\u00c9 bem conhecido que o consumo de alimentos mais alcalinos, frutas e vegetais s\u00e3o ben\u00e9ficos para a sa\u00fade humana.<\/p>\r\n<p>A predomin\u00e2ncia de PH \u00e1cido do corpo, por outro lado, faz com que o corpo fr\u00e1gil fique suscept\u00edvel a doen\u00e7as.<\/p>\r\n<p>A acidifica\u00e7\u00e3o do sangue, o que \u00e9 causado pela\u00a0perda dos el\u00e9trons, pode ser\u00a0evitada atrav\u00e9s dos \u00edons negativos\u00a0que contem uma abundante quantidade de el\u00e9trons que melhoram a imunidade do corpo\u00a0e resist\u00eancia \u00e0s doen\u00e7as.<\/p>\r\n<h2>Exemplos em nossas vidas:<\/h2>\r\n\r\n\r\n\r\n<p>Como resultado atua nas dores de cabe\u00e7a, desconforto ou n\u00e1usea s\u00fabita em uma sala superlotada \u00e9 um problema comum.<\/p>\r\n<p>Assim como em uma sala com ar condicionado, voc\u00ea pode experimentar esses problemas.<\/p>\r\n<p>O Resultado disto \u00e9 a falta de \u00edons negativos no ambiente.<\/p>\r\n<p>Entretanto n\u00e3o pense que por ter o nome de \u00edons negativos eles s\u00e3o ruins, n\u00e3o h\u00e1 nada negativo ou insalubre sobre \u00edons negativos.<\/p>\r\n<p>Pelo contratiooOs \u00edons negativos s\u00e3o \u00e1tomos ben\u00e9ficos para o corpo humano, enquanto os \u00edons positivos s\u00e3o \u00e1tomos prejudiciais.<\/p>\r\n<p>Assim voc\u00ea encontrar\u00e1 as maiores concentra\u00e7\u00f5es de \u00edons negativos no ar natural e limpo.<\/p>\r\n<p>Onde os \u00cdons s\u00e3o part\u00edculas invis\u00edveis no ar, que carregam uma carga el\u00e9trica.<\/p>\r\n<p>\u00cdons negativos s\u00e3o abundantes na natureza, especialmente em torno de cachoeiras, nas ondas do mar, na praia e depois de uma tempestade.<\/p>\r\n<p>Eles s\u00e3o difundidos em montanhas e florestas.<\/p>\r\n<p>Gerando assim vibra\u00e7\u00f5es que potencializam o processo do Infravermelho no organismo.<\/p>\r\n<p>Os \u00edons negativos s\u00e3o \u00e1tomos que est\u00e3o presentes no ar que respiramos e tamb\u00e9m est\u00e3o presentes em nossos corpos.<\/p>\r\n<p>O grau em que os \u00edons negativos contribuem para o bem-estar geral e para a sa\u00fade \u00e9 cientificamente comprovado:<\/p>\r\n<p><i class=\"qode_icon_font_awesome fa fa-check qode_icon_element\"><\/i>\u00a0Neutralizam os radicais livres.<\/p>\r\n<p><i class=\"qode_icon_font_awesome fa fa-check qode_icon_element\"><\/i>\u00a0Revitalizam o metabolismo celular.<\/p>\r\n<p><i class=\"qode_icon_font_awesome fa fa-check qode_icon_element\"><\/i>\u00a0Melhoram a fun\u00e7\u00e3o imunol\u00f3gica.<\/p>\r\n<p><i class=\"qode_icon_font_awesome fa fa-check qode_icon_element\"><\/i>\u00a0Purificam o sangue.<\/p>\r\n<p><i class=\"qode_icon_font_awesome fa fa-check qode_icon_element\"><\/i>\u00a0Equilibram o sistema nervoso aut\u00f4nomo, promovendo o sono profundo e uma digest\u00e3o saud\u00e1vel.<\/p>\r\n<p>Consequentemente o produto acompanha 4 laudos t\u00e9cnicos.<\/p>\r\n<p>Aproveite mais este lan\u00e7amento e inova\u00e7\u00e3o tecnologica que pensamos para proporcionar um melhor bem estar a sua vida.<\/p>\r\n<p>Este produto vem como complemento t\u00e3o importante quanto os infravermelhos antibacteriannos, fungicidas, antimofo entre outros.<\/p>\r\n<p>&nbsp;<\/p>\r\n","protected":false},"excerpt":{"rendered":"<p>Pastilha X-IONS Negativo &#8211; Purificador de Ar Pastilha X-IONS Negativo &#8211; Purificador de Ar, absorvem os \u00edons positivos para sua superf\u00edcie, retirando do ambiente esses \u00edons que s\u00e3o mal\u00e9ficos ao bem-estar. Ao mesmo tempo, mantem os \u00edons negativos que fazem muito bem para a sa\u00fade. Quando uma terapia de ioniza\u00e7\u00e3o \u00e9 ministrada, ocorreo o aumento [&hellip;]<\/p>\n","protected":false},"featured_media":4457,"comment_status":"open","ping_status":"closed","template":"","meta":[],"product_brand":[],"product_cat":[535,541,144,679],"product_tag":[677],"class_list":{"0":"post-4448","1":"product","2":"type-product","3":"status-publish","4":"has-post-thumbnail","6":"product_cat-pastilha-de-infravermelho-longo-proximo-antibacteria-antimofo-derrete-gelo-fisioterapico-ortopedico","7":"product_cat-infravermelho-proximo","8":"product_cat-linha-bem-estar-bem","9":"product_cat-pastilha-x-ions-negativo-purificador-de-ar","10":"product_tag-pastilha-infravermelho-proximo-evi-antibacteria","11":"pa_pacote-quantidade-1-unidade","12":"pa_pacote-quantidade-10-und","13":"pa_pacote-quantidade-10-unidades","14":"pa_pacote-quantidade-100-unidades","15":"pa_pacote-quantidade-1000-unidades","16":"pa_pacote-quantidade-2-unidades","17":"pa_pacote-quantidade-200-unidades","18":"pa_pacote-quantidade-25-unidades","19":"pa_pacote-quantidade-250-unidades","20":"pa_pacote-quantidade-2500-unidades","21":"pa_pacote-quantidade-30-und","22":"pa_pacote-quantidade-30-unidades","23":"pa_pacote-quantidade-300-unidades","24":"pa_pacote-quantidade-3000-unidades","25":"pa_pacote-quantidade-5-unidades","26":"pa_pacote-quantidade-50-und","27":"pa_pacote-quantidade-50-unidades","28":"pa_pacote-quantidade-500-unidades","29":"pa_pacote-quantidade-5000-unidades","31":"first","32":"instock","33":"taxable","34":"shipping-taxable","35":"purchasable","36":"product-type-variable"},"yoast_head":"<!-- This site is optimized with the Yoast SEO plugin v27.4 - https:\/\/yoast.com\/product\/yoast-seo-wordpress\/ -->\n<title>Pastilha X-IONS Negativo - Purificador de Ar - Dicomag<\/title>\n<meta name=\"description\" content=\"Pastilha X-IONS Negativo absorvem os \u00edons positivos para sua superf\u00edcie, retirando do ambiente esses \u00edons que s\u00e3o mal\u00e9ficos ao bem-estar.\" \/>\n<meta name=\"robots\" content=\"index, follow, max-snippet:-1, max-image-preview:large, max-video-preview:-1\" \/>\n<link rel=\"canonical\" href=\"https:\/\/dicomag.com.br\/?product=pastilha-x-ions-negativo-purificador-de-ar\" \/>\n<meta property=\"og:locale\" content=\"pt_BR\" \/>\n<meta property=\"og:type\" content=\"article\" \/>\n<meta property=\"og:title\" content=\"Pastilha X-IONS Negativo - Purificador de Ar - Dicomag\" \/>\n<meta property=\"og:description\" content=\"Pastilha X-IONS Negativo absorvem os \u00edons positivos para sua superf\u00edcie, retirando do ambiente esses \u00edons que s\u00e3o mal\u00e9ficos ao bem-estar.\" \/>\n<meta property=\"og:url\" content=\"https:\/\/dicomag.com.br\/?product=pastilha-x-ions-negativo-purificador-de-ar\" \/>\n<meta property=\"og:site_name\" content=\"Dicomag\" \/>\n<meta property=\"article:publisher\" content=\"https:\/\/www.facebook.com\/dicomagpoa\/\" \/>\n<meta property=\"article:modified_time\" content=\"2019-08-27T20:39:47+00:00\" \/>\n<meta property=\"og:image\" content=\"https:\/\/dicomag.com.br\/wp-content\/uploads\/2019\/08\/Pastilhas-X-IONS-2.jpeg\" \/>\n\t<meta property=\"og:image:width\" content=\"1150\" \/>\n\t<meta property=\"og:image:height\" content=\"962\" \/>\n\t<meta property=\"og:image:type\" content=\"image\/jpeg\" \/>\n<meta name=\"twitter:card\" content=\"summary_large_image\" \/>\n<meta name=\"twitter:label1\" content=\"Est. tempo de leitura\" \/>\n\t<meta name=\"twitter:data1\" content=\"2 minutos\" \/>\n<script type=\"application\/ld+json\" class=\"yoast-schema-graph\">{\"@context\":\"https:\\\/\\\/schema.org\",\"@graph\":[{\"@type\":\"WebPage\",\"@id\":\"https:\\\/\\\/dicomag.com.br\\\/?product=pastilha-x-ions-negativo-purificador-de-ar\",\"url\":\"https:\\\/\\\/dicomag.com.br\\\/?product=pastilha-x-ions-negativo-purificador-de-ar\",\"name\":\"Pastilha X-IONS Negativo - Purificador de Ar - Dicomag\",\"isPartOf\":{\"@id\":\"https:\\\/\\\/dicomag.com.br\\\/#website\"},\"primaryImageOfPage\":{\"@id\":\"https:\\\/\\\/dicomag.com.br\\\/?product=pastilha-x-ions-negativo-purificador-de-ar#primaryimage\"},\"image\":{\"@id\":\"https:\\\/\\\/dicomag.com.br\\\/?product=pastilha-x-ions-negativo-purificador-de-ar#primaryimage\"},\"thumbnailUrl\":\"https:\\\/\\\/dicomag.com.br\\\/wp-content\\\/uploads\\\/2019\\\/08\\\/Pastilhas-X-IONS-2.jpeg\",\"datePublished\":\"2019-08-23T18:13:07+00:00\",\"dateModified\":\"2019-08-27T20:39:47+00:00\",\"description\":\"Pastilha X-IONS Negativo absorvem os \u00edons positivos para sua superf\u00edcie, retirando do ambiente esses \u00edons que s\u00e3o mal\u00e9ficos ao bem-estar.\",\"breadcrumb\":{\"@id\":\"https:\\\/\\\/dicomag.com.br\\\/?product=pastilha-x-ions-negativo-purificador-de-ar#breadcrumb\"},\"inLanguage\":\"pt-BR\",\"potentialAction\":[{\"@type\":\"ReadAction\",\"target\":[\"https:\\\/\\\/dicomag.com.br\\\/?product=pastilha-x-ions-negativo-purificador-de-ar\"]}]},{\"@type\":\"ImageObject\",\"inLanguage\":\"pt-BR\",\"@id\":\"https:\\\/\\\/dicomag.com.br\\\/?product=pastilha-x-ions-negativo-purificador-de-ar#primaryimage\",\"url\":\"https:\\\/\\\/dicomag.com.br\\\/wp-content\\\/uploads\\\/2019\\\/08\\\/Pastilhas-X-IONS-2.jpeg\",\"contentUrl\":\"https:\\\/\\\/dicomag.com.br\\\/wp-content\\\/uploads\\\/2019\\\/08\\\/Pastilhas-X-IONS-2.jpeg\",\"width\":1150,\"height\":962},{\"@type\":\"BreadcrumbList\",\"@id\":\"https:\\\/\\\/dicomag.com.br\\\/?product=pastilha-x-ions-negativo-purificador-de-ar#breadcrumb\",\"itemListElement\":[{\"@type\":\"ListItem\",\"position\":1,\"name\":\"In\u00edcio\",\"item\":\"https:\\\/\\\/dicomag.com.br\\\/\"},{\"@type\":\"ListItem\",\"position\":2,\"name\":\"Shop\",\"item\":\"https:\\\/\\\/dicomag.com.br\\\/\"},{\"@type\":\"ListItem\",\"position\":3,\"name\":\"Pastilha X-IONS Negativo &#8211; Purificador de Ar\"}]},{\"@type\":\"WebSite\",\"@id\":\"https:\\\/\\\/dicomag.com.br\\\/#website\",\"url\":\"https:\\\/\\\/dicomag.com.br\\\/\",\"name\":\"Dicomag\",\"description\":\"Imas\",\"publisher\":{\"@id\":\"https:\\\/\\\/dicomag.com.br\\\/#organization\"},\"potentialAction\":[{\"@type\":\"SearchAction\",\"target\":{\"@type\":\"EntryPoint\",\"urlTemplate\":\"https:\\\/\\\/dicomag.com.br\\\/?s={search_term_string}\"},\"query-input\":{\"@type\":\"PropertyValueSpecification\",\"valueRequired\":true,\"valueName\":\"search_term_string\"}}],\"inLanguage\":\"pt-BR\"},{\"@type\":\"Organization\",\"@id\":\"https:\\\/\\\/dicomag.com.br\\\/#organization\",\"name\":\"Dicomag\",\"url\":\"https:\\\/\\\/dicomag.com.br\\\/\",\"logo\":{\"@type\":\"ImageObject\",\"inLanguage\":\"pt-BR\",\"@id\":\"https:\\\/\\\/dicomag.com.br\\\/#\\\/schema\\\/logo\\\/image\\\/\",\"url\":\"https:\\\/\\\/dicomag.com.br\\\/wp-content\\\/uploads\\\/2019\\\/04\\\/Logo-Dicomag-Comemorativo-jpeg2.png\",\"contentUrl\":\"https:\\\/\\\/dicomag.com.br\\\/wp-content\\\/uploads\\\/2019\\\/04\\\/Logo-Dicomag-Comemorativo-jpeg2.png\",\"width\":457,\"height\":174,\"caption\":\"Dicomag\"},\"image\":{\"@id\":\"https:\\\/\\\/dicomag.com.br\\\/#\\\/schema\\\/logo\\\/image\\\/\"},\"sameAs\":[\"https:\\\/\\\/www.facebook.com\\\/dicomagpoa\\\/\"]}]}<\/script>\n<!-- \/ Yoast SEO plugin. -->","yoast_head_json":{"title":"Pastilha X-IONS Negativo - Purificador de Ar - Dicomag","description":"Pastilha X-IONS Negativo absorvem os \u00edons positivos para sua superf\u00edcie, retirando do ambiente esses \u00edons que s\u00e3o mal\u00e9ficos ao bem-estar.","robots":{"index":"index","follow":"follow","max-snippet":"max-snippet:-1","max-image-preview":"max-image-preview:large","max-video-preview":"max-video-preview:-1"},"canonical":"https:\/\/dicomag.com.br\/?product=pastilha-x-ions-negativo-purificador-de-ar","og_locale":"pt_BR","og_type":"article","og_title":"Pastilha X-IONS Negativo - Purificador de Ar - Dicomag","og_description":"Pastilha X-IONS Negativo absorvem os \u00edons positivos para sua superf\u00edcie, retirando do ambiente esses \u00edons que s\u00e3o mal\u00e9ficos ao bem-estar.","og_url":"https:\/\/dicomag.com.br\/?product=pastilha-x-ions-negativo-purificador-de-ar","og_site_name":"Dicomag","article_publisher":"https:\/\/www.facebook.com\/dicomagpoa\/","article_modified_time":"2019-08-27T20:39:47+00:00","og_image":[{"width":1150,"height":962,"url":"https:\/\/dicomag.com.br\/wp-content\/uploads\/2019\/08\/Pastilhas-X-IONS-2.jpeg","type":"image\/jpeg"}],"twitter_card":"summary_large_image","twitter_misc":{"Est. tempo de leitura":"2 minutos"},"schema":{"@context":"https:\/\/schema.org","@graph":[{"@type":"WebPage","@id":"https:\/\/dicomag.com.br\/?product=pastilha-x-ions-negativo-purificador-de-ar","url":"https:\/\/dicomag.com.br\/?product=pastilha-x-ions-negativo-purificador-de-ar","name":"Pastilha X-IONS Negativo - Purificador de Ar - Dicomag","isPartOf":{"@id":"https:\/\/dicomag.com.br\/#website"},"primaryImageOfPage":{"@id":"https:\/\/dicomag.com.br\/?product=pastilha-x-ions-negativo-purificador-de-ar#primaryimage"},"image":{"@id":"https:\/\/dicomag.com.br\/?product=pastilha-x-ions-negativo-purificador-de-ar#primaryimage"},"thumbnailUrl":"https:\/\/dicomag.com.br\/wp-content\/uploads\/2019\/08\/Pastilhas-X-IONS-2.jpeg","datePublished":"2019-08-23T18:13:07+00:00","dateModified":"2019-08-27T20:39:47+00:00","description":"Pastilha X-IONS Negativo absorvem os \u00edons positivos para sua superf\u00edcie, retirando do ambiente esses \u00edons que s\u00e3o mal\u00e9ficos ao bem-estar.","breadcrumb":{"@id":"https:\/\/dicomag.com.br\/?product=pastilha-x-ions-negativo-purificador-de-ar#breadcrumb"},"inLanguage":"pt-BR","potentialAction":[{"@type":"ReadAction","target":["https:\/\/dicomag.com.br\/?product=pastilha-x-ions-negativo-purificador-de-ar"]}]},{"@type":"ImageObject","inLanguage":"pt-BR","@id":"https:\/\/dicomag.com.br\/?product=pastilha-x-ions-negativo-purificador-de-ar#primaryimage","url":"https:\/\/dicomag.com.br\/wp-content\/uploads\/2019\/08\/Pastilhas-X-IONS-2.jpeg","contentUrl":"https:\/\/dicomag.com.br\/wp-content\/uploads\/2019\/08\/Pastilhas-X-IONS-2.jpeg","width":1150,"height":962},{"@type":"BreadcrumbList","@id":"https:\/\/dicomag.com.br\/?product=pastilha-x-ions-negativo-purificador-de-ar#breadcrumb","itemListElement":[{"@type":"ListItem","position":1,"name":"In\u00edcio","item":"https:\/\/dicomag.com.br\/"},{"@type":"ListItem","position":2,"name":"Shop","item":"https:\/\/dicomag.com.br\/"},{"@type":"ListItem","position":3,"name":"Pastilha X-IONS Negativo &#8211; Purificador de Ar"}]},{"@type":"WebSite","@id":"https:\/\/dicomag.com.br\/#website","url":"https:\/\/dicomag.com.br\/","name":"Dicomag","description":"Imas","publisher":{"@id":"https:\/\/dicomag.com.br\/#organization"},"potentialAction":[{"@type":"SearchAction","target":{"@type":"EntryPoint","urlTemplate":"https:\/\/dicomag.com.br\/?s={search_term_string}"},"query-input":{"@type":"PropertyValueSpecification","valueRequired":true,"valueName":"search_term_string"}}],"inLanguage":"pt-BR"},{"@type":"Organization","@id":"https:\/\/dicomag.com.br\/#organization","name":"Dicomag","url":"https:\/\/dicomag.com.br\/","logo":{"@type":"ImageObject","inLanguage":"pt-BR","@id":"https:\/\/dicomag.com.br\/#\/schema\/logo\/image\/","url":"https:\/\/dicomag.com.br\/wp-content\/uploads\/2019\/04\/Logo-Dicomag-Comemorativo-jpeg2.png","contentUrl":"https:\/\/dicomag.com.br\/wp-content\/uploads\/2019\/04\/Logo-Dicomag-Comemorativo-jpeg2.png","width":457,"height":174,"caption":"Dicomag"},"image":{"@id":"https:\/\/dicomag.com.br\/#\/schema\/logo\/image\/"},"sameAs":["https:\/\/www.facebook.com\/dicomagpoa\/"]}]}},"_links":{"self":[{"href":"https:\/\/dicomag.com.br\/index.php?rest_route=\/wp\/v2\/product\/4448","targetHints":{"allow":["GET"]}}],"collection":[{"href":"https:\/\/dicomag.com.br\/index.php?rest_route=\/wp\/v2\/product"}],"about":[{"href":"https:\/\/dicomag.com.br\/index.php?rest_route=\/wp\/v2\/types\/product"}],"replies":[{"embeddable":true,"href":"https:\/\/dicomag.com.br\/index.php?rest_route=%2Fwp%2Fv2%2Fcomments&post=4448"}],"wp:featuredmedia":[{"embeddable":true,"href":"https:\/\/dicomag.com.br\/index.php?rest_route=\/wp\/v2\/media\/4457"}],"wp:attachment":[{"href":"https:\/\/dicomag.com.br\/index.php?rest_route=%2Fwp%2Fv2%2Fmedia&parent=4448"}],"wp:term":[{"taxonomy":"product_brand","embeddable":true,"href":"https:\/\/dicomag.com.br\/index.php?rest_route=%2Fwp%2Fv2%2Fproduct_brand&post=4448"},{"taxonomy":"product_cat","embeddable":true,"href":"https:\/\/dicomag.com.br\/index.php?rest_route=%2Fwp%2Fv2%2Fproduct_cat&post=4448"},{"taxonomy":"product_tag","embeddable":true,"href":"https:\/\/dicomag.com.br\/index.php?rest_route=%2Fwp%2Fv2%2Fproduct_tag&post=4448"}],"curies":[{"name":"wp","href":"https:\/\/api.w.org\/{rel}","templated":true}]}}