{"id":4618,"date":"2020-06-26T19:00:23","date_gmt":"2020-06-26T19:00:23","guid":{"rendered":"http:\/\/dicomag.com.br\/?post_type=product&#038;p=4618"},"modified":"2022-10-04T18:16:39","modified_gmt":"2022-10-04T18:16:39","slug":"kit-biomagnetismo-neodimio-18x5mm-magetico-atracao-neodimio-terapia","status":"publish","type":"product","link":"https:\/\/dicomag.com.br\/?product=kit-biomagnetismo-neodimio-18x5mm-magetico-atracao-neodimio-terapia","title":{"rendered":"Kit Biomagnetismo Neodimio 18X5mm"},"content":{"rendered":"<h2>Kit Biomagnetismo Neodimio 18X5mm<\/h2>\n<p>Kit Biomagnetismo Neodimio 18X5mm \u00e9 composto de:<\/p>\n<p>Im\u00e3s de 18mm de Diametro x 5mm de expessura N35, forrados em couro com identifica\u00e7\u00e3o de polaridade.<br \/>\nGauss: +\/- 5.000<\/p>\n<p>Mais Qualidade de Vida com Biomagnetismo!<\/p>\n<h2>Como funciona o Kit Biomagnetismo Neodimio 18X5mm<\/h2>\n<p>O Biomagnetismo \u00e9 uma t\u00e9cnica muito simples.<\/p>\n<p>Em que consiste na aplica\u00e7\u00e3o de poderosos im\u00e3s sobre o corpo.<\/p>\n<p>Com isto est\u00e1 aplica\u00e7\u00e3o produz resson\u00e2ncia magn\u00e9tica no corpo.<\/p>\n<p>Ou seja, tem como resultado o imediato equil\u00edbrio do PH<\/p>\n<p>Portanto cria um ambiente desfavor\u00e1vel a exist\u00eancia de v\u00edrus, fungos, bact\u00e9rias e parasitas.<\/p>\n<p>Consequentemente o organismo retorna seu bem estar e vitalidade<\/p>\n<p>Como resultado h\u00e1 elimina\u00e7\u00e3o natural das enfermidades.<\/p>\n<p>Com o uso do Kit Biomagnetismo com Neodimio ocorre:<\/p>\n<p>Em primeiro lugar melhora da qualidade da circula\u00e7\u00e3o sangu\u00ednea;<\/p>\n<p>Tamb\u00e9m ajuda a eliminar a energia est\u00e1tica;<\/p>\n<p>Com isto obtem ajuda para eliminar processos inflamat\u00f3rios;<\/p>\n<p>Da mesma forma ajuda a relaxar os m\u00fasculos e descontrair os nervos;<\/p>\n<p>Al\u00e9m disto colabora e acelera o processo de cicatriza\u00e7\u00e3o \u00f3sseo;<\/p>\n<p>Assim como alivia as dores e reduz incha\u00e7os;<\/p>\n<p>Tamb\u00e9m auxilia na redu\u00e7\u00e3o da tens\u00e3o nervosa;<\/p>\n<p>Em suma relaxa, previne doen\u00e7as, alivia stress, depress\u00e3o e promove o equil\u00edbrio energ\u00e9tico fortalecendo o organismo;<\/p>\n<h3>Saiba Mais Sobre Nossa Tecnologia<\/h3>\n<p>Magnetoterapia e\/ou terapia magn\u00e9tica:<\/p>\n<p>Pr\u00e1tica milenar capaz de restabelecer e manter o equil\u00edbrios energ\u00e9tico dos seres vivos.<\/p>\n<p>Portanto esta t\u00e9cnica segue os princ\u00edpios e leis do eletromagnetismos universal,<\/p>\n<p>Onde consiste na forma\u00e7\u00e3o de campos externos magn\u00e9ticos orientados.<\/p>\n<p>Visando o uso no ser humano proporcionando mais disposi\u00e7\u00e3o f\u00edsica e mental e na preven\u00e7\u00e3o \u00e0s doen\u00e7as.<\/p>\n<p>Como resultado \u00e9 perfeito.<\/p>\n<p>O Kit Biomagnetismo com Neodimio, pode ser aplicado em qualquer parte do corpo onde haja rigidez, dor e infla\u00e7\u00e3o.<\/p>\n<p>Proporcionadas por artrose, artrite, lombalgia, ci\u00e1tica, h\u00e9rnia de disco, torcicolo, espondilolistese, epicondilite<\/p>\n<p>Assim como, bico de papagaio, espor\u00e3o de calc\u00e2neo, facite plantar, reumatismo articular cr\u00f4nico entre outros.<\/p>\n","protected":false},"excerpt":{"rendered":"<h2>Kit Biomagnetismo Neodimio 18X5mm<\/h2>\n<p>Kit Biomagnetismo Neodimio 18X5mm \u00e9 composto de:<\/p>\n<p>Im\u00e3s de 18mm de Diametro x 5mm de expessura N35, forrados em couro com identifica\u00e7\u00e3o de polaridade.<br \/>\nGauss: +\/- 5.000<\/p>\n<p>Mais Qualidade de Vida com Biomagnetismo!<\/p>\n<p>Em suma consiste na aplica\u00e7\u00e3o de poderosos im\u00e3s sobre o corpo.<\/p>\n<p>Consequentemente est\u00e1 aplica\u00e7\u00e3o produz resson\u00e2ncia magn\u00e9tica e tem como resultado o imediato equil\u00edbrio do PH<\/p>\n<p>Com isto este equil\u00edbrio cria um ambiente torna-se desfavor\u00e1vel a exist\u00eancia de v\u00edrus, fungos, bact\u00e9rias e parasitas.<\/p>\n<p>Sendo que nestas condi\u00e7\u00f5es o organismo retorna seu bem estar e vitalidade, eliminando naturalmente as enfermidades.<\/p>\n","protected":false},"featured_media":4977,"comment_status":"open","ping_status":"closed","template":"","meta":[],"product_brand":[],"product_cat":[675,144],"product_tag":[780,182,781,184,183,188,189,160,699,186,159,187],"class_list":{"0":"post-4618","1":"product","2":"type-product","3":"status-publish","4":"has-post-thumbnail","6":"product_cat-biomagnetismo-magnetico-emplasto-ima-de-neodimio-super-ima-forca-de-atracao-terapia-magnetica-terras-raras-gauss-grade","7":"product_cat-linha-bem-estar-bem","8":"product_tag-18x5mm","9":"product_tag-ativacao-metabolica","10":"product_tag-biomagnetismo","11":"product_tag-biomagnoterapia","12":"product_tag-circulacao-sanguinea","13":"product_tag-contusoes","14":"product_tag-entorses","15":"product_tag-magnetoterapia","16":"product_tag-neodimio","17":"product_tag-ortopedia","18":"product_tag-reflexologia","19":"product_tag-tratamento-de-lesoes","21":"first","22":"instock","23":"sale","24":"featured","25":"taxable","26":"shipping-taxable","27":"purchasable","28":"product-type-variable"},"yoast_head":"<!-- This site is optimized with the Yoast SEO plugin v27.4 - https:\/\/yoast.com\/product\/yoast-seo-wordpress\/ -->\n<title>Kit Biomagnetismo Neodimio 18X5mm<\/title>\n<meta name=\"description\" content=\"Kit Biomagnetismo Neodimio 18X5mm \u00e9 capaz de restabelecer e manter o equil\u00edbrios energ\u00e9tico eliminando toxinas e inflama\u00e7\u00f5es\" \/>\n<meta name=\"robots\" content=\"index, follow, max-snippet:-1, max-image-preview:large, max-video-preview:-1\" \/>\n<link rel=\"canonical\" href=\"https:\/\/dicomag.com.br\/?product=kit-biomagnetismo-neodimio-18x5mm-magetico-atracao-neodimio-terapia\" \/>\n<meta property=\"og:locale\" content=\"pt_BR\" \/>\n<meta property=\"og:type\" content=\"article\" \/>\n<meta property=\"og:title\" content=\"Kit Biomagnetismo Neodimio 18X5mm\" \/>\n<meta property=\"og:description\" content=\"Kit Biomagnetismo Neodimio 18X5mm \u00e9 capaz de restabelecer e manter o equil\u00edbrios energ\u00e9tico eliminando toxinas e inflama\u00e7\u00f5es\" \/>\n<meta property=\"og:url\" content=\"https:\/\/dicomag.com.br\/?product=kit-biomagnetismo-neodimio-18x5mm-magetico-atracao-neodimio-terapia\" \/>\n<meta property=\"og:site_name\" content=\"Dicomag\" \/>\n<meta property=\"article:publisher\" content=\"https:\/\/www.facebook.com\/dicomagpoa\/\" \/>\n<meta property=\"article:modified_time\" content=\"2022-10-04T18:16:39+00:00\" \/>\n<meta property=\"og:image\" content=\"http:\/\/dicomag.com.br\/wp-content\/uploads\/2020\/06\/Kit-Biomagnetismo-Neodimio-18X5mm.jpeg\" \/>\n\t<meta property=\"og:image:width\" content=\"224\" \/>\n\t<meta property=\"og:image:height\" content=\"224\" \/>\n\t<meta property=\"og:image:type\" content=\"image\/jpeg\" \/>\n<meta name=\"twitter:card\" content=\"summary_large_image\" \/>\n<meta name=\"twitter:label1\" content=\"Est. tempo de leitura\" \/>\n\t<meta name=\"twitter:data1\" content=\"2 minutos\" \/>\n<script type=\"application\/ld+json\" class=\"yoast-schema-graph\">{\"@context\":\"https:\\\/\\\/schema.org\",\"@graph\":[{\"@type\":\"WebPage\",\"@id\":\"https:\\\/\\\/dicomag.com.br\\\/?product=kit-biomagnetismo-neodimio-18x5mm-magetico-atracao-neodimio-terapia\",\"url\":\"https:\\\/\\\/dicomag.com.br\\\/?product=kit-biomagnetismo-neodimio-18x5mm-magetico-atracao-neodimio-terapia\",\"name\":\"Kit Biomagnetismo Neodimio 18X5mm\",\"isPartOf\":{\"@id\":\"https:\\\/\\\/dicomag.com.br\\\/#website\"},\"primaryImageOfPage\":{\"@id\":\"https:\\\/\\\/dicomag.com.br\\\/?product=kit-biomagnetismo-neodimio-18x5mm-magetico-atracao-neodimio-terapia#primaryimage\"},\"image\":{\"@id\":\"https:\\\/\\\/dicomag.com.br\\\/?product=kit-biomagnetismo-neodimio-18x5mm-magetico-atracao-neodimio-terapia#primaryimage\"},\"thumbnailUrl\":\"https:\\\/\\\/dicomag.com.br\\\/wp-content\\\/uploads\\\/2020\\\/06\\\/Kit-Biomagnetismo-Neodimio-18X5mm.jpeg\",\"datePublished\":\"2020-06-26T19:00:23+00:00\",\"dateModified\":\"2022-10-04T18:16:39+00:00\",\"description\":\"Kit Biomagnetismo Neodimio 18X5mm \u00e9 capaz de restabelecer e manter o equil\u00edbrios energ\u00e9tico eliminando toxinas e inflama\u00e7\u00f5es\",\"breadcrumb\":{\"@id\":\"https:\\\/\\\/dicomag.com.br\\\/?product=kit-biomagnetismo-neodimio-18x5mm-magetico-atracao-neodimio-terapia#breadcrumb\"},\"inLanguage\":\"pt-BR\",\"potentialAction\":[{\"@type\":\"ReadAction\",\"target\":[\"https:\\\/\\\/dicomag.com.br\\\/?product=kit-biomagnetismo-neodimio-18x5mm-magetico-atracao-neodimio-terapia\"]}]},{\"@type\":\"ImageObject\",\"inLanguage\":\"pt-BR\",\"@id\":\"https:\\\/\\\/dicomag.com.br\\\/?product=kit-biomagnetismo-neodimio-18x5mm-magetico-atracao-neodimio-terapia#primaryimage\",\"url\":\"https:\\\/\\\/dicomag.com.br\\\/wp-content\\\/uploads\\\/2020\\\/06\\\/Kit-Biomagnetismo-Neodimio-18X5mm.jpeg\",\"contentUrl\":\"https:\\\/\\\/dicomag.com.br\\\/wp-content\\\/uploads\\\/2020\\\/06\\\/Kit-Biomagnetismo-Neodimio-18X5mm.jpeg\",\"width\":224,\"height\":224},{\"@type\":\"BreadcrumbList\",\"@id\":\"https:\\\/\\\/dicomag.com.br\\\/?product=kit-biomagnetismo-neodimio-18x5mm-magetico-atracao-neodimio-terapia#breadcrumb\",\"itemListElement\":[{\"@type\":\"ListItem\",\"position\":1,\"name\":\"In\u00edcio\",\"item\":\"https:\\\/\\\/dicomag.com.br\\\/\"},{\"@type\":\"ListItem\",\"position\":2,\"name\":\"Shop\",\"item\":\"https:\\\/\\\/dicomag.com.br\\\/\"},{\"@type\":\"ListItem\",\"position\":3,\"name\":\"Kit Biomagnetismo Neodimio 18X5mm\"}]},{\"@type\":\"WebSite\",\"@id\":\"https:\\\/\\\/dicomag.com.br\\\/#website\",\"url\":\"https:\\\/\\\/dicomag.com.br\\\/\",\"name\":\"Dicomag\",\"description\":\"Imas\",\"publisher\":{\"@id\":\"https:\\\/\\\/dicomag.com.br\\\/#organization\"},\"potentialAction\":[{\"@type\":\"SearchAction\",\"target\":{\"@type\":\"EntryPoint\",\"urlTemplate\":\"https:\\\/\\\/dicomag.com.br\\\/?s={search_term_string}\"},\"query-input\":{\"@type\":\"PropertyValueSpecification\",\"valueRequired\":true,\"valueName\":\"search_term_string\"}}],\"inLanguage\":\"pt-BR\"},{\"@type\":\"Organization\",\"@id\":\"https:\\\/\\\/dicomag.com.br\\\/#organization\",\"name\":\"Dicomag\",\"url\":\"https:\\\/\\\/dicomag.com.br\\\/\",\"logo\":{\"@type\":\"ImageObject\",\"inLanguage\":\"pt-BR\",\"@id\":\"https:\\\/\\\/dicomag.com.br\\\/#\\\/schema\\\/logo\\\/image\\\/\",\"url\":\"https:\\\/\\\/dicomag.com.br\\\/wp-content\\\/uploads\\\/2019\\\/04\\\/Logo-Dicomag-Comemorativo-jpeg2.png\",\"contentUrl\":\"https:\\\/\\\/dicomag.com.br\\\/wp-content\\\/uploads\\\/2019\\\/04\\\/Logo-Dicomag-Comemorativo-jpeg2.png\",\"width\":457,\"height\":174,\"caption\":\"Dicomag\"},\"image\":{\"@id\":\"https:\\\/\\\/dicomag.com.br\\\/#\\\/schema\\\/logo\\\/image\\\/\"},\"sameAs\":[\"https:\\\/\\\/www.facebook.com\\\/dicomagpoa\\\/\"]}]}<\/script>\n<!-- \/ Yoast SEO plugin. -->","yoast_head_json":{"title":"Kit Biomagnetismo Neodimio 18X5mm","description":"Kit Biomagnetismo Neodimio 18X5mm \u00e9 capaz de restabelecer e manter o equil\u00edbrios energ\u00e9tico eliminando toxinas e inflama\u00e7\u00f5es","robots":{"index":"index","follow":"follow","max-snippet":"max-snippet:-1","max-image-preview":"max-image-preview:large","max-video-preview":"max-video-preview:-1"},"canonical":"https:\/\/dicomag.com.br\/?product=kit-biomagnetismo-neodimio-18x5mm-magetico-atracao-neodimio-terapia","og_locale":"pt_BR","og_type":"article","og_title":"Kit Biomagnetismo Neodimio 18X5mm","og_description":"Kit Biomagnetismo Neodimio 18X5mm \u00e9 capaz de restabelecer e manter o equil\u00edbrios energ\u00e9tico eliminando toxinas e inflama\u00e7\u00f5es","og_url":"https:\/\/dicomag.com.br\/?product=kit-biomagnetismo-neodimio-18x5mm-magetico-atracao-neodimio-terapia","og_site_name":"Dicomag","article_publisher":"https:\/\/www.facebook.com\/dicomagpoa\/","article_modified_time":"2022-10-04T18:16:39+00:00","og_image":[{"width":224,"height":224,"url":"http:\/\/dicomag.com.br\/wp-content\/uploads\/2020\/06\/Kit-Biomagnetismo-Neodimio-18X5mm.jpeg","type":"image\/jpeg"}],"twitter_card":"summary_large_image","twitter_misc":{"Est. tempo de leitura":"2 minutos"},"schema":{"@context":"https:\/\/schema.org","@graph":[{"@type":"WebPage","@id":"https:\/\/dicomag.com.br\/?product=kit-biomagnetismo-neodimio-18x5mm-magetico-atracao-neodimio-terapia","url":"https:\/\/dicomag.com.br\/?product=kit-biomagnetismo-neodimio-18x5mm-magetico-atracao-neodimio-terapia","name":"Kit Biomagnetismo Neodimio 18X5mm","isPartOf":{"@id":"https:\/\/dicomag.com.br\/#website"},"primaryImageOfPage":{"@id":"https:\/\/dicomag.com.br\/?product=kit-biomagnetismo-neodimio-18x5mm-magetico-atracao-neodimio-terapia#primaryimage"},"image":{"@id":"https:\/\/dicomag.com.br\/?product=kit-biomagnetismo-neodimio-18x5mm-magetico-atracao-neodimio-terapia#primaryimage"},"thumbnailUrl":"https:\/\/dicomag.com.br\/wp-content\/uploads\/2020\/06\/Kit-Biomagnetismo-Neodimio-18X5mm.jpeg","datePublished":"2020-06-26T19:00:23+00:00","dateModified":"2022-10-04T18:16:39+00:00","description":"Kit Biomagnetismo Neodimio 18X5mm \u00e9 capaz de restabelecer e manter o equil\u00edbrios energ\u00e9tico eliminando toxinas e inflama\u00e7\u00f5es","breadcrumb":{"@id":"https:\/\/dicomag.com.br\/?product=kit-biomagnetismo-neodimio-18x5mm-magetico-atracao-neodimio-terapia#breadcrumb"},"inLanguage":"pt-BR","potentialAction":[{"@type":"ReadAction","target":["https:\/\/dicomag.com.br\/?product=kit-biomagnetismo-neodimio-18x5mm-magetico-atracao-neodimio-terapia"]}]},{"@type":"ImageObject","inLanguage":"pt-BR","@id":"https:\/\/dicomag.com.br\/?product=kit-biomagnetismo-neodimio-18x5mm-magetico-atracao-neodimio-terapia#primaryimage","url":"https:\/\/dicomag.com.br\/wp-content\/uploads\/2020\/06\/Kit-Biomagnetismo-Neodimio-18X5mm.jpeg","contentUrl":"https:\/\/dicomag.com.br\/wp-content\/uploads\/2020\/06\/Kit-Biomagnetismo-Neodimio-18X5mm.jpeg","width":224,"height":224},{"@type":"BreadcrumbList","@id":"https:\/\/dicomag.com.br\/?product=kit-biomagnetismo-neodimio-18x5mm-magetico-atracao-neodimio-terapia#breadcrumb","itemListElement":[{"@type":"ListItem","position":1,"name":"In\u00edcio","item":"https:\/\/dicomag.com.br\/"},{"@type":"ListItem","position":2,"name":"Shop","item":"https:\/\/dicomag.com.br\/"},{"@type":"ListItem","position":3,"name":"Kit Biomagnetismo Neodimio 18X5mm"}]},{"@type":"WebSite","@id":"https:\/\/dicomag.com.br\/#website","url":"https:\/\/dicomag.com.br\/","name":"Dicomag","description":"Imas","publisher":{"@id":"https:\/\/dicomag.com.br\/#organization"},"potentialAction":[{"@type":"SearchAction","target":{"@type":"EntryPoint","urlTemplate":"https:\/\/dicomag.com.br\/?s={search_term_string}"},"query-input":{"@type":"PropertyValueSpecification","valueRequired":true,"valueName":"search_term_string"}}],"inLanguage":"pt-BR"},{"@type":"Organization","@id":"https:\/\/dicomag.com.br\/#organization","name":"Dicomag","url":"https:\/\/dicomag.com.br\/","logo":{"@type":"ImageObject","inLanguage":"pt-BR","@id":"https:\/\/dicomag.com.br\/#\/schema\/logo\/image\/","url":"https:\/\/dicomag.com.br\/wp-content\/uploads\/2019\/04\/Logo-Dicomag-Comemorativo-jpeg2.png","contentUrl":"https:\/\/dicomag.com.br\/wp-content\/uploads\/2019\/04\/Logo-Dicomag-Comemorativo-jpeg2.png","width":457,"height":174,"caption":"Dicomag"},"image":{"@id":"https:\/\/dicomag.com.br\/#\/schema\/logo\/image\/"},"sameAs":["https:\/\/www.facebook.com\/dicomagpoa\/"]}]}},"_links":{"self":[{"href":"https:\/\/dicomag.com.br\/index.php?rest_route=\/wp\/v2\/product\/4618","targetHints":{"allow":["GET"]}}],"collection":[{"href":"https:\/\/dicomag.com.br\/index.php?rest_route=\/wp\/v2\/product"}],"about":[{"href":"https:\/\/dicomag.com.br\/index.php?rest_route=\/wp\/v2\/types\/product"}],"replies":[{"embeddable":true,"href":"https:\/\/dicomag.com.br\/index.php?rest_route=%2Fwp%2Fv2%2Fcomments&post=4618"}],"wp:featuredmedia":[{"embeddable":true,"href":"https:\/\/dicomag.com.br\/index.php?rest_route=\/wp\/v2\/media\/4977"}],"wp:attachment":[{"href":"https:\/\/dicomag.com.br\/index.php?rest_route=%2Fwp%2Fv2%2Fmedia&parent=4618"}],"wp:term":[{"taxonomy":"product_brand","embeddable":true,"href":"https:\/\/dicomag.com.br\/index.php?rest_route=%2Fwp%2Fv2%2Fproduct_brand&post=4618"},{"taxonomy":"product_cat","embeddable":true,"href":"https:\/\/dicomag.com.br\/index.php?rest_route=%2Fwp%2Fv2%2Fproduct_cat&post=4618"},{"taxonomy":"product_tag","embeddable":true,"href":"https:\/\/dicomag.com.br\/index.php?rest_route=%2Fwp%2Fv2%2Fproduct_tag&post=4618"}],"curies":[{"name":"wp","href":"https:\/\/api.w.org\/{rel}","templated":true}]}}