{"id":4821,"date":"2021-07-09T19:52:15","date_gmt":"2021-07-09T19:52:15","guid":{"rendered":"https:\/\/dicomag.com.br\/?post_type=product&#038;p=4821"},"modified":"2022-09-20T23:21:42","modified_gmt":"2022-09-20T23:21:42","slug":"palmilha-magnetica-com-infravermelho-e-neodimio-em-gel","status":"publish","type":"product","link":"https:\/\/dicomag.com.br\/?product=palmilha-magnetica-com-infravermelho-e-neodimio-em-gel","title":{"rendered":"Palmilha Magn\u00e9tica Com Infravermelho e Neodimio em Gel"},"content":{"rendered":"<h2>Palmilha Magn\u00e9tica Com Infravermelho e Neodimio em Gel<\/h2>\n<p>Palmilha Magn\u00e9tica Com Infravermelho e Neodimio em Gel, busca proporcionar mais qualidade de vida.<\/p>\n<p>Portanto, a palmilha tem a fun\u00e7\u00e3o de prevenir e aliviar o estresse, dor nas pernas, varizes, frieiras, cansa\u00e7o.<\/p>\n<p>Al\u00e9m disto contem infravermelho longo que auxilia o organismo em:<\/p>\n<ul>\n<li>aumento no rendimento em atividades fisicas<\/li>\n<li>contribui para eliminar as impureza no organismo<\/li>\n<li>melhora a felxibilidade da musculatura<\/li>\n<\/ul>\n<p>Por Exemplo no esfor\u00e7o f\u00edsico, o organismo produz acido l\u00e1ctico, respons\u00e1vel pelas dores musculares e fadiga.<\/p>\n<p>Com isto gera uma sensa\u00e7\u00e3o de leveza.<\/p>\n<p>Consecutivamente a Palmilha Magn\u00e9tica Com Infravermelho Longo Iv E Neod\u00edmio \u00e9 um meio de Terapia!<\/p>\n<p>Cada Par cont\u00e9m a quantidade de 08 im\u00e3s de ferrite, 2 im\u00e3s de neod\u00edmio e 2 pastilhas de infravermelho Longo.<\/p>\n<p>Sendo localizadas em pontos estrat\u00e9gicos da palmilha.<\/p>\n<p>Assim como previne varizes, caimbr\u00e3s, tens\u00f5es e dores musculares.<\/p>\n<p>Al\u00e9m disto \u00e9 capaz de promover o relaxamento muscular e seda\u00e7\u00e3o sobre o sistema nervoso.<\/p>\n<p>Atrav\u00e9s do sistema nervoso perif\u00e9rico em suas termina\u00e7\u00f5es plantares.<\/p>\n<p>Ou seja, apresenta estimula\u00e7\u00e3o sensorial mais branda sobre as termina\u00e7\u00f5es nervosas do p\u00e9.<\/p>\n<p>Provocando (estereoceptividade de baixa frequ\u00eancia) e reflexoterapia b\u00e1sica.<\/p>\n<p>Por possuir im\u00e3s de neodmio este produto \u00e9 conta indicado para usu\u00e1rios de marca passo.<\/p>\n<h3>Saiba Mais Sobre Nossa Tecnologia Magnoterapia e\/ou terapia magn\u00e9tica:<\/h3>\n<p>Sendo est\u00e1 uma pr\u00e1tica milenar capaz de restabelecer e manter o equil\u00edbrios energ\u00e9tico dos seres vivos.<\/p>\n<p>Tem como base os princ\u00edpios e leis do eletromagnetismos universal.<\/p>\n<p>Assim consiste na forma\u00e7\u00e3o de campos externos magn\u00e9ticos orientados para uso do ser humano.<\/p>\n<p>Assim proporcionando mais disposi\u00e7\u00e3o f\u00edsica e mental e na preven\u00e7\u00e3o \u00e0s doen\u00e7as.<\/p>\n<p>Em suma aliado ao infravermelho longo \u00e9 uma energia impercept\u00edvel, visualmente, mas, podemos senti-la pelo calor.<\/p>\n<p>Tem emiss\u00e3o atrav\u00e9s de raios solares, no in\u00edcio das manh\u00e3s e nos finais de tarde.<\/p>\n<p>Tamb\u00e9m est\u00e1 presente nas palmilhas magn\u00e9ticas \u00e9 obtido em processo nanotecnol\u00f3gico.<\/p>\n<p>Como resultado, a combina\u00e7\u00e3o de tr\u00eas metais: alum\u00ednio, tit\u00e2nio e platina fundidos a 1.000 graus.<\/p>\n<p>Que tem como resultado uma radia\u00e7\u00e3o permanente, id\u00eantica aquela emitida pelo sol.<\/p>\n<p><span style=\"font-size: large;\">Est\u00e3o distribu\u00eddas nas seguintes numera\u00e7\u00f5es:<\/span><\/p>\n<p><span style=\"font-size: large;\">*33\/34 *35\/36 *37\/38 *39\/40 *41\/42 *43\/44\/45<\/span><\/p>\n","protected":false},"excerpt":{"rendered":"<h2>Palmilha Magn\u00e9tica Com Infravermelho e Neodimio em Gel<\/h2>\n<p>Palmilha Magn\u00e9tica Com Infravermelho e Neodimio em Gel, busca proporcionar mais qualidade de vida.<\/p>\n<p>Portanto, a palmilha tem a fun\u00e7\u00e3o de prevenir e aliviar o estresse, dor nas pernas, varizes, frieiras, cansa\u00e7o.<\/p>\n<p>Al\u00e9m disto contem infravermelho longo que auxilia o organismo em:<\/p>\n<ul>\n<li>aumento no rendimento em atividades fisicas<\/li>\n<li>contribui para eliminar as impureza no organismo<\/li>\n<li>melhora a felxibilidade da musculatura<\/li>\n<\/ul>\n<p><span style=\"font-size: large;\">Est\u00e3o distribu\u00eddas nas seguintes numera\u00e7\u00f5es:<\/span><\/p>\n<p><span style=\"font-size: large;\">*33\/34 *35\/36 *37\/38 *39\/40 *41\/42 *43\/44\/45<\/span><\/p>\n","protected":false},"featured_media":4828,"comment_status":"open","ping_status":"closed","template":"","meta":[],"product_brand":[],"product_cat":[144,176],"product_tag":[182,184,183,160,159],"class_list":{"0":"post-4821","1":"product","2":"type-product","3":"status-publish","4":"has-post-thumbnail","6":"product_cat-linha-bem-estar-bem","7":"product_cat-palmilhas-magneticas","8":"product_tag-ativacao-metabolica","9":"product_tag-biomagnoterapia","10":"product_tag-circulacao-sanguinea","11":"product_tag-magnetoterapia","12":"product_tag-reflexologia","13":"pa_tamanho-33-34","14":"pa_tamanho-35-36","15":"pa_tamanho-37-38","16":"pa_tamanho-39-40","17":"pa_tamanho-40-41","18":"pa_tamanho-43-44-45","20":"first","21":"instock","22":"sale","23":"taxable","24":"shipping-taxable","25":"purchasable","26":"product-type-variable","27":"has-default-attributes"},"yoast_head":"<!-- This site is optimized with the Yoast SEO plugin v27.4 - https:\/\/yoast.com\/product\/yoast-seo-wordpress\/ -->\n<title>Palmilha Magn\u00e9tica Com Infravermelho e Neodimio em Gel - Dicomag<\/title>\n<meta name=\"description\" content=\"Palmilha Magn\u00e9tica Com Infravermelho e Neodimio em Gel busca prevenir e aliviar o estresse, dor nas pernas, varizes, cansa\u00e7o, fadiga e outros.\" \/>\n<meta name=\"robots\" content=\"index, follow, max-snippet:-1, max-image-preview:large, max-video-preview:-1\" \/>\n<link rel=\"canonical\" href=\"https:\/\/dicomag.com.br\/?product=palmilha-magnetica-com-infravermelho-e-neodimio-em-gel\" \/>\n<meta property=\"og:locale\" content=\"pt_BR\" \/>\n<meta property=\"og:type\" content=\"article\" \/>\n<meta property=\"og:title\" content=\"Palmilha Magn\u00e9tica Com Infravermelho e Neodimio em Gel - Dicomag\" \/>\n<meta property=\"og:description\" content=\"Palmilha Magn\u00e9tica Com Infravermelho e Neodimio em Gel busca prevenir e aliviar o estresse, dor nas pernas, varizes, cansa\u00e7o, fadiga e outros.\" \/>\n<meta property=\"og:url\" content=\"https:\/\/dicomag.com.br\/?product=palmilha-magnetica-com-infravermelho-e-neodimio-em-gel\" \/>\n<meta property=\"og:site_name\" content=\"Dicomag\" \/>\n<meta property=\"article:publisher\" content=\"https:\/\/www.facebook.com\/dicomagpoa\/\" \/>\n<meta property=\"article:modified_time\" content=\"2022-09-20T23:21:42+00:00\" \/>\n<meta property=\"og:image\" content=\"https:\/\/dicomag.com.br\/wp-content\/uploads\/2021\/07\/Palmilha-em-gel-transparente.jpg\" \/>\n\t<meta property=\"og:image:width\" content=\"210\" \/>\n\t<meta property=\"og:image:height\" content=\"228\" \/>\n\t<meta property=\"og:image:type\" content=\"image\/jpeg\" \/>\n<meta name=\"twitter:card\" content=\"summary_large_image\" \/>\n<meta name=\"twitter:label1\" content=\"Est. tempo de leitura\" \/>\n\t<meta name=\"twitter:data1\" content=\"2 minutos\" \/>\n<script type=\"application\/ld+json\" class=\"yoast-schema-graph\">{\"@context\":\"https:\\\/\\\/schema.org\",\"@graph\":[{\"@type\":\"WebPage\",\"@id\":\"https:\\\/\\\/dicomag.com.br\\\/?product=palmilha-magnetica-com-infravermelho-e-neodimio-em-gel\",\"url\":\"https:\\\/\\\/dicomag.com.br\\\/?product=palmilha-magnetica-com-infravermelho-e-neodimio-em-gel\",\"name\":\"Palmilha Magn\u00e9tica Com Infravermelho e Neodimio em Gel - Dicomag\",\"isPartOf\":{\"@id\":\"https:\\\/\\\/dicomag.com.br\\\/#website\"},\"primaryImageOfPage\":{\"@id\":\"https:\\\/\\\/dicomag.com.br\\\/?product=palmilha-magnetica-com-infravermelho-e-neodimio-em-gel#primaryimage\"},\"image\":{\"@id\":\"https:\\\/\\\/dicomag.com.br\\\/?product=palmilha-magnetica-com-infravermelho-e-neodimio-em-gel#primaryimage\"},\"thumbnailUrl\":\"https:\\\/\\\/dicomag.com.br\\\/wp-content\\\/uploads\\\/2021\\\/07\\\/Palmilha-em-gel-transparente.jpg\",\"datePublished\":\"2021-07-09T19:52:15+00:00\",\"dateModified\":\"2022-09-20T23:21:42+00:00\",\"description\":\"Palmilha Magn\u00e9tica Com Infravermelho e Neodimio em Gel busca prevenir e aliviar o estresse, dor nas pernas, varizes, cansa\u00e7o, fadiga e outros.\",\"breadcrumb\":{\"@id\":\"https:\\\/\\\/dicomag.com.br\\\/?product=palmilha-magnetica-com-infravermelho-e-neodimio-em-gel#breadcrumb\"},\"inLanguage\":\"pt-BR\",\"potentialAction\":[{\"@type\":\"ReadAction\",\"target\":[\"https:\\\/\\\/dicomag.com.br\\\/?product=palmilha-magnetica-com-infravermelho-e-neodimio-em-gel\"]}]},{\"@type\":\"ImageObject\",\"inLanguage\":\"pt-BR\",\"@id\":\"https:\\\/\\\/dicomag.com.br\\\/?product=palmilha-magnetica-com-infravermelho-e-neodimio-em-gel#primaryimage\",\"url\":\"https:\\\/\\\/dicomag.com.br\\\/wp-content\\\/uploads\\\/2021\\\/07\\\/Palmilha-em-gel-transparente.jpg\",\"contentUrl\":\"https:\\\/\\\/dicomag.com.br\\\/wp-content\\\/uploads\\\/2021\\\/07\\\/Palmilha-em-gel-transparente.jpg\",\"width\":210,\"height\":228,\"caption\":\"Palmilha Magn\u00e9tica Com Infravermelho e Neodimio em Gel\"},{\"@type\":\"BreadcrumbList\",\"@id\":\"https:\\\/\\\/dicomag.com.br\\\/?product=palmilha-magnetica-com-infravermelho-e-neodimio-em-gel#breadcrumb\",\"itemListElement\":[{\"@type\":\"ListItem\",\"position\":1,\"name\":\"In\u00edcio\",\"item\":\"https:\\\/\\\/dicomag.com.br\\\/\"},{\"@type\":\"ListItem\",\"position\":2,\"name\":\"Shop\",\"item\":\"https:\\\/\\\/dicomag.com.br\\\/\"},{\"@type\":\"ListItem\",\"position\":3,\"name\":\"Palmilha Magn\u00e9tica Com Infravermelho e Neodimio em Gel\"}]},{\"@type\":\"WebSite\",\"@id\":\"https:\\\/\\\/dicomag.com.br\\\/#website\",\"url\":\"https:\\\/\\\/dicomag.com.br\\\/\",\"name\":\"Dicomag\",\"description\":\"Imas\",\"publisher\":{\"@id\":\"https:\\\/\\\/dicomag.com.br\\\/#organization\"},\"potentialAction\":[{\"@type\":\"SearchAction\",\"target\":{\"@type\":\"EntryPoint\",\"urlTemplate\":\"https:\\\/\\\/dicomag.com.br\\\/?s={search_term_string}\"},\"query-input\":{\"@type\":\"PropertyValueSpecification\",\"valueRequired\":true,\"valueName\":\"search_term_string\"}}],\"inLanguage\":\"pt-BR\"},{\"@type\":\"Organization\",\"@id\":\"https:\\\/\\\/dicomag.com.br\\\/#organization\",\"name\":\"Dicomag\",\"url\":\"https:\\\/\\\/dicomag.com.br\\\/\",\"logo\":{\"@type\":\"ImageObject\",\"inLanguage\":\"pt-BR\",\"@id\":\"https:\\\/\\\/dicomag.com.br\\\/#\\\/schema\\\/logo\\\/image\\\/\",\"url\":\"https:\\\/\\\/dicomag.com.br\\\/wp-content\\\/uploads\\\/2019\\\/04\\\/Logo-Dicomag-Comemorativo-jpeg2.png\",\"contentUrl\":\"https:\\\/\\\/dicomag.com.br\\\/wp-content\\\/uploads\\\/2019\\\/04\\\/Logo-Dicomag-Comemorativo-jpeg2.png\",\"width\":457,\"height\":174,\"caption\":\"Dicomag\"},\"image\":{\"@id\":\"https:\\\/\\\/dicomag.com.br\\\/#\\\/schema\\\/logo\\\/image\\\/\"},\"sameAs\":[\"https:\\\/\\\/www.facebook.com\\\/dicomagpoa\\\/\"]}]}<\/script>\n<!-- \/ Yoast SEO plugin. -->","yoast_head_json":{"title":"Palmilha Magn\u00e9tica Com Infravermelho e Neodimio em Gel - Dicomag","description":"Palmilha Magn\u00e9tica Com Infravermelho e Neodimio em Gel busca prevenir e aliviar o estresse, dor nas pernas, varizes, cansa\u00e7o, fadiga e outros.","robots":{"index":"index","follow":"follow","max-snippet":"max-snippet:-1","max-image-preview":"max-image-preview:large","max-video-preview":"max-video-preview:-1"},"canonical":"https:\/\/dicomag.com.br\/?product=palmilha-magnetica-com-infravermelho-e-neodimio-em-gel","og_locale":"pt_BR","og_type":"article","og_title":"Palmilha Magn\u00e9tica Com Infravermelho e Neodimio em Gel - Dicomag","og_description":"Palmilha Magn\u00e9tica Com Infravermelho e Neodimio em Gel busca prevenir e aliviar o estresse, dor nas pernas, varizes, cansa\u00e7o, fadiga e outros.","og_url":"https:\/\/dicomag.com.br\/?product=palmilha-magnetica-com-infravermelho-e-neodimio-em-gel","og_site_name":"Dicomag","article_publisher":"https:\/\/www.facebook.com\/dicomagpoa\/","article_modified_time":"2022-09-20T23:21:42+00:00","og_image":[{"width":210,"height":228,"url":"https:\/\/dicomag.com.br\/wp-content\/uploads\/2021\/07\/Palmilha-em-gel-transparente.jpg","type":"image\/jpeg"}],"twitter_card":"summary_large_image","twitter_misc":{"Est. tempo de leitura":"2 minutos"},"schema":{"@context":"https:\/\/schema.org","@graph":[{"@type":"WebPage","@id":"https:\/\/dicomag.com.br\/?product=palmilha-magnetica-com-infravermelho-e-neodimio-em-gel","url":"https:\/\/dicomag.com.br\/?product=palmilha-magnetica-com-infravermelho-e-neodimio-em-gel","name":"Palmilha Magn\u00e9tica Com Infravermelho e Neodimio em Gel - Dicomag","isPartOf":{"@id":"https:\/\/dicomag.com.br\/#website"},"primaryImageOfPage":{"@id":"https:\/\/dicomag.com.br\/?product=palmilha-magnetica-com-infravermelho-e-neodimio-em-gel#primaryimage"},"image":{"@id":"https:\/\/dicomag.com.br\/?product=palmilha-magnetica-com-infravermelho-e-neodimio-em-gel#primaryimage"},"thumbnailUrl":"https:\/\/dicomag.com.br\/wp-content\/uploads\/2021\/07\/Palmilha-em-gel-transparente.jpg","datePublished":"2021-07-09T19:52:15+00:00","dateModified":"2022-09-20T23:21:42+00:00","description":"Palmilha Magn\u00e9tica Com Infravermelho e Neodimio em Gel busca prevenir e aliviar o estresse, dor nas pernas, varizes, cansa\u00e7o, fadiga e outros.","breadcrumb":{"@id":"https:\/\/dicomag.com.br\/?product=palmilha-magnetica-com-infravermelho-e-neodimio-em-gel#breadcrumb"},"inLanguage":"pt-BR","potentialAction":[{"@type":"ReadAction","target":["https:\/\/dicomag.com.br\/?product=palmilha-magnetica-com-infravermelho-e-neodimio-em-gel"]}]},{"@type":"ImageObject","inLanguage":"pt-BR","@id":"https:\/\/dicomag.com.br\/?product=palmilha-magnetica-com-infravermelho-e-neodimio-em-gel#primaryimage","url":"https:\/\/dicomag.com.br\/wp-content\/uploads\/2021\/07\/Palmilha-em-gel-transparente.jpg","contentUrl":"https:\/\/dicomag.com.br\/wp-content\/uploads\/2021\/07\/Palmilha-em-gel-transparente.jpg","width":210,"height":228,"caption":"Palmilha Magn\u00e9tica Com Infravermelho e Neodimio em Gel"},{"@type":"BreadcrumbList","@id":"https:\/\/dicomag.com.br\/?product=palmilha-magnetica-com-infravermelho-e-neodimio-em-gel#breadcrumb","itemListElement":[{"@type":"ListItem","position":1,"name":"In\u00edcio","item":"https:\/\/dicomag.com.br\/"},{"@type":"ListItem","position":2,"name":"Shop","item":"https:\/\/dicomag.com.br\/"},{"@type":"ListItem","position":3,"name":"Palmilha Magn\u00e9tica Com Infravermelho e Neodimio em Gel"}]},{"@type":"WebSite","@id":"https:\/\/dicomag.com.br\/#website","url":"https:\/\/dicomag.com.br\/","name":"Dicomag","description":"Imas","publisher":{"@id":"https:\/\/dicomag.com.br\/#organization"},"potentialAction":[{"@type":"SearchAction","target":{"@type":"EntryPoint","urlTemplate":"https:\/\/dicomag.com.br\/?s={search_term_string}"},"query-input":{"@type":"PropertyValueSpecification","valueRequired":true,"valueName":"search_term_string"}}],"inLanguage":"pt-BR"},{"@type":"Organization","@id":"https:\/\/dicomag.com.br\/#organization","name":"Dicomag","url":"https:\/\/dicomag.com.br\/","logo":{"@type":"ImageObject","inLanguage":"pt-BR","@id":"https:\/\/dicomag.com.br\/#\/schema\/logo\/image\/","url":"https:\/\/dicomag.com.br\/wp-content\/uploads\/2019\/04\/Logo-Dicomag-Comemorativo-jpeg2.png","contentUrl":"https:\/\/dicomag.com.br\/wp-content\/uploads\/2019\/04\/Logo-Dicomag-Comemorativo-jpeg2.png","width":457,"height":174,"caption":"Dicomag"},"image":{"@id":"https:\/\/dicomag.com.br\/#\/schema\/logo\/image\/"},"sameAs":["https:\/\/www.facebook.com\/dicomagpoa\/"]}]}},"_links":{"self":[{"href":"https:\/\/dicomag.com.br\/index.php?rest_route=\/wp\/v2\/product\/4821","targetHints":{"allow":["GET"]}}],"collection":[{"href":"https:\/\/dicomag.com.br\/index.php?rest_route=\/wp\/v2\/product"}],"about":[{"href":"https:\/\/dicomag.com.br\/index.php?rest_route=\/wp\/v2\/types\/product"}],"replies":[{"embeddable":true,"href":"https:\/\/dicomag.com.br\/index.php?rest_route=%2Fwp%2Fv2%2Fcomments&post=4821"}],"wp:featuredmedia":[{"embeddable":true,"href":"https:\/\/dicomag.com.br\/index.php?rest_route=\/wp\/v2\/media\/4828"}],"wp:attachment":[{"href":"https:\/\/dicomag.com.br\/index.php?rest_route=%2Fwp%2Fv2%2Fmedia&parent=4821"}],"wp:term":[{"taxonomy":"product_brand","embeddable":true,"href":"https:\/\/dicomag.com.br\/index.php?rest_route=%2Fwp%2Fv2%2Fproduct_brand&post=4821"},{"taxonomy":"product_cat","embeddable":true,"href":"https:\/\/dicomag.com.br\/index.php?rest_route=%2Fwp%2Fv2%2Fproduct_cat&post=4821"},{"taxonomy":"product_tag","embeddable":true,"href":"https:\/\/dicomag.com.br\/index.php?rest_route=%2Fwp%2Fv2%2Fproduct_tag&post=4821"}],"curies":[{"name":"wp","href":"https:\/\/api.w.org\/{rel}","templated":true}]}}