{"id":4838,"date":"2021-08-05T17:57:15","date_gmt":"2021-08-05T17:57:15","guid":{"rendered":"https:\/\/dicomag.com.br\/?post_type=product&#038;p=4838"},"modified":"2022-12-06T17:47:00","modified_gmt":"2022-12-06T17:47:00","slug":"perfilado-high-tech-pastilhado-gold-solteiro","status":"publish","type":"product","link":"https:\/\/dicomag.com.br\/?product=perfilado-high-tech-pastilhado-gold-solteiro","title":{"rendered":"Perfilado High-tech Gold"},"content":{"rendered":"<h1 class=\"western\"><span style=\"font-family: Arial, sans-serif;\"><span style=\"font-size: large;\"><span style=\"color: #000000;\">Perfilado High-tech Gold<\/span><\/span><\/span><\/h1>\n<p><span style=\"font-family: Arial, sans-serif;\"><span style=\"font-size: large;\">Perfilado High-tech Gold <span style=\"color: #000000;\">\u00e9 uma espuma de poliuretano vulcanizada a uma temperatura de 140\u00b0, que recebe tratamento de 22 produtos especiais antibacteriano e antif\u00fangico.<\/span><\/span><\/span><\/p>\n<p><span style=\"color: #000000;\"><span style=\"font-family: Arial, sans-serif;\"><span style=\"font-size: large;\">De acordo com pesquisas sobre tratamentos preventivos durante o sono que surgiram em meados da d\u00e9cada de 50, tem evolu\u00eddo gradativamente at\u00e9 hoje.<\/span><\/span><\/span><\/p>\n<p><span style=\"color: #000000;\"><span style=\"font-family: Arial, sans-serif;\"><span style=\"font-size: large;\">Dessa forma as tecnologias aplicadas as espumas que formam os colch\u00f5es e travesseiros evolu\u00edram muito.<\/span><\/span><\/span><\/p>\n<p><span style=\"color: #000000;\"><span style=\"font-family: Arial, sans-serif;\"><span style=\"font-size: large;\">Dessa maneira o aprimoramento das espumas perfiladas vem facilitando o uso e aplica\u00e7\u00e3o para melhoria de nossa sa\u00fade durante o sono.<\/span><\/span><\/span><\/p>\n<p><span style=\"color: #000000;\"><span style=\"font-family: Arial, sans-serif;\"><span style=\"font-size: large;\">Por consequ\u00eancia tipo de espuma recebe corte de baixo e alto relevo, o que faz com que a pele respire melhor durante o sono, diminuindo a transpira\u00e7\u00e3o e facilitando a evapora\u00e7\u00e3o.<\/span><\/span><\/span><\/p>\n<p><span style=\"color: #000000;\"><span style=\"font-family: Arial, sans-serif;\"><span style=\"font-size: large;\">Por Isso, colabora para um melhor funcionamento do sistema respirat\u00f3rio, tendo o campo de dormir higienizado e livre de bact\u00e9rias.<\/span><\/span><\/span><\/p>\n<p><span style=\"color: #000000;\"><span style=\"font-family: Arial, sans-serif;\"><span style=\"font-size: large;\">Desse modo, nosso pensamento \u00e9 proporcionar um sono confort\u00e1vel e de qualidade de vida, trabalhamos na comercializa\u00e7\u00e3o dos melhores tipos de perfilados.<\/span><\/span><\/span><\/p>\n<p><span style=\"color: #000000;\"><span style=\"font-family: Arial, sans-serif;\"><span style=\"font-size: large;\">Afinal os perfilados high-tech tem tratamento especial e com a vulcaniza\u00e7\u00e3o inibem a prolifera\u00e7\u00e3o excessiva de \u00e1caros, fungos e bact\u00e9rias.<\/span><\/span><\/span><\/p>\n<p><span style=\"color: #000000;\"><span style=\"font-family: Arial, sans-serif;\"><span style=\"font-size: large;\">Contudo seu tratamento \u00e9 aplicado de forma uniforme em toda a extens\u00e3o de sua manta.<\/span><\/span><\/span><\/p>\n<h1 class=\"western\"><span style=\"font-family: Arial, sans-serif;\"><span style=\"font-size: large;\"><span style=\"color: #000000;\">Perfilado High-tech Gold &#8211; Mais de Seus Beneficios e Caracteristicas:<\/span><\/span><\/span><\/h1>\n<p><span style=\"color: #000000;\"><span style=\"font-family: Arial, sans-serif;\"><span style=\"font-size: large;\">Al\u00e9m disso sua Densidade D33 \u00e9 resistente e com grande elasticidade.<\/span><\/span><\/span><\/p>\n<p><span style=\"color: #000000;\"><span style=\"font-family: Arial, sans-serif;\"><span style=\"font-size: large;\">Com o intuito de que seu alto-relevo vulcanizado passe por um processo que aumenta e resili\u00eancia e durabilidade do perfilado.<\/span><\/span><\/span><\/p>\n<p><span style=\"color: #000000;\"><span style=\"font-family: Arial, sans-serif;\"><span style=\"font-size: large;\">Assim, o alto-relevo, proporciona uma automassagem do tipo \u201cdo-in\u201d, isto \u00e9, uma massagem com a sensa\u00e7\u00e3o de v\u00e1rios dedos massageando o corpo.<\/span><\/span><\/span><\/p>\n<p><span style=\"color: #000000;\"><span style=\"font-family: Arial, sans-serif;\"><span style=\"font-size: large;\">A automassagem \u00e9 capaz de estimular a circula\u00e7\u00e3o sangu\u00ednea e reduzir as tens\u00f5es musculares, aumentando a sensa\u00e7\u00e3o de conforto.<\/span><\/span><\/span><\/p>\n<p><span style=\"color: #000000;\"><span style=\"font-family: Arial, sans-serif;\"><span style=\"font-size: large;\">Igualmente este alto-relevo baixo ajuda a ter uma boa ventila\u00e7\u00e3o, permitindo que o corpo respire mais durante o sono, diminuindo a transpira\u00e7\u00e3o e facilitando a sua evapora\u00e7\u00e3o.<\/span><\/span><\/span><\/p>\n<p><span style=\"color: #000000;\"><span style=\"font-family: Arial, sans-serif;\"><span style=\"font-size: large;\">Como resultado colabora para um melhor funcionamento do sistema respirat\u00f3rio, tendo o campo de dormir higienizado e livre de bact\u00e9rias.<\/span><\/span><\/span><\/p>\n<p><span style=\"color: #000000;\"><span style=\"font-family: Arial, sans-serif;\"><span style=\"font-size: large;\">Para potencializar os seus beneficios adquira tamb\u00e9m um kit de im\u00e3s e infravermelhos longo e pr\u00f3ximos.<\/span><\/span><\/span><\/p>\n<h2 class=\"western\"><span style=\"font-family: Arial, sans-serif;\"><span style=\"font-size: large;\">Perfilado High-tech Gold<\/span><\/span> <span style=\"color: #000000;\"><span style=\"font-family: Arial, sans-serif;\"><span style=\"font-size: large;\">vem nos tamanhos abaixo:<\/span><\/span><\/span><\/h2>\n<ul>\n<li><span style=\"color: #2d2d2d;\"><span style=\"font-family: Arial, sans-serif;\"><span style=\"font-size: large;\">Solteiro: 0,86 x 1,86 m<\/span><\/span><\/span><\/li>\n<li>\n<p align=\"left\"><span style=\"color: #2d2d2d;\"><span style=\"font-family: Arial, sans-serif;\"><span style=\"font-size: large;\">Casal: 1,36 x 1,86 m<\/span><\/span><\/span><\/p>\n<\/li>\n<li>\n<p align=\"left\"><span style=\"color: #2d2d2d;\"><span style=\"font-family: Arial, sans-serif;\"><span style=\"font-size: large;\">Queen: 1,56 x 1,96 m<\/span><\/span><\/span><\/p>\n<\/li>\n<li>\n<p align=\"left\"><span style=\"color: #2d2d2d;\"><span style=\"font-family: Arial, sans-serif;\"><span style=\"font-size: large;\">King: 1,91 x 2,01 m<\/span><\/span><\/span><\/p>\n<\/li>\n<\/ul>\n<p><span style=\"color: #000000;\"><span style=\"font-family: Arial, sans-serif;\"><span style=\"font-size: large;\">Confira abaixo quais os benef\u00edcios que voc\u00ea tera ao comprar seu kit complementar para montar seu proprio perfilado com infravermelho e im\u00e3s ou sua vers\u00e3o j\u00e1 pastilhada e imantada:<\/span><\/span><\/span><\/p>\n<p><span style=\"color: #000000;\"><span style=\"font-family: Arial, sans-serif;\"><span style=\"font-size: large;\">Segundo estudos o campo magn\u00e9tico gerado pelas pastilhas aplicadas nos perfilados proporcionam dezenas de benef\u00edcios preventivos para nossa sa\u00fade entre eles:<\/span><\/span><\/span><\/p>\n<ul>\n<li><span style=\"font-family: Arial, sans-serif;\"><span style=\"font-size: large;\">Ajuda no al\u00edvio de dores na regi\u00e3o lombar<\/span><\/span><\/li>\n<li><span style=\"font-family: Arial, sans-serif;\"><span style=\"font-size: large;\">Ajuda na preven\u00e7\u00e3o de varizes c\u00e3ibra, tens\u00f5es e dores musculares<\/span><\/span><\/li>\n<li><span style=\"font-family: Arial, sans-serif;\"><span style=\"font-size: large;\">Ajuda de preven\u00e7\u00e3o do controle da press\u00e3o arterial<\/span><\/span><\/li>\n<li><span style=\"font-family: Arial, sans-serif;\"><span style=\"font-size: large;\">Ajuda na desintoxica\u00e7\u00e3o do organismo<\/span><\/span><\/li>\n<\/ul>\n<p><span style=\"font-family: Arial, sans-serif;\"><span style=\"font-size: large;\">O Infravermelho longo s\u00e3o emitidos por outra \u201cpastilha\u201d de biocer\u00e2mica com metais nobres que emitem ondas eletromagn\u00e9ticas de 4 a 14 m\u00edcrons, similares as ondas de raios infravermelhos longo emitidas pelo sol.<\/span><\/span><\/p>\n<p><span style=\"font-family: Arial, sans-serif;\"><span style=\"font-size: large;\">Por muitos chamados como pastilha do sol, por emitir a \u2018energia do sol\u2019 para nosso corpo.<\/span><\/span><\/p>\n<p><span style=\"font-family: Arial, sans-serif;\"><span style=\"font-size: large;\">Assim como as pastilhas magn\u00e9ticas, ela fica presa nas cavidades da espuma Rabatan, criando assim um perfilado terap\u00eautico.<\/span><\/span><\/p>\n<p><span style=\"font-family: Arial, sans-serif;\"><span style=\"font-size: large;\">Segundo estudos publicados na internet infravermelho longo ajuda na ativa\u00e7\u00e3o de trilh\u00f5es de c\u00e9lulas do corpo, veja alguns dos benef\u00edcios apontados:<\/span><\/span><\/p>\n<ul>\n<li><span style=\"font-family: Arial, sans-serif;\"><span style=\"font-size: large;\">Melhora preventiva na circula\u00e7\u00e3o do sangue<\/span><\/span><\/li>\n<li><span style=\"font-family: Arial, sans-serif;\"><span style=\"font-size: large;\">Redu\u00e7\u00e3o do \u00e1cido l\u00e1tico<\/span><\/span><\/li>\n<li><span style=\"font-family: Arial, sans-serif;\"><span style=\"font-size: large;\">Combate as doen\u00e7as relacionadas a ins\u00f4nia<\/span><\/span><\/li>\n<li><span style=\"font-family: Arial, sans-serif;\"><span style=\"font-size: large;\">Auxilia na Renova\u00e7\u00e3o celular, ajudando a liminar toxinas<\/span><\/span><\/li>\n<li><span style=\"font-family: Arial, sans-serif;\"><span style=\"font-size: large;\">Melhora no crescimento e desenvolvimento celular do organismo<\/span><\/span><\/li>\n<li><span style=\"font-family: Arial, sans-serif;\"><span style=\"font-size: large;\">Auxilia na diminui\u00e7\u00e3o das dores articulares<\/span><\/span><\/li>\n<\/ul>\n","protected":false},"excerpt":{"rendered":"<p>Perfilado High-tech Gold Perfilado High-tech Gold \u00e9 uma espuma de poliuretano vulcanizada a uma temperatura de 140\u00b0, que recebe tratamento de 22 produtos especiais antibacteriano e antif\u00fangico. De acordo com pesquisas sobre tratamentos preventivos durante o sono que surgiram em meados da d\u00e9cada de 50, tem evolu\u00eddo gradativamente at\u00e9 hoje. Dessa forma as tecnologias aplicadas [&hellip;]<\/p>\n","protected":false},"featured_media":5102,"comment_status":"open","ping_status":"closed","template":"","meta":[],"product_brand":[],"product_cat":[144,711,721],"product_tag":[792,718,720,702,719,794,717,793,790,791,795],"class_list":{"0":"post-4838","1":"product","2":"type-product","3":"status-publish","4":"has-post-thumbnail","6":"product_cat-linha-bem-estar-bem","7":"product_cat-perfilado-high-tech-gold","8":"product_cat-perfilado-sem-pastilha","9":"product_tag-casal","10":"product_tag-colchao","11":"product_tag-high-tech","12":"product_tag-ima","13":"product_tag-infravermelho","14":"product_tag-king","15":"product_tag-perfilado","16":"product_tag-queen","17":"product_tag-rabatan","18":"product_tag-solteiro","19":"product_tag-terapia","20":"pa_tamanho-casal-136-x-186-cm","21":"pa_tamanho-king-191-x-201-cm","22":"pa_tamanho-qeen-156-x-196-cm","23":"pa_tamanho-solteiro-086-x-186-cm","25":"first","26":"instock","27":"sale","28":"taxable","29":"shipping-taxable","30":"purchasable","31":"product-type-variable","32":"has-default-attributes"},"yoast_head":"<!-- This site is optimized with the Yoast SEO plugin v27.4 - https:\/\/yoast.com\/product\/yoast-seo-wordpress\/ -->\n<title>Perfilado High-tech Gold - Dicomag<\/title>\n<meta name=\"description\" content=\"Perfilado High-tech Gold \u00e9 uma espuma de poliuretano vulcanizada, que recebe tratamento de 22 produtos especiais antibacteriano e antif\u00fangico.\" \/>\n<meta name=\"robots\" content=\"index, follow, max-snippet:-1, max-image-preview:large, max-video-preview:-1\" \/>\n<link rel=\"canonical\" href=\"https:\/\/dicomag.com.br\/?product=perfilado-high-tech-pastilhado-gold-solteiro\" \/>\n<meta property=\"og:locale\" content=\"pt_BR\" \/>\n<meta property=\"og:type\" content=\"article\" \/>\n<meta property=\"og:title\" content=\"Perfilado High-tech Gold - Dicomag\" \/>\n<meta property=\"og:description\" content=\"Perfilado High-tech Gold \u00e9 uma espuma de poliuretano vulcanizada, que recebe tratamento de 22 produtos especiais antibacteriano e antif\u00fangico.\" \/>\n<meta property=\"og:url\" content=\"https:\/\/dicomag.com.br\/?product=perfilado-high-tech-pastilhado-gold-solteiro\" \/>\n<meta property=\"og:site_name\" content=\"Dicomag\" \/>\n<meta property=\"article:publisher\" content=\"https:\/\/www.facebook.com\/dicomagpoa\/\" \/>\n<meta property=\"article:modified_time\" content=\"2022-12-06T17:47:00+00:00\" \/>\n<meta property=\"og:image\" content=\"http:\/\/dicomag.com.br\/wp-content\/uploads\/2022\/12\/Nome-do-perfilado.png\" \/>\n\t<meta property=\"og:image:width\" content=\"3840\" \/>\n\t<meta property=\"og:image:height\" content=\"2160\" \/>\n\t<meta property=\"og:image:type\" content=\"image\/png\" \/>\n<meta name=\"twitter:card\" content=\"summary_large_image\" \/>\n<meta name=\"twitter:label1\" content=\"Est. tempo de leitura\" \/>\n\t<meta name=\"twitter:data1\" content=\"4 minutos\" \/>\n<script type=\"application\/ld+json\" class=\"yoast-schema-graph\">{\"@context\":\"https:\\\/\\\/schema.org\",\"@graph\":[{\"@type\":\"WebPage\",\"@id\":\"https:\\\/\\\/dicomag.com.br\\\/?product=perfilado-high-tech-pastilhado-gold-solteiro\",\"url\":\"https:\\\/\\\/dicomag.com.br\\\/?product=perfilado-high-tech-pastilhado-gold-solteiro\",\"name\":\"Perfilado High-tech Gold - Dicomag\",\"isPartOf\":{\"@id\":\"https:\\\/\\\/dicomag.com.br\\\/#website\"},\"primaryImageOfPage\":{\"@id\":\"https:\\\/\\\/dicomag.com.br\\\/?product=perfilado-high-tech-pastilhado-gold-solteiro#primaryimage\"},\"image\":{\"@id\":\"https:\\\/\\\/dicomag.com.br\\\/?product=perfilado-high-tech-pastilhado-gold-solteiro#primaryimage\"},\"thumbnailUrl\":\"https:\\\/\\\/dicomag.com.br\\\/wp-content\\\/uploads\\\/2022\\\/12\\\/Nome-do-perfilado.png\",\"datePublished\":\"2021-08-05T17:57:15+00:00\",\"dateModified\":\"2022-12-06T17:47:00+00:00\",\"description\":\"Perfilado High-tech Gold \u00e9 uma espuma de poliuretano vulcanizada, que recebe tratamento de 22 produtos especiais antibacteriano e antif\u00fangico.\",\"breadcrumb\":{\"@id\":\"https:\\\/\\\/dicomag.com.br\\\/?product=perfilado-high-tech-pastilhado-gold-solteiro#breadcrumb\"},\"inLanguage\":\"pt-BR\",\"potentialAction\":[{\"@type\":\"ReadAction\",\"target\":[\"https:\\\/\\\/dicomag.com.br\\\/?product=perfilado-high-tech-pastilhado-gold-solteiro\"]}]},{\"@type\":\"ImageObject\",\"inLanguage\":\"pt-BR\",\"@id\":\"https:\\\/\\\/dicomag.com.br\\\/?product=perfilado-high-tech-pastilhado-gold-solteiro#primaryimage\",\"url\":\"https:\\\/\\\/dicomag.com.br\\\/wp-content\\\/uploads\\\/2022\\\/12\\\/Nome-do-perfilado.png\",\"contentUrl\":\"https:\\\/\\\/dicomag.com.br\\\/wp-content\\\/uploads\\\/2022\\\/12\\\/Nome-do-perfilado.png\",\"width\":3840,\"height\":2160,\"caption\":\"Perfilado High-tech Gold sem pastilhamento e imanta\u00e7\u00e3o\"},{\"@type\":\"BreadcrumbList\",\"@id\":\"https:\\\/\\\/dicomag.com.br\\\/?product=perfilado-high-tech-pastilhado-gold-solteiro#breadcrumb\",\"itemListElement\":[{\"@type\":\"ListItem\",\"position\":1,\"name\":\"In\u00edcio\",\"item\":\"https:\\\/\\\/dicomag.com.br\\\/\"},{\"@type\":\"ListItem\",\"position\":2,\"name\":\"Shop\",\"item\":\"https:\\\/\\\/dicomag.com.br\\\/\"},{\"@type\":\"ListItem\",\"position\":3,\"name\":\"Perfilado High-tech Gold\"}]},{\"@type\":\"WebSite\",\"@id\":\"https:\\\/\\\/dicomag.com.br\\\/#website\",\"url\":\"https:\\\/\\\/dicomag.com.br\\\/\",\"name\":\"Dicomag\",\"description\":\"Imas\",\"publisher\":{\"@id\":\"https:\\\/\\\/dicomag.com.br\\\/#organization\"},\"potentialAction\":[{\"@type\":\"SearchAction\",\"target\":{\"@type\":\"EntryPoint\",\"urlTemplate\":\"https:\\\/\\\/dicomag.com.br\\\/?s={search_term_string}\"},\"query-input\":{\"@type\":\"PropertyValueSpecification\",\"valueRequired\":true,\"valueName\":\"search_term_string\"}}],\"inLanguage\":\"pt-BR\"},{\"@type\":\"Organization\",\"@id\":\"https:\\\/\\\/dicomag.com.br\\\/#organization\",\"name\":\"Dicomag\",\"url\":\"https:\\\/\\\/dicomag.com.br\\\/\",\"logo\":{\"@type\":\"ImageObject\",\"inLanguage\":\"pt-BR\",\"@id\":\"https:\\\/\\\/dicomag.com.br\\\/#\\\/schema\\\/logo\\\/image\\\/\",\"url\":\"https:\\\/\\\/dicomag.com.br\\\/wp-content\\\/uploads\\\/2019\\\/04\\\/Logo-Dicomag-Comemorativo-jpeg2.png\",\"contentUrl\":\"https:\\\/\\\/dicomag.com.br\\\/wp-content\\\/uploads\\\/2019\\\/04\\\/Logo-Dicomag-Comemorativo-jpeg2.png\",\"width\":457,\"height\":174,\"caption\":\"Dicomag\"},\"image\":{\"@id\":\"https:\\\/\\\/dicomag.com.br\\\/#\\\/schema\\\/logo\\\/image\\\/\"},\"sameAs\":[\"https:\\\/\\\/www.facebook.com\\\/dicomagpoa\\\/\"]}]}<\/script>\n<!-- \/ Yoast SEO plugin. -->","yoast_head_json":{"title":"Perfilado High-tech Gold - Dicomag","description":"Perfilado High-tech Gold \u00e9 uma espuma de poliuretano vulcanizada, que recebe tratamento de 22 produtos especiais antibacteriano e antif\u00fangico.","robots":{"index":"index","follow":"follow","max-snippet":"max-snippet:-1","max-image-preview":"max-image-preview:large","max-video-preview":"max-video-preview:-1"},"canonical":"https:\/\/dicomag.com.br\/?product=perfilado-high-tech-pastilhado-gold-solteiro","og_locale":"pt_BR","og_type":"article","og_title":"Perfilado High-tech Gold - Dicomag","og_description":"Perfilado High-tech Gold \u00e9 uma espuma de poliuretano vulcanizada, que recebe tratamento de 22 produtos especiais antibacteriano e antif\u00fangico.","og_url":"https:\/\/dicomag.com.br\/?product=perfilado-high-tech-pastilhado-gold-solteiro","og_site_name":"Dicomag","article_publisher":"https:\/\/www.facebook.com\/dicomagpoa\/","article_modified_time":"2022-12-06T17:47:00+00:00","og_image":[{"width":3840,"height":2160,"url":"http:\/\/dicomag.com.br\/wp-content\/uploads\/2022\/12\/Nome-do-perfilado.png","type":"image\/png"}],"twitter_card":"summary_large_image","twitter_misc":{"Est. tempo de leitura":"4 minutos"},"schema":{"@context":"https:\/\/schema.org","@graph":[{"@type":"WebPage","@id":"https:\/\/dicomag.com.br\/?product=perfilado-high-tech-pastilhado-gold-solteiro","url":"https:\/\/dicomag.com.br\/?product=perfilado-high-tech-pastilhado-gold-solteiro","name":"Perfilado High-tech Gold - Dicomag","isPartOf":{"@id":"https:\/\/dicomag.com.br\/#website"},"primaryImageOfPage":{"@id":"https:\/\/dicomag.com.br\/?product=perfilado-high-tech-pastilhado-gold-solteiro#primaryimage"},"image":{"@id":"https:\/\/dicomag.com.br\/?product=perfilado-high-tech-pastilhado-gold-solteiro#primaryimage"},"thumbnailUrl":"https:\/\/dicomag.com.br\/wp-content\/uploads\/2022\/12\/Nome-do-perfilado.png","datePublished":"2021-08-05T17:57:15+00:00","dateModified":"2022-12-06T17:47:00+00:00","description":"Perfilado High-tech Gold \u00e9 uma espuma de poliuretano vulcanizada, que recebe tratamento de 22 produtos especiais antibacteriano e antif\u00fangico.","breadcrumb":{"@id":"https:\/\/dicomag.com.br\/?product=perfilado-high-tech-pastilhado-gold-solteiro#breadcrumb"},"inLanguage":"pt-BR","potentialAction":[{"@type":"ReadAction","target":["https:\/\/dicomag.com.br\/?product=perfilado-high-tech-pastilhado-gold-solteiro"]}]},{"@type":"ImageObject","inLanguage":"pt-BR","@id":"https:\/\/dicomag.com.br\/?product=perfilado-high-tech-pastilhado-gold-solteiro#primaryimage","url":"https:\/\/dicomag.com.br\/wp-content\/uploads\/2022\/12\/Nome-do-perfilado.png","contentUrl":"https:\/\/dicomag.com.br\/wp-content\/uploads\/2022\/12\/Nome-do-perfilado.png","width":3840,"height":2160,"caption":"Perfilado High-tech Gold sem pastilhamento e imanta\u00e7\u00e3o"},{"@type":"BreadcrumbList","@id":"https:\/\/dicomag.com.br\/?product=perfilado-high-tech-pastilhado-gold-solteiro#breadcrumb","itemListElement":[{"@type":"ListItem","position":1,"name":"In\u00edcio","item":"https:\/\/dicomag.com.br\/"},{"@type":"ListItem","position":2,"name":"Shop","item":"https:\/\/dicomag.com.br\/"},{"@type":"ListItem","position":3,"name":"Perfilado High-tech Gold"}]},{"@type":"WebSite","@id":"https:\/\/dicomag.com.br\/#website","url":"https:\/\/dicomag.com.br\/","name":"Dicomag","description":"Imas","publisher":{"@id":"https:\/\/dicomag.com.br\/#organization"},"potentialAction":[{"@type":"SearchAction","target":{"@type":"EntryPoint","urlTemplate":"https:\/\/dicomag.com.br\/?s={search_term_string}"},"query-input":{"@type":"PropertyValueSpecification","valueRequired":true,"valueName":"search_term_string"}}],"inLanguage":"pt-BR"},{"@type":"Organization","@id":"https:\/\/dicomag.com.br\/#organization","name":"Dicomag","url":"https:\/\/dicomag.com.br\/","logo":{"@type":"ImageObject","inLanguage":"pt-BR","@id":"https:\/\/dicomag.com.br\/#\/schema\/logo\/image\/","url":"https:\/\/dicomag.com.br\/wp-content\/uploads\/2019\/04\/Logo-Dicomag-Comemorativo-jpeg2.png","contentUrl":"https:\/\/dicomag.com.br\/wp-content\/uploads\/2019\/04\/Logo-Dicomag-Comemorativo-jpeg2.png","width":457,"height":174,"caption":"Dicomag"},"image":{"@id":"https:\/\/dicomag.com.br\/#\/schema\/logo\/image\/"},"sameAs":["https:\/\/www.facebook.com\/dicomagpoa\/"]}]}},"_links":{"self":[{"href":"https:\/\/dicomag.com.br\/index.php?rest_route=\/wp\/v2\/product\/4838","targetHints":{"allow":["GET"]}}],"collection":[{"href":"https:\/\/dicomag.com.br\/index.php?rest_route=\/wp\/v2\/product"}],"about":[{"href":"https:\/\/dicomag.com.br\/index.php?rest_route=\/wp\/v2\/types\/product"}],"replies":[{"embeddable":true,"href":"https:\/\/dicomag.com.br\/index.php?rest_route=%2Fwp%2Fv2%2Fcomments&post=4838"}],"wp:featuredmedia":[{"embeddable":true,"href":"https:\/\/dicomag.com.br\/index.php?rest_route=\/wp\/v2\/media\/5102"}],"wp:attachment":[{"href":"https:\/\/dicomag.com.br\/index.php?rest_route=%2Fwp%2Fv2%2Fmedia&parent=4838"}],"wp:term":[{"taxonomy":"product_brand","embeddable":true,"href":"https:\/\/dicomag.com.br\/index.php?rest_route=%2Fwp%2Fv2%2Fproduct_brand&post=4838"},{"taxonomy":"product_cat","embeddable":true,"href":"https:\/\/dicomag.com.br\/index.php?rest_route=%2Fwp%2Fv2%2Fproduct_cat&post=4838"},{"taxonomy":"product_tag","embeddable":true,"href":"https:\/\/dicomag.com.br\/index.php?rest_route=%2Fwp%2Fv2%2Fproduct_tag&post=4838"}],"curies":[{"name":"wp","href":"https:\/\/api.w.org\/{rel}","templated":true}]}}