{"id":5074,"date":"2022-10-26T19:34:04","date_gmt":"2022-10-26T19:34:04","guid":{"rendered":"https:\/\/dicomag.com.br\/?post_type=product&#038;p=5074"},"modified":"2024-01-03T14:20:15","modified_gmt":"2024-01-03T14:20:15","slug":"bastao-portatil-para-mineralizar-agua-com-x-ions","status":"publish","type":"product","link":"https:\/\/dicomag.com.br\/?product=bastao-portatil-para-mineralizar-agua-com-x-ions","title":{"rendered":"Bast\u00e3o Mineralizador \u00c1gua Com X-ions"},"content":{"rendered":"<div class=\"wpb_text_column wpb_content_element \">\n<div class=\"wpb_text_column wpb_content_element \">\n<h1>Bast\u00e3o Mineralizador \u00c1gua Com X-ions<\/h1>\n<p>Bast\u00e3o Mineralizador \u00c1gua Com X-ions, chegou para que voc\u00ea possa fazer sua pr\u00f3pria agua mineralizada.<\/p>\n<p>Desta forma, usando apenas agu\u00e1 comum, agora isto \u00e9 possivel.<\/p>\n<p>Uma vez que \u00e9 constituido das inovadoras pastilhas X-ions.<\/p>\n<p>Assim sendo, s\u00e3o fabricadas com minerais alcalinos e acidos, envolvidos em uma camada de polimeros modificados.<\/p>\n<p>Contudo, vem em duas vers\u00f5es de tamanho para serem utilizados em recipientes com capacidades diferentes:<\/p>\n<ol>\n<li>85 Mm De Altura X 19 Mm De Di\u00e2metro: Para At\u00e9 10 Litros De \u00c1gua.<\/li>\n<li>85 Mm De Altura X 38 Mm De Di\u00e2metro: Para At\u00e9 30 Litros De \u00c1gua.<\/li>\n<\/ol>\n<h2>Bast\u00e3o Mineralizador \u00c1gua Com X-ions tem como base de funcionamento:<\/h2>\n<p>J\u00e1 que o bast\u00e3o cont\u00eam em sua composi\u00e7\u00e3o os itens descritos:<\/p>\n<ol>\n<li>pedra de turmalina (infravermelho distante),<\/li>\n<li>zeolite, pedra maifanshi,<\/li>\n<li>muyu jade, argila, para p\u00f3 de prata nano,<\/li>\n<li>caulim terra rara e muito mais.<\/li>\n<\/ol>\n<p>Ao mesmo tempo que estes materiais criam \u00e1gua estruturada e portanto tornando sua \u00e1gua limpa e saborosa.<br \/>\nEm contrapartida a turmalina libera \u00edons infravermelhos distantes, negativos, minerais, entre outros.<\/p>\n<p>De tal forma melhorando a elasticidade da pele.<\/p>\n<p>Assim como ajudam a promover a circula\u00e7\u00e3o sangu\u00ednea e aumenta positivamente o funcionamento do metabolismo.<\/p>\n<p>Bast\u00e3o Mineralizador \u00c1gua Com X-ions, apresenta as vantagens de:<\/p>\n<p>-Possui aglomerados moleculares menores que promovem uma absor\u00e7\u00e3o mais f\u00e1cil.<br \/>\n-Torna-se rico em antioxidantes, ioniza\u00e7\u00e3o de minerais saud\u00e1veis e gera \u00edons negativos.<br \/>\n-Ajuda a desintoxicar \u00e1lcool e tabaco.<br \/>\n-Equilibra o Ph do corpo e adiciona micronutrientes.<br \/>\n-Purifica a \u00e1gua e neutraliza o cloro residual e os metais pesados.<br \/>\n-Beber \u00e1gua alcalina aumenta o valor do ph de 7.3-8.8.<br \/>\n-Pode ter um valor de Ph aumentado de mais de 9.<\/p>\n<p>Observa\u00e7\u00f5es gerais de constitui\u00e7\u00e3o e utiliza\u00e7\u00e3o do produto:<\/p>\n<p>-Material externo: a\u00e7o inoxid\u00e1vel<br \/>\n-Filtro: bio elementos dentro<br \/>\n-Uso: alcalinizar e ionizar \u00e1gua<\/p>\n<p>Pacote do produto adquirido vem com:<\/p>\n<p>1 x Bast\u00e3o Purificador de \u00c1gua alcalino que Aumenta o PH Da \u00c1gua para 10L .<\/p>\n<\/div>\n<\/div>\n","protected":false},"excerpt":{"rendered":"<h2>Aparelho Port\u00e1til Para Magnetizar \u00c1gua Com Infravermelho<\/h2>\n<p>Aparelho Port\u00e1til Para Magnetizar \u00c1gua Com Infravermelho atua como um antioxidante, pode neutralizar e bloquear os danos dos radicais livres no corpo.<\/p>\n","protected":false},"featured_media":5077,"comment_status":"open","ping_status":"closed","template":"","meta":[],"product_brand":[],"product_cat":[673,144],"product_tag":[182,785,184,183,188,189,788,789,160,784,186,787,159,187,786],"class_list":{"0":"post-5074","1":"product","2":"type-product","3":"status-publish","4":"has-post-thumbnail","6":"product_cat-imantadores-mineralizador","7":"product_cat-linha-bem-estar-bem","8":"product_tag-ativacao-metabolica","9":"product_tag-bastao","10":"product_tag-biomagnoterapia","11":"product_tag-circulacao-sanguinea","12":"product_tag-contusoes","13":"product_tag-entorses","14":"product_tag-ions-negativos","15":"product_tag-ions-positivos","16":"product_tag-magnetoterapia","17":"product_tag-mineralizador","18":"product_tag-ortopedia","19":"product_tag-pastilhas","20":"product_tag-reflexologia","21":"product_tag-tratamento-de-lesoes","22":"product_tag-x-ions","23":"pa_tamanho-exg","24":"pa_tamanho-g","25":"pa_tamanho-gg","26":"pa_tamanho-m","27":"pa_tamanho-p","29":"first","30":"instock","31":"sale","32":"featured","33":"taxable","34":"shipping-taxable","35":"purchasable","36":"product-type-simple"},"yoast_head":"<!-- This site is optimized with the Yoast SEO plugin v27.4 - https:\/\/yoast.com\/product\/yoast-seo-wordpress\/ -->\n<title>Bast\u00e3o Mineralizador \u00c1gua Com X-ions - Dicomag<\/title>\n<meta name=\"description\" content=\"Bast\u00e3o Mineralizador \u00c1gua Com X-ions Com Infravermelho atua como um antioxidante, pode neutralizar e bloquear os danos dos radicais livres no corpo.\" \/>\n<meta name=\"robots\" content=\"index, follow, max-snippet:-1, max-image-preview:large, max-video-preview:-1\" \/>\n<link rel=\"canonical\" href=\"https:\/\/dicomag.com.br\/?product=bastao-portatil-para-mineralizar-agua-com-x-ions\" \/>\n<meta property=\"og:locale\" content=\"pt_BR\" \/>\n<meta property=\"og:type\" content=\"article\" \/>\n<meta property=\"og:title\" content=\"Bast\u00e3o Mineralizador \u00c1gua Com X-ions - Dicomag\" \/>\n<meta property=\"og:description\" content=\"Bast\u00e3o Mineralizador \u00c1gua Com X-ions Com Infravermelho atua como um antioxidante, pode neutralizar e bloquear os danos dos radicais livres no corpo.\" \/>\n<meta property=\"og:url\" content=\"https:\/\/dicomag.com.br\/?product=bastao-portatil-para-mineralizar-agua-com-x-ions\" \/>\n<meta property=\"og:site_name\" content=\"Dicomag\" \/>\n<meta property=\"article:publisher\" content=\"https:\/\/www.facebook.com\/dicomagpoa\/\" \/>\n<meta property=\"article:modified_time\" content=\"2024-01-03T14:20:15+00:00\" \/>\n<meta property=\"og:image\" content=\"http:\/\/dicomag.com.br\/wp-content\/uploads\/2022\/10\/Mineralizador-10L.jpeg\" \/>\n\t<meta property=\"og:image:width\" content=\"225\" \/>\n\t<meta property=\"og:image:height\" content=\"225\" \/>\n\t<meta property=\"og:image:type\" content=\"image\/jpeg\" \/>\n<meta name=\"twitter:card\" content=\"summary_large_image\" \/>\n<meta name=\"twitter:label1\" content=\"Est. tempo de leitura\" \/>\n\t<meta name=\"twitter:data1\" content=\"2 minutos\" \/>\n<script type=\"application\/ld+json\" class=\"yoast-schema-graph\">{\"@context\":\"https:\\\/\\\/schema.org\",\"@graph\":[{\"@type\":\"WebPage\",\"@id\":\"https:\\\/\\\/dicomag.com.br\\\/?product=bastao-portatil-para-mineralizar-agua-com-x-ions\",\"url\":\"https:\\\/\\\/dicomag.com.br\\\/?product=bastao-portatil-para-mineralizar-agua-com-x-ions\",\"name\":\"Bast\u00e3o Mineralizador \u00c1gua Com X-ions - Dicomag\",\"isPartOf\":{\"@id\":\"https:\\\/\\\/dicomag.com.br\\\/#website\"},\"primaryImageOfPage\":{\"@id\":\"https:\\\/\\\/dicomag.com.br\\\/?product=bastao-portatil-para-mineralizar-agua-com-x-ions#primaryimage\"},\"image\":{\"@id\":\"https:\\\/\\\/dicomag.com.br\\\/?product=bastao-portatil-para-mineralizar-agua-com-x-ions#primaryimage\"},\"thumbnailUrl\":\"https:\\\/\\\/dicomag.com.br\\\/wp-content\\\/uploads\\\/2022\\\/10\\\/Mineralizador-10L.jpeg\",\"datePublished\":\"2022-10-26T19:34:04+00:00\",\"dateModified\":\"2024-01-03T14:20:15+00:00\",\"description\":\"Bast\u00e3o Mineralizador \u00c1gua Com X-ions Com Infravermelho atua como um antioxidante, pode neutralizar e bloquear os danos dos radicais livres no corpo.\",\"breadcrumb\":{\"@id\":\"https:\\\/\\\/dicomag.com.br\\\/?product=bastao-portatil-para-mineralizar-agua-com-x-ions#breadcrumb\"},\"inLanguage\":\"pt-BR\",\"potentialAction\":[{\"@type\":\"ReadAction\",\"target\":[\"https:\\\/\\\/dicomag.com.br\\\/?product=bastao-portatil-para-mineralizar-agua-com-x-ions\"]}]},{\"@type\":\"ImageObject\",\"inLanguage\":\"pt-BR\",\"@id\":\"https:\\\/\\\/dicomag.com.br\\\/?product=bastao-portatil-para-mineralizar-agua-com-x-ions#primaryimage\",\"url\":\"https:\\\/\\\/dicomag.com.br\\\/wp-content\\\/uploads\\\/2022\\\/10\\\/Mineralizador-10L.jpeg\",\"contentUrl\":\"https:\\\/\\\/dicomag.com.br\\\/wp-content\\\/uploads\\\/2022\\\/10\\\/Mineralizador-10L.jpeg\",\"width\":225,\"height\":225,\"caption\":\"Bast\u00e3o Mineralizador \u00c1gua Com X-ions\"},{\"@type\":\"BreadcrumbList\",\"@id\":\"https:\\\/\\\/dicomag.com.br\\\/?product=bastao-portatil-para-mineralizar-agua-com-x-ions#breadcrumb\",\"itemListElement\":[{\"@type\":\"ListItem\",\"position\":1,\"name\":\"In\u00edcio\",\"item\":\"https:\\\/\\\/dicomag.com.br\\\/\"},{\"@type\":\"ListItem\",\"position\":2,\"name\":\"Shop\",\"item\":\"https:\\\/\\\/dicomag.com.br\\\/\"},{\"@type\":\"ListItem\",\"position\":3,\"name\":\"Bast\u00e3o Mineralizador \u00c1gua Com X-ions\"}]},{\"@type\":\"WebSite\",\"@id\":\"https:\\\/\\\/dicomag.com.br\\\/#website\",\"url\":\"https:\\\/\\\/dicomag.com.br\\\/\",\"name\":\"Dicomag\",\"description\":\"Imas\",\"publisher\":{\"@id\":\"https:\\\/\\\/dicomag.com.br\\\/#organization\"},\"potentialAction\":[{\"@type\":\"SearchAction\",\"target\":{\"@type\":\"EntryPoint\",\"urlTemplate\":\"https:\\\/\\\/dicomag.com.br\\\/?s={search_term_string}\"},\"query-input\":{\"@type\":\"PropertyValueSpecification\",\"valueRequired\":true,\"valueName\":\"search_term_string\"}}],\"inLanguage\":\"pt-BR\"},{\"@type\":\"Organization\",\"@id\":\"https:\\\/\\\/dicomag.com.br\\\/#organization\",\"name\":\"Dicomag\",\"url\":\"https:\\\/\\\/dicomag.com.br\\\/\",\"logo\":{\"@type\":\"ImageObject\",\"inLanguage\":\"pt-BR\",\"@id\":\"https:\\\/\\\/dicomag.com.br\\\/#\\\/schema\\\/logo\\\/image\\\/\",\"url\":\"https:\\\/\\\/dicomag.com.br\\\/wp-content\\\/uploads\\\/2019\\\/04\\\/Logo-Dicomag-Comemorativo-jpeg2.png\",\"contentUrl\":\"https:\\\/\\\/dicomag.com.br\\\/wp-content\\\/uploads\\\/2019\\\/04\\\/Logo-Dicomag-Comemorativo-jpeg2.png\",\"width\":457,\"height\":174,\"caption\":\"Dicomag\"},\"image\":{\"@id\":\"https:\\\/\\\/dicomag.com.br\\\/#\\\/schema\\\/logo\\\/image\\\/\"},\"sameAs\":[\"https:\\\/\\\/www.facebook.com\\\/dicomagpoa\\\/\"]}]}<\/script>\n<!-- \/ Yoast SEO plugin. -->","yoast_head_json":{"title":"Bast\u00e3o Mineralizador \u00c1gua Com X-ions - Dicomag","description":"Bast\u00e3o Mineralizador \u00c1gua Com X-ions Com Infravermelho atua como um antioxidante, pode neutralizar e bloquear os danos dos radicais livres no corpo.","robots":{"index":"index","follow":"follow","max-snippet":"max-snippet:-1","max-image-preview":"max-image-preview:large","max-video-preview":"max-video-preview:-1"},"canonical":"https:\/\/dicomag.com.br\/?product=bastao-portatil-para-mineralizar-agua-com-x-ions","og_locale":"pt_BR","og_type":"article","og_title":"Bast\u00e3o Mineralizador \u00c1gua Com X-ions - Dicomag","og_description":"Bast\u00e3o Mineralizador \u00c1gua Com X-ions Com Infravermelho atua como um antioxidante, pode neutralizar e bloquear os danos dos radicais livres no corpo.","og_url":"https:\/\/dicomag.com.br\/?product=bastao-portatil-para-mineralizar-agua-com-x-ions","og_site_name":"Dicomag","article_publisher":"https:\/\/www.facebook.com\/dicomagpoa\/","article_modified_time":"2024-01-03T14:20:15+00:00","og_image":[{"width":225,"height":225,"url":"http:\/\/dicomag.com.br\/wp-content\/uploads\/2022\/10\/Mineralizador-10L.jpeg","type":"image\/jpeg"}],"twitter_card":"summary_large_image","twitter_misc":{"Est. tempo de leitura":"2 minutos"},"schema":{"@context":"https:\/\/schema.org","@graph":[{"@type":"WebPage","@id":"https:\/\/dicomag.com.br\/?product=bastao-portatil-para-mineralizar-agua-com-x-ions","url":"https:\/\/dicomag.com.br\/?product=bastao-portatil-para-mineralizar-agua-com-x-ions","name":"Bast\u00e3o Mineralizador \u00c1gua Com X-ions - Dicomag","isPartOf":{"@id":"https:\/\/dicomag.com.br\/#website"},"primaryImageOfPage":{"@id":"https:\/\/dicomag.com.br\/?product=bastao-portatil-para-mineralizar-agua-com-x-ions#primaryimage"},"image":{"@id":"https:\/\/dicomag.com.br\/?product=bastao-portatil-para-mineralizar-agua-com-x-ions#primaryimage"},"thumbnailUrl":"https:\/\/dicomag.com.br\/wp-content\/uploads\/2022\/10\/Mineralizador-10L.jpeg","datePublished":"2022-10-26T19:34:04+00:00","dateModified":"2024-01-03T14:20:15+00:00","description":"Bast\u00e3o Mineralizador \u00c1gua Com X-ions Com Infravermelho atua como um antioxidante, pode neutralizar e bloquear os danos dos radicais livres no corpo.","breadcrumb":{"@id":"https:\/\/dicomag.com.br\/?product=bastao-portatil-para-mineralizar-agua-com-x-ions#breadcrumb"},"inLanguage":"pt-BR","potentialAction":[{"@type":"ReadAction","target":["https:\/\/dicomag.com.br\/?product=bastao-portatil-para-mineralizar-agua-com-x-ions"]}]},{"@type":"ImageObject","inLanguage":"pt-BR","@id":"https:\/\/dicomag.com.br\/?product=bastao-portatil-para-mineralizar-agua-com-x-ions#primaryimage","url":"https:\/\/dicomag.com.br\/wp-content\/uploads\/2022\/10\/Mineralizador-10L.jpeg","contentUrl":"https:\/\/dicomag.com.br\/wp-content\/uploads\/2022\/10\/Mineralizador-10L.jpeg","width":225,"height":225,"caption":"Bast\u00e3o Mineralizador \u00c1gua Com X-ions"},{"@type":"BreadcrumbList","@id":"https:\/\/dicomag.com.br\/?product=bastao-portatil-para-mineralizar-agua-com-x-ions#breadcrumb","itemListElement":[{"@type":"ListItem","position":1,"name":"In\u00edcio","item":"https:\/\/dicomag.com.br\/"},{"@type":"ListItem","position":2,"name":"Shop","item":"https:\/\/dicomag.com.br\/"},{"@type":"ListItem","position":3,"name":"Bast\u00e3o Mineralizador \u00c1gua Com X-ions"}]},{"@type":"WebSite","@id":"https:\/\/dicomag.com.br\/#website","url":"https:\/\/dicomag.com.br\/","name":"Dicomag","description":"Imas","publisher":{"@id":"https:\/\/dicomag.com.br\/#organization"},"potentialAction":[{"@type":"SearchAction","target":{"@type":"EntryPoint","urlTemplate":"https:\/\/dicomag.com.br\/?s={search_term_string}"},"query-input":{"@type":"PropertyValueSpecification","valueRequired":true,"valueName":"search_term_string"}}],"inLanguage":"pt-BR"},{"@type":"Organization","@id":"https:\/\/dicomag.com.br\/#organization","name":"Dicomag","url":"https:\/\/dicomag.com.br\/","logo":{"@type":"ImageObject","inLanguage":"pt-BR","@id":"https:\/\/dicomag.com.br\/#\/schema\/logo\/image\/","url":"https:\/\/dicomag.com.br\/wp-content\/uploads\/2019\/04\/Logo-Dicomag-Comemorativo-jpeg2.png","contentUrl":"https:\/\/dicomag.com.br\/wp-content\/uploads\/2019\/04\/Logo-Dicomag-Comemorativo-jpeg2.png","width":457,"height":174,"caption":"Dicomag"},"image":{"@id":"https:\/\/dicomag.com.br\/#\/schema\/logo\/image\/"},"sameAs":["https:\/\/www.facebook.com\/dicomagpoa\/"]}]}},"_links":{"self":[{"href":"https:\/\/dicomag.com.br\/index.php?rest_route=\/wp\/v2\/product\/5074","targetHints":{"allow":["GET"]}}],"collection":[{"href":"https:\/\/dicomag.com.br\/index.php?rest_route=\/wp\/v2\/product"}],"about":[{"href":"https:\/\/dicomag.com.br\/index.php?rest_route=\/wp\/v2\/types\/product"}],"replies":[{"embeddable":true,"href":"https:\/\/dicomag.com.br\/index.php?rest_route=%2Fwp%2Fv2%2Fcomments&post=5074"}],"wp:featuredmedia":[{"embeddable":true,"href":"https:\/\/dicomag.com.br\/index.php?rest_route=\/wp\/v2\/media\/5077"}],"wp:attachment":[{"href":"https:\/\/dicomag.com.br\/index.php?rest_route=%2Fwp%2Fv2%2Fmedia&parent=5074"}],"wp:term":[{"taxonomy":"product_brand","embeddable":true,"href":"https:\/\/dicomag.com.br\/index.php?rest_route=%2Fwp%2Fv2%2Fproduct_brand&post=5074"},{"taxonomy":"product_cat","embeddable":true,"href":"https:\/\/dicomag.com.br\/index.php?rest_route=%2Fwp%2Fv2%2Fproduct_cat&post=5074"},{"taxonomy":"product_tag","embeddable":true,"href":"https:\/\/dicomag.com.br\/index.php?rest_route=%2Fwp%2Fv2%2Fproduct_tag&post=5074"}],"curies":[{"name":"wp","href":"https:\/\/api.w.org\/{rel}","templated":true}]}}